{"id":940,"date":"2024-09-28T13:30:18","date_gmt":"2024-09-28T13:30:18","guid":{"rendered":"https:\/\/www.yongyukitchenware.com\/?post_type=product&#038;p=940"},"modified":"2025-06-26T02:48:44","modified_gmt":"2025-06-26T02:48:44","slug":"thermos-jug","status":"publish","type":"product","link":"https:\/\/www.yongyukitchenware.com\/es\/producto\/thermos-jug\/","title":{"rendered":"Jarra termo a granel de acero inoxidable con aislamiento para caf\u00e9 y agua 1,5 L y 2,0 L"},"content":{"rendered":"<div class=\"wp-block-columns is-layout-flex wp-container-core-columns-is-layout-9d6595d7 wp-block-columns-is-layout-flex\">\n<div class=\"wp-block-column is-layout-flow wp-block-column-is-layout-flow\">\n<h2 class=\"wp-block-heading\">Jarra termo Caracter\u00edsticas:<\/h2>\n\n\n\n<p><strong>Acero inoxidable de alta calidad: <\/strong>Acero inoxidable de calidad alimentaria, resistente a la corrosi\u00f3n, inodoro y duradero.<br><strong>Mantener caliente durante 24 horas:<\/strong> dise\u00f1o de aislamiento al vac\u00edo, prolonga eficazmente el tiempo de aislamiento, hasta 24 horas.<br><strong>Selecci\u00f3n de varias capacidades: <\/strong>1,5L y 2L est\u00e1n disponibles para satisfacer las necesidades de diferentes ocasiones y satisfacer las necesidades de individuos o m\u00faltiples personas. <br><strong>Dise\u00f1o de cubierta antipolvo: <\/strong>La tapa de este hervidor de caf\u00e9 est\u00e1 sellada y es a prueba de polvo, por lo que no es f\u00e1cil que se derrame. Presione para abrir, f\u00e1cil de operar. <br><strong>Mango c\u00f3modo:<\/strong> Mango curvo, agarre c\u00f3modo, ahorra trabajo, no abulta.<\/p>\n\n\n\n<div class=\"wp-block-group is-vertical is-layout-flex wp-container-core-group-is-layout-8cf370e7 wp-block-group-is-layout-flex\">\n<h2 class=\"wp-block-heading\">Tama\u00f1o de la jarra termo:<\/h2>\n\n\n\n<figure class=\"wp-block-table\"><table class=\"has-fixed-layout\"><tbody><tr><td>Modelo<\/td><td>Talla<\/td><td>Di\u00e1metro* Altura (cm)<\/td><td>MOQ<\/td><\/tr><tr><td rowspan=\"2\">DY004-SH<\/td><td>1.5L<\/td><td>14*25cm<\/td><td rowspan=\"2\">24PCS<\/td><\/tr><tr><td>2.0L<\/td><td>14*29,8 cm<\/td><\/tr><\/tbody><\/table><\/figure>\n<\/div>\n<\/div>\n\n\n\n<div class=\"wp-block-column is-layout-flow wp-block-column-is-layout-flow\">\n<div class=\"wp-block-columns is-layout-flex wp-container-core-columns-is-layout-9d6595d7 wp-block-columns-is-layout-flex\">\n<div class=\"wp-block-column is-layout-flow wp-block-column-is-layout-flow\">\n<figure class=\"wp-block-image size-full\"><img decoding=\"async\" width=\"800\" height=\"800\" src=\"https:\/\/www.yongyukitchenware.com\/wp-content\/uploads\/2024\/09\/Custom-Coffee-Kettle-6.webp\" alt=\"Hervidor de caf\u00e9 personalizado 6\" class=\"wp-image-948\" srcset=\"https:\/\/www.yongyukitchenware.com\/wp-content\/uploads\/2024\/09\/Custom-Coffee-Kettle-6.webp 800w, https:\/\/www.yongyukitchenware.com\/wp-content\/uploads\/2024\/09\/Custom-Coffee-Kettle-6-300x300.webp 300w, https:\/\/www.yongyukitchenware.com\/wp-content\/uploads\/2024\/09\/Custom-Coffee-Kettle-6-150x150.webp 150w, https:\/\/www.yongyukitchenware.com\/wp-content\/uploads\/2024\/09\/Custom-Coffee-Kettle-6-768x768.webp 768w, https:\/\/www.yongyukitchenware.com\/wp-content\/uploads\/2024\/09\/Custom-Coffee-Kettle-6-600x600.webp 600w, https:\/\/www.yongyukitchenware.com\/wp-content\/uploads\/2024\/09\/Custom-Coffee-Kettle-6-100x100.webp 100w\" sizes=\"(max-width: 800px) 100vw, 800px\" \/><\/figure>\n<\/div>\n<\/div>\n\n\n\n<div class=\"wp-block-columns is-layout-flex wp-container-core-columns-is-layout-9d6595d7 wp-block-columns-is-layout-flex\">\n<div class=\"wp-block-column is-layout-flow wp-block-column-is-layout-flow\"><\/div>\n\n\n\n<div class=\"wp-block-column is-layout-flow wp-block-column-is-layout-flow\"><\/div>\n<\/div>\n<\/div>\n<\/div>","protected":false},"excerpt":{"rendered":"<p>Jarra termo de acero inoxidable al por mayor de f\u00e1brica, 1,5-2L, adecuada para mantener el caf\u00e9 y el agua calientes. Dise\u00f1o de vac\u00edo, f\u00e1cil de usar. Para m\u00e1s descuentos a granel, por favor p\u00f3ngase en contacto con Yongyu para obtener una cotizaci\u00f3n gratuita.<\/p>\n<h2 style=\"text-align: left\">Par\u00e1metros del hervidor de caf\u00e9 :<\/h2>\n<p style=\"text-align: left\"><strong>Material:<\/strong> Acero inoxidable<br \/><strong>Color:<\/strong>\u00a0 plata, oro, rojo, amarillo, o seg\u00fan los requisitos del cliente<br \/><strong>Diferentes disponibles:<\/strong> 1.5 L&amp; 2.0L<br \/><strong>Embalaje: <\/strong>Caja de color, caja principal o personalizada<br \/><strong>OEM\/ODM:<\/strong> Disponible<\/p>\n<h2 class=\"wp-block-heading\">De Yongyu Drinkware Fabricante :<\/h2>\n<p>El fabricante de suministros de catering Yongyu cuenta con una amplia gama de series de bebidas al por mayor y personalizadas, centr\u00e1ndose en la durabilidad del producto, el rendimiento del aislamiento t\u00e9rmico y proporcionando soluciones de aprovisionamiento econ\u00f3micas y de alta calidad para clientes de todo el mundo.<\/p>","protected":false},"featured_media":943,"comment_status":"closed","ping_status":"closed","template":"","meta":{"_acf_changed":true},"application":[30],"product_brand":[],"product_cat":[20,54,49],"product_tag":[],"class_list":{"0":"post-940","1":"product","2":"type-product","3":"status-publish","4":"has-post-thumbnail","6":"application-hotel-catering","7":"product_cat-wholesale-drinkware","8":"product_cat-stainless-steel-coffee-pot-wholesale","9":"product_cat-stainless-steel-kettle-wholesale","11":"first","12":"instock","13":"shipping-taxable","14":"product-type-simple"},"acf":[],"_links":{"self":[{"href":"https:\/\/www.yongyukitchenware.com\/es\/wp-json\/wp\/v2\/product\/940","targetHints":{"allow":["GET"]}}],"collection":[{"href":"https:\/\/www.yongyukitchenware.com\/es\/wp-json\/wp\/v2\/product"}],"about":[{"href":"https:\/\/www.yongyukitchenware.com\/es\/wp-json\/wp\/v2\/types\/product"}],"replies":[{"embeddable":true,"href":"https:\/\/www.yongyukitchenware.com\/es\/wp-json\/wp\/v2\/comments?post=940"}],"wp:featuredmedia":[{"embeddable":true,"href":"https:\/\/www.yongyukitchenware.com\/es\/wp-json\/wp\/v2\/media\/943"}],"wp:attachment":[{"href":"https:\/\/www.yongyukitchenware.com\/es\/wp-json\/wp\/v2\/media?parent=940"}],"wp:term":[{"taxonomy":"application","embeddable":true,"href":"https:\/\/www.yongyukitchenware.com\/es\/wp-json\/wp\/v2\/application?post=940"},{"taxonomy":"product_brand","embeddable":true,"href":"https:\/\/www.yongyukitchenware.com\/es\/wp-json\/wp\/v2\/product_brand?post=940"},{"taxonomy":"product_cat","embeddable":true,"href":"https:\/\/www.yongyukitchenware.com\/es\/wp-json\/wp\/v2\/product_cat?post=940"},{"taxonomy":"product_tag","embeddable":true,"href":"https:\/\/www.yongyukitchenware.com\/es\/wp-json\/wp\/v2\/product_tag?post=940"}],"curies":[{"name":"wp","href":"https:\/\/api.w.org\/{rel}","templated":true}]}}