{"id":941,"date":"2024-10-05T17:57:35","date_gmt":"2024-10-05T17:57:35","guid":{"rendered":"https:\/\/www.yongyukitchenware.com\/?post_type=product&#038;p=941"},"modified":"2025-06-26T03:22:13","modified_gmt":"2025-06-26T03:22:13","slug":"stainless-steel-colander-supply","status":"publish","type":"product","link":"https:\/\/www.yongyukitchenware.com\/es\/producto\/stainless-steel-colander-supply\/","title":{"rendered":"Juego de coladores de acero inoxidable a granel con 2 asas para cocina"},"content":{"rendered":"<div class=\"wp-block-columns is-layout-flex wp-container-core-columns-is-layout-9d6595d7 wp-block-columns-is-layout-flex\">\n<div class=\"wp-block-column is-layout-flow wp-block-column-is-layout-flow\">\n<h2 class=\"wp-block-heading\">Escurridor de acero inoxidable Caracter\u00edsticas:<\/h2>\n\n\n\n<p><strong>Acero inoxidable de alta calidad: <\/strong>Acero inoxidable de calidad alimentaria resistente a la corrosi\u00f3n, inodoro y duradero.<br><strong>Dos c\u00f3modas asas: <\/strong>Las fuertes asas ergon\u00f3micas ofrecen un agarre seguro, y las asas de doble oreja y anillo \u00fanico son f\u00e1ciles de maniobrar y verter para aclarar y escurrir.<br><strong>Dise\u00f1o de malla fina:<\/strong> Se trata de un dise\u00f1o que permite un escurrido m\u00e1s r\u00e1pido gracias a la distribuci\u00f3n uniforme de la malla fina, pero que no deja que se cuelen objetos peque\u00f1os y, por lo tanto, ofrece una filtraci\u00f3n perfecta de los ingredientes.<br><strong>Multifuncional: <\/strong>adecuado para lavar frutas, verduras y muchos otros; actuando como una herramienta esencial para cada chef casero y cocina profesional.<br><strong>F\u00e1cil de limpiar: <\/strong>gracias a su dise\u00f1o de bordes enrollados, con bordes redondeados y lisos, adem\u00e1s de ser f\u00e1cil de limpiar con seguridad, tambi\u00e9n se puede lavar en el lavavajillas<\/p>\n<\/div>\n\n\n\n<div class=\"wp-block-column is-layout-flow wp-block-column-is-layout-flow\">\n<div class=\"wp-block-columns is-layout-flex wp-container-core-columns-is-layout-9d6595d7 wp-block-columns-is-layout-flex\">\n<div class=\"wp-block-column is-layout-flow wp-block-column-is-layout-flow\">\n<div class=\"wp-block-columns is-layout-flex wp-container-core-columns-is-layout-9d6595d7 wp-block-columns-is-layout-flex\">\n<div class=\"wp-block-column is-layout-flow wp-block-column-is-layout-flow\">\n<figure class=\"wp-block-image size-full\"><img decoding=\"async\" width=\"800\" height=\"800\" src=\"https:\/\/www.yongyukitchenware.com\/wp-content\/uploads\/2024\/09\/stainless-steel-colander-supply-2.webp\" alt=\"acero inoxidable-colador-suministro (2)\" class=\"wp-image-957\" srcset=\"https:\/\/www.yongyukitchenware.com\/wp-content\/uploads\/2024\/09\/stainless-steel-colander-supply-2.webp 800w, https:\/\/www.yongyukitchenware.com\/wp-content\/uploads\/2024\/09\/stainless-steel-colander-supply-2-300x300.webp 300w, https:\/\/www.yongyukitchenware.com\/wp-content\/uploads\/2024\/09\/stainless-steel-colander-supply-2-150x150.webp 150w, https:\/\/www.yongyukitchenware.com\/wp-content\/uploads\/2024\/09\/stainless-steel-colander-supply-2-768x768.webp 768w, https:\/\/www.yongyukitchenware.com\/wp-content\/uploads\/2024\/09\/stainless-steel-colander-supply-2-600x600.webp 600w, https:\/\/www.yongyukitchenware.com\/wp-content\/uploads\/2024\/09\/stainless-steel-colander-supply-2-100x100.webp 100w\" sizes=\"(max-width: 800px) 100vw, 800px\" \/><\/figure>\n<\/div>\n\n\n\n<div class=\"wp-block-column is-layout-flow wp-block-column-is-layout-flow\">\n<figure class=\"wp-block-image size-full\"><img decoding=\"async\" width=\"800\" height=\"800\" src=\"https:\/\/www.yongyukitchenware.com\/wp-content\/uploads\/2024\/09\/stainless-steel-colander-supply-3.webp\" alt=\"acero inoxidable-colador-suministro (3)\" class=\"wp-image-958\" srcset=\"https:\/\/www.yongyukitchenware.com\/wp-content\/uploads\/2024\/09\/stainless-steel-colander-supply-3.webp 800w, https:\/\/www.yongyukitchenware.com\/wp-content\/uploads\/2024\/09\/stainless-steel-colander-supply-3-300x300.webp 300w, https:\/\/www.yongyukitchenware.com\/wp-content\/uploads\/2024\/09\/stainless-steel-colander-supply-3-150x150.webp 150w, https:\/\/www.yongyukitchenware.com\/wp-content\/uploads\/2024\/09\/stainless-steel-colander-supply-3-768x768.webp 768w, https:\/\/www.yongyukitchenware.com\/wp-content\/uploads\/2024\/09\/stainless-steel-colander-supply-3-600x600.webp 600w, https:\/\/www.yongyukitchenware.com\/wp-content\/uploads\/2024\/09\/stainless-steel-colander-supply-3-100x100.webp 100w\" sizes=\"(max-width: 800px) 100vw, 800px\" \/><\/figure>\n<\/div>\n<\/div>\n<\/div>\n<\/div>\n<\/div>\n<\/div>\n\n\n\n<h2 class=\"wp-block-heading\">Colador de acero inoxidable Tama\u00f1o:<\/h2>\n\n\n\n<figure class=\"wp-block-table\"><table class=\"has-fixed-layout\"><tbody><tr><td>Modelo<\/td><td>Talla<\/td><td>Di\u00e1metro * Altura (cm)<\/td><td>MOQ<\/td><\/tr><tr><td rowspan=\"9\">DY010-TLP<\/td><td>16,5 cm<\/td><td>16.5*7cm<\/td><td rowspan=\"9\">140PCS<\/td><\/tr><tr><td>19,5 cm<\/td><td>19.5*8cm<\/td><\/tr><tr><td>22,5 cm<\/td><td>22,5*8,3 cm<\/td><\/tr><tr><td>25,5 cm<\/td><td>25.5*9cm<\/td><\/tr><tr><td>28,5 cm<\/td><td>28,5*9,5 cm<\/td><\/tr><tr><td>31,5 cm<\/td><td>31,5*10,5 cm<\/td><\/tr><tr><td>34,5 cm<\/td><td>34,5*10,9 cm<\/td><\/tr><tr><td>37,5 cm<\/td><td>37,5*11,7 cm<\/td><\/tr><tr><td>40,5 cm<\/td><td>40.5*12cm<\/td><\/tr><\/tbody><\/table><\/figure>","protected":false},"excerpt":{"rendered":"<p>Precio de f\u00e1brica al por mayor de acero inoxidable colador conjunto, m\u00faltiples tama\u00f1os, con dise\u00f1o de doble asa. F\u00e1cil de usar, dise\u00f1ado para uso en la cocina, puede lavar y escurrir bien los alimentos. Orden a granel para disfrutar del mejor descuento.<\/p>\n<h2>Escurridor de acero inoxidable Par\u00e1metros:<\/h2>\n<p><strong>Material:<\/strong> Acero inoxidable<br \/><strong>Dise\u00f1o de las asas:<\/strong> Asas de un lazo con doble enganche<br \/><strong>Tama\u00f1os opcionales:<\/strong> 16-40 cm<br \/><strong>Embalaje:<\/strong> Bolsa\/Granel\/Cart\u00f3n o Personalizado<br \/><strong>OEM\/ODM:<\/strong> Disponible<\/p>\n<h2 class=\"wp-block-heading\">De Yongyu Cocina Fabricante :<\/h2>\n<p>Yongyu es un fabricante profesional de utensilios de cocina, nuestros productos cubren todo tipo de utensilios de cocina de acero inoxidable y accesorios de cocina, proporcionando soluciones personalizadas con productos de alta calidad y precios de f\u00e1brica.<\/p>","protected":false},"featured_media":954,"comment_status":"closed","ping_status":"closed","template":"","meta":{"_acf_changed":true},"application":[29],"product_brand":[],"product_cat":[23,36],"product_tag":[],"class_list":{"0":"post-941","1":"product","2":"type-product","3":"status-publish","4":"has-post-thumbnail","6":"application-home-kitchen","7":"product_cat-kitchenware-wholesale","8":"product_cat-custom-kitchen-tools-utensils","10":"first","11":"instock","12":"shipping-taxable","13":"product-type-simple"},"acf":[],"_links":{"self":[{"href":"https:\/\/www.yongyukitchenware.com\/es\/wp-json\/wp\/v2\/product\/941","targetHints":{"allow":["GET"]}}],"collection":[{"href":"https:\/\/www.yongyukitchenware.com\/es\/wp-json\/wp\/v2\/product"}],"about":[{"href":"https:\/\/www.yongyukitchenware.com\/es\/wp-json\/wp\/v2\/types\/product"}],"replies":[{"embeddable":true,"href":"https:\/\/www.yongyukitchenware.com\/es\/wp-json\/wp\/v2\/comments?post=941"}],"wp:featuredmedia":[{"embeddable":true,"href":"https:\/\/www.yongyukitchenware.com\/es\/wp-json\/wp\/v2\/media\/954"}],"wp:attachment":[{"href":"https:\/\/www.yongyukitchenware.com\/es\/wp-json\/wp\/v2\/media?parent=941"}],"wp:term":[{"taxonomy":"application","embeddable":true,"href":"https:\/\/www.yongyukitchenware.com\/es\/wp-json\/wp\/v2\/application?post=941"},{"taxonomy":"product_brand","embeddable":true,"href":"https:\/\/www.yongyukitchenware.com\/es\/wp-json\/wp\/v2\/product_brand?post=941"},{"taxonomy":"product_cat","embeddable":true,"href":"https:\/\/www.yongyukitchenware.com\/es\/wp-json\/wp\/v2\/product_cat?post=941"},{"taxonomy":"product_tag","embeddable":true,"href":"https:\/\/www.yongyukitchenware.com\/es\/wp-json\/wp\/v2\/product_tag?post=941"}],"curies":[{"name":"wp","href":"https:\/\/api.w.org\/{rel}","templated":true}]}}