{"id":963,"date":"2024-10-05T18:07:42","date_gmt":"2024-10-05T18:07:42","guid":{"rendered":"https:\/\/www.yongyukitchenware.com\/?post_type=product&#038;p=963"},"modified":"2025-07-10T09:57:00","modified_gmt":"2025-07-10T09:57:00","slug":"stainless-steel-salad-bowl-wholesale","status":"publish","type":"product","link":"https:\/\/www.yongyukitchenware.com\/es\/producto\/stainless-steel-salad-bowl-wholesale\/","title":{"rendered":"Ensaladera de acero inoxidable a granel con tapa de colores y fondo de silicona"},"content":{"rendered":"<div class=\"wp-block-columns is-layout-flex wp-container-core-columns-is-layout-9d6595d7 wp-block-columns-is-layout-flex\">\n<div class=\"wp-block-column is-layout-flow wp-block-column-is-layout-flow\">\n<h2 class=\"wp-block-heading\">Ensaladera de acero inoxidable Caracter\u00edsticas:<\/h2>\n\n\n\n<p><strong>Acero inoxidable de alta calidad:<\/strong> material de acero inoxidable de calidad alimentaria, no s\u00f3lo es duradero, sino tambi\u00e9n seguro y saludable<br><strong>Base antideslizante: <\/strong>dise\u00f1o antideslizante de silicona en la parte inferior, no se deslizar\u00e1 cuando se inclina, para asegurar que la ensaladera es estable, para evitar rayar el escritorio<br><strong>Colorido dise\u00f1o de la cubierta antipolvo: <\/strong>higi\u00e9nico a prueba de polvo, apilable, mantiene eficazmente los alimentos frescos, a\u00f1ade sentido de la moda de comedor<br><strong>Seguro de limpiar:<\/strong> El proceso Curl hace que el borde sea liso, evitando lesiones en las manos, superficie de acero inoxidable pulido brillante como un espejo, y f\u00e1cil de limpiar<br><strong>Versatilidad: <\/strong>Adecuado para ensaladas, frutas, aperitivos y otras ocasiones, para satisfacer sus diversas necesidades.<\/p>\n\n\n\n<h2 class=\"wp-block-heading\">Ensaladera de acero inoxidable Tama\u00f1o:<\/h2>\n\n\n\n<figure class=\"wp-block-table\"><table class=\"has-fixed-layout\"><tbody><tr><td>Modelo<\/td><td>Talla<\/td><td>Di\u00e1metro * Altura (cm)<\/td><td>MOQ<\/td><\/tr><tr><td rowspan=\"9\">DY018-TLP<\/td><td>14 cm<\/td><td>13,9*7 cm<\/td><td rowspan=\"9\">200PCS<\/td><\/tr><tr><td>16 cm<\/td><td>15.9*8cm<\/td><\/tr><tr><td>18 cm<\/td><td>17.9*9cm<\/td><\/tr><tr><td>20 cm<\/td><td>19.9*10cm<\/td><\/tr><tr><td>22 cm<\/td><td>21,9*10,7 cm<\/td><\/tr><tr><td>24 cm<\/td><td>23,9*11,2 cm<\/td><\/tr><tr><td>26 cm<\/td><td>25,9*11,8 cm<\/td><\/tr><tr><td>28 cm<\/td><td>27,9*12,6 cm<\/td><\/tr><tr><td>30 cm<\/td><td>29,9*13,8 cm<\/td><\/tr><\/tbody><\/table><\/figure>\n<\/div>\n\n\n\n<div class=\"wp-block-column is-layout-flow wp-block-column-is-layout-flow\">\n<div class=\"wp-block-columns is-layout-flex wp-container-core-columns-is-layout-9d6595d7 wp-block-columns-is-layout-flex\">\n<div class=\"wp-block-column is-layout-flow wp-block-column-is-layout-flow\">\n<figure class=\"wp-block-image size-full\"><img decoding=\"async\" width=\"800\" height=\"800\" src=\"https:\/\/www.yongyukitchenware.com\/wp-content\/uploads\/2024\/09\/wholesale-salad-bowl-3.webp\" alt=\"mayorista-ensaladera (3)\" class=\"wp-image-979\" srcset=\"https:\/\/www.yongyukitchenware.com\/wp-content\/uploads\/2024\/09\/wholesale-salad-bowl-3.webp 800w, https:\/\/www.yongyukitchenware.com\/wp-content\/uploads\/2024\/09\/wholesale-salad-bowl-3-300x300.webp 300w, https:\/\/www.yongyukitchenware.com\/wp-content\/uploads\/2024\/09\/wholesale-salad-bowl-3-150x150.webp 150w, https:\/\/www.yongyukitchenware.com\/wp-content\/uploads\/2024\/09\/wholesale-salad-bowl-3-768x768.webp 768w, https:\/\/www.yongyukitchenware.com\/wp-content\/uploads\/2024\/09\/wholesale-salad-bowl-3-600x600.webp 600w, https:\/\/www.yongyukitchenware.com\/wp-content\/uploads\/2024\/09\/wholesale-salad-bowl-3-100x100.webp 100w\" sizes=\"(max-width: 800px) 100vw, 800px\" \/><\/figure>\n<\/div>\n\n\n\n<div class=\"wp-block-column is-layout-flow wp-block-column-is-layout-flow\">\n<figure class=\"wp-block-image size-full\"><img decoding=\"async\" width=\"800\" height=\"800\" src=\"https:\/\/www.yongyukitchenware.com\/wp-content\/uploads\/2024\/09\/wholesale-salad-bowl-4.webp\" alt=\"mayorista-ensaladera (4)\" class=\"wp-image-980\" srcset=\"https:\/\/www.yongyukitchenware.com\/wp-content\/uploads\/2024\/09\/wholesale-salad-bowl-4.webp 800w, https:\/\/www.yongyukitchenware.com\/wp-content\/uploads\/2024\/09\/wholesale-salad-bowl-4-300x300.webp 300w, https:\/\/www.yongyukitchenware.com\/wp-content\/uploads\/2024\/09\/wholesale-salad-bowl-4-150x150.webp 150w, https:\/\/www.yongyukitchenware.com\/wp-content\/uploads\/2024\/09\/wholesale-salad-bowl-4-768x768.webp 768w, https:\/\/www.yongyukitchenware.com\/wp-content\/uploads\/2024\/09\/wholesale-salad-bowl-4-600x600.webp 600w, https:\/\/www.yongyukitchenware.com\/wp-content\/uploads\/2024\/09\/wholesale-salad-bowl-4-100x100.webp 100w\" sizes=\"(max-width: 800px) 100vw, 800px\" \/><\/figure>\n<\/div>\n<\/div>\n\n\n\n<div class=\"wp-block-columns is-layout-flex wp-container-core-columns-is-layout-9d6595d7 wp-block-columns-is-layout-flex\">\n<div class=\"wp-block-column is-layout-flow wp-block-column-is-layout-flow\">\n<figure class=\"wp-block-image size-full\"><img decoding=\"async\" width=\"800\" height=\"800\" src=\"https:\/\/www.yongyukitchenware.com\/wp-content\/uploads\/2024\/09\/wholesale-salad-bowl-5.webp\" alt=\"mayorista-ensaladera (5)\" class=\"wp-image-981\" srcset=\"https:\/\/www.yongyukitchenware.com\/wp-content\/uploads\/2024\/09\/wholesale-salad-bowl-5.webp 800w, https:\/\/www.yongyukitchenware.com\/wp-content\/uploads\/2024\/09\/wholesale-salad-bowl-5-300x300.webp 300w, https:\/\/www.yongyukitchenware.com\/wp-content\/uploads\/2024\/09\/wholesale-salad-bowl-5-150x150.webp 150w, https:\/\/www.yongyukitchenware.com\/wp-content\/uploads\/2024\/09\/wholesale-salad-bowl-5-768x768.webp 768w, https:\/\/www.yongyukitchenware.com\/wp-content\/uploads\/2024\/09\/wholesale-salad-bowl-5-600x600.webp 600w, https:\/\/www.yongyukitchenware.com\/wp-content\/uploads\/2024\/09\/wholesale-salad-bowl-5-100x100.webp 100w\" sizes=\"(max-width: 800px) 100vw, 800px\" \/><\/figure>\n<\/div>\n\n\n\n<div class=\"wp-block-column is-layout-flow wp-block-column-is-layout-flow\">\n<figure class=\"wp-block-image size-full\"><img decoding=\"async\" width=\"800\" height=\"800\" src=\"https:\/\/www.yongyukitchenware.com\/wp-content\/uploads\/2024\/09\/wholesale-salad-bowl-7.webp\" alt=\"mayorista-ensaladera (7)\" class=\"wp-image-982\" srcset=\"https:\/\/www.yongyukitchenware.com\/wp-content\/uploads\/2024\/09\/wholesale-salad-bowl-7.webp 800w, https:\/\/www.yongyukitchenware.com\/wp-content\/uploads\/2024\/09\/wholesale-salad-bowl-7-300x300.webp 300w, https:\/\/www.yongyukitchenware.com\/wp-content\/uploads\/2024\/09\/wholesale-salad-bowl-7-150x150.webp 150w, https:\/\/www.yongyukitchenware.com\/wp-content\/uploads\/2024\/09\/wholesale-salad-bowl-7-768x768.webp 768w, https:\/\/www.yongyukitchenware.com\/wp-content\/uploads\/2024\/09\/wholesale-salad-bowl-7-600x600.webp 600w, https:\/\/www.yongyukitchenware.com\/wp-content\/uploads\/2024\/09\/wholesale-salad-bowl-7-100x100.webp 100w\" sizes=\"(max-width: 800px) 100vw, 800px\" \/><\/figure>\n<\/div>\n<\/div>\n<\/div>\n<\/div>\n\n\n\n<p><\/p>","protected":false},"excerpt":{"rendered":"<p>Venta al por mayor de ensaladeras de acero inoxidable con tapas y bases de silicona, que garantizan estabilidad, comodidad de uso y mantienen los alimentos frescos, aptas para uso dom\u00e9stico y en catering. Soporta la personalizaci\u00f3n de m\u00faltiples especificaciones, por favor p\u00f3ngase en contacto con nosotros para m\u00e1s ensaladeras y catering suministros soluciones al por mayor.<\/p>\n<h2>Ensaladera de acero inoxidable Par\u00e1metros:<\/h2>\n<p><strong>Material:<\/strong> acero inoxidable<br \/><strong>Dise\u00f1o colorido:<\/strong> la tapa y la base de silicona pueden ser de tus colores favoritos<br \/><strong>Dise\u00f1o de la maceta:<\/strong> acabado pulido espejo, proceso de rizado<br \/><strong>Especificaciones completas:<\/strong>14-30 cm de tama\u00f1o completo con diferentes especificaciones<br \/><strong>Embalaje: <\/strong>bolsa\/granel\/cart\u00f3n o personalizado<br \/><strong>OEM\/ODM:<\/strong> Disponible<\/p>\n<h2 class=\"wp-block-heading\">De Yongyu fabricante de utensilios de cocina :<\/h2>\n<p>Yongyu es un fabricante profesional de utensilios de cocina, nuestros productos cubren todo tipo de utensilios de cocina de acero inoxidable y accesorios de cocina, proporcionando soluciones personalizadas con productos de alta calidad y precios de f\u00e1brica.<\/p>","protected":false},"featured_media":978,"comment_status":"closed","ping_status":"closed","template":"","meta":{"_acf_changed":false},"application":[29],"product_brand":[],"product_cat":[23,35],"product_tag":[],"class_list":{"0":"post-963","1":"product","2":"type-product","3":"status-publish","4":"has-post-thumbnail","6":"application-home-kitchen","7":"product_cat-kitchenware-wholesale","8":"product_cat-baking-trays-wholesale","10":"first","11":"instock","12":"shipping-taxable","13":"product-type-simple"},"acf":[],"_links":{"self":[{"href":"https:\/\/www.yongyukitchenware.com\/es\/wp-json\/wp\/v2\/product\/963","targetHints":{"allow":["GET"]}}],"collection":[{"href":"https:\/\/www.yongyukitchenware.com\/es\/wp-json\/wp\/v2\/product"}],"about":[{"href":"https:\/\/www.yongyukitchenware.com\/es\/wp-json\/wp\/v2\/types\/product"}],"replies":[{"embeddable":true,"href":"https:\/\/www.yongyukitchenware.com\/es\/wp-json\/wp\/v2\/comments?post=963"}],"wp:featuredmedia":[{"embeddable":true,"href":"https:\/\/www.yongyukitchenware.com\/es\/wp-json\/wp\/v2\/media\/978"}],"wp:attachment":[{"href":"https:\/\/www.yongyukitchenware.com\/es\/wp-json\/wp\/v2\/media?parent=963"}],"wp:term":[{"taxonomy":"application","embeddable":true,"href":"https:\/\/www.yongyukitchenware.com\/es\/wp-json\/wp\/v2\/application?post=963"},{"taxonomy":"product_brand","embeddable":true,"href":"https:\/\/www.yongyukitchenware.com\/es\/wp-json\/wp\/v2\/product_brand?post=963"},{"taxonomy":"product_cat","embeddable":true,"href":"https:\/\/www.yongyukitchenware.com\/es\/wp-json\/wp\/v2\/product_cat?post=963"},{"taxonomy":"product_tag","embeddable":true,"href":"https:\/\/www.yongyukitchenware.com\/es\/wp-json\/wp\/v2\/product_tag?post=963"}],"curies":[{"name":"wp","href":"https:\/\/api.w.org\/{rel}","templated":true}]}}