{"id":1000,"date":"2024-09-29T17:41:36","date_gmt":"2024-09-29T17:41:36","guid":{"rendered":"https:\/\/www.yongyukitchenware.com\/?post_type=product&#038;p=1000"},"modified":"2025-06-26T03:05:37","modified_gmt":"2025-06-26T03:05:37","slug":"vacuum-jug-wholesale","status":"publish","type":"product","link":"https:\/\/www.yongyukitchenware.com\/fr\/produit\/vacuum-jug-wholesale\/","title":{"rendered":"Bouilloire \u00e0 caf\u00e9 en acier inoxydable 1.5 L &amp; 2.0 L Wholesale Vacuum Jug 1.5 L &amp; 2.0 L"},"content":{"rendered":"<div class=\"wp-block-columns is-layout-flex wp-container-core-columns-is-layout-9d6595d7 wp-block-columns-is-layout-flex\">\n<div class=\"wp-block-column is-layout-flow wp-block-column-is-layout-flow\">\n<h2 class=\"wp-block-heading\">Caract\u00e9ristiques du pot \u00e0 vide :<\/h2>\n\n\n\n<p><strong>Acier inoxydable de haute qualit\u00e9 :<\/strong> L'acier inoxydable est disponible en 201\/304, mat\u00e9riau \u00e9pais, garantissant la qualit\u00e9.<br><strong>Peut maintenir la chaleur pendant 24 heures : <\/strong>Conception de pr\u00e9servation de la chaleur sous vide, prolongeant efficacement la dur\u00e9e de conservation, jusqu'\u00e0 24 heures.<br><strong>Poign\u00e9e confortable :<\/strong> Notre thermos d'eau chaude en gros est dot\u00e9 d'une poign\u00e9e incurv\u00e9e, confortable \u00e0 tenir, sans effort et peu encombrante.<br><strong>Conception de la housse anti-poussi\u00e8re :<\/strong> Le couvercle de notre thermos d'eau chaude en gros est scell\u00e9 et \u00e9tanche \u00e0 la poussi\u00e8re, ce qui ne permet pas de renverser facilement de l'eau. Appuyer pour ouvrir, facile \u00e0 utiliser<br><strong>Verser l'eau en douceur :<\/strong> Bec en forme d'aigle, verse l'eau en douceur, grand calibre facile \u00e0 nettoyer<br>Fond antid\u00e9rapant : Le fond de notre thermos d'eau chaude en gros est concave et antid\u00e9rapant, avec un placement lisse, durable.<\/p>\n\n\n\n<div class=\"wp-block-group is-vertical is-layout-flex wp-container-core-group-is-layout-8cf370e7 wp-block-group-is-layout-flex\">\n<h2 class=\"wp-block-heading\">Taille du pot \u00e0 vide :<\/h2>\n\n\n\n<figure class=\"wp-block-table\"><table class=\"has-fixed-layout\"><tbody><tr><td>Mod\u00e8le<\/td><td>Taille<\/td><td>Diam\u00e8tre * Hauteur (cm)<\/td><td>MOQ<\/td><\/tr><tr><td rowspan=\"2\">DY005-SH<\/td><td>1.5L<\/td><td>13.5*24cm<\/td><td rowspan=\"2\">24PCS<\/td><\/tr><tr><td>2.0L<\/td><td>13*30cm<\/td><\/tr><\/tbody><\/table><\/figure>\n<\/div>\n<\/div>\n\n\n\n<div class=\"wp-block-column is-layout-flow wp-block-column-is-layout-flow\">\n<div class=\"wp-block-columns is-layout-flex wp-container-core-columns-is-layout-9d6595d7 wp-block-columns-is-layout-flex\">\n<div class=\"wp-block-column is-layout-flow wp-block-column-is-layout-flow\">\n<figure class=\"wp-block-image size-full\"><img decoding=\"async\" width=\"800\" height=\"800\" src=\"https:\/\/www.yongyukitchenware.com\/wp-content\/uploads\/2024\/09\/Wholesale-Hot-Water-Thermos-Flask-3.webp\" alt=\"Wholesale Hot Water Thermos Flask 3\" class=\"wp-image-1027\" srcset=\"https:\/\/www.yongyukitchenware.com\/wp-content\/uploads\/2024\/09\/Wholesale-Hot-Water-Thermos-Flask-3.webp 800w, https:\/\/www.yongyukitchenware.com\/wp-content\/uploads\/2024\/09\/Wholesale-Hot-Water-Thermos-Flask-3-300x300.webp 300w, https:\/\/www.yongyukitchenware.com\/wp-content\/uploads\/2024\/09\/Wholesale-Hot-Water-Thermos-Flask-3-150x150.webp 150w, https:\/\/www.yongyukitchenware.com\/wp-content\/uploads\/2024\/09\/Wholesale-Hot-Water-Thermos-Flask-3-768x768.webp 768w, https:\/\/www.yongyukitchenware.com\/wp-content\/uploads\/2024\/09\/Wholesale-Hot-Water-Thermos-Flask-3-600x600.webp 600w, https:\/\/www.yongyukitchenware.com\/wp-content\/uploads\/2024\/09\/Wholesale-Hot-Water-Thermos-Flask-3-100x100.webp 100w\" sizes=\"(max-width: 800px) 100vw, 800px\" \/><\/figure>\n<\/div>\n<\/div>\n\n\n\n<div class=\"wp-block-columns is-layout-flex wp-container-core-columns-is-layout-9d6595d7 wp-block-columns-is-layout-flex\">\n<div class=\"wp-block-column is-layout-flow wp-block-column-is-layout-flow\"><\/div>\n\n\n\n<div class=\"wp-block-column is-layout-flow wp-block-column-is-layout-flow\"><\/div>\n<\/div>\n<\/div>\n<\/div>\n\n\n\n<p><\/p>","protected":false},"excerpt":{"rendered":"<p>Notre pichet \u00e0 vide en gros est disponible dans les capacit\u00e9s de 1,5L et 2,0L et dispose d'une technologie d'isolation sous vide en acier inoxydable pour conserver vos boissons \u00e0 la temp\u00e9rature id\u00e9ale pendant longtemps. Son design ergonomique le rend confortable et pratique \u00e0 utiliser, ce qui le rend adapt\u00e9 \u00e0 la maison, au bureau et aux services de restauration, et vous pouvez b\u00e9n\u00e9ficier de r\u00e9ductions lorsque vous l'achetez en gros.<\/p>\n<h2 style=\"text-align: left\">Pichet \u00e0 vide Param\u00e8tre :<\/h2>\n<p style=\"text-align: left\"><strong>Mat\u00e9riau :<\/strong> Acier inoxydable<br \/><strong>Couleur :<\/strong>\u00a0 argent, or, rouge, jaune, ou selon les exigences du client<br \/><strong>Diff\u00e9rentes tailles disponibles :<\/strong> 1.5 L&amp; 2.0L<br \/><strong>Emballage : <\/strong>Sac d'opposition et bo\u00eete en carton<br \/><strong>OEM\/ODM :<\/strong> Disponible<\/p>\n<h2 class=\"wp-block-heading\">De Yongyu Drinkware Manufacturer :<\/h2>\n<p>Le fabricant de fournitures de restauration Yongyu dispose d'une large gamme de verres en gros et de s\u00e9ries personnalis\u00e9es, se concentrant sur la durabilit\u00e9 des produits, la performance de l'isolation thermique, et fournissant des solutions d'approvisionnement de haute qualit\u00e9 et \u00e9conomiques pour les clients du monde entier.<\/p>","protected":false},"featured_media":1025,"comment_status":"closed","ping_status":"closed","template":"","meta":{"_acf_changed":false},"application":[30],"product_brand":[],"product_cat":[20,54,49],"product_tag":[],"class_list":{"0":"post-1000","1":"product","2":"type-product","3":"status-publish","4":"has-post-thumbnail","6":"application-hotel-catering","7":"product_cat-wholesale-drinkware","8":"product_cat-stainless-steel-coffee-pot-wholesale","9":"product_cat-stainless-steel-kettle-wholesale","11":"first","12":"instock","13":"shipping-taxable","14":"product-type-simple"},"acf":[],"_links":{"self":[{"href":"https:\/\/www.yongyukitchenware.com\/fr\/wp-json\/wp\/v2\/product\/1000","targetHints":{"allow":["GET"]}}],"collection":[{"href":"https:\/\/www.yongyukitchenware.com\/fr\/wp-json\/wp\/v2\/product"}],"about":[{"href":"https:\/\/www.yongyukitchenware.com\/fr\/wp-json\/wp\/v2\/types\/product"}],"replies":[{"embeddable":true,"href":"https:\/\/www.yongyukitchenware.com\/fr\/wp-json\/wp\/v2\/comments?post=1000"}],"wp:featuredmedia":[{"embeddable":true,"href":"https:\/\/www.yongyukitchenware.com\/fr\/wp-json\/wp\/v2\/media\/1025"}],"wp:attachment":[{"href":"https:\/\/www.yongyukitchenware.com\/fr\/wp-json\/wp\/v2\/media?parent=1000"}],"wp:term":[{"taxonomy":"application","embeddable":true,"href":"https:\/\/www.yongyukitchenware.com\/fr\/wp-json\/wp\/v2\/application?post=1000"},{"taxonomy":"product_brand","embeddable":true,"href":"https:\/\/www.yongyukitchenware.com\/fr\/wp-json\/wp\/v2\/product_brand?post=1000"},{"taxonomy":"product_cat","embeddable":true,"href":"https:\/\/www.yongyukitchenware.com\/fr\/wp-json\/wp\/v2\/product_cat?post=1000"},{"taxonomy":"product_tag","embeddable":true,"href":"https:\/\/www.yongyukitchenware.com\/fr\/wp-json\/wp\/v2\/product_tag?post=1000"}],"curies":[{"name":"wp","href":"https:\/\/api.w.org\/{rel}","templated":true}]}}