{"id":1034,"date":"2024-09-29T17:52:28","date_gmt":"2024-09-29T17:52:28","guid":{"rendered":"https:\/\/www.yongyukitchenware.com\/?post_type=product&#038;p=1034"},"modified":"2025-07-10T10:11:16","modified_gmt":"2025-07-10T10:11:16","slug":"thermos-kettle-wholesale","status":"publish","type":"product","link":"https:\/\/www.yongyukitchenware.com\/fr\/produit\/thermos-kettle-wholesale\/","title":{"rendered":"Wholesale Thermos Kettle en acier inoxydable Roman Colorful"},"content":{"rendered":"<div class=\"wp-block-columns is-layout-flex wp-container-core-columns-is-layout-9d6595d7 wp-block-columns-is-layout-flex\">\n<div class=\"wp-block-column is-layout-flow wp-block-column-is-layout-flow\">\n<h2 class=\"wp-block-heading\">Bouilloire Thermos Caract\u00e9ristiques :<\/h2>\n\n\n\n<p><strong>Aspect \u00e9l\u00e9gant et color\u00e9 : <\/strong>Disponible dans une vari\u00e9t\u00e9 de couleurs, le design de style romain rehausse la beaut\u00e9 de la table et convient \u00e0 diff\u00e9rentes occasions.<br><strong>Mat\u00e9riau en acier inoxydable de haute qualit\u00e9 : <\/strong>Fabriqu\u00e9 en acier inoxydable de haute qualit\u00e9, durable et antirouille, il garantit une utilisation \u00e0 long terme et la s\u00e9curit\u00e9 des boissons.<br><strong>Isolation sous vide efficace :<\/strong> La technologie d'isolation sous vide permet de conserver la temp\u00e9rature des boissons pendant une longue p\u00e9riode, ce qui convient \u00e0 une utilisation tout au long de la journ\u00e9e, qu'il fasse chaud ou froid.<br><strong>Poign\u00e9e ergonomique :<\/strong> Le design de notre bouilloire thermos de gros est ergonomique, confortable \u00e0 tenir, lisse et s\u00fbr \u00e0 verser, et pratique pour une utilisation quotidienne.<br><strong>Remise en gros :<\/strong> B\u00e9n\u00e9ficiez de remises en achetant en gros. Convient aux services de restauration, aux bureaux et aux foyers, avec des performances \u00e9lev\u00e9es en termes de co\u00fbts.<\/p>\n\n\n\n<div class=\"wp-block-group is-vertical is-layout-flex wp-container-core-group-is-layout-8cf370e7 wp-block-group-is-layout-flex\">\n<h2 class=\"wp-block-heading\">Bouilloire Thermos Taille :<\/h2>\n\n\n\n<figure class=\"wp-block-table\"><table class=\"has-fixed-layout\"><tbody><tr><td>Mod\u00e8le<\/td><td>Taille<\/td><td>Diam\u00e8tre * Hauteur (cm)<\/td><td>MOQ<\/td><\/tr><tr><td rowspan=\"2\">DY013-SH<\/td><td>1.8L<\/td><td>14*26cm<\/td><td rowspan=\"2\">24PCS<\/td><\/tr><tr><td>2.3L<\/td><td>14*29cm<\/td><\/tr><\/tbody><\/table><\/figure>\n<\/div>\n<\/div>\n\n\n\n<div class=\"wp-block-column is-layout-flow wp-block-column-is-layout-flow\">\n<div class=\"wp-block-columns is-layout-flex wp-container-core-columns-is-layout-9d6595d7 wp-block-columns-is-layout-flex\">\n<div class=\"wp-block-column is-layout-flow wp-block-column-is-layout-flow\">\n<figure class=\"wp-block-image size-full\"><img decoding=\"async\" width=\"800\" height=\"800\" src=\"https:\/\/www.yongyukitchenware.com\/wp-content\/uploads\/2024\/09\/Stainless-Steel-Thermos-Kettle-Wholesale-6.webp\" alt=\"Bouilloire thermos en acier inoxydable grossiste 6\" class=\"wp-image-1040\" srcset=\"https:\/\/www.yongyukitchenware.com\/wp-content\/uploads\/2024\/09\/Stainless-Steel-Thermos-Kettle-Wholesale-6.webp 800w, https:\/\/www.yongyukitchenware.com\/wp-content\/uploads\/2024\/09\/Stainless-Steel-Thermos-Kettle-Wholesale-6-300x300.webp 300w, https:\/\/www.yongyukitchenware.com\/wp-content\/uploads\/2024\/09\/Stainless-Steel-Thermos-Kettle-Wholesale-6-150x150.webp 150w, https:\/\/www.yongyukitchenware.com\/wp-content\/uploads\/2024\/09\/Stainless-Steel-Thermos-Kettle-Wholesale-6-768x768.webp 768w, https:\/\/www.yongyukitchenware.com\/wp-content\/uploads\/2024\/09\/Stainless-Steel-Thermos-Kettle-Wholesale-6-600x600.webp 600w, https:\/\/www.yongyukitchenware.com\/wp-content\/uploads\/2024\/09\/Stainless-Steel-Thermos-Kettle-Wholesale-6-100x100.webp 100w\" sizes=\"(max-width: 800px) 100vw, 800px\" \/><\/figure>\n<\/div>\n<\/div>\n\n\n\n<div class=\"wp-block-columns is-layout-flex wp-container-core-columns-is-layout-9d6595d7 wp-block-columns-is-layout-flex\">\n<div class=\"wp-block-column is-layout-flow wp-block-column-is-layout-flow\"><\/div>\n\n\n\n<div class=\"wp-block-column is-layout-flow wp-block-column-is-layout-flow\"><\/div>\n<\/div>\n<\/div>\n<\/div>\n\n\n\n<p><\/p>","protected":false},"excerpt":{"rendered":"<p>Notre bouilloire thermos en gros utilise la technologie d'isolation sous vide pour une excellente performance de conservation de la chaleur. Le design \u00e9l\u00e9gant de style romain offre des options d'apparence color\u00e9es, avec des poign\u00e9es ergonomiques, pratiques pour une utilisation quotidienne et adapt\u00e9es aux services de restauration. Les achats en gros peuvent b\u00e9n\u00e9ficier de remises et d'un co\u00fbt \u00e9lev\u00e9.<\/p>\n<h2 style=\"text-align: left;\">Param\u00e8tres de la bouilloire thermos<\/h2>\n<p style=\"text-align: left;\"><strong>Mat\u00e9riau :<\/strong> Acier inoxydable<br \/><strong>Couleur :<\/strong>\u00a0 Argent, or, rouge, jaune ou personnalis\u00e9<br \/><strong>Diff\u00e9rentes tailles :<\/strong> 1.8 L&amp; 2.3L<br \/><strong>Emballage : <\/strong>Sac d'opposition et bo\u00eete en carton<br \/><strong>OEM\/ODM :<\/strong> Disponible<\/p>\n<h2 class=\"wp-block-heading\">De Yongyu Drinkware Manufacturer :<\/h2>\n<p>Le fabricant de fournitures de restauration Yongyu dispose d'une large gamme de verres en gros et de s\u00e9ries personnalis\u00e9es, se concentrant sur la durabilit\u00e9 des produits, la performance de l'isolation thermique, et fournissant des solutions d'approvisionnement de haute qualit\u00e9 et \u00e9conomiques pour les clients du monde entier.<\/p>","protected":false},"featured_media":1035,"comment_status":"closed","ping_status":"closed","template":"","meta":{"_acf_changed":false},"application":[30],"product_brand":[],"product_cat":[20,54,49],"product_tag":[],"class_list":{"0":"post-1034","1":"product","2":"type-product","3":"status-publish","4":"has-post-thumbnail","6":"application-hotel-catering","7":"product_cat-wholesale-drinkware","8":"product_cat-stainless-steel-coffee-pot-wholesale","9":"product_cat-stainless-steel-kettle-wholesale","11":"first","12":"instock","13":"shipping-taxable","14":"product-type-simple"},"acf":[],"_links":{"self":[{"href":"https:\/\/www.yongyukitchenware.com\/fr\/wp-json\/wp\/v2\/product\/1034","targetHints":{"allow":["GET"]}}],"collection":[{"href":"https:\/\/www.yongyukitchenware.com\/fr\/wp-json\/wp\/v2\/product"}],"about":[{"href":"https:\/\/www.yongyukitchenware.com\/fr\/wp-json\/wp\/v2\/types\/product"}],"replies":[{"embeddable":true,"href":"https:\/\/www.yongyukitchenware.com\/fr\/wp-json\/wp\/v2\/comments?post=1034"}],"wp:featuredmedia":[{"embeddable":true,"href":"https:\/\/www.yongyukitchenware.com\/fr\/wp-json\/wp\/v2\/media\/1035"}],"wp:attachment":[{"href":"https:\/\/www.yongyukitchenware.com\/fr\/wp-json\/wp\/v2\/media?parent=1034"}],"wp:term":[{"taxonomy":"application","embeddable":true,"href":"https:\/\/www.yongyukitchenware.com\/fr\/wp-json\/wp\/v2\/application?post=1034"},{"taxonomy":"product_brand","embeddable":true,"href":"https:\/\/www.yongyukitchenware.com\/fr\/wp-json\/wp\/v2\/product_brand?post=1034"},{"taxonomy":"product_cat","embeddable":true,"href":"https:\/\/www.yongyukitchenware.com\/fr\/wp-json\/wp\/v2\/product_cat?post=1034"},{"taxonomy":"product_tag","embeddable":true,"href":"https:\/\/www.yongyukitchenware.com\/fr\/wp-json\/wp\/v2\/product_tag?post=1034"}],"curies":[{"name":"wp","href":"https:\/\/api.w.org\/{rel}","templated":true}]}}