{"id":1042,"date":"2024-09-28T16:49:56","date_gmt":"2024-09-28T16:49:56","guid":{"rendered":"https:\/\/www.yongyukitchenware.com\/?post_type=product&#038;p=1042"},"modified":"2025-06-26T02:51:17","modified_gmt":"2025-06-26T02:51:17","slug":"insulated-jug-wholesale","status":"publish","type":"product","link":"https:\/\/www.yongyukitchenware.com\/fr\/produit\/insulated-jug-wholesale\/","title":{"rendered":"Bouilloire \u00e0 caf\u00e9 color\u00e9e en acier inoxydable 1.2 L &amp; 1.5 L"},"content":{"rendered":"<div class=\"wp-block-columns is-layout-flex wp-container-core-columns-is-layout-9d6595d7 wp-block-columns-is-layout-flex\">\n<div class=\"wp-block-column is-layout-flow wp-block-column-is-layout-flow\">\n<h2 class=\"wp-block-heading\">Pichet isotherme Caract\u00e9ristiques :<\/h2>\n\n\n\n<p><strong>Plusieurs options de capacit\u00e9 :<\/strong> 1.2L et 1.5L sont disponibles pour r\u00e9pondre aux besoins de diff\u00e9rentes occasions et satisfaire l'utilisation \u00e0 la maison, au bureau ou dans les services de restauration.<br><strong>Mat\u00e9riau en acier inoxydable de haute qualit\u00e9 : <\/strong>Fabriqu\u00e9 en acier inoxydable de haute qualit\u00e9, durable et inoxydable, il garantit la s\u00e9curit\u00e9 et l'hygi\u00e8ne.<br><strong>Design color\u00e9 :<\/strong> Une vari\u00e9t\u00e9 de couleurs vives est disponible, et l'apparence est \u00e0 la mode et adapt\u00e9e \u00e0 divers environnements.<br><strong>Isolation efficace :<\/strong> La conception de l'isolation sous vide garantit que l'eau chaude ou les boissons restent chaudes pendant longtemps, ce qui convient \u00e0 un usage quotidien.<br><strong>Poign\u00e9e ergonomique : <\/strong>La poign\u00e9e est ergonomique, confortable \u00e0 tenir, antid\u00e9rapante et s\u00fbre, et plus facile \u00e0 verser.<br><strong>Remise en gros :<\/strong> Profitez de r\u00e9ductions de prix en achetant en gros, ce qui convient aux achats \u00e0 grande \u00e9chelle tels que la restauration et l'h\u00f4tellerie.<\/p>\n\n\n\n<div class=\"wp-block-group is-vertical is-layout-flex wp-container-core-group-is-layout-8cf370e7 wp-block-group-is-layout-flex\">\n<h2 class=\"wp-block-heading\">Pichet isol\u00e9 Taille :<\/h2>\n\n\n\n<figure class=\"wp-block-table\"><table class=\"has-fixed-layout\"><tbody><tr><td>Mod\u00e8le<\/td><td>Taille<\/td><td>Diam\u00e8tre* Hauteur (cm)<\/td><td>MOQ<\/td><\/tr><tr><td rowspan=\"2\">DY005-SH<\/td><td>1.2L<\/td><td>14.3*26.5cm<\/td><td rowspan=\"2\">24PCS<\/td><\/tr><tr><td>1.5L<\/td><td>14.3*31.5cm<\/td><\/tr><\/tbody><\/table><\/figure>\n<\/div>\n<\/div>\n\n\n\n<div class=\"wp-block-column is-layout-flow wp-block-column-is-layout-flow\">\n<div class=\"wp-block-columns is-layout-flex wp-container-core-columns-is-layout-9d6595d7 wp-block-columns-is-layout-flex\">\n<div class=\"wp-block-column is-layout-flow wp-block-column-is-layout-flow\">\n<figure class=\"wp-block-image size-full\"><img decoding=\"async\" width=\"800\" height=\"800\" src=\"https:\/\/www.yongyukitchenware.com\/wp-content\/uploads\/2024\/09\/Insulated-Kettle-Wholesale-1.webp\" alt=\"Bouilloire isol\u00e9e grossiste 1\" class=\"wp-image-1043\" srcset=\"https:\/\/www.yongyukitchenware.com\/wp-content\/uploads\/2024\/09\/Insulated-Kettle-Wholesale-1.webp 800w, https:\/\/www.yongyukitchenware.com\/wp-content\/uploads\/2024\/09\/Insulated-Kettle-Wholesale-1-300x300.webp 300w, https:\/\/www.yongyukitchenware.com\/wp-content\/uploads\/2024\/09\/Insulated-Kettle-Wholesale-1-150x150.webp 150w, https:\/\/www.yongyukitchenware.com\/wp-content\/uploads\/2024\/09\/Insulated-Kettle-Wholesale-1-768x768.webp 768w, https:\/\/www.yongyukitchenware.com\/wp-content\/uploads\/2024\/09\/Insulated-Kettle-Wholesale-1-600x600.webp 600w, https:\/\/www.yongyukitchenware.com\/wp-content\/uploads\/2024\/09\/Insulated-Kettle-Wholesale-1-100x100.webp 100w\" sizes=\"(max-width: 800px) 100vw, 800px\" \/><\/figure>\n<\/div>\n<\/div>\n\n\n\n<div class=\"wp-block-columns is-layout-flex wp-container-core-columns-is-layout-9d6595d7 wp-block-columns-is-layout-flex\">\n<div class=\"wp-block-column is-layout-flow wp-block-column-is-layout-flow\"><\/div>\n\n\n\n<div class=\"wp-block-column is-layout-flow wp-block-column-is-layout-flow\"><\/div>\n<\/div>\n<\/div>\n<\/div>\n\n\n\n<p><\/p>","protected":false},"excerpt":{"rendered":"<p>Bouilloire thermos \u00e0 prix d'usine, isolation sous vide, plusieurs options de couleurs, poign\u00e9e ergonomique, facile \u00e0 utiliser, convient pour l'eau et le caf\u00e9. Coop\u00e9rez avec nous et profitez de remises sur les commandes en gros.<\/p>\n<h2 style=\"text-align: left\">Pichet isol\u00e9 Param\u00e8tre :\u00a0<\/h2>\n<p style=\"text-align: left\"><strong>Mat\u00e9riau :<\/strong> Acier inoxydable<br \/><strong>Couleur :<\/strong>\u00a0 Argent, or, rouge, jaune ou personnalis\u00e9<br \/><strong>Diff\u00e9rentes tailles :<\/strong> 1.2 L&amp; 1.5L<br \/><strong>Emballage : <\/strong>Bo\u00eete \u00e0 couleurs, bo\u00eete principale<br \/><strong>OEM\/ODM :<\/strong> Disponible<\/p>\n<h2 class=\"wp-block-heading\">De Yongyu Drinkware Manufacturer :<\/h2>\n<p>Le fabricant de fournitures de restauration Yongyu dispose d'une large gamme de verres en gros et de s\u00e9ries personnalis\u00e9es, se concentrant sur la durabilit\u00e9 des produits, la performance de l'isolation thermique, et fournissant des solutions d'approvisionnement de haute qualit\u00e9 et \u00e9conomiques pour les clients du monde entier.<\/p>","protected":false},"featured_media":1049,"comment_status":"closed","ping_status":"closed","template":"","meta":{"_acf_changed":true},"application":[30],"product_brand":[],"product_cat":[20,54,49],"product_tag":[],"class_list":{"0":"post-1042","1":"product","2":"type-product","3":"status-publish","4":"has-post-thumbnail","6":"application-hotel-catering","7":"product_cat-wholesale-drinkware","8":"product_cat-stainless-steel-coffee-pot-wholesale","9":"product_cat-stainless-steel-kettle-wholesale","11":"first","12":"instock","13":"shipping-taxable","14":"product-type-simple"},"acf":[],"_links":{"self":[{"href":"https:\/\/www.yongyukitchenware.com\/fr\/wp-json\/wp\/v2\/product\/1042","targetHints":{"allow":["GET"]}}],"collection":[{"href":"https:\/\/www.yongyukitchenware.com\/fr\/wp-json\/wp\/v2\/product"}],"about":[{"href":"https:\/\/www.yongyukitchenware.com\/fr\/wp-json\/wp\/v2\/types\/product"}],"replies":[{"embeddable":true,"href":"https:\/\/www.yongyukitchenware.com\/fr\/wp-json\/wp\/v2\/comments?post=1042"}],"wp:featuredmedia":[{"embeddable":true,"href":"https:\/\/www.yongyukitchenware.com\/fr\/wp-json\/wp\/v2\/media\/1049"}],"wp:attachment":[{"href":"https:\/\/www.yongyukitchenware.com\/fr\/wp-json\/wp\/v2\/media?parent=1042"}],"wp:term":[{"taxonomy":"application","embeddable":true,"href":"https:\/\/www.yongyukitchenware.com\/fr\/wp-json\/wp\/v2\/application?post=1042"},{"taxonomy":"product_brand","embeddable":true,"href":"https:\/\/www.yongyukitchenware.com\/fr\/wp-json\/wp\/v2\/product_brand?post=1042"},{"taxonomy":"product_cat","embeddable":true,"href":"https:\/\/www.yongyukitchenware.com\/fr\/wp-json\/wp\/v2\/product_cat?post=1042"},{"taxonomy":"product_tag","embeddable":true,"href":"https:\/\/www.yongyukitchenware.com\/fr\/wp-json\/wp\/v2\/product_tag?post=1042"}],"curies":[{"name":"wp","href":"https:\/\/api.w.org\/{rel}","templated":true}]}}