{"id":1112,"date":"2024-09-28T02:25:45","date_gmt":"2024-09-28T02:25:45","guid":{"rendered":"https:\/\/www.yongyukitchenware.com\/?post_type=product&#038;p=1112"},"modified":"2025-06-26T02:38:47","modified_gmt":"2025-06-26T02:38:47","slug":"ramen-pot-wholesale","status":"publish","type":"product","link":"https:\/\/www.yongyukitchenware.com\/fr\/produit\/ramen-pot-wholesale\/","title":{"rendered":"Pot de Ramen personnalis\u00e9 Cor\u00e9en dor\u00e9 pour la cuisson de la soupe de nouilles"},"content":{"rendered":"<div class=\"wp-block-columns is-layout-flex wp-container-core-columns-is-layout-9d6595d7 wp-block-columns-is-layout-flex\">\n<div class=\"wp-block-column is-layout-flow wp-block-column-is-layout-flow\">\n<h2 class=\"wp-block-heading\">Ramen Pot Caract\u00e9ristiques :<\/h2>\n\n\n\n<p><strong>Acier inoxydable de haute qualit\u00e9 :<\/strong> L'acier inoxydable de qualit\u00e9 alimentaire est non seulement r\u00e9sistant \u00e0 la corrosion et inodore, mais aussi s\u00fbr et non toxique.<br><strong>Double poign\u00e9e :<\/strong> Isolation thermique renforc\u00e9e et poign\u00e9e anti-br\u00fblure, plus s\u00fbre et plus pratique, la poign\u00e9e renforc\u00e9e par des rivets est plus solide et plus durable, elle ne tombe pas facilement.<br><strong>Conduction uniforme de la chaleur : <\/strong>le fond est con\u00e7u pour une conduction uniforme de la chaleur, une cuisson rapide et une \u00e9conomie d'\u00e9nergie.<br><strong>Diff\u00e9rentes sp\u00e9cifications et tailles :<\/strong> peuvent \u00eatre s\u00e9lectionn\u00e9s en fonction de diff\u00e9rents besoins, et conviennent aux familles, aux restaurants et aux locaux commerciaux.<br><strong>Facile \u00e0 nettoyer : <\/strong>Surface lisse en acier inoxydable, antiadh\u00e9sive et facile \u00e0 nettoyer.<br><strong>Rentable :<\/strong> La conception \u00e9paisse est robuste et durable, ce qui r\u00e9duit la fr\u00e9quence de remplacement et prolonge la dur\u00e9e de vie.<\/p>\n\n\n\n<h2 class=\"wp-block-heading\">Pot de Ramen Taille :<\/h2>\n\n\n\n<figure class=\"wp-block-table\"><table class=\"has-fixed-layout\"><tbody><tr><td>Mod\u00e8le<\/td><td>Taille<\/td><td>Longueur * Largeur * Hauteur (cm)<\/td><td>MOQ<\/td><\/tr><tr><td rowspan=\"4\">DY046-G<\/td><td>16cm<\/td><td>16*7.3cm<\/td><td rowspan=\"4\">60PCS<\/td><\/tr><tr><td>18cm<\/td><td>17.8*8cm<\/td><\/tr><tr><td>20cm<\/td><td>19.8*8.5cm<\/td><\/tr><tr><td>22cm<\/td><td>21.7*8.8cm<\/td><\/tr><\/tbody><\/table><\/figure>\n<\/div>\n\n\n\n<div class=\"wp-block-column is-layout-flow wp-block-column-is-layout-flow\">\n<div class=\"wp-block-columns is-layout-flex wp-container-core-columns-is-layout-9d6595d7 wp-block-columns-is-layout-flex\">\n<div class=\"wp-block-column is-layout-flow wp-block-column-is-layout-flow\">\n<figure class=\"wp-block-image size-full\"><img decoding=\"async\" width=\"800\" height=\"800\" src=\"https:\/\/www.yongyukitchenware.com\/wp-content\/uploads\/2024\/09\/ramen-pot-wholesale-2.webp\" alt=\"ramen-pot-wholesale-2\" class=\"wp-image-658\" srcset=\"https:\/\/www.yongyukitchenware.com\/wp-content\/uploads\/2024\/09\/ramen-pot-wholesale-2.webp 800w, https:\/\/www.yongyukitchenware.com\/wp-content\/uploads\/2024\/09\/ramen-pot-wholesale-2-300x300.webp 300w, https:\/\/www.yongyukitchenware.com\/wp-content\/uploads\/2024\/09\/ramen-pot-wholesale-2-150x150.webp 150w, https:\/\/www.yongyukitchenware.com\/wp-content\/uploads\/2024\/09\/ramen-pot-wholesale-2-768x768.webp 768w, https:\/\/www.yongyukitchenware.com\/wp-content\/uploads\/2024\/09\/ramen-pot-wholesale-2-600x600.webp 600w, https:\/\/www.yongyukitchenware.com\/wp-content\/uploads\/2024\/09\/ramen-pot-wholesale-2-100x100.webp 100w\" sizes=\"(max-width: 800px) 100vw, 800px\" \/><\/figure>\n<\/div>\n\n\n\n<div class=\"wp-block-column is-layout-flow wp-block-column-is-layout-flow\">\n<figure class=\"wp-block-image size-full\"><img decoding=\"async\" width=\"800\" height=\"800\" src=\"https:\/\/www.yongyukitchenware.com\/wp-content\/uploads\/2024\/09\/ramen-pot-wholesale-7.webp\" alt=\"ramen-pot-wholesale-7\" class=\"wp-image-657\" srcset=\"https:\/\/www.yongyukitchenware.com\/wp-content\/uploads\/2024\/09\/ramen-pot-wholesale-7.webp 800w, https:\/\/www.yongyukitchenware.com\/wp-content\/uploads\/2024\/09\/ramen-pot-wholesale-7-300x300.webp 300w, https:\/\/www.yongyukitchenware.com\/wp-content\/uploads\/2024\/09\/ramen-pot-wholesale-7-150x150.webp 150w, https:\/\/www.yongyukitchenware.com\/wp-content\/uploads\/2024\/09\/ramen-pot-wholesale-7-768x768.webp 768w, https:\/\/www.yongyukitchenware.com\/wp-content\/uploads\/2024\/09\/ramen-pot-wholesale-7-600x600.webp 600w, https:\/\/www.yongyukitchenware.com\/wp-content\/uploads\/2024\/09\/ramen-pot-wholesale-7-100x100.webp 100w\" sizes=\"(max-width: 800px) 100vw, 800px\" \/><\/figure>\n<\/div>\n<\/div>\n\n\n\n<div class=\"wp-block-columns is-layout-flex wp-container-core-columns-is-layout-9d6595d7 wp-block-columns-is-layout-flex\">\n<div class=\"wp-block-column is-layout-flow wp-block-column-is-layout-flow\">\n<figure class=\"wp-block-image size-full\"><img decoding=\"async\" width=\"800\" height=\"800\" src=\"https:\/\/www.yongyukitchenware.com\/wp-content\/uploads\/2024\/09\/ramen-pot-wholesale-6.webp\" alt=\"ramen-pot-wholesale-6\" class=\"wp-image-659\" srcset=\"https:\/\/www.yongyukitchenware.com\/wp-content\/uploads\/2024\/09\/ramen-pot-wholesale-6.webp 800w, https:\/\/www.yongyukitchenware.com\/wp-content\/uploads\/2024\/09\/ramen-pot-wholesale-6-300x300.webp 300w, https:\/\/www.yongyukitchenware.com\/wp-content\/uploads\/2024\/09\/ramen-pot-wholesale-6-150x150.webp 150w, https:\/\/www.yongyukitchenware.com\/wp-content\/uploads\/2024\/09\/ramen-pot-wholesale-6-768x768.webp 768w, https:\/\/www.yongyukitchenware.com\/wp-content\/uploads\/2024\/09\/ramen-pot-wholesale-6-600x600.webp 600w, https:\/\/www.yongyukitchenware.com\/wp-content\/uploads\/2024\/09\/ramen-pot-wholesale-6-100x100.webp 100w\" sizes=\"(max-width: 800px) 100vw, 800px\" \/><\/figure>\n<\/div>\n\n\n\n<div class=\"wp-block-column is-layout-flow wp-block-column-is-layout-flow\">\n<figure class=\"wp-block-image size-full\"><img decoding=\"async\" width=\"800\" height=\"800\" src=\"https:\/\/www.yongyukitchenware.com\/wp-content\/uploads\/2024\/09\/ramen-pot-wholesale-3.webp\" alt=\"\" class=\"wp-image-662\" srcset=\"https:\/\/www.yongyukitchenware.com\/wp-content\/uploads\/2024\/09\/ramen-pot-wholesale-3.webp 800w, https:\/\/www.yongyukitchenware.com\/wp-content\/uploads\/2024\/09\/ramen-pot-wholesale-3-300x300.webp 300w, https:\/\/www.yongyukitchenware.com\/wp-content\/uploads\/2024\/09\/ramen-pot-wholesale-3-150x150.webp 150w, https:\/\/www.yongyukitchenware.com\/wp-content\/uploads\/2024\/09\/ramen-pot-wholesale-3-768x768.webp 768w, https:\/\/www.yongyukitchenware.com\/wp-content\/uploads\/2024\/09\/ramen-pot-wholesale-3-600x600.webp 600w, https:\/\/www.yongyukitchenware.com\/wp-content\/uploads\/2024\/09\/ramen-pot-wholesale-3-100x100.webp 100w\" sizes=\"(max-width: 800px) 100vw, 800px\" \/><\/figure>\n<\/div>\n<\/div>\n<\/div>\n<\/div>\n\n\n\n<p><\/p>","protected":false},"excerpt":{"rendered":"<p>Meilleur pot \u00e0 ramen du fabricant d'ustensiles de cuisine en acier inoxydable, Yongyu vend en gros et personnalise des pots \u00e0 ramen cor\u00e9ens de tailles multiples, or et argent, prix d'usine de haute qualit\u00e9, adapt\u00e9 \u00e0 l'achat \u00e0 grande \u00e9chelle.<\/p>\n<h2>Param\u00e8tre Ramen Pot :<\/h2>\n<p><strong>Mat\u00e9riau :<\/strong> Acier inoxydable<br \/><strong>Couleur :<\/strong> Plaqu\u00e9 argent, or et semi-or<br \/><strong>Conception de la poign\u00e9e :<\/strong> Poign\u00e9es doubles et tirettes renforc\u00e9es rivet\u00e9es<br \/><strong>Diff\u00e9rentes tailles :<\/strong> Tailles 16cm, 18cm, 20cm et 22cm<br \/><strong>Emballage :<\/strong> Sacs\/Bulk\/Cartons ou sur mesure<br \/><strong>OEM\/ODM :<\/strong> Disponible<\/p>\n<h2 class=\"wp-block-heading\">Fabricant d'ustensiles de cuisine Yongyu :<\/h2>\n<p>Yongyu est un fabricant professionnel d'ustensiles de cuisine. Nos produits couvrent toutes sortes d'ustensiles de cuisine en acier inoxydable, tels que les cuiseurs de nouilles, les po\u00eales \u00e0 frire, les marmites, etc.<\/p>","protected":false},"featured_media":663,"comment_status":"closed","ping_status":"closed","template":"","meta":{"_acf_changed":false},"application":[29],"product_brand":[],"product_cat":[23,32],"product_tag":[],"class_list":{"0":"post-1112","1":"product","2":"type-product","3":"status-publish","4":"has-post-thumbnail","6":"application-home-kitchen","7":"product_cat-kitchenware-wholesale","8":"product_cat-wholesale-cookware","10":"first","11":"instock","12":"shipping-taxable","13":"product-type-simple"},"acf":[],"_links":{"self":[{"href":"https:\/\/www.yongyukitchenware.com\/fr\/wp-json\/wp\/v2\/product\/1112","targetHints":{"allow":["GET"]}}],"collection":[{"href":"https:\/\/www.yongyukitchenware.com\/fr\/wp-json\/wp\/v2\/product"}],"about":[{"href":"https:\/\/www.yongyukitchenware.com\/fr\/wp-json\/wp\/v2\/types\/product"}],"replies":[{"embeddable":true,"href":"https:\/\/www.yongyukitchenware.com\/fr\/wp-json\/wp\/v2\/comments?post=1112"}],"wp:featuredmedia":[{"embeddable":true,"href":"https:\/\/www.yongyukitchenware.com\/fr\/wp-json\/wp\/v2\/media\/663"}],"wp:attachment":[{"href":"https:\/\/www.yongyukitchenware.com\/fr\/wp-json\/wp\/v2\/media?parent=1112"}],"wp:term":[{"taxonomy":"application","embeddable":true,"href":"https:\/\/www.yongyukitchenware.com\/fr\/wp-json\/wp\/v2\/application?post=1112"},{"taxonomy":"product_brand","embeddable":true,"href":"https:\/\/www.yongyukitchenware.com\/fr\/wp-json\/wp\/v2\/product_brand?post=1112"},{"taxonomy":"product_cat","embeddable":true,"href":"https:\/\/www.yongyukitchenware.com\/fr\/wp-json\/wp\/v2\/product_cat?post=1112"},{"taxonomy":"product_tag","embeddable":true,"href":"https:\/\/www.yongyukitchenware.com\/fr\/wp-json\/wp\/v2\/product_tag?post=1112"}],"curies":[{"name":"wp","href":"https:\/\/api.w.org\/{rel}","templated":true}]}}