{"id":1116,"date":"2024-09-29T09:12:40","date_gmt":"2024-09-29T09:12:40","guid":{"rendered":"https:\/\/www.yongyukitchenware.com\/?post_type=product&#038;p=1116"},"modified":"2025-06-26T03:00:12","modified_gmt":"2025-06-26T03:00:12","slug":"buffet-chafing-set-wholesale","status":"publish","type":"product","link":"https:\/\/www.yongyukitchenware.com\/fr\/produit\/buffet-chafing-set-wholesale\/","title":{"rendered":"Wholesale Buffet Chafing Set with A PC Lid For Catering (Set de chafing pour buffet avec couvercle en PC)"},"content":{"rendered":"<div class=\"wp-block-columns is-layout-flex wp-container-core-columns-is-layout-9d6595d7 wp-block-columns-is-layout-flex\">\n<div class=\"wp-block-column is-layout-flow wp-block-column-is-layout-flow\">\n<h2 class=\"wp-block-heading\">Set de buffet pour chafing Param\u00e8tre :<\/h2>\n\n\n\n<figure class=\"wp-block-table\"><table class=\"has-fixed-layout\"><tbody><tr><td>Mod\u00e8le<\/td><td>Couvercle<\/td><td>Diam\u00e8tre* Hauteur (cm)<\/td><td>Capacit\u00e9 (l)<\/td><td>Poids (kg)<\/td><td>MOQ<\/td><\/tr><tr><td rowspan=\"2\">DY005-CL<\/td><td rowspan=\"2\">Couvercle PC<\/td><td>57*37*32<\/td><td rowspan=\"2\">9<\/td><td>7.9<\/td><td rowspan=\"2\">2PCS<\/td><\/tr><tr><td>57*37*39<\/td><td>8.2<\/td><\/tr><\/tbody><\/table><\/figure>\n<\/div>\n\n\n\n<div class=\"wp-block-column is-layout-flow wp-block-column-is-layout-flow\">\n<h2 class=\"wp-block-heading\">Buffet Chafing Set Caract\u00e9ristiques :<\/h2>\n\n\n\n<p><strong>Acier inoxydable de haute qualit\u00e9 Mat\u00e9riau : <\/strong>Notre set de chafing pour buffet en gros est fabriqu\u00e9 en acier inoxydable de haute qualit\u00e9, il est robuste et durable, antirouille et r\u00e9sistant \u00e0 la corrosion, assurant une utilisation \u00e0 long terme.<\/p>\n\n\n\n<p><strong>Excellente performance d'isolation :<\/strong> Con\u00e7u pour les buffets, notre set de chafing pour buffet en gros maintient les aliments \u00e0 une temp\u00e9rature constante pendant longtemps et convient aux grands banquets et \u00e9v\u00e9nements.<\/p>\n\n\n\n<p><strong>Conception \u00e0 grande capacit\u00e9 :<\/strong> Grande capacit\u00e9 de stockage, adapt\u00e9e aux services de restauration, garantissant une plus grande quantit\u00e9 de nourriture \u00e0 la fois.<\/p>\n\n\n\n<p><strong>Facile \u00e0 nettoyer :<\/strong> La surface lisse est facile \u00e0 nettoyer, le couvercle en PC r\u00e9siste aux taches, r\u00e9duit la charge de travail li\u00e9e au nettoyage et convient \u00e0 une utilisation \u00e0 haute fr\u00e9quence.<\/p>\n\n\n\n<p><strong>Couvercle \u00e0 rabat facile \u00e0 utiliser : <\/strong>Le couvercle rabattable en PC de notre set de chafing pour buffet en gros a une bonne transparence, ce qui permet au serveur d'ouvrir le couvercle facilement, et il est pratique pour les utilisateurs d'observer la nourriture ou les articles et de garder la temp\u00e9rature de la nourriture.<\/p>\n<\/div>\n<\/div>\n\n\n\n<div class=\"wp-block-columns is-layout-flex wp-container-core-columns-is-layout-9d6595d7 wp-block-columns-is-layout-flex\">\n<div class=\"wp-block-column is-layout-flow wp-block-column-is-layout-flow\">\n<figure class=\"wp-block-image size-full\"><img decoding=\"async\" width=\"800\" height=\"800\" src=\"https:\/\/www.yongyukitchenware.com\/wp-content\/uploads\/2024\/09\/Wholesale-Buffet-Chafing-Set-with-A-PC-Lid-For-Catering.webp\" alt=\"Wholesale Buffet Chafing Set with A PC Lid For Catering (Set de chafing pour buffet avec couvercle en PC)\" class=\"wp-image-2875\" srcset=\"https:\/\/www.yongyukitchenware.com\/wp-content\/uploads\/2024\/09\/Wholesale-Buffet-Chafing-Set-with-A-PC-Lid-For-Catering.webp 800w, https:\/\/www.yongyukitchenware.com\/wp-content\/uploads\/2024\/09\/Wholesale-Buffet-Chafing-Set-with-A-PC-Lid-For-Catering-300x300.webp 300w, https:\/\/www.yongyukitchenware.com\/wp-content\/uploads\/2024\/09\/Wholesale-Buffet-Chafing-Set-with-A-PC-Lid-For-Catering-150x150.webp 150w, https:\/\/www.yongyukitchenware.com\/wp-content\/uploads\/2024\/09\/Wholesale-Buffet-Chafing-Set-with-A-PC-Lid-For-Catering-768x768.webp 768w, https:\/\/www.yongyukitchenware.com\/wp-content\/uploads\/2024\/09\/Wholesale-Buffet-Chafing-Set-with-A-PC-Lid-For-Catering-12x12.webp 12w, https:\/\/www.yongyukitchenware.com\/wp-content\/uploads\/2024\/09\/Wholesale-Buffet-Chafing-Set-with-A-PC-Lid-For-Catering-600x600.webp 600w, https:\/\/www.yongyukitchenware.com\/wp-content\/uploads\/2024\/09\/Wholesale-Buffet-Chafing-Set-with-A-PC-Lid-For-Catering-100x100.webp 100w\" sizes=\"(max-width: 800px) 100vw, 800px\" \/><\/figure>\n<\/div>\n\n\n\n<div class=\"wp-block-column is-layout-flow wp-block-column-is-layout-flow\">\n<figure class=\"wp-block-image size-full\"><img decoding=\"async\" width=\"800\" height=\"800\" src=\"https:\/\/www.yongyukitchenware.com\/wp-content\/uploads\/2024\/09\/Wholesale-Buffet-Chafing-Set-with-A-PC-Lid-For-Catering-2.webp\" alt=\"Set de chafing pour buffet en gros avec couvercle en PC pour la restauration (2)\" class=\"wp-image-2874\" srcset=\"https:\/\/www.yongyukitchenware.com\/wp-content\/uploads\/2024\/09\/Wholesale-Buffet-Chafing-Set-with-A-PC-Lid-For-Catering-2.webp 800w, https:\/\/www.yongyukitchenware.com\/wp-content\/uploads\/2024\/09\/Wholesale-Buffet-Chafing-Set-with-A-PC-Lid-For-Catering-2-300x300.webp 300w, https:\/\/www.yongyukitchenware.com\/wp-content\/uploads\/2024\/09\/Wholesale-Buffet-Chafing-Set-with-A-PC-Lid-For-Catering-2-150x150.webp 150w, https:\/\/www.yongyukitchenware.com\/wp-content\/uploads\/2024\/09\/Wholesale-Buffet-Chafing-Set-with-A-PC-Lid-For-Catering-2-768x768.webp 768w, https:\/\/www.yongyukitchenware.com\/wp-content\/uploads\/2024\/09\/Wholesale-Buffet-Chafing-Set-with-A-PC-Lid-For-Catering-2-12x12.webp 12w, https:\/\/www.yongyukitchenware.com\/wp-content\/uploads\/2024\/09\/Wholesale-Buffet-Chafing-Set-with-A-PC-Lid-For-Catering-2-600x600.webp 600w, https:\/\/www.yongyukitchenware.com\/wp-content\/uploads\/2024\/09\/Wholesale-Buffet-Chafing-Set-with-A-PC-Lid-For-Catering-2-100x100.webp 100w\" sizes=\"(max-width: 800px) 100vw, 800px\" \/><\/figure>\n<\/div>\n<\/div>","protected":false},"excerpt":{"rendered":"<p>Notre set de chafing pour buffet en gros est \u00e9quip\u00e9 d'un couvercle en PC, qui est pratique pour observer et maintenir la temp\u00e9rature des aliments. Fabriqu\u00e9 en acier inoxydable de haute qualit\u00e9, il est robuste et durable. Il convient aux grands banquets, aux mariages et \u00e0 d'autres activit\u00e9s de restauration, et les achats en gros b\u00e9n\u00e9ficient de remises.<\/p>\n<h2><!-- wp:heading --><\/h2>\n<h2 class=\"wp-block-heading\">Buffet Chafing Set Attributs :<\/h2>\n<h2><!-- \/wp:heading --><\/p>\n<p><!-- wp:paragraph --><\/h2>\n<p><strong>Mat\u00e9riau : <\/strong>Acier inoxydable<br \/><strong>Couleur : <\/strong>Argent, or, couleur personnalis\u00e9e<br \/><strong>Forme : <\/strong>Rectangle<br \/><strong>Chaleur : <\/strong>Chauffage \u00e0 l'alcool et \u00e0 l'\u00e9lectricit\u00e9<br \/><strong>Bac de r\u00e9cup\u00e9ration : <\/strong>Grille simple\/double\/trois<br \/><strong>Emballage : <\/strong>Bo\u00eete \u00e0 couleurs, bo\u00eete principale<br \/><strong>OEM\/ODM : <\/strong>Disponible<\/p>\n<h2 class=\"wp-block-heading\">De Yongyu Chafing Dish Manufacturer :<\/h2>\n<p>Qu'il s'agisse d'un fournisseur de services de restauration, d'un h\u00f4tel ou d'un restaurant, ou d'une soci\u00e9t\u00e9 d'organisation d'\u00e9v\u00e9nements, nous fournissons des solutions compl\u00e8tes de fournitures de restauration en gros personnalis\u00e9es pour aider votre entreprise avec des prix d'usine de haute qualit\u00e9 !<\/p>\n<h2><!-- \/wp:paragraph --><\/h2>","protected":false},"featured_media":2874,"comment_status":"closed","ping_status":"closed","template":"","meta":{"_acf_changed":false},"application":[30],"product_brand":[],"product_cat":[33],"product_tag":[],"class_list":{"0":"post-1116","1":"product","2":"type-product","3":"status-publish","4":"has-post-thumbnail","6":"application-hotel-catering","7":"product_cat-chafing-dishes-wholesale","9":"first","10":"instock","11":"shipping-taxable","12":"product-type-simple"},"acf":[],"_links":{"self":[{"href":"https:\/\/www.yongyukitchenware.com\/fr\/wp-json\/wp\/v2\/product\/1116","targetHints":{"allow":["GET"]}}],"collection":[{"href":"https:\/\/www.yongyukitchenware.com\/fr\/wp-json\/wp\/v2\/product"}],"about":[{"href":"https:\/\/www.yongyukitchenware.com\/fr\/wp-json\/wp\/v2\/types\/product"}],"replies":[{"embeddable":true,"href":"https:\/\/www.yongyukitchenware.com\/fr\/wp-json\/wp\/v2\/comments?post=1116"}],"wp:featuredmedia":[{"embeddable":true,"href":"https:\/\/www.yongyukitchenware.com\/fr\/wp-json\/wp\/v2\/media\/2874"}],"wp:attachment":[{"href":"https:\/\/www.yongyukitchenware.com\/fr\/wp-json\/wp\/v2\/media?parent=1116"}],"wp:term":[{"taxonomy":"application","embeddable":true,"href":"https:\/\/www.yongyukitchenware.com\/fr\/wp-json\/wp\/v2\/application?post=1116"},{"taxonomy":"product_brand","embeddable":true,"href":"https:\/\/www.yongyukitchenware.com\/fr\/wp-json\/wp\/v2\/product_brand?post=1116"},{"taxonomy":"product_cat","embeddable":true,"href":"https:\/\/www.yongyukitchenware.com\/fr\/wp-json\/wp\/v2\/product_cat?post=1116"},{"taxonomy":"product_tag","embeddable":true,"href":"https:\/\/www.yongyukitchenware.com\/fr\/wp-json\/wp\/v2\/product_tag?post=1116"}],"curies":[{"name":"wp","href":"https:\/\/api.w.org\/{rel}","templated":true}]}}