{"id":1121,"date":"2024-09-28T19:53:26","date_gmt":"2024-09-28T19:53:26","guid":{"rendered":"https:\/\/www.yongyukitchenware.com\/?post_type=product&#038;p=1121"},"modified":"2025-07-10T10:17:56","modified_gmt":"2025-07-10T10:17:56","slug":"cocktail-shaker-custom","status":"publish","type":"product","link":"https:\/\/www.yongyukitchenware.com\/fr\/produit\/cocktail-shaker-custom\/","title":{"rendered":"Wholesale Cocktail Shaker Acier inoxydable avec couvercle"},"content":{"rendered":"<div class=\"wp-block-columns is-layout-flex wp-container-core-columns-is-layout-9d6595d7 wp-block-columns-is-layout-flex\">\n<div class=\"wp-block-column is-layout-flow wp-block-column-is-layout-flow\">\n<h2 class=\"wp-block-heading\">Shaker \u00e0 cocktail Caract\u00e9ristiques :<\/h2>\n\n\n\n<p><strong>Acier inoxydable de haute qualit\u00e9 : <\/strong>Mat\u00e9riau en acier inoxydable de qualit\u00e9 alimentaire, pour garantir que le m\u00e9langeur est durable, qu'il n'est pas facile \u00e0 endommager et qu'il a une longue dur\u00e9e de vie.<br><strong>Plusieurs tailles disponibles :<\/strong> 250ml, 350ml, 550ml, 750ml, pour r\u00e9pondre aux diff\u00e9rentes sc\u00e8nes et besoins de la maison et du bar.<br><strong>Multifonctionnalit\u00e9 :<\/strong> un ensemble de m\u00e9langeurs peut compl\u00e9ter une vari\u00e9t\u00e9 de cocktails qui sont peu encombrants et faciles \u00e0 transporter.<br><strong>Conception segment\u00e9e : <\/strong>corps de la bouteille + bouchon avec filtre + bouchon, amovible, con\u00e7u pour les barmen, ergonomique, confortable \u00e0 tenir, facile \u00e0 utiliser.<br><strong>Personnalisation :<\/strong> Les shakers personnalis\u00e9s peuvent r\u00e9pondre aux besoins des clients, tels que la gravure, les motifs d'impression, etc.<\/p>\n<\/div>\n\n\n\n<div class=\"wp-block-column is-layout-flow wp-block-column-is-layout-flow\">\n<div class=\"wp-block-columns is-layout-flex wp-container-core-columns-is-layout-9d6595d7 wp-block-columns-is-layout-flex\">\n<div class=\"wp-block-column is-layout-flow wp-block-column-is-layout-flow\">\n<figure class=\"wp-block-image size-full\"><img decoding=\"async\" width=\"800\" height=\"800\" src=\"https:\/\/www.yongyukitchenware.com\/wp-content\/uploads\/2024\/09\/Custom-Cocktail-Shaker-3.webp\" alt=\"Shaker \u00e0 cocktails sur mesure (3)\" class=\"wp-image-1132\" srcset=\"https:\/\/www.yongyukitchenware.com\/wp-content\/uploads\/2024\/09\/Custom-Cocktail-Shaker-3.webp 800w, https:\/\/www.yongyukitchenware.com\/wp-content\/uploads\/2024\/09\/Custom-Cocktail-Shaker-3-300x300.webp 300w, https:\/\/www.yongyukitchenware.com\/wp-content\/uploads\/2024\/09\/Custom-Cocktail-Shaker-3-150x150.webp 150w, https:\/\/www.yongyukitchenware.com\/wp-content\/uploads\/2024\/09\/Custom-Cocktail-Shaker-3-768x768.webp 768w, https:\/\/www.yongyukitchenware.com\/wp-content\/uploads\/2024\/09\/Custom-Cocktail-Shaker-3-600x600.webp 600w, https:\/\/www.yongyukitchenware.com\/wp-content\/uploads\/2024\/09\/Custom-Cocktail-Shaker-3-100x100.webp 100w\" sizes=\"(max-width: 800px) 100vw, 800px\" \/><\/figure>\n<\/div>\n\n\n\n<div class=\"wp-block-column is-layout-flow wp-block-column-is-layout-flow\">\n<figure class=\"wp-block-image size-full\"><img decoding=\"async\" width=\"1001\" height=\"1001\" src=\"https:\/\/www.yongyukitchenware.com\/wp-content\/uploads\/2024\/09\/Custom-Cocktail-Shaker-5.webp\" alt=\"Cocktail-Shaker sur mesure (5)\" class=\"wp-image-1133\" srcset=\"https:\/\/www.yongyukitchenware.com\/wp-content\/uploads\/2024\/09\/Custom-Cocktail-Shaker-5.webp 1001w, https:\/\/www.yongyukitchenware.com\/wp-content\/uploads\/2024\/09\/Custom-Cocktail-Shaker-5-300x300.webp 300w, https:\/\/www.yongyukitchenware.com\/wp-content\/uploads\/2024\/09\/Custom-Cocktail-Shaker-5-150x150.webp 150w, https:\/\/www.yongyukitchenware.com\/wp-content\/uploads\/2024\/09\/Custom-Cocktail-Shaker-5-768x768.webp 768w, https:\/\/www.yongyukitchenware.com\/wp-content\/uploads\/2024\/09\/Custom-Cocktail-Shaker-5-600x600.webp 600w, https:\/\/www.yongyukitchenware.com\/wp-content\/uploads\/2024\/09\/Custom-Cocktail-Shaker-5-100x100.webp 100w\" sizes=\"(max-width: 1001px) 100vw, 1001px\" \/><\/figure>\n<\/div>\n<\/div>\n<\/div>\n<\/div>\n\n\n\n<p><\/p>","protected":false},"excerpt":{"rendered":"<p>Shaker \u00e0 cocktail en acier inoxydable avec couvercle et diff\u00e9rentes tailles, adapt\u00e9 aux bars. Vente directe \u00e0 l'usine, possibilit\u00e9 de personnaliser le logo et l'emballage, cr\u00e9ation d'une marque influente.<\/p>\n<h2>Shaker \u00e0 cocktail Param\u00e8tre :<\/h2>\n<p><strong>Mat\u00e9riau :<\/strong> Acier inoxydable<br \/><strong>Composants :<\/strong> corps de bouteille, bouchon de bouteille avec filtre, bouchon de bouteille<br \/><strong>Diff\u00e9rentes tailles :<\/strong> 250ml, 350ml, 550ml, 750ml<br \/><strong>Emballage :<\/strong> Sacs\/Bulk\/Cartons ou sur mesure<br \/><strong>OEM\/ODM :<\/strong> Disponible<\/p>\n<h2 class=\"wp-block-heading\">Du grossiste Yongyu Catering Supplies :<\/h2>\n<p>En tant que meilleur fabricant d'articles de restauration en Chine, nous sommes sp\u00e9cialis\u00e9s dans les articles de bar de haute qualit\u00e9, sur mesure et en gros. Nous avons 25 ans d'exp\u00e9rience professionnelle pour nous assurer que les clients obtiennent les produits les plus avanc\u00e9s et les services les plus efficaces.<\/p>","protected":false},"featured_media":3451,"comment_status":"closed","ping_status":"closed","template":"","meta":{"_acf_changed":false},"application":[30],"product_brand":[],"product_cat":[16],"product_tag":[],"class_list":{"0":"post-1121","1":"product","2":"type-product","3":"status-publish","4":"has-post-thumbnail","6":"application-hotel-catering","7":"product_cat-barware-wholesale-custom","9":"first","10":"instock","11":"shipping-taxable","12":"product-type-simple"},"acf":[],"_links":{"self":[{"href":"https:\/\/www.yongyukitchenware.com\/fr\/wp-json\/wp\/v2\/product\/1121","targetHints":{"allow":["GET"]}}],"collection":[{"href":"https:\/\/www.yongyukitchenware.com\/fr\/wp-json\/wp\/v2\/product"}],"about":[{"href":"https:\/\/www.yongyukitchenware.com\/fr\/wp-json\/wp\/v2\/types\/product"}],"replies":[{"embeddable":true,"href":"https:\/\/www.yongyukitchenware.com\/fr\/wp-json\/wp\/v2\/comments?post=1121"}],"wp:featuredmedia":[{"embeddable":true,"href":"https:\/\/www.yongyukitchenware.com\/fr\/wp-json\/wp\/v2\/media\/3451"}],"wp:attachment":[{"href":"https:\/\/www.yongyukitchenware.com\/fr\/wp-json\/wp\/v2\/media?parent=1121"}],"wp:term":[{"taxonomy":"application","embeddable":true,"href":"https:\/\/www.yongyukitchenware.com\/fr\/wp-json\/wp\/v2\/application?post=1121"},{"taxonomy":"product_brand","embeddable":true,"href":"https:\/\/www.yongyukitchenware.com\/fr\/wp-json\/wp\/v2\/product_brand?post=1121"},{"taxonomy":"product_cat","embeddable":true,"href":"https:\/\/www.yongyukitchenware.com\/fr\/wp-json\/wp\/v2\/product_cat?post=1121"},{"taxonomy":"product_tag","embeddable":true,"href":"https:\/\/www.yongyukitchenware.com\/fr\/wp-json\/wp\/v2\/product_tag?post=1121"}],"curies":[{"name":"wp","href":"https:\/\/api.w.org\/{rel}","templated":true}]}}