{"id":1122,"date":"2024-09-28T18:04:05","date_gmt":"2024-09-28T18:04:05","guid":{"rendered":"https:\/\/www.yongyukitchenware.com\/?post_type=product&#038;p=1122"},"modified":"2025-06-26T02:52:56","modified_gmt":"2025-06-26T02:52:56","slug":"hot-container-for-food-wholesale","status":"publish","type":"product","link":"https:\/\/www.yongyukitchenware.com\/fr\/produit\/hot-container-for-food-wholesale\/","title":{"rendered":"R\u00e9cipient en gros pour aliments chauds en acier inoxydable multicouches"},"content":{"rendered":"<div class=\"wp-block-columns is-layout-flex wp-container-core-columns-is-layout-9d6595d7 wp-block-columns-is-layout-flex\">\n<div class=\"wp-block-column is-layout-flow wp-block-column-is-layout-flow\">\n<h2 class=\"wp-block-heading\">Caract\u00e9ristiques du r\u00e9cipient chaud pour aliments :<\/h2>\n\n\n\n<p><strong>Mat\u00e9riau en acier inoxydable de haute qualit\u00e9 : <\/strong>Acier inoxydable 304 de qualit\u00e9 alimentaire, r\u00e9sistant \u00e0 la corrosion et \u00e0 l'oxydation<br><strong>La multi-sp\u00e9cification est<\/strong> <strong>facultatif :<\/strong> Les couleurs argent, noir, orange, rouge et bleu peuvent \u00eatre s\u00e9lectionn\u00e9es, et les capacit\u00e9s sont de 1,5L, 2,3L et 2,8L, pour r\u00e9pondre \u00e0 diff\u00e9rents besoins.<br><strong>Processus d'isolation multicouche\uff1a<\/strong> Doublure sous vide \u00e0 haute temp\u00e9rature, scellage couche par couche, isolation \u00e0 long terme.<br><strong>Vaisselle pliante int\u00e9gr\u00e9e : <\/strong>Vaisselle en acier inoxydable 304, rangement pliant ne prenant pas de place.<br><strong>Bandouli\u00e8re amovible :<\/strong> La bandouli\u00e8re de notre bo\u00eete \u00e0 lunch en gros peut \u00eatre d\u00e9tach\u00e9e et t\u00e9lescopique, ce qui la rend facile \u00e0 transporter.<\/p>\n\n\n\n<div class=\"wp-block-group is-vertical is-layout-flex wp-container-core-group-is-layout-8cf370e7 wp-block-group-is-layout-flex\">\n<h2 class=\"wp-block-heading\">Taille du r\u00e9cipient chaud pour les aliments :<\/h2>\n\n\n\n<figure class=\"wp-block-table\"><table class=\"has-fixed-layout\"><tbody><tr><td>Mod\u00e8le<\/td><td>Couche<\/td><td>Taille<\/td><td>Diam\u00e8tre* Hauteur (cm)<\/td><td>MOQ<\/td><\/tr><tr><td rowspan=\"3\">DY055-FH<\/td><td>2<\/td><td>1.5L<\/td><td>15*18cm<\/td><td rowspan=\"3\">16PCS<\/td><\/tr><tr><td>3<\/td><td>2.3L<\/td><td>15.5*25cm<\/td><\/tr><tr><td>4<\/td><td>2.8L<\/td><td>15.5*29cm<\/td><\/tr><\/tbody><\/table><\/figure>\n<\/div>\n<\/div>\n\n\n\n<div class=\"wp-block-column is-layout-flow wp-block-column-is-layout-flow\">\n<div class=\"wp-block-columns is-layout-flex wp-container-core-columns-is-layout-9d6595d7 wp-block-columns-is-layout-flex\">\n<div class=\"wp-block-column is-layout-flow wp-block-column-is-layout-flow\"><\/div>\n<\/div>\n\n\n\n<div class=\"wp-block-columns is-layout-flex wp-container-core-columns-is-layout-9d6595d7 wp-block-columns-is-layout-flex\">\n<div class=\"wp-block-column is-layout-flow wp-block-column-is-layout-flow\">\n<figure class=\"wp-block-image size-full is-resized\"><img decoding=\"async\" width=\"800\" height=\"800\" src=\"https:\/\/www.yongyukitchenware.com\/wp-content\/uploads\/2024\/09\/Wholesale-Lunch-Box-6.webp\" alt=\"Bo\u00eete \u00e0 lunch en gros 6\" class=\"wp-image-1130\" style=\"width:461px;height:auto\" srcset=\"https:\/\/www.yongyukitchenware.com\/wp-content\/uploads\/2024\/09\/Wholesale-Lunch-Box-6.webp 800w, https:\/\/www.yongyukitchenware.com\/wp-content\/uploads\/2024\/09\/Wholesale-Lunch-Box-6-300x300.webp 300w, https:\/\/www.yongyukitchenware.com\/wp-content\/uploads\/2024\/09\/Wholesale-Lunch-Box-6-150x150.webp 150w, https:\/\/www.yongyukitchenware.com\/wp-content\/uploads\/2024\/09\/Wholesale-Lunch-Box-6-768x768.webp 768w, https:\/\/www.yongyukitchenware.com\/wp-content\/uploads\/2024\/09\/Wholesale-Lunch-Box-6-600x600.webp 600w, https:\/\/www.yongyukitchenware.com\/wp-content\/uploads\/2024\/09\/Wholesale-Lunch-Box-6-100x100.webp 100w\" sizes=\"(max-width: 800px) 100vw, 800px\" \/><\/figure>\n<\/div>\n<\/div>\n<\/div>\n<\/div>\n\n\n\n<p><\/p>","protected":false},"excerpt":{"rendered":"<p>R\u00e9cipient en acier inoxydable pour aliments, couvercle \u00e9tanche multicouche, isolation sous vide de longue dur\u00e9e, c'est la meilleure solution de bo\u00eete \u00e0 lunch isol\u00e9e en vrac. Contactez Yongyu pour obtenir rapidement des produits \u00e0 prix d'usine !<\/p>\n<h2 style=\"text-align: left\">Param\u00e8tres des conteneurs chauds pour aliments :<\/h2>\n<p style=\"text-align: left\"><strong>Mat\u00e9riau :<\/strong> Acier inoxydable<br \/><strong>Couleur :<\/strong> Argent, noir, orange, rouge et bleu<br \/><strong>Diff\u00e9rentes tailles :<\/strong> 1.5L, 2.3L et 2.8L<br \/><strong>Emballage : <\/strong>Bo\u00eete de couleur, bo\u00eete principale ou sur mesure<br \/><strong>OEM\/ODM :<\/strong> Disponible<\/p>\n<h2 class=\"wp-block-heading\">Fabricant de r\u00e9cipients de stockage d'aliments :<\/h2>\n<p>Fond\u00e9e en 1996, la soci\u00e9t\u00e9 Yongyu est sp\u00e9cialis\u00e9e dans la production et la vente en gros de r\u00e9cipients de conservation en acier inoxydable, d'ustensiles de cuisine, d'articles de restauration, d'articles m\u00e9nagers et d'\u00e9quipements de cuisine pour le camping. Elle propose \u00e0 ses clients des services OEM et ODM ainsi que des services d'approvisionnement en ligne.<\/p>","protected":false},"featured_media":1126,"comment_status":"closed","ping_status":"closed","template":"","meta":{"_acf_changed":false},"application":[31],"product_brand":[],"product_cat":[19],"product_tag":[43],"class_list":{"0":"post-1122","1":"product","2":"type-product","3":"status-publish","4":"has-post-thumbnail","6":"application-champ-kitchen","7":"product_cat-food-storage-container-bulk-custom","8":"product_tag-recommend","10":"first","11":"instock","12":"shipping-taxable","13":"product-type-simple"},"acf":[],"_links":{"self":[{"href":"https:\/\/www.yongyukitchenware.com\/fr\/wp-json\/wp\/v2\/product\/1122","targetHints":{"allow":["GET"]}}],"collection":[{"href":"https:\/\/www.yongyukitchenware.com\/fr\/wp-json\/wp\/v2\/product"}],"about":[{"href":"https:\/\/www.yongyukitchenware.com\/fr\/wp-json\/wp\/v2\/types\/product"}],"replies":[{"embeddable":true,"href":"https:\/\/www.yongyukitchenware.com\/fr\/wp-json\/wp\/v2\/comments?post=1122"}],"wp:featuredmedia":[{"embeddable":true,"href":"https:\/\/www.yongyukitchenware.com\/fr\/wp-json\/wp\/v2\/media\/1126"}],"wp:attachment":[{"href":"https:\/\/www.yongyukitchenware.com\/fr\/wp-json\/wp\/v2\/media?parent=1122"}],"wp:term":[{"taxonomy":"application","embeddable":true,"href":"https:\/\/www.yongyukitchenware.com\/fr\/wp-json\/wp\/v2\/application?post=1122"},{"taxonomy":"product_brand","embeddable":true,"href":"https:\/\/www.yongyukitchenware.com\/fr\/wp-json\/wp\/v2\/product_brand?post=1122"},{"taxonomy":"product_cat","embeddable":true,"href":"https:\/\/www.yongyukitchenware.com\/fr\/wp-json\/wp\/v2\/product_cat?post=1122"},{"taxonomy":"product_tag","embeddable":true,"href":"https:\/\/www.yongyukitchenware.com\/fr\/wp-json\/wp\/v2\/product_tag?post=1122"}],"curies":[{"name":"wp","href":"https:\/\/api.w.org\/{rel}","templated":true}]}}