{"id":1165,"date":"2024-09-29T16:40:25","date_gmt":"2024-09-29T16:40:25","guid":{"rendered":"https:\/\/www.yongyukitchenware.com\/?post_type=product&#038;p=1165"},"modified":"2024-09-29T16:42:53","modified_gmt":"2024-09-29T16:42:53","slug":"camping-cups-wholesale","status":"publish","type":"product","link":"https:\/\/www.yongyukitchenware.com\/fr\/produit\/camping-cups-wholesale\/","title":{"rendered":"Wholesale Camping Cups Stainless Steel Portable Travel Mugs (Tasses de camping en acier inoxydable)"},"content":{"rendered":"<div class=\"wp-block-columns is-layout-flex wp-container-core-columns-is-layout-9d6595d7 wp-block-columns-is-layout-flex\">\n<div class=\"wp-block-column is-layout-flow wp-block-column-is-layout-flow\">\n<h2 class=\"wp-block-heading\">Tasses de camping Caract\u00e9ristiques :<\/h2>\n\n\n\n<p><strong>Mat\u00e9riau en acier inoxydable de haute qualit\u00e9 :<\/strong> Acier inoxydable 304 de qualit\u00e9 alimentaire, r\u00e9sistant \u00e0 la corrosion et \u00e0 l'oxydation.<\/p>\n\n\n\n<p><strong>Trois styles de poign\u00e9es sont disponibles :<\/strong> Poign\u00e9e en forme de D, poign\u00e9e pliable et sans poign\u00e9e.<\/p>\n\n\n\n<p><strong>Il existe une vari\u00e9t\u00e9 de sp\u00e9cifications : <\/strong>Les couleurs sont l'argent, le noir, l'orange et le jaune, le porte-gobelet a trois jeux, six jeux.<\/p>\n\n\n\n<p><strong>Conception \u00e0 bords roulants :<\/strong> Le bord de la tasse est roul\u00e9 et lisse, il ne blesse pas la bouche et peut \u00eatre bu sans danger.<\/p>\n\n\n\n<p><strong>Stockage facile :<\/strong> Le gobelet peut \u00eatre superpos\u00e9, il ne prend pas de place.<\/p>\n<\/div>\n\n\n\n<div class=\"wp-block-column is-layout-flow wp-block-column-is-layout-flow\"><div class=\"wp-block-image\">\n<figure class=\"aligncenter size-full is-resized\"><img decoding=\"async\" width=\"800\" height=\"800\" src=\"https:\/\/www.yongyukitchenware.com\/wp-content\/uploads\/2024\/09\/Wholesale-Camping-Cups-3.webp\" alt=\"Tasses de camping en gros 3\" class=\"wp-image-1177\" style=\"width:406px;height:auto\" srcset=\"https:\/\/www.yongyukitchenware.com\/wp-content\/uploads\/2024\/09\/Wholesale-Camping-Cups-3.webp 800w, https:\/\/www.yongyukitchenware.com\/wp-content\/uploads\/2024\/09\/Wholesale-Camping-Cups-3-300x300.webp 300w, https:\/\/www.yongyukitchenware.com\/wp-content\/uploads\/2024\/09\/Wholesale-Camping-Cups-3-150x150.webp 150w, https:\/\/www.yongyukitchenware.com\/wp-content\/uploads\/2024\/09\/Wholesale-Camping-Cups-3-768x768.webp 768w, https:\/\/www.yongyukitchenware.com\/wp-content\/uploads\/2024\/09\/Wholesale-Camping-Cups-3-600x600.webp 600w, https:\/\/www.yongyukitchenware.com\/wp-content\/uploads\/2024\/09\/Wholesale-Camping-Cups-3-100x100.webp 100w\" sizes=\"(max-width: 800px) 100vw, 800px\" \/><\/figure>\n<\/div><\/div>\n<\/div>\n\n\n\n<p><\/p>","protected":false},"excerpt":{"rendered":"<p>Nos tasses de camping en gros sont fabriqu\u00e9es en acier inoxydable de qualit\u00e9 alimentaire, r\u00e9sistant \u00e0 la corrosion et \u00e0 l'oxydation. Ils sont disponibles en trois options : Poign\u00e9e en forme de D, poign\u00e9e pliante et sans poign\u00e9e, avec une vari\u00e9t\u00e9 de couleurs et de sp\u00e9cifications. Le bord roul\u00e9 est s\u00fbr et ne blesse pas la bouche. Les tasses peuvent \u00eatre empil\u00e9es pour le stockage, ce qui est facile \u00e0 transporter et permet d'\u00e9conomiser de l'espace.<\/p>\n<h2 style=\"text-align: left;\">Tasses de camping Param\u00e8tre :<\/h2>\n<p style=\"text-align: left;\"><strong>Mat\u00e9riau :<\/strong> Acier inoxydable<br \/><strong>Couleur :<\/strong> Argent, noir, orange, jaune Couleur<br \/><strong>Capacit\u00e9 :<\/strong> 290 ml\u00a0<br \/><strong>Diam\u00e8tre * Hauteur (cm)<\/strong>\uff1a7.6*8.5 cm<br \/><strong>Emballage :<\/strong> Sac d'opposition et bo\u00eete en carton<br \/><strong>OEM\/ODM :<\/strong> Disponible \u00a0<\/p>\n<p>&nbsp;<\/p>\n<h2 class=\"wp-block-heading\">De Camping Kitchen Essentials Fabricant :<\/h2>\n<p>Yongyu est un fabricant professionnel d'articles de cuisine de camping, nos produits couvrent toutes sortes d'articles de cuisine de camping en acier inoxydable, tels que les ustensiles de cuisine de camping, les ensembles de vaisselle de camping, etc.<\/p>","protected":false},"featured_media":1176,"comment_status":"closed","ping_status":"closed","template":"","meta":{"_acf_changed":false},"application":[31],"product_brand":[],"product_cat":[18],"product_tag":[],"class_list":{"0":"post-1165","1":"product","2":"type-product","3":"status-publish","4":"has-post-thumbnail","6":"application-champ-kitchen","7":"product_cat-camping-kitchen-essentials-wholesale","9":"first","10":"instock","11":"shipping-taxable","12":"product-type-simple"},"acf":[],"_links":{"self":[{"href":"https:\/\/www.yongyukitchenware.com\/fr\/wp-json\/wp\/v2\/product\/1165","targetHints":{"allow":["GET"]}}],"collection":[{"href":"https:\/\/www.yongyukitchenware.com\/fr\/wp-json\/wp\/v2\/product"}],"about":[{"href":"https:\/\/www.yongyukitchenware.com\/fr\/wp-json\/wp\/v2\/types\/product"}],"replies":[{"embeddable":true,"href":"https:\/\/www.yongyukitchenware.com\/fr\/wp-json\/wp\/v2\/comments?post=1165"}],"wp:featuredmedia":[{"embeddable":true,"href":"https:\/\/www.yongyukitchenware.com\/fr\/wp-json\/wp\/v2\/media\/1176"}],"wp:attachment":[{"href":"https:\/\/www.yongyukitchenware.com\/fr\/wp-json\/wp\/v2\/media?parent=1165"}],"wp:term":[{"taxonomy":"application","embeddable":true,"href":"https:\/\/www.yongyukitchenware.com\/fr\/wp-json\/wp\/v2\/application?post=1165"},{"taxonomy":"product_brand","embeddable":true,"href":"https:\/\/www.yongyukitchenware.com\/fr\/wp-json\/wp\/v2\/product_brand?post=1165"},{"taxonomy":"product_cat","embeddable":true,"href":"https:\/\/www.yongyukitchenware.com\/fr\/wp-json\/wp\/v2\/product_cat?post=1165"},{"taxonomy":"product_tag","embeddable":true,"href":"https:\/\/www.yongyukitchenware.com\/fr\/wp-json\/wp\/v2\/product_tag?post=1165"}],"curies":[{"name":"wp","href":"https:\/\/api.w.org\/{rel}","templated":true}]}}