{"id":1181,"date":"2024-09-29T16:58:49","date_gmt":"2024-09-29T16:58:49","guid":{"rendered":"https:\/\/www.yongyukitchenware.com\/?post_type=product&#038;p=1181"},"modified":"2025-06-26T03:04:35","modified_gmt":"2025-06-26T03:04:35","slug":"windproof-ashtray-custom","status":"publish","type":"product","link":"https:\/\/www.yongyukitchenware.com\/fr\/produit\/windproof-ashtray-custom\/","title":{"rendered":"Cendrier en acier inoxydable r\u00e9sistant au vent pour pr\u00e9venir les cendres volantes"},"content":{"rendered":"<div class=\"wp-block-columns is-layout-flex wp-container-core-columns-is-layout-9d6595d7 wp-block-columns-is-layout-flex\">\n<div class=\"wp-block-column is-layout-flow wp-block-column-is-layout-flow\">\n<h2 class=\"wp-block-heading\">Cendrier coupe-vent Caract\u00e9ristiques :<\/h2>\n\n\n\n<p><strong>Acier inoxydable de haute qualit\u00e9 :<\/strong> Cendrier en acier inoxydable durable, r\u00e9sistant \u00e0 la corrosion, inodore, garantissant une utilisation \u00e0 long terme.<br><strong>Diversifi\u00e9 :<\/strong> les couleurs peuvent \u00eatre personnalis\u00e9es en fonction des besoins, la taille du petit, du grand et du super grand est optionnelle, ce qui permet de l'adapter \u00e0 diff\u00e9rentes sc\u00e8nes<br><strong>Cendrier personnalis\u00e9 :<\/strong> coupe-vent sur\u00e9lev\u00e9, trois rainures en forme de U sur le bord du cendrier, pratique pour placer les cigarettes sans qu'elles ne tombent, et l'int\u00e9rieur a un design en forme de colonne, qui permet de gratter la cendre sur les cigarettes<br><strong>Facile \u00e0 nettoyer : <\/strong>la surface et les bords du cendrier personnalis\u00e9 sont polis, lisses et plats, s\u00fbrs, rapides \u00e0 nettoyer et hygi\u00e9niques.<br><strong>Options de personnalisation : <\/strong>Possibilit\u00e9 d'imprimer divers motifs de texte, tels que le nom de l'entreprise, le logo, la peinture de paysage, etc.<\/p>\n\n\n\n<h2 class=\"wp-block-heading\">Cendrier coupe-vent Taille :<\/h2>\n\n\n\n<figure class=\"wp-block-table\"><table class=\"has-fixed-layout\"><tbody><tr><td>Mod\u00e8le<\/td><td>Taille<\/td><td>Diam\u00e8tre * Hauteur (cm)<\/td><td>MOQ<\/td><\/tr><tr><td rowspan=\"3\">DY007-Z<\/td><td>Petit<\/td><td>8*7cm<\/td><td rowspan=\"3\">60PCS<\/td><\/tr><tr><td>Grandes dimensions<\/td><td>10.2*9.6cm<\/td><\/tr><tr><td>Tr\u00e8s grand<\/td><td>11.8*12cm<\/td><\/tr><\/tbody><\/table><\/figure>\n<\/div>\n\n\n\n<div class=\"wp-block-column is-layout-flow wp-block-column-is-layout-flow\">\n<div class=\"wp-block-columns is-layout-flex wp-container-core-columns-is-layout-9d6595d7 wp-block-columns-is-layout-flex\">\n<div class=\"wp-block-column is-layout-flow wp-block-column-is-layout-flow\">\n<figure class=\"wp-block-image size-full\"><img decoding=\"async\" width=\"800\" height=\"800\" src=\"https:\/\/www.yongyukitchenware.com\/wp-content\/uploads\/2024\/09\/factory-ashtray-custom-4.webp\" alt=\"factory-ashtray-custom (4)\" class=\"wp-image-1196\" srcset=\"https:\/\/www.yongyukitchenware.com\/wp-content\/uploads\/2024\/09\/factory-ashtray-custom-4.webp 800w, https:\/\/www.yongyukitchenware.com\/wp-content\/uploads\/2024\/09\/factory-ashtray-custom-4-300x300.webp 300w, https:\/\/www.yongyukitchenware.com\/wp-content\/uploads\/2024\/09\/factory-ashtray-custom-4-150x150.webp 150w, https:\/\/www.yongyukitchenware.com\/wp-content\/uploads\/2024\/09\/factory-ashtray-custom-4-768x768.webp 768w, https:\/\/www.yongyukitchenware.com\/wp-content\/uploads\/2024\/09\/factory-ashtray-custom-4-600x600.webp 600w, https:\/\/www.yongyukitchenware.com\/wp-content\/uploads\/2024\/09\/factory-ashtray-custom-4-100x100.webp 100w\" sizes=\"(max-width: 800px) 100vw, 800px\" \/><\/figure>\n<\/div>\n<\/div>\n<\/div>\n<\/div>\n\n\n\n<p><\/p>","protected":false},"excerpt":{"rendered":"<p>L'usine de Yongyu fournit le cendrier sur mesure en acier inoxydable r\u00e9sistant au vent et \u00e0 la cendre, au design unique, convenant \u00e0 une utilisation int\u00e9rieure et ext\u00e9rieure dans de nombreuses occasions. Diff\u00e9rentes tailles et diff\u00e9rents styles peuvent \u00eatre personnalis\u00e9s pour r\u00e9pondre aux besoins individuels.<\/p>\n<h2>Cendrier coupe-vent Param\u00e8tre :<\/h2>\n<p><strong>Mat\u00e9riau :<\/strong> acier inoxydable<br \/><strong>Couleur :<\/strong> argent, or, rouge, bleu, jaune, etc.<br \/><strong>Diff\u00e9rentes tailles :<\/strong> petit, grand et tr\u00e8s grand<br \/><strong>Design du cendrier :<\/strong> Design sur\u00e9lev\u00e9, cannel\u00e9 en forme de U et design en forme de colonne<br \/><strong>Emballage :<\/strong> sac\/volume\/carton ou sur mesure<br \/><strong>OEM\/ODM :<\/strong> En option<\/p>\n<h2 class=\"wp-block-heading\">De Yongyu Homeware Wholesaler :<\/h2>\n<p>Yongyu dispose d'une cha\u00eene d'approvisionnement fiable et efficace, personnalisant et vendant en gros des articles m\u00e9nagers en acier inoxydable de haute qualit\u00e9. Nos produits sont durables et abordables, et nous nous engageons \u00e0 r\u00e9pondre aux besoins commerciaux de nos clients.<\/p>","protected":false},"featured_media":1194,"comment_status":"closed","ping_status":"closed","template":"","meta":{"_acf_changed":true},"application":[29],"product_brand":[],"product_cat":[17],"product_tag":[43],"class_list":{"0":"post-1181","1":"product","2":"type-product","3":"status-publish","4":"has-post-thumbnail","6":"application-home-kitchen","7":"product_cat-homeware-wholesaler","8":"product_tag-recommend","10":"first","11":"instock","12":"shipping-taxable","13":"product-type-simple"},"acf":[],"_links":{"self":[{"href":"https:\/\/www.yongyukitchenware.com\/fr\/wp-json\/wp\/v2\/product\/1181","targetHints":{"allow":["GET"]}}],"collection":[{"href":"https:\/\/www.yongyukitchenware.com\/fr\/wp-json\/wp\/v2\/product"}],"about":[{"href":"https:\/\/www.yongyukitchenware.com\/fr\/wp-json\/wp\/v2\/types\/product"}],"replies":[{"embeddable":true,"href":"https:\/\/www.yongyukitchenware.com\/fr\/wp-json\/wp\/v2\/comments?post=1181"}],"wp:featuredmedia":[{"embeddable":true,"href":"https:\/\/www.yongyukitchenware.com\/fr\/wp-json\/wp\/v2\/media\/1194"}],"wp:attachment":[{"href":"https:\/\/www.yongyukitchenware.com\/fr\/wp-json\/wp\/v2\/media?parent=1181"}],"wp:term":[{"taxonomy":"application","embeddable":true,"href":"https:\/\/www.yongyukitchenware.com\/fr\/wp-json\/wp\/v2\/application?post=1181"},{"taxonomy":"product_brand","embeddable":true,"href":"https:\/\/www.yongyukitchenware.com\/fr\/wp-json\/wp\/v2\/product_brand?post=1181"},{"taxonomy":"product_cat","embeddable":true,"href":"https:\/\/www.yongyukitchenware.com\/fr\/wp-json\/wp\/v2\/product_cat?post=1181"},{"taxonomy":"product_tag","embeddable":true,"href":"https:\/\/www.yongyukitchenware.com\/fr\/wp-json\/wp\/v2\/product_tag?post=1181"}],"curies":[{"name":"wp","href":"https:\/\/api.w.org\/{rel}","templated":true}]}}