{"id":1273,"date":"2024-10-22T01:22:06","date_gmt":"2024-10-22T01:22:06","guid":{"rendered":"https:\/\/www.yongyukitchenware.com\/?post_type=product&#038;p=1273"},"modified":"2025-06-26T06:17:15","modified_gmt":"2025-06-26T06:17:15","slug":"stainless-steel-bucket-supplier","status":"publish","type":"product","link":"https:\/\/www.yongyukitchenware.com\/fr\/produit\/stainless-steel-bucket-supplier\/","title":{"rendered":"Seau en acier inoxydable en vrac 5-25QT avec poign\u00e9e Seau d'eau"},"content":{"rendered":"<div class=\"wp-block-columns is-layout-flex wp-container-core-columns-is-layout-9d6595d7 wp-block-columns-is-layout-flex\">\n<div class=\"wp-block-column is-layout-flow wp-block-column-is-layout-flow\">\n<h2 class=\"wp-block-heading\">Seau en acier inoxydable Caract\u00e9ristiques :<\/h2>\n\n\n\n<p><strong>Acier inoxydable de haute qualit\u00e9 : <\/strong>acier inoxydable de qualit\u00e9 alimentaire, avec une bonne r\u00e9sistance \u00e0 la corrosion et \u00e0 l'usure<br><strong>Poign\u00e9e \u00e9paisse : <\/strong>Poign\u00e9e \u00e9paisse, principe ergonomique, prise en main confortable, force portante \u00e9lev\u00e9e<br><strong>Stockage par empilage : <\/strong>les sp\u00e9cifications multiples peuvent \u00eatre empil\u00e9es, ce qui ne prend pas de place<br><strong>Fond plat \u00e9paissi :<\/strong> le fond est plus haut et plus \u00e9pais, il est plac\u00e9 fermement et n'ab\u00eeme pas le plan de travail<br><strong>Multifonctionnel : <\/strong>Les seaux en acier inoxydable sont largement utilis\u00e9s dans le secteur de la restauration et dans les cuisines domestiques, o\u00f9 ils constituent des r\u00e9cipients id\u00e9aux pour le stockage des ingr\u00e9dients ou de l'eau.<\/p>\n\n\n\n<h2 class=\"wp-block-heading\">Acier inoxydable Taille du seau :<\/h2>\n\n\n\n<figure class=\"wp-block-table\"><table class=\"has-fixed-layout\"><tbody><tr><td>Mod\u00e8le<\/td><td>Taille<\/td><td>Diam\u00e8tre * Hauteur (cm)<\/td><td>MOQ<\/td><\/tr><tr><td rowspan=\"9\">DY001-T<\/td><td>5L<\/td><td>22*19cm<\/td><td rowspan=\"9\">60PCS<\/td><\/tr><tr><td>6L<\/td><td>24*21cm<\/td><\/tr><tr><td>7L<\/td><td>26*22cm<\/td><\/tr><tr><td>8L<\/td><td>28*25.5cm<\/td><\/tr><tr><td>10L<\/td><td>30*26.5cm<\/td><\/tr><tr><td>12L<\/td><td>32*28cm<\/td><\/tr><tr><td>16L<\/td><td>34*30cm<\/td><\/tr><tr><td>20L<\/td><td>36*31.5cm<\/td><\/tr><tr><td>24L<\/td><td>38*33.5cm<\/td><\/tr><\/tbody><\/table><\/figure>\n<\/div>\n\n\n\n<div class=\"wp-block-column is-layout-flow wp-block-column-is-layout-flow\">\n<div class=\"wp-block-columns is-layout-flex wp-container-core-columns-is-layout-9d6595d7 wp-block-columns-is-layout-flex\">\n<div class=\"wp-block-column is-layout-flow wp-block-column-is-layout-flow\">\n<figure class=\"wp-block-image size-full\"><img decoding=\"async\" width=\"800\" height=\"800\" src=\"https:\/\/www.yongyukitchenware.com\/wp-content\/uploads\/2024\/09\/stainless-steel-bucket-supplier-6.webp\" alt=\"fournisseur de seaux en acier inoxydable (6)\" class=\"wp-image-1282\" srcset=\"https:\/\/www.yongyukitchenware.com\/wp-content\/uploads\/2024\/09\/stainless-steel-bucket-supplier-6.webp 800w, https:\/\/www.yongyukitchenware.com\/wp-content\/uploads\/2024\/09\/stainless-steel-bucket-supplier-6-300x300.webp 300w, https:\/\/www.yongyukitchenware.com\/wp-content\/uploads\/2024\/09\/stainless-steel-bucket-supplier-6-150x150.webp 150w, https:\/\/www.yongyukitchenware.com\/wp-content\/uploads\/2024\/09\/stainless-steel-bucket-supplier-6-768x768.webp 768w, https:\/\/www.yongyukitchenware.com\/wp-content\/uploads\/2024\/09\/stainless-steel-bucket-supplier-6-600x600.webp 600w, https:\/\/www.yongyukitchenware.com\/wp-content\/uploads\/2024\/09\/stainless-steel-bucket-supplier-6-100x100.webp 100w\" sizes=\"(max-width: 800px) 100vw, 800px\" \/><\/figure>\n\n\n\n<figure class=\"wp-block-image size-full\"><img decoding=\"async\" width=\"800\" height=\"800\" src=\"https:\/\/www.yongyukitchenware.com\/wp-content\/uploads\/2024\/09\/stainless-steel-bucket-supplier-1.webp\" alt=\"fournisseur de seaux en acier inoxydable (1)\" class=\"wp-image-1277\" srcset=\"https:\/\/www.yongyukitchenware.com\/wp-content\/uploads\/2024\/09\/stainless-steel-bucket-supplier-1.webp 800w, https:\/\/www.yongyukitchenware.com\/wp-content\/uploads\/2024\/09\/stainless-steel-bucket-supplier-1-300x300.webp 300w, https:\/\/www.yongyukitchenware.com\/wp-content\/uploads\/2024\/09\/stainless-steel-bucket-supplier-1-150x150.webp 150w, https:\/\/www.yongyukitchenware.com\/wp-content\/uploads\/2024\/09\/stainless-steel-bucket-supplier-1-768x768.webp 768w, https:\/\/www.yongyukitchenware.com\/wp-content\/uploads\/2024\/09\/stainless-steel-bucket-supplier-1-600x600.webp 600w, https:\/\/www.yongyukitchenware.com\/wp-content\/uploads\/2024\/09\/stainless-steel-bucket-supplier-1-100x100.webp 100w\" sizes=\"(max-width: 800px) 100vw, 800px\" \/><\/figure>\n<\/div>\n<\/div>\n\n\n\n<div class=\"wp-block-columns is-layout-flex wp-container-core-columns-is-layout-9d6595d7 wp-block-columns-is-layout-flex\">\n<div class=\"wp-block-column is-layout-flow wp-block-column-is-layout-flow\"><\/div>\n<\/div>\n<\/div>\n<\/div>\n\n\n\n<p><\/p>","protected":false},"excerpt":{"rendered":"<p>Yongyu est un fournisseur fiable de seaux en acier inoxydable, nos seaux domestiques et commerciaux ont une construction durable et des poign\u00e9es robustes, et nous soutenons les ventes sur Amazon !<\/p>\n<h2>Seau en acier inoxydable Param\u00e8tre :<\/h2>\n<p><strong>Mat\u00e9riau :<\/strong> acier inoxydable<br \/><strong>Conception de la poign\u00e9e :<\/strong> poign\u00e9e \u00e9paisse<br \/><strong>Diff\u00e9rentes tailles :<\/strong> Tailles 5-24L disponibles<br \/><strong>Conception du godet :<\/strong> processus de polissage miroir et fond plat \u00e9paissi<br \/><strong>Emballage :<\/strong> sac\/volume\/carton ou sur mesure<br \/><strong>OEM\/ODM :<\/strong> facultatif<\/p>\n<h2 class=\"wp-block-heading\">De Yongyu Homeware Wholesaler :<\/h2>\n<p>Yongyu dispose d'une cha\u00eene d'approvisionnement fiable et efficace, personnalisant et vendant en gros des articles m\u00e9nagers en acier inoxydable de haute qualit\u00e9. Nos produits sont durables et abordables, et nous nous engageons \u00e0 r\u00e9pondre aux besoins commerciaux de nos clients.<\/p>","protected":false},"featured_media":2835,"comment_status":"closed","ping_status":"closed","template":"","meta":{"_acf_changed":false},"application":[29],"product_brand":[],"product_cat":[17],"product_tag":[],"class_list":{"0":"post-1273","1":"product","2":"type-product","3":"status-publish","4":"has-post-thumbnail","6":"application-home-kitchen","7":"product_cat-homeware-wholesaler","9":"first","10":"instock","11":"shipping-taxable","12":"product-type-simple"},"acf":[],"_links":{"self":[{"href":"https:\/\/www.yongyukitchenware.com\/fr\/wp-json\/wp\/v2\/product\/1273","targetHints":{"allow":["GET"]}}],"collection":[{"href":"https:\/\/www.yongyukitchenware.com\/fr\/wp-json\/wp\/v2\/product"}],"about":[{"href":"https:\/\/www.yongyukitchenware.com\/fr\/wp-json\/wp\/v2\/types\/product"}],"replies":[{"embeddable":true,"href":"https:\/\/www.yongyukitchenware.com\/fr\/wp-json\/wp\/v2\/comments?post=1273"}],"wp:featuredmedia":[{"embeddable":true,"href":"https:\/\/www.yongyukitchenware.com\/fr\/wp-json\/wp\/v2\/media\/2835"}],"wp:attachment":[{"href":"https:\/\/www.yongyukitchenware.com\/fr\/wp-json\/wp\/v2\/media?parent=1273"}],"wp:term":[{"taxonomy":"application","embeddable":true,"href":"https:\/\/www.yongyukitchenware.com\/fr\/wp-json\/wp\/v2\/application?post=1273"},{"taxonomy":"product_brand","embeddable":true,"href":"https:\/\/www.yongyukitchenware.com\/fr\/wp-json\/wp\/v2\/product_brand?post=1273"},{"taxonomy":"product_cat","embeddable":true,"href":"https:\/\/www.yongyukitchenware.com\/fr\/wp-json\/wp\/v2\/product_cat?post=1273"},{"taxonomy":"product_tag","embeddable":true,"href":"https:\/\/www.yongyukitchenware.com\/fr\/wp-json\/wp\/v2\/product_tag?post=1273"}],"curies":[{"name":"wp","href":"https:\/\/api.w.org\/{rel}","templated":true}]}}