{"id":1295,"date":"2024-10-22T01:43:54","date_gmt":"2024-10-22T01:43:54","guid":{"rendered":"https:\/\/www.yongyukitchenware.com\/?post_type=product&#038;p=1295"},"modified":"2024-10-30T10:50:57","modified_gmt":"2024-10-30T10:50:57","slug":"bulk-small-trash-can","status":"publish","type":"product","link":"https:\/\/www.yongyukitchenware.com\/fr\/produit\/bulk-small-trash-can\/","title":{"rendered":"Petite poubelle en vrac en acier inoxydable avec couvercle pivotant Plan de travail amovible"},"content":{"rendered":"<div class=\"wp-block-columns is-layout-flex wp-container-core-columns-is-layout-9d6595d7 wp-block-columns-is-layout-flex\">\n<div class=\"wp-block-column is-layout-flow wp-block-column-is-layout-flow\">\n<h2 class=\"wp-block-heading\">Petite poubelle Caract\u00e9ristiques :<\/h2>\n\n\n\n<p><strong>Acier inoxydable de haute qualit\u00e9 :<\/strong> Mat\u00e9riau en acier inoxydable de qualit\u00e9 alimentaire, r\u00e9sistant \u00e0 la corrosion, pour garantir une utilisation \u00e0 long terme, adapt\u00e9 \u00e0 diff\u00e9rentes occasions<br><strong>Conception oscillante : <\/strong>Le couvercle sup\u00e9rieur adopte une<strong> <\/strong>Conception pivotante. Une l\u00e9g\u00e8re pouss\u00e9e permet de jeter les d\u00e9chets dans le seau, ce qui facilite son utilisation et permet d'isoler efficacement les odeurs.<br><strong>Conception en une seule pi\u00e8ce :<\/strong> Corps lisse, pas de soudure, conception d'\u00e9tirement en une seule pi\u00e8ce, facile \u00e0 nettoyer.<br><strong>Fond \u00e9paissi :<\/strong> Aplatir le fond pour augmenter la stabilit\u00e9 et la praticit\u00e9. Le fond lisse n'ab\u00eeme pas le bureau<br><strong>Structure amovible :<\/strong> Le couvercle et le f\u00fbt peuvent \u00eatre facilement d\u00e9mont\u00e9s, ce qui permet \u00e0 l'utilisateur d'effectuer un nettoyage approfondi et de maintenir l'int\u00e9rieur de la poubelle propre et hygi\u00e9nique.<\/p>\n<\/div>\n\n\n\n<div class=\"wp-block-column is-layout-flow wp-block-column-is-layout-flow\">\n<div class=\"wp-block-columns is-layout-flex wp-container-core-columns-is-layout-9d6595d7 wp-block-columns-is-layout-flex\">\n<div class=\"wp-block-column is-layout-flow wp-block-column-is-layout-flow\">\n<figure class=\"wp-block-image size-full\"><img decoding=\"async\" width=\"800\" height=\"800\" src=\"https:\/\/www.yongyukitchenware.com\/wp-content\/uploads\/2024\/09\/bulk-stainless-steel-trash-can-1.webp\" alt=\"poubelle en vrac-inox-acier (1)\" class=\"wp-image-1324\" srcset=\"https:\/\/www.yongyukitchenware.com\/wp-content\/uploads\/2024\/09\/bulk-stainless-steel-trash-can-1.webp 800w, https:\/\/www.yongyukitchenware.com\/wp-content\/uploads\/2024\/09\/bulk-stainless-steel-trash-can-1-300x300.webp 300w, https:\/\/www.yongyukitchenware.com\/wp-content\/uploads\/2024\/09\/bulk-stainless-steel-trash-can-1-150x150.webp 150w, https:\/\/www.yongyukitchenware.com\/wp-content\/uploads\/2024\/09\/bulk-stainless-steel-trash-can-1-768x768.webp 768w, https:\/\/www.yongyukitchenware.com\/wp-content\/uploads\/2024\/09\/bulk-stainless-steel-trash-can-1-600x600.webp 600w, https:\/\/www.yongyukitchenware.com\/wp-content\/uploads\/2024\/09\/bulk-stainless-steel-trash-can-1-100x100.webp 100w\" sizes=\"(max-width: 800px) 100vw, 800px\" \/><\/figure>\n<\/div>\n<\/div>\n<\/div>\n<\/div>","protected":false},"excerpt":{"rendered":"<p>Poubelle en gros \u00e0 prix d'usine avec couvercle pivotant, fabriqu\u00e9e en acier inoxydable durable, amovible et facile \u00e0 nettoyer. Possibilit\u00e9 de personnaliser le logo, la couleur, l'emballage, etc. Nous vous invitons \u00e0 contacter Yongyu pour une demande de renseignements gratuite !<\/p>\n<h2>Petite poubelle Param\u00e8tre :<\/h2>\n<p><strong>Mat\u00e9riau :<\/strong> acier inoxydable<br \/><strong>Couleur :<\/strong> argent, bleu, rouge et autres couleurs personnalisables<br \/><strong>Taille :<\/strong> 12*16cm<br \/><strong>Accessoires :<\/strong> couvercle sup\u00e9rieur pivotant<br \/><strong>Emballage :<\/strong> sac\/volume\/carton ou sur mesure<br \/><strong>OEM\/ODM :<\/strong> En option<\/p>\n<h2 class=\"wp-block-heading\">De Yongyu Homeware Wholesaler :<\/h2>\n<p>Yongyu dispose d'une cha\u00eene d'approvisionnement fiable et efficace, personnalisant et vendant en gros des articles m\u00e9nagers en acier inoxydable de haute qualit\u00e9. Nos produits sont durables et abordables, et nous nous engageons \u00e0 r\u00e9pondre aux besoins commerciaux de nos clients.<\/p>","protected":false},"featured_media":1329,"comment_status":"closed","ping_status":"closed","template":"","meta":{"_acf_changed":true},"application":[29],"product_brand":[],"product_cat":[17],"product_tag":[],"class_list":{"0":"post-1295","1":"product","2":"type-product","3":"status-publish","4":"has-post-thumbnail","6":"application-home-kitchen","7":"product_cat-homeware-wholesaler","9":"first","10":"instock","11":"shipping-taxable","12":"product-type-simple"},"acf":[],"_links":{"self":[{"href":"https:\/\/www.yongyukitchenware.com\/fr\/wp-json\/wp\/v2\/product\/1295","targetHints":{"allow":["GET"]}}],"collection":[{"href":"https:\/\/www.yongyukitchenware.com\/fr\/wp-json\/wp\/v2\/product"}],"about":[{"href":"https:\/\/www.yongyukitchenware.com\/fr\/wp-json\/wp\/v2\/types\/product"}],"replies":[{"embeddable":true,"href":"https:\/\/www.yongyukitchenware.com\/fr\/wp-json\/wp\/v2\/comments?post=1295"}],"wp:featuredmedia":[{"embeddable":true,"href":"https:\/\/www.yongyukitchenware.com\/fr\/wp-json\/wp\/v2\/media\/1329"}],"wp:attachment":[{"href":"https:\/\/www.yongyukitchenware.com\/fr\/wp-json\/wp\/v2\/media?parent=1295"}],"wp:term":[{"taxonomy":"application","embeddable":true,"href":"https:\/\/www.yongyukitchenware.com\/fr\/wp-json\/wp\/v2\/application?post=1295"},{"taxonomy":"product_brand","embeddable":true,"href":"https:\/\/www.yongyukitchenware.com\/fr\/wp-json\/wp\/v2\/product_brand?post=1295"},{"taxonomy":"product_cat","embeddable":true,"href":"https:\/\/www.yongyukitchenware.com\/fr\/wp-json\/wp\/v2\/product_cat?post=1295"},{"taxonomy":"product_tag","embeddable":true,"href":"https:\/\/www.yongyukitchenware.com\/fr\/wp-json\/wp\/v2\/product_tag?post=1295"}],"curies":[{"name":"wp","href":"https:\/\/api.w.org\/{rel}","templated":true}]}}