{"id":1383,"date":"2024-10-05T16:50:27","date_gmt":"2024-10-05T16:50:27","guid":{"rendered":"https:\/\/www.yongyukitchenware.com\/?post_type=product&#038;p=1383"},"modified":"2025-06-26T03:16:45","modified_gmt":"2025-06-26T03:16:45","slug":"cosmetic-organizer-wholesale","status":"publish","type":"product","link":"https:\/\/www.yongyukitchenware.com\/fr\/produit\/cosmetic-organizer-wholesale\/","title":{"rendered":"Wholesale Cosmetic Organizer 2-Tier Tray Round Rectangular Countertop Storage"},"content":{"rendered":"<div class=\"wp-block-columns is-layout-flex wp-container-core-columns-is-layout-9d6595d7 wp-block-columns-is-layout-flex\">\n<div class=\"wp-block-column is-layout-flow wp-block-column-is-layout-flow\">\n<h2 class=\"wp-block-heading\">Organisateur de cosm\u00e9tiques Caract\u00e9ristiques :<\/h2>\n\n\n\n<p><strong>Mat\u00e9riau \u00e9paississant : <\/strong>Mat\u00e9riau ABS de haute qualit\u00e9, \u00e9pais et durable, r\u00e9sistant \u00e0 l'usure et ne s'ab\u00eemant pas facilement<\/p>\n\n\n\n<p><strong>Bords arrondis : <\/strong>bords lisses et polis, sans bavures, ne blessent pas les mains<\/p>\n\n\n\n<p><strong>Poign\u00e9e creuse : <\/strong>poign\u00e9e creuse portable, facile \u00e0 utiliser et \u00e0 d\u00e9placer librement<\/p>\n\n\n\n<p><strong>Conception antid\u00e9rapante :<\/strong> Motif vertical en bas, avec effet antid\u00e9rapant.<\/p>\n\n\n\n<p><strong>Structure \u00e0 double couche : <\/strong>Les deux couches sont tr\u00e8s espac\u00e9es, ce qui permet d'augmenter l'espace de rangement tout en gardant le bureau propre et ordonn\u00e9.<\/p>\n<\/div>\n\n\n\n<div class=\"wp-block-column is-layout-flow wp-block-column-is-layout-flow\">\n<div class=\"wp-block-columns is-layout-flex wp-container-core-columns-is-layout-9d6595d7 wp-block-columns-is-layout-flex\">\n<div class=\"wp-block-column is-layout-flow wp-block-column-is-layout-flow\">\n<figure class=\"wp-block-image size-full\"><img decoding=\"async\" width=\"800\" height=\"800\" src=\"https:\/\/www.yongyukitchenware.com\/wp-content\/uploads\/2024\/09\/bulk-storage-racks-custom-1.webp\" alt=\"racks de stockage en vrac sur mesure (1)\" class=\"wp-image-1384\" srcset=\"https:\/\/www.yongyukitchenware.com\/wp-content\/uploads\/2024\/09\/bulk-storage-racks-custom-1.webp 800w, https:\/\/www.yongyukitchenware.com\/wp-content\/uploads\/2024\/09\/bulk-storage-racks-custom-1-300x300.webp 300w, https:\/\/www.yongyukitchenware.com\/wp-content\/uploads\/2024\/09\/bulk-storage-racks-custom-1-150x150.webp 150w, https:\/\/www.yongyukitchenware.com\/wp-content\/uploads\/2024\/09\/bulk-storage-racks-custom-1-768x768.webp 768w, https:\/\/www.yongyukitchenware.com\/wp-content\/uploads\/2024\/09\/bulk-storage-racks-custom-1-12x12.webp 12w, https:\/\/www.yongyukitchenware.com\/wp-content\/uploads\/2024\/09\/bulk-storage-racks-custom-1-600x600.webp 600w, https:\/\/www.yongyukitchenware.com\/wp-content\/uploads\/2024\/09\/bulk-storage-racks-custom-1-100x100.webp 100w\" sizes=\"(max-width: 800px) 100vw, 800px\" \/><\/figure>\n<\/div>\n\n\n\n<div class=\"wp-block-column is-layout-flow wp-block-column-is-layout-flow\">\n<figure class=\"wp-block-image size-full\"><img decoding=\"async\" width=\"800\" height=\"800\" src=\"https:\/\/www.yongyukitchenware.com\/wp-content\/uploads\/2024\/09\/bulk-storage-racks-custom-2.webp\" alt=\"racks de stockage en vrac sur mesure (2)\" class=\"wp-image-1385\" srcset=\"https:\/\/www.yongyukitchenware.com\/wp-content\/uploads\/2024\/09\/bulk-storage-racks-custom-2.webp 800w, https:\/\/www.yongyukitchenware.com\/wp-content\/uploads\/2024\/09\/bulk-storage-racks-custom-2-300x300.webp 300w, https:\/\/www.yongyukitchenware.com\/wp-content\/uploads\/2024\/09\/bulk-storage-racks-custom-2-150x150.webp 150w, https:\/\/www.yongyukitchenware.com\/wp-content\/uploads\/2024\/09\/bulk-storage-racks-custom-2-768x768.webp 768w, https:\/\/www.yongyukitchenware.com\/wp-content\/uploads\/2024\/09\/bulk-storage-racks-custom-2-12x12.webp 12w, https:\/\/www.yongyukitchenware.com\/wp-content\/uploads\/2024\/09\/bulk-storage-racks-custom-2-600x600.webp 600w, https:\/\/www.yongyukitchenware.com\/wp-content\/uploads\/2024\/09\/bulk-storage-racks-custom-2-100x100.webp 100w\" sizes=\"(max-width: 800px) 100vw, 800px\" \/><\/figure>\n<\/div>\n<\/div>\n\n\n\n<div class=\"wp-block-columns is-layout-flex wp-container-core-columns-is-layout-9d6595d7 wp-block-columns-is-layout-flex\">\n<div class=\"wp-block-column is-layout-flow wp-block-column-is-layout-flow\">\n<figure class=\"wp-block-image size-full\"><img decoding=\"async\" width=\"800\" height=\"800\" src=\"https:\/\/www.yongyukitchenware.com\/wp-content\/uploads\/2024\/09\/bulk-storage-racks-custom-4.webp\" alt=\"racks de stockage en vrac sur mesure (4)\" class=\"wp-image-1387\" srcset=\"https:\/\/www.yongyukitchenware.com\/wp-content\/uploads\/2024\/09\/bulk-storage-racks-custom-4.webp 800w, https:\/\/www.yongyukitchenware.com\/wp-content\/uploads\/2024\/09\/bulk-storage-racks-custom-4-300x300.webp 300w, https:\/\/www.yongyukitchenware.com\/wp-content\/uploads\/2024\/09\/bulk-storage-racks-custom-4-150x150.webp 150w, https:\/\/www.yongyukitchenware.com\/wp-content\/uploads\/2024\/09\/bulk-storage-racks-custom-4-768x768.webp 768w, https:\/\/www.yongyukitchenware.com\/wp-content\/uploads\/2024\/09\/bulk-storage-racks-custom-4-12x12.webp 12w, https:\/\/www.yongyukitchenware.com\/wp-content\/uploads\/2024\/09\/bulk-storage-racks-custom-4-600x600.webp 600w, https:\/\/www.yongyukitchenware.com\/wp-content\/uploads\/2024\/09\/bulk-storage-racks-custom-4-100x100.webp 100w\" sizes=\"(max-width: 800px) 100vw, 800px\" \/><\/figure>\n<\/div>\n\n\n\n<div class=\"wp-block-column is-layout-flow wp-block-column-is-layout-flow\">\n<figure class=\"wp-block-image size-full\"><img decoding=\"async\" width=\"800\" height=\"800\" src=\"https:\/\/www.yongyukitchenware.com\/wp-content\/uploads\/2024\/09\/bulk-storage-racks-custom-5.webp\" alt=\"racks de stockage en vrac sur mesure (5)\" class=\"wp-image-1388\" srcset=\"https:\/\/www.yongyukitchenware.com\/wp-content\/uploads\/2024\/09\/bulk-storage-racks-custom-5.webp 800w, https:\/\/www.yongyukitchenware.com\/wp-content\/uploads\/2024\/09\/bulk-storage-racks-custom-5-300x300.webp 300w, https:\/\/www.yongyukitchenware.com\/wp-content\/uploads\/2024\/09\/bulk-storage-racks-custom-5-150x150.webp 150w, https:\/\/www.yongyukitchenware.com\/wp-content\/uploads\/2024\/09\/bulk-storage-racks-custom-5-768x768.webp 768w, https:\/\/www.yongyukitchenware.com\/wp-content\/uploads\/2024\/09\/bulk-storage-racks-custom-5-12x12.webp 12w, https:\/\/www.yongyukitchenware.com\/wp-content\/uploads\/2024\/09\/bulk-storage-racks-custom-5-600x600.webp 600w, https:\/\/www.yongyukitchenware.com\/wp-content\/uploads\/2024\/09\/bulk-storage-racks-custom-5-100x100.webp 100w\" sizes=\"(max-width: 800px) 100vw, 800px\" \/><\/figure>\n<\/div>\n<\/div>\n<\/div>\n<\/div>\n\n\n\n<h2 class=\"wp-block-heading\">Organisateur de cosm\u00e9tiques Taille :<\/h2>\n\n\n\n<figure class=\"wp-block-table\"><table class=\"has-fixed-layout\"><tbody><tr><td>Mod\u00e8le<\/td><td>taille<\/td><td>Longueur * Largeur * Hauteur (cm)<\/td><td>MOQ<\/td><\/tr><tr><td rowspan=\"6\">DY064-P<\/td><td>Double couche \u00e0 trois chiffres<\/td><td>9cm*27.5cm*24.8cm<\/td><td rowspan=\"6\">60PCS<\/td><\/tr><tr><td>Double couche \u00e0 quatre chiffres<\/td><td>18.5cm*18.5cm*24.8cm<\/td><\/tr><tr><td>Double couche de petits caract\u00e8res \u00e0 six chiffres<\/td><td>29.5cm*18.5cm*24.8cm<\/td><\/tr><tr><td>Double couche de gros caract\u00e8res \u00e0 six chiffres<\/td><td>31cm*21cm*24.8cm<\/td><\/tr><tr><td>Double couche \u00e0 huit chiffres<\/td><td>41cm*22cm*24.8cm<\/td><\/tr><tr><td>Disque double couche<\/td><td>27cm*27cm*24.8cm<\/td><\/tr><\/tbody><\/table><\/figure>","protected":false},"excerpt":{"rendered":"<p>Petit organisateur de cosm\u00e9tiques en gros, support de rangement pour comptoir de maison, support en acier inoxydable et plateau en plastique \u00e0 2 niveaux, offrant un rangement multifonctionnel pour les cosm\u00e9tiques, les tasses, le th\u00e9 de l'apr\u00e8s-midi, etc. Nous prenons en charge la personnalisation en vrac. N'h\u00e9sitez pas \u00e0 nous contacter pour toute demande de renseignements.<\/p>\n<h2>Organisateur de cosm\u00e9tiques Param\u00e8tre :<\/h2>\n<p><strong>Mat\u00e9riau :<\/strong> Mat\u00e9riau ABS de haute qualit\u00e9<br \/><strong>Forme :<\/strong> rond ou carr\u00e9<br \/><strong>Couleur :<\/strong> blanc<br \/><strong>Conception g\u00e9n\u00e9rale :<\/strong> double couche avec poign\u00e9es creuses<br \/><strong>Emballage :<\/strong> sac\/volume\/carton ou sur mesure<br \/><strong>OEM\/ODM :<\/strong> facultatif<\/p>\n<h2 class=\"wp-block-heading\">De Yongyu Homeware Wholesaler :<\/h2>\n<p>Yongyu dispose d'une cha\u00eene d'approvisionnement fiable et efficace, personnalisant et vendant en gros des articles m\u00e9nagers en acier inoxydable de haute qualit\u00e9. Nos produits sont durables et abordables, et nous nous engageons \u00e0 r\u00e9pondre aux besoins commerciaux de nos clients.<\/p>","protected":false},"featured_media":1388,"comment_status":"closed","ping_status":"closed","template":"","meta":{"_acf_changed":true},"application":[29],"product_brand":[],"product_cat":[17],"product_tag":[],"class_list":{"0":"post-1383","1":"product","2":"type-product","3":"status-publish","4":"has-post-thumbnail","6":"application-home-kitchen","7":"product_cat-homeware-wholesaler","9":"first","10":"instock","11":"shipping-taxable","12":"product-type-simple"},"acf":[],"_links":{"self":[{"href":"https:\/\/www.yongyukitchenware.com\/fr\/wp-json\/wp\/v2\/product\/1383","targetHints":{"allow":["GET"]}}],"collection":[{"href":"https:\/\/www.yongyukitchenware.com\/fr\/wp-json\/wp\/v2\/product"}],"about":[{"href":"https:\/\/www.yongyukitchenware.com\/fr\/wp-json\/wp\/v2\/types\/product"}],"replies":[{"embeddable":true,"href":"https:\/\/www.yongyukitchenware.com\/fr\/wp-json\/wp\/v2\/comments?post=1383"}],"wp:featuredmedia":[{"embeddable":true,"href":"https:\/\/www.yongyukitchenware.com\/fr\/wp-json\/wp\/v2\/media\/1388"}],"wp:attachment":[{"href":"https:\/\/www.yongyukitchenware.com\/fr\/wp-json\/wp\/v2\/media?parent=1383"}],"wp:term":[{"taxonomy":"application","embeddable":true,"href":"https:\/\/www.yongyukitchenware.com\/fr\/wp-json\/wp\/v2\/application?post=1383"},{"taxonomy":"product_brand","embeddable":true,"href":"https:\/\/www.yongyukitchenware.com\/fr\/wp-json\/wp\/v2\/product_brand?post=1383"},{"taxonomy":"product_cat","embeddable":true,"href":"https:\/\/www.yongyukitchenware.com\/fr\/wp-json\/wp\/v2\/product_cat?post=1383"},{"taxonomy":"product_tag","embeddable":true,"href":"https:\/\/www.yongyukitchenware.com\/fr\/wp-json\/wp\/v2\/product_tag?post=1383"}],"curies":[{"name":"wp","href":"https:\/\/api.w.org\/{rel}","templated":true}]}}