{"id":1392,"date":"2024-10-05T13:20:24","date_gmt":"2024-10-05T13:20:24","guid":{"rendered":"https:\/\/www.yongyukitchenware.com\/?post_type=product&#038;p=1392"},"modified":"2025-07-10T10:17:11","modified_gmt":"2025-07-10T10:17:11","slug":"stainless-steel-scoop-wholesale","status":"publish","type":"product","link":"https:\/\/www.yongyukitchenware.com\/fr\/produit\/stainless-steel-scoop-wholesale\/","title":{"rendered":"Wholesale Stainless Steel Scoop Ice &amp; Grain Shovels (pelles \u00e0 glace et \u00e0 grains)"},"content":{"rendered":"<div class=\"wp-block-columns is-layout-flex wp-container-core-columns-is-layout-9d6595d7 wp-block-columns-is-layout-flex\">\n<div class=\"wp-block-column is-layout-flow wp-block-column-is-layout-flow\">\n<h2 class=\"wp-block-heading\">Scoop en acier inoxydable Caract\u00e9ristiques :<\/h2>\n\n\n\n<p><strong>Acier inoxydable de qualit\u00e9 alimentaire : <\/strong>structure solide, s\u00fbre et fiable, durable<br><strong>Nombreuses applications\uff1a <\/strong>peut \u00eatre utilis\u00e9e comme spatule \u00e0 glace, spatule \u00e0 grains, spatule \u00e0 th\u00e9, spatule \u00e0 farine, etc.<br><strong>Bords arrondis :<\/strong> Les bords lisses et polis sans bavures blessent la main.<br><strong>Poign\u00e9e plus longue :<\/strong> la poign\u00e9e est beaucoup plus longue et facile \u00e0 saisir et \u00e0 utiliser. La conception du crochet de queue facilite \u00e9galement le rangement.<br><strong>La forme de la t\u00eate est arrondie : <\/strong>avec une large spatule pour faciliter l'acc\u00e8s et l'utilisation.<strong><br>Taille et capacit\u00e9 : <\/strong>L'outil est disponible en diff\u00e9rentes tailles pour r\u00e9pondre \u00e0 des besoins vari\u00e9s.<\/p>\n<\/div>\n\n\n\n<div class=\"wp-block-column is-layout-flow wp-block-column-is-layout-flow\">\n<div class=\"wp-block-columns is-layout-flex wp-container-core-columns-is-layout-9d6595d7 wp-block-columns-is-layout-flex\">\n<div class=\"wp-block-column is-layout-flow wp-block-column-is-layout-flow\">\n<figure class=\"wp-block-image size-full\"><img decoding=\"async\" width=\"800\" height=\"800\" src=\"https:\/\/www.yongyukitchenware.com\/wp-content\/uploads\/2024\/09\/wholesale-stainless-steel-scoop-1.webp\" alt=\"grossiste-inox-scoop (1)\" class=\"wp-image-1393\" srcset=\"https:\/\/www.yongyukitchenware.com\/wp-content\/uploads\/2024\/09\/wholesale-stainless-steel-scoop-1.webp 800w, https:\/\/www.yongyukitchenware.com\/wp-content\/uploads\/2024\/09\/wholesale-stainless-steel-scoop-1-300x300.webp 300w, https:\/\/www.yongyukitchenware.com\/wp-content\/uploads\/2024\/09\/wholesale-stainless-steel-scoop-1-150x150.webp 150w, https:\/\/www.yongyukitchenware.com\/wp-content\/uploads\/2024\/09\/wholesale-stainless-steel-scoop-1-768x768.webp 768w, https:\/\/www.yongyukitchenware.com\/wp-content\/uploads\/2024\/09\/wholesale-stainless-steel-scoop-1-12x12.webp 12w, https:\/\/www.yongyukitchenware.com\/wp-content\/uploads\/2024\/09\/wholesale-stainless-steel-scoop-1-600x600.webp 600w, https:\/\/www.yongyukitchenware.com\/wp-content\/uploads\/2024\/09\/wholesale-stainless-steel-scoop-1-100x100.webp 100w\" sizes=\"(max-width: 800px) 100vw, 800px\" \/><\/figure>\n<\/div>\n\n\n\n<div class=\"wp-block-column is-layout-flow wp-block-column-is-layout-flow\">\n<figure class=\"wp-block-image size-full\"><img decoding=\"async\" width=\"800\" height=\"800\" src=\"https:\/\/www.yongyukitchenware.com\/wp-content\/uploads\/2024\/09\/wholesale-stainless-steel-scoop-3.webp\" alt=\"grossiste-inox-scoop (3)\" class=\"wp-image-1395\" srcset=\"https:\/\/www.yongyukitchenware.com\/wp-content\/uploads\/2024\/09\/wholesale-stainless-steel-scoop-3.webp 800w, https:\/\/www.yongyukitchenware.com\/wp-content\/uploads\/2024\/09\/wholesale-stainless-steel-scoop-3-300x300.webp 300w, https:\/\/www.yongyukitchenware.com\/wp-content\/uploads\/2024\/09\/wholesale-stainless-steel-scoop-3-150x150.webp 150w, https:\/\/www.yongyukitchenware.com\/wp-content\/uploads\/2024\/09\/wholesale-stainless-steel-scoop-3-768x768.webp 768w, https:\/\/www.yongyukitchenware.com\/wp-content\/uploads\/2024\/09\/wholesale-stainless-steel-scoop-3-12x12.webp 12w, https:\/\/www.yongyukitchenware.com\/wp-content\/uploads\/2024\/09\/wholesale-stainless-steel-scoop-3-600x600.webp 600w, https:\/\/www.yongyukitchenware.com\/wp-content\/uploads\/2024\/09\/wholesale-stainless-steel-scoop-3-100x100.webp 100w\" sizes=\"(max-width: 800px) 100vw, 800px\" \/><\/figure>\n<\/div>\n<\/div>\n\n\n\n<div class=\"wp-block-columns is-layout-flex wp-container-core-columns-is-layout-9d6595d7 wp-block-columns-is-layout-flex\">\n<div class=\"wp-block-column is-layout-flow wp-block-column-is-layout-flow\"><\/div>\n\n\n\n<div class=\"wp-block-column is-layout-flow wp-block-column-is-layout-flow\"><\/div>\n<\/div>\n<\/div>\n<\/div>\n\n\n\n<h2 class=\"wp-block-heading\">Acier inoxydable Tailles de l'\u00e9cope :<\/h2>\n\n\n\n<figure class=\"wp-block-table\"><table class=\"has-fixed-layout\"><tbody><tr><td>Mod\u00e8le<\/td><td>Norme<\/td><td>Longueur totale<\/td><td>Longueur de la tige<\/td><td>Largeur du ventre<\/td><td>Calibre<\/td><td>Longueur de la bouche<\/td><td>Poids<\/td><td>MOQ<\/td><\/tr><tr><td rowspan=\"7\">DY090-Z<\/td><td>Tr\u00e8s grand<\/td><td>34CM<\/td><td rowspan=\"4\">11CM<\/td><td>14.2CM<\/td><td>7.5CM<\/td><td>23CM<\/td><td>380G<\/td><td>72PCS<\/td><\/tr><tr><td>N\u00b0 1<\/td><td>31.5CM<\/td><td>12.7CM<\/td><td>7.8CM<\/td><td>20.7CM<\/td><td>302G<\/td><td rowspan=\"3\">120PCS<\/td><\/tr><tr><td>N\u00b02<\/td><td>29CM<\/td><td>11,2CM<\/td><td>6.7CM<\/td><td>18.6CM<\/td><td>243G<\/td><\/tr><tr><td>N\u00b0 3<\/td><td>28cm<\/td><td>9.7CM<\/td><td rowspan=\"2\">6CM<\/td><td>16.7CM<\/td><td>213G<\/td><\/tr><tr><td>N\u00b04<\/td><td>24CM<\/td><td rowspan=\"2\">9.5CM<\/td><td>9.4CM<\/td><td>14.7CM<\/td><td>165G<\/td><td>144PCS<\/td><\/tr><tr><td>N\u00b0 5<\/td><td>21CM<\/td><td>7.0CM<\/td><td rowspan=\"2\">4.5CM<\/td><td>12CM<\/td><td>107G<\/td><td rowspan=\"2\">192PCS<\/td><\/tr><tr><td>N\u00b06<\/td><td>18.5CM<\/td><td>9.0CM<\/td><td>5.8CM<\/td><td>9.5CM<\/td><td>78G<\/td><\/tr><\/tbody><\/table><\/figure>\n\n\n\n<p><\/p>","protected":false},"excerpt":{"rendered":"<p>Les pelles polyvalentes en acier inoxydable de haute qualit\u00e9 de Yongyu, destin\u00e9es \u00e0 un usage commercial ou domestique, constituent la meilleure solution pour vos besoins en mati\u00e8re de manutention et de service des aliments. Qu'il s'agisse de c\u00e9r\u00e9ales, de farine, de sucre, de glace ou d'autres produits secs en vrac, ces pelles sont robustes et polyvalentes.<\/p>\n<h2>Scoop en acier inoxydable Param\u00e8tre :<\/h2>\n<p><strong>Mat\u00e9riau :<\/strong> acier inoxydable<br \/><strong>Conception :<\/strong> Poign\u00e9e allong\u00e9e et t\u00eate ronde<br \/><strong>Diff\u00e9rentes tailles :<\/strong> sept tailles disponibles avec diff\u00e9rentes sp\u00e9cifications<br \/><strong>Emballage :<\/strong> bo\u00eete de couleur, bo\u00eete principale, ou sur mesure<br \/><strong>OEM\/ODM :<\/strong> Disponible<\/p>\n<h2 class=\"wp-block-heading\">De Yongyu Catering Supplies Wholesaler :<\/h2>\n<p>En tant que meilleur fabricant de fournitures de restauration en Chine, nous sommes sp\u00e9cialis\u00e9s dans les articles de bar de haute qualit\u00e9 en gros et en douane. Nous avons 25 ans d'exp\u00e9rience professionnelle pour garantir aux clients des produits de pointe et des services efficaces.<\/p>","protected":false},"featured_media":1398,"comment_status":"closed","ping_status":"closed","template":"","meta":{"_acf_changed":true},"application":[30],"product_brand":[],"product_cat":[16],"product_tag":[],"class_list":{"0":"post-1392","1":"product","2":"type-product","3":"status-publish","4":"has-post-thumbnail","6":"application-hotel-catering","7":"product_cat-barware-wholesale-custom","9":"first","10":"instock","11":"shipping-taxable","12":"product-type-simple"},"acf":[],"_links":{"self":[{"href":"https:\/\/www.yongyukitchenware.com\/fr\/wp-json\/wp\/v2\/product\/1392","targetHints":{"allow":["GET"]}}],"collection":[{"href":"https:\/\/www.yongyukitchenware.com\/fr\/wp-json\/wp\/v2\/product"}],"about":[{"href":"https:\/\/www.yongyukitchenware.com\/fr\/wp-json\/wp\/v2\/types\/product"}],"replies":[{"embeddable":true,"href":"https:\/\/www.yongyukitchenware.com\/fr\/wp-json\/wp\/v2\/comments?post=1392"}],"wp:featuredmedia":[{"embeddable":true,"href":"https:\/\/www.yongyukitchenware.com\/fr\/wp-json\/wp\/v2\/media\/1398"}],"wp:attachment":[{"href":"https:\/\/www.yongyukitchenware.com\/fr\/wp-json\/wp\/v2\/media?parent=1392"}],"wp:term":[{"taxonomy":"application","embeddable":true,"href":"https:\/\/www.yongyukitchenware.com\/fr\/wp-json\/wp\/v2\/application?post=1392"},{"taxonomy":"product_brand","embeddable":true,"href":"https:\/\/www.yongyukitchenware.com\/fr\/wp-json\/wp\/v2\/product_brand?post=1392"},{"taxonomy":"product_cat","embeddable":true,"href":"https:\/\/www.yongyukitchenware.com\/fr\/wp-json\/wp\/v2\/product_cat?post=1392"},{"taxonomy":"product_tag","embeddable":true,"href":"https:\/\/www.yongyukitchenware.com\/fr\/wp-json\/wp\/v2\/product_tag?post=1392"}],"curies":[{"name":"wp","href":"https:\/\/api.w.org\/{rel}","templated":true}]}}