{"id":1416,"date":"2024-10-05T13:44:19","date_gmt":"2024-10-05T13:44:19","guid":{"rendered":"https:\/\/www.yongyukitchenware.com\/?post_type=product&#038;p=1416"},"modified":"2025-06-26T03:15:14","modified_gmt":"2025-06-26T03:15:14","slug":"food-storage-box-wholesale","status":"publish","type":"product","link":"https:\/\/www.yongyukitchenware.com\/fr\/produit\/food-storage-box-wholesale\/","title":{"rendered":"Wholesale Stainless Steel Food Storage Box With Sealing Lid (bo\u00eete de conservation en acier inoxydable avec couvercle \u00e9tanche)"},"content":{"rendered":"<div class=\"wp-block-columns is-layout-flex wp-container-core-columns-is-layout-9d6595d7 wp-block-columns-is-layout-flex\">\n<div class=\"wp-block-column is-layout-flow wp-block-column-is-layout-flow\">\n<h2 class=\"wp-block-heading\">Bo\u00eete de conservation des aliments Caract\u00e9ristiques :<\/h2>\n\n\n\n<p><strong>Mat\u00e9riau : <\/strong>Acier inoxydable de qualit\u00e9 sup\u00e9rieure. L'acier inoxydable 304 de qualit\u00e9 alimentaire est r\u00e9sistant \u00e0 la corrosion et \u00e0 l'oxydation.<br><strong>Options multi-capacit\u00e9s :<\/strong> 2.5L, 3.5L, 4.5L et 6.0L pour r\u00e9pondre \u00e0 diff\u00e9rents besoins.<br><strong>Conception \u00e9tanche \u00e0 double joint :<\/strong> La conception \u00e9tanche de l'anneau en silicone du couvercle et du bouchon d'\u00e9tanch\u00e9it\u00e9 en silicone vous permet de voyager avec beaucoup plus d'assurance.<br><strong>Conception de la poign\u00e9e\uff1a<\/strong> Les poign\u00e9es saillantes des deux c\u00f4t\u00e9s de notre bo\u00eete de conservation en acier inoxydable sont pratiques \u00e0 tenir.<br><strong>Couvercle visible\uff1a<\/strong> L'int\u00e9rieur des aliments est visible, il n'est pas n\u00e9cessaire d'ouvrir le couvercle pour le voir.<\/p>\n<\/div>\n\n\n\n<div class=\"wp-block-column is-layout-flow wp-block-column-is-layout-flow\">\n<div class=\"wp-block-columns is-layout-flex wp-container-core-columns-is-layout-9d6595d7 wp-block-columns-is-layout-flex\">\n<div class=\"wp-block-column is-layout-flow wp-block-column-is-layout-flow\"><div class=\"wp-block-image\">\n<figure class=\"aligncenter size-full is-resized\"><img decoding=\"async\" width=\"800\" height=\"800\" src=\"https:\/\/www.yongyukitchenware.com\/wp-content\/uploads\/2024\/09\/Wholesale-Stainless-Steel-Food-Storage-Box-With-Sealing-Cover-1.webp\" alt=\"Bo\u00eete de conservation en acier inoxydable en gros 1\" class=\"wp-image-1424\" style=\"width:416px;height:auto\" srcset=\"https:\/\/www.yongyukitchenware.com\/wp-content\/uploads\/2024\/09\/Wholesale-Stainless-Steel-Food-Storage-Box-With-Sealing-Cover-1.webp 800w, https:\/\/www.yongyukitchenware.com\/wp-content\/uploads\/2024\/09\/Wholesale-Stainless-Steel-Food-Storage-Box-With-Sealing-Cover-1-300x300.webp 300w, https:\/\/www.yongyukitchenware.com\/wp-content\/uploads\/2024\/09\/Wholesale-Stainless-Steel-Food-Storage-Box-With-Sealing-Cover-1-150x150.webp 150w, https:\/\/www.yongyukitchenware.com\/wp-content\/uploads\/2024\/09\/Wholesale-Stainless-Steel-Food-Storage-Box-With-Sealing-Cover-1-768x768.webp 768w, https:\/\/www.yongyukitchenware.com\/wp-content\/uploads\/2024\/09\/Wholesale-Stainless-Steel-Food-Storage-Box-With-Sealing-Cover-1-12x12.webp 12w, https:\/\/www.yongyukitchenware.com\/wp-content\/uploads\/2024\/09\/Wholesale-Stainless-Steel-Food-Storage-Box-With-Sealing-Cover-1-600x600.webp 600w, https:\/\/www.yongyukitchenware.com\/wp-content\/uploads\/2024\/09\/Wholesale-Stainless-Steel-Food-Storage-Box-With-Sealing-Cover-1-100x100.webp 100w\" sizes=\"(max-width: 800px) 100vw, 800px\" \/><\/figure>\n<\/div><\/div>\n<\/div>\n<\/div>\n<\/div>\n\n\n\n<div class=\"wp-block-group is-vertical is-layout-flex wp-container-core-group-is-layout-8cf370e7 wp-block-group-is-layout-flex\">\n<h2 class=\"wp-block-heading\">Bo\u00eete de conservation des aliments Taille :<\/h2>\n<\/div>\n\n\n\n<figure class=\"wp-block-table\"><table class=\"has-fixed-layout\"><tbody><tr><td>Mod\u00e8le<\/td><td>Taille<\/td><td>Longueur * Largeur * Hauteur (cm)<\/td><td>MOQ<\/td><\/tr><tr><td rowspan=\"4\">DY053-FH<\/td><td>2.5L<\/td><td>30*20*6cm<\/td><td>48PCS<\/td><\/tr><tr><td>3.5L<\/td><td>30*20*8.2cm<\/td><td>36PCS<\/td><\/tr><tr><td>4.5L<\/td><td>30*20*10.2cm<\/td><td>30PCS<\/td><\/tr><tr><td>6.0L<\/td><td>30*20*13.2cm<\/td><td>24PCS<\/td><\/tr><\/tbody><\/table><\/figure>","protected":false},"excerpt":{"rendered":"<p>Notre bo\u00eete de conservation des aliments en acier inoxydable pr\u00e9sente un design durable avec un couvercle \u00e0 fermeture s\u00e9curis\u00e9e pour garder les aliments frais et \u00e9tanches. Id\u00e9ale pour un stockage s\u00fbr \u00e0 la maison, au travail ou en d\u00e9placement.<\/p>\n<h2 style=\"text-align: left\">Bo\u00eete de conservation des aliments Param\u00e8tre :<\/h2>\n<p style=\"text-align: left\"><strong>Mat\u00e9riau :<\/strong> Acier inoxydable<br \/><strong>Couleur :<\/strong> Couleur argent<br \/><strong>Diff\u00e9rentes tailles :<\/strong> 2.5L, 3.5L, 4.5L et 6.0L <br \/><strong>Emballage : <\/strong>Sac d'opposition et bo\u00eete en carton<br \/><strong>OEM\/ODM :<\/strong> Disponible<\/p>\n<h2 class=\"wp-block-heading\">Fabricant de r\u00e9cipients de stockage d'aliments :<\/h2>\n<p>Fond\u00e9e en 1996, la soci\u00e9t\u00e9 Yongyu est sp\u00e9cialis\u00e9e dans la production et la vente en gros de r\u00e9cipients de conservation des aliments en acier inoxydable, d'articles de cuisine, de fournitures de restauration, d'articles m\u00e9nagers et d'\u00e9quipements de cuisine pour le camping. Elle propose \u00e0 ses clients des services OEM et ODM ainsi que des services d'approvisionnement en ligne.<\/p>","protected":false},"featured_media":1427,"comment_status":"closed","ping_status":"closed","template":"","meta":{"_acf_changed":true},"application":[31],"product_brand":[],"product_cat":[19],"product_tag":[],"class_list":{"0":"post-1416","1":"product","2":"type-product","3":"status-publish","4":"has-post-thumbnail","6":"application-champ-kitchen","7":"product_cat-food-storage-container-bulk-custom","9":"first","10":"instock","11":"shipping-taxable","12":"product-type-simple"},"acf":[],"_links":{"self":[{"href":"https:\/\/www.yongyukitchenware.com\/fr\/wp-json\/wp\/v2\/product\/1416","targetHints":{"allow":["GET"]}}],"collection":[{"href":"https:\/\/www.yongyukitchenware.com\/fr\/wp-json\/wp\/v2\/product"}],"about":[{"href":"https:\/\/www.yongyukitchenware.com\/fr\/wp-json\/wp\/v2\/types\/product"}],"replies":[{"embeddable":true,"href":"https:\/\/www.yongyukitchenware.com\/fr\/wp-json\/wp\/v2\/comments?post=1416"}],"wp:featuredmedia":[{"embeddable":true,"href":"https:\/\/www.yongyukitchenware.com\/fr\/wp-json\/wp\/v2\/media\/1427"}],"wp:attachment":[{"href":"https:\/\/www.yongyukitchenware.com\/fr\/wp-json\/wp\/v2\/media?parent=1416"}],"wp:term":[{"taxonomy":"application","embeddable":true,"href":"https:\/\/www.yongyukitchenware.com\/fr\/wp-json\/wp\/v2\/application?post=1416"},{"taxonomy":"product_brand","embeddable":true,"href":"https:\/\/www.yongyukitchenware.com\/fr\/wp-json\/wp\/v2\/product_brand?post=1416"},{"taxonomy":"product_cat","embeddable":true,"href":"https:\/\/www.yongyukitchenware.com\/fr\/wp-json\/wp\/v2\/product_cat?post=1416"},{"taxonomy":"product_tag","embeddable":true,"href":"https:\/\/www.yongyukitchenware.com\/fr\/wp-json\/wp\/v2\/product_tag?post=1416"}],"curies":[{"name":"wp","href":"https:\/\/api.w.org\/{rel}","templated":true}]}}