{"id":1417,"date":"2024-10-05T13:32:53","date_gmt":"2024-10-05T13:32:53","guid":{"rendered":"https:\/\/www.yongyukitchenware.com\/?post_type=product&#038;p=1417"},"modified":"2025-07-10T10:16:32","modified_gmt":"2025-07-10T10:16:32","slug":"stainless-steel-muddler-bulk","status":"publish","type":"product","link":"https:\/\/www.yongyukitchenware.com\/fr\/produit\/stainless-steel-muddler-bulk\/","title":{"rendered":"Grossier Batteur en Acier Inoxydable pour Cocktails Boisson"},"content":{"rendered":"<div class=\"wp-block-columns is-layout-flex wp-container-core-columns-is-layout-9d6595d7 wp-block-columns-is-layout-flex\">\n<div class=\"wp-block-column is-layout-flow wp-block-column-is-layout-flow\">\n<h2 class=\"wp-block-heading\">Caract\u00e9ristiques de l'\u00e9ponge en acier inoxydable :<\/h2>\n\n\n\n<p><strong>Acier inoxydable de haute qualit\u00e9 :<\/strong> Mat\u00e9riau en acier inoxydable de qualit\u00e9 alimentaire, durable, r\u00e9sistant \u00e0 la rouille, facile \u00e0 nettoyer<br><strong>Une vari\u00e9t\u00e9 de styles : <\/strong>Le Hammerhead est disponible en acier et en PP, et dans une vari\u00e9t\u00e9 de styles pour r\u00e9pondre \u00e0 diff\u00e9rents besoins.<br><strong>Poign\u00e9e solide :<\/strong> Poign\u00e9e en acier d'une seule pi\u00e8ce, combin\u00e9e \u00e0 un design ergonomique, prise en main confortable, facile \u00e0 utiliser.<br><strong>T\u00eate de clou convexe :<\/strong> facile \u00e0 casser la glace, \u00e0 broyer le jus, \u00e0 broyer la glace plus efficacement<br><strong>Largement utilis\u00e9 : <\/strong>convient \u00e0 une vari\u00e9t\u00e9 d'occasions, y compris les bars professionnels, les caf\u00e9s, les r\u00e9unions de famille, etc.<\/p>\n<\/div>\n\n\n\n<div class=\"wp-block-column is-layout-flow wp-block-column-is-layout-flow\">\n<div class=\"wp-block-columns is-layout-flex wp-container-core-columns-is-layout-9d6595d7 wp-block-columns-is-layout-flex\">\n<div class=\"wp-block-column is-layout-flow wp-block-column-is-layout-flow\"><div class=\"wp-block-image\">\n<figure class=\"aligncenter size-full is-resized\"><img decoding=\"async\" width=\"800\" height=\"800\" src=\"https:\/\/www.yongyukitchenware.com\/wp-content\/uploads\/2024\/09\/wholesale-stainless-steel-muddler-4.webp\" alt=\"grossiste-acier-inox-muddler (4)\" class=\"wp-image-1421\" style=\"width:360px;height:auto\" srcset=\"https:\/\/www.yongyukitchenware.com\/wp-content\/uploads\/2024\/09\/wholesale-stainless-steel-muddler-4.webp 800w, https:\/\/www.yongyukitchenware.com\/wp-content\/uploads\/2024\/09\/wholesale-stainless-steel-muddler-4-300x300.webp 300w, https:\/\/www.yongyukitchenware.com\/wp-content\/uploads\/2024\/09\/wholesale-stainless-steel-muddler-4-150x150.webp 150w, https:\/\/www.yongyukitchenware.com\/wp-content\/uploads\/2024\/09\/wholesale-stainless-steel-muddler-4-768x768.webp 768w, https:\/\/www.yongyukitchenware.com\/wp-content\/uploads\/2024\/09\/wholesale-stainless-steel-muddler-4-12x12.webp 12w, https:\/\/www.yongyukitchenware.com\/wp-content\/uploads\/2024\/09\/wholesale-stainless-steel-muddler-4-600x600.webp 600w, https:\/\/www.yongyukitchenware.com\/wp-content\/uploads\/2024\/09\/wholesale-stainless-steel-muddler-4-100x100.webp 100w\" sizes=\"(max-width: 800px) 100vw, 800px\" \/><\/figure>\n<\/div><\/div>\n<\/div>\n<\/div>\n<\/div>\n\n\n\n<h2 class=\"wp-block-heading\">Taille des pilons en acier inoxydable :<\/h2>\n\n\n\n<figure class=\"wp-block-table\"><table class=\"has-fixed-layout\"><tbody><tr><td>Mod\u00e8le<\/td><td>l'\u00e9l\u00e9gance<\/td><td>Hauteur* Largeur (cm)<\/td><td>MOQ<\/td><\/tr><tr><td rowspan=\"10\">DY088-Z<\/td><td>Taille \u00e9paisse de 21CM<\/td><td>21*3.3cm<\/td><td rowspan=\"10\">200PCS<\/td><\/tr><tr><td>Taille \u00e9paisse de 25CM<\/td><td>25*3.3cm<\/td><\/tr><tr><td>Taille fine 23CM<\/td><td>23*4cm<\/td><\/tr><tr><td>Taille fine 30CM<\/td><td>30*4cm<\/td><\/tr><tr><td>25CM dents de loup<\/td><td>25*4cm<\/td><\/tr><tr><td>30CM dents de loup<\/td><td>30*4cm<\/td><\/tr><tr><td>18,5CM acier<\/td><td>18.5*2.3cm<\/td><\/tr><tr><td>22.5CM mod\u00e8le tout acier<\/td><td>22.5*2.3cm<\/td><\/tr><tr><td>30CM taille fine mod\u00e8le tout acier<\/td><td>30*2.3cm<\/td><\/tr><tr><td>23CM Ondulation<\/td><td>23*3.3cm<\/td><\/tr><\/tbody><\/table><\/figure>","protected":false},"excerpt":{"rendered":"<p>Le m\u00e9langeur en acier inoxydable est parfaitement adapt\u00e9 \u00e0 la pr\u00e9paration de cocktails. Qu'il s'agisse d'\u00e9craser des fruits et des herbes ou de casser de la glace, il est facile \u00e0 manier, id\u00e9al pour les bars professionnels et les barmen amateurs !<\/p>\n<h2>Barboteur en acier inoxydable Param\u00e8tre :<\/h2>\n<p><strong>Mat\u00e9riau :<\/strong> acier inoxydable<br \/><strong>Diff\u00e9rents mat\u00e9riaux :<\/strong> tous les mat\u00e9riaux en acier et en PP<br \/><strong>Diff\u00e9rents styles :<\/strong> mod\u00e8le \u00e0 taille \u00e9paisse, mod\u00e8le \u00e0 taille fine, mod\u00e8le \u00e0 dents de loup, mod\u00e8le tout acier et mod\u00e8les ondul\u00e9s<br \/><strong>Emballage :<\/strong> bo\u00eete de couleur, bo\u00eete principale, ou sur mesure<br \/><strong>OEM\/ODM :<\/strong> disponible<\/p>\n<h2 class=\"wp-block-heading\">De Yongyu Catering Supplies Wholesaler :<\/h2>\n<p>En tant que meilleur fabricant de fournitures de restauration en Chine, nous sommes sp\u00e9cialis\u00e9s dans les articles de bar de haute qualit\u00e9 en gros et en douane. Nous avons 25 ans d'exp\u00e9rience professionnelle pour garantir aux clients des produits de pointe et des services efficaces.<\/p>","protected":false},"featured_media":1418,"comment_status":"closed","ping_status":"closed","template":"","meta":{"_acf_changed":false},"application":[30],"product_brand":[],"product_cat":[16],"product_tag":[],"class_list":{"0":"post-1417","1":"product","2":"type-product","3":"status-publish","4":"has-post-thumbnail","6":"application-hotel-catering","7":"product_cat-barware-wholesale-custom","9":"first","10":"instock","11":"shipping-taxable","12":"product-type-simple"},"acf":[],"_links":{"self":[{"href":"https:\/\/www.yongyukitchenware.com\/fr\/wp-json\/wp\/v2\/product\/1417","targetHints":{"allow":["GET"]}}],"collection":[{"href":"https:\/\/www.yongyukitchenware.com\/fr\/wp-json\/wp\/v2\/product"}],"about":[{"href":"https:\/\/www.yongyukitchenware.com\/fr\/wp-json\/wp\/v2\/types\/product"}],"replies":[{"embeddable":true,"href":"https:\/\/www.yongyukitchenware.com\/fr\/wp-json\/wp\/v2\/comments?post=1417"}],"wp:featuredmedia":[{"embeddable":true,"href":"https:\/\/www.yongyukitchenware.com\/fr\/wp-json\/wp\/v2\/media\/1418"}],"wp:attachment":[{"href":"https:\/\/www.yongyukitchenware.com\/fr\/wp-json\/wp\/v2\/media?parent=1417"}],"wp:term":[{"taxonomy":"application","embeddable":true,"href":"https:\/\/www.yongyukitchenware.com\/fr\/wp-json\/wp\/v2\/application?post=1417"},{"taxonomy":"product_brand","embeddable":true,"href":"https:\/\/www.yongyukitchenware.com\/fr\/wp-json\/wp\/v2\/product_brand?post=1417"},{"taxonomy":"product_cat","embeddable":true,"href":"https:\/\/www.yongyukitchenware.com\/fr\/wp-json\/wp\/v2\/product_cat?post=1417"},{"taxonomy":"product_tag","embeddable":true,"href":"https:\/\/www.yongyukitchenware.com\/fr\/wp-json\/wp\/v2\/product_tag?post=1417"}],"curies":[{"name":"wp","href":"https:\/\/api.w.org\/{rel}","templated":true}]}}