{"id":1448,"date":"2024-10-22T02:00:25","date_gmt":"2024-10-22T02:00:25","guid":{"rendered":"https:\/\/www.yongyukitchenware.com\/?post_type=product&#038;p=1448"},"modified":"2025-07-10T10:14:53","modified_gmt":"2025-07-10T10:14:53","slug":"stainless-steel-ice-cubes-wholesale","status":"publish","type":"product","link":"https:\/\/www.yongyukitchenware.com\/fr\/produit\/stainless-steel-ice-cubes-wholesale\/","title":{"rendered":"Grossiste Gla\u00e7ons en acier inoxydable avec pince \u00e0 glace r\u00e9utilisable"},"content":{"rendered":"<div class=\"wp-block-columns is-layout-flex wp-container-core-columns-is-layout-9d6595d7 wp-block-columns-is-layout-flex\">\n<div class=\"wp-block-column is-layout-flow wp-block-column-is-layout-flow\">\n<h2 class=\"wp-block-heading\">Gla\u00e7ons en acier inoxydable Caract\u00e9ristiques :<\/h2>\n\n\n\n<p><strong>Mat\u00e9riau en acier inoxydable de haute qualit\u00e9 : <\/strong>acier inoxydable 304 de qualit\u00e9 alimentaire, s\u00fbr et non toxique pour garantir la puret\u00e9 et la sant\u00e9 de vos boissons<br><strong>R\u00e9frig\u00e9ration efficace :<\/strong> peut \u00eatre retir\u00e9 apr\u00e8s 3 heures de r\u00e9frig\u00e9ration, peut \u00eatre utilis\u00e9 \u00e0 plusieurs reprises, ne fond pas, plus sain<br><strong>S\u00fbr et hygi\u00e9nique : <\/strong>les bords et les coins de la pierre \u00e0 glace sont lisses et faciles \u00e0 nettoyer, la surface en acier inoxydable n'absorbe pas les odeurs ou les saveurs, avec des clips, faciles \u00e0 tenir, \u00e0 nettoyer et hygi\u00e9niques<br><strong>Respectueux de l'environnement :<\/strong> R\u00e9utilisables ind\u00e9finiment, ils peuvent \u00eatre lav\u00e9s et congel\u00e9s \u00e0 nouveau apr\u00e8s usage, ce qui r\u00e9duit l'utilisation de gla\u00e7ons en plastique jetables et respecte l'environnement.<br><strong>Polyvalence : <\/strong>convient pour le whisky, les cocktails, le vin rouge, le brandy et d'autres types de boissons, id\u00e9al pour les bars, les restaurants et les familles<\/p>\n<\/div>\n\n\n\n<div class=\"wp-block-column is-layout-flow wp-block-column-is-layout-flow\">\n<h2 class=\"wp-block-heading\">Gla\u00e7ons en acier inoxydable Emballage combin\u00e9 :<\/h2>\n\n\n\n<figure class=\"wp-block-table\"><table class=\"has-fixed-layout\"><tbody><tr><td>Mod\u00e8le<\/td><td>Combinaison<\/td><td>Emballage<\/td><td>MOQ<\/td><\/tr><tr><td rowspan=\"6\">DY046-Z<\/td><td>Pierre \u00e0 vin de glace 4pcs<\/td><td>Bo\u00eete en plastique<\/td><td>150PCS<\/td><\/tr><tr><td>Pierre \u00e0 vin de glace 4pcs<\/td><td>Bo\u00eete en plastique avec pince<\/td><td>80PCS<\/td><\/tr><tr><td>Pierre \u00e0 vin de glace 6pcs<\/td><td>Bo\u00eete en plastique<\/td><td>100PCS<\/td><\/tr><tr><td>Pierres \u00e0 vin de glace 6pcs<\/td><td>Bo\u00eete en plastique avec pince<\/td><td>60PCS<\/td><\/tr><tr><td>Pierres \u00e0 vin de glace 8pcs<\/td><td>Bo\u00eete en plastique avec pince<\/td><td>60PCS<\/td><\/tr><tr><td>Pierre \u00e0 vin de glace 8pcs<\/td><td>Bo\u00eete de couleur avec pince<\/td><td>60PCS<\/td><\/tr><\/tbody><\/table><\/figure>\n<\/div>\n<\/div>\n\n\n\n<div class=\"wp-block-columns is-layout-flex wp-container-core-columns-is-layout-9d6595d7 wp-block-columns-is-layout-flex\">\n<div class=\"wp-block-column is-layout-flow wp-block-column-is-layout-flow\">\n<figure class=\"wp-block-image size-full\"><img decoding=\"async\" width=\"800\" height=\"800\" src=\"https:\/\/www.yongyukitchenware.com\/wp-content\/uploads\/2024\/10\/supply-stainless-steel-ice-cubes-2.webp\" alt=\"Fourniture de gla\u00e7ons en acier inoxydable (2)\" class=\"wp-image-1456\" srcset=\"https:\/\/www.yongyukitchenware.com\/wp-content\/uploads\/2024\/10\/supply-stainless-steel-ice-cubes-2.webp 800w, https:\/\/www.yongyukitchenware.com\/wp-content\/uploads\/2024\/10\/supply-stainless-steel-ice-cubes-2-300x300.webp 300w, https:\/\/www.yongyukitchenware.com\/wp-content\/uploads\/2024\/10\/supply-stainless-steel-ice-cubes-2-150x150.webp 150w, https:\/\/www.yongyukitchenware.com\/wp-content\/uploads\/2024\/10\/supply-stainless-steel-ice-cubes-2-768x768.webp 768w, https:\/\/www.yongyukitchenware.com\/wp-content\/uploads\/2024\/10\/supply-stainless-steel-ice-cubes-2-12x12.webp 12w, https:\/\/www.yongyukitchenware.com\/wp-content\/uploads\/2024\/10\/supply-stainless-steel-ice-cubes-2-600x600.webp 600w, https:\/\/www.yongyukitchenware.com\/wp-content\/uploads\/2024\/10\/supply-stainless-steel-ice-cubes-2-100x100.webp 100w\" sizes=\"(max-width: 800px) 100vw, 800px\" \/><\/figure>\n<\/div>\n\n\n\n<div class=\"wp-block-column is-layout-flow wp-block-column-is-layout-flow\">\n<figure class=\"wp-block-image size-full\"><img decoding=\"async\" width=\"800\" height=\"800\" src=\"https:\/\/www.yongyukitchenware.com\/wp-content\/uploads\/2024\/10\/supply-stainless-steel-ice-cubes-6.webp\" alt=\"Fourniture de gla\u00e7ons en acier inoxydable (6)\" class=\"wp-image-1460\" srcset=\"https:\/\/www.yongyukitchenware.com\/wp-content\/uploads\/2024\/10\/supply-stainless-steel-ice-cubes-6.webp 800w, https:\/\/www.yongyukitchenware.com\/wp-content\/uploads\/2024\/10\/supply-stainless-steel-ice-cubes-6-300x300.webp 300w, https:\/\/www.yongyukitchenware.com\/wp-content\/uploads\/2024\/10\/supply-stainless-steel-ice-cubes-6-150x150.webp 150w, https:\/\/www.yongyukitchenware.com\/wp-content\/uploads\/2024\/10\/supply-stainless-steel-ice-cubes-6-768x768.webp 768w, https:\/\/www.yongyukitchenware.com\/wp-content\/uploads\/2024\/10\/supply-stainless-steel-ice-cubes-6-12x12.webp 12w, https:\/\/www.yongyukitchenware.com\/wp-content\/uploads\/2024\/10\/supply-stainless-steel-ice-cubes-6-600x600.webp 600w, https:\/\/www.yongyukitchenware.com\/wp-content\/uploads\/2024\/10\/supply-stainless-steel-ice-cubes-6-100x100.webp 100w\" sizes=\"(max-width: 800px) 100vw, 800px\" \/><\/figure>\n<\/div>\n<\/div>","protected":false},"excerpt":{"rendered":"<p>Les gla\u00e7ons en acier inoxydable de haute qualit\u00e9 de Yongyu avec pince sont fabriqu\u00e9s en acier inoxydable 304 de qualit\u00e9 alimentaire, s\u00fbr et non toxique, r\u00e9utilisable, et refroidissent efficacement votre boisson. Il s'agit d'une pierre \u00e0 whisky parfaite pour am\u00e9liorer l'exp\u00e9rience de consommation des clients.<\/p>\n<h2>Gla\u00e7ons en acier inoxydable Param\u00e8tres :<\/h2>\n<p><strong>Mat\u00e9riau :<\/strong> Acier inoxydable<br \/><strong>Taille\uff1a<\/strong>27mm*27mm<br \/><strong>Forme :<\/strong> Carr\u00e9<br \/><strong>Diff\u00e9rentes combinaisons :<\/strong> 4pcs, 6pcs, 8pcs, etc.<br \/><strong>Emballage :<\/strong> Bo\u00eete de couleur, bo\u00eete principale ou bo\u00eete personnalis\u00e9e<br \/><strong>OEM\/ODM :<\/strong> Disponible<\/p>\n<h2 class=\"wp-block-heading\">De Yongyu Catering Supplies Wholesaler :<\/h2>\n<p>En tant que meilleur fabricant de fournitures de restauration en Chine, nous sommes sp\u00e9cialis\u00e9s dans les articles de bar de haute qualit\u00e9 en gros et en douane. Nous avons 25 ans d'exp\u00e9rience professionnelle pour garantir aux clients des produits de pointe et des services efficaces.<\/p>","protected":false},"featured_media":2028,"comment_status":"closed","ping_status":"closed","template":"","meta":{"_acf_changed":true},"application":[30],"product_brand":[],"product_cat":[16],"product_tag":[],"class_list":{"0":"post-1448","1":"product","2":"type-product","3":"status-publish","4":"has-post-thumbnail","6":"application-hotel-catering","7":"product_cat-barware-wholesale-custom","9":"first","10":"instock","11":"shipping-taxable","12":"product-type-simple"},"acf":[],"_links":{"self":[{"href":"https:\/\/www.yongyukitchenware.com\/fr\/wp-json\/wp\/v2\/product\/1448","targetHints":{"allow":["GET"]}}],"collection":[{"href":"https:\/\/www.yongyukitchenware.com\/fr\/wp-json\/wp\/v2\/product"}],"about":[{"href":"https:\/\/www.yongyukitchenware.com\/fr\/wp-json\/wp\/v2\/types\/product"}],"replies":[{"embeddable":true,"href":"https:\/\/www.yongyukitchenware.com\/fr\/wp-json\/wp\/v2\/comments?post=1448"}],"wp:featuredmedia":[{"embeddable":true,"href":"https:\/\/www.yongyukitchenware.com\/fr\/wp-json\/wp\/v2\/media\/2028"}],"wp:attachment":[{"href":"https:\/\/www.yongyukitchenware.com\/fr\/wp-json\/wp\/v2\/media?parent=1448"}],"wp:term":[{"taxonomy":"application","embeddable":true,"href":"https:\/\/www.yongyukitchenware.com\/fr\/wp-json\/wp\/v2\/application?post=1448"},{"taxonomy":"product_brand","embeddable":true,"href":"https:\/\/www.yongyukitchenware.com\/fr\/wp-json\/wp\/v2\/product_brand?post=1448"},{"taxonomy":"product_cat","embeddable":true,"href":"https:\/\/www.yongyukitchenware.com\/fr\/wp-json\/wp\/v2\/product_cat?post=1448"},{"taxonomy":"product_tag","embeddable":true,"href":"https:\/\/www.yongyukitchenware.com\/fr\/wp-json\/wp\/v2\/product_tag?post=1448"}],"curies":[{"name":"wp","href":"https:\/\/api.w.org\/{rel}","templated":true}]}}