{"id":1463,"date":"2024-10-06T17:26:49","date_gmt":"2024-10-06T17:26:49","guid":{"rendered":"https:\/\/www.yongyukitchenware.com\/?post_type=product&#038;p=1463"},"modified":"2025-06-26T03:35:58","modified_gmt":"2025-06-26T03:35:58","slug":"camping-pots-and-pans-wholesale","status":"publish","type":"product","link":"https:\/\/www.yongyukitchenware.com\/fr\/produit\/camping-pots-and-pans-wholesale\/","title":{"rendered":"Wholesale Camping Pots and Pans for Family Outdoor 3 Pcs Cookware Set (Ensemble d'ustensiles de cuisine 3 pi\u00e8ces pour le camping)"},"content":{"rendered":"<div class=\"wp-block-columns is-layout-flex wp-container-core-columns-is-layout-9d6595d7 wp-block-columns-is-layout-flex\">\n<div class=\"wp-block-column is-layout-flow wp-block-column-is-layout-flow\">\n<h2 class=\"wp-block-heading\">Marmites et casseroles de camping Caract\u00e9ristiques :<\/h2>\n\n\n\n<p><strong>Mat\u00e9riau en acier inoxydable de haute qualit\u00e9<\/strong>: Acier inoxydable 304 de qualit\u00e9 alimentaire, r\u00e9sistant \u00e0 la corrosion et \u00e0 l'oxydation<br><strong>Contenu de la batterie de cuisine<\/strong>: Marmite, po\u00eale \u00e0 frire, bouilloire, les styles peuvent \u00eatre empil\u00e9s entre le stockage, facile \u00e0 transporter, voyager sans pression.<br><strong>Poign\u00e9e repliable<\/strong>: Poign\u00e9e pliante de la modalit\u00e9 Embrace, anti-chaleur et peu encombrante<br><strong>Facile \u00e0 nettoyer<\/strong>: L'acier inoxydable est lisse et sans soudure, facile \u00e0 nettoyer, ce qui garantit la sant\u00e9 et l'hygi\u00e8ne.<\/p>\n\n\n\n<h2 class=\"wp-block-heading\">Marmites et casseroles de camping Taille :<\/h2>\n\n\n\n<figure class=\"wp-block-table\"><table class=\"has-fixed-layout\"><tbody><tr><td>Mod\u00e8le<\/td><td>Accessoires<\/td><td>Diam\u00e8tre<\/td><td>MOQ<\/td><\/tr><tr><td rowspan=\"3\">DY016-YC<\/td><td>Marmite<\/td><td>19cm<\/td><td rowspan=\"3\">10PCS<\/td><\/tr><tr><td>Po\u00eale \u00e0 frire<\/td><td>20cm<\/td><\/tr><tr><td>Bouilloire<\/td><td>\/<\/td><\/tr><\/tbody><\/table><\/figure>\n<\/div>\n\n\n\n<div class=\"wp-block-column is-layout-flow wp-block-column-is-layout-flow\">\n<div class=\"wp-block-columns is-layout-flex wp-container-core-columns-is-layout-9d6595d7 wp-block-columns-is-layout-flex\">\n<div class=\"wp-block-column is-layout-flow wp-block-column-is-layout-flow\"><\/div>\n<\/div>\n\n\n\n<div class=\"wp-block-columns is-layout-flex wp-container-core-columns-is-layout-9d6595d7 wp-block-columns-is-layout-flex\">\n<div class=\"wp-block-column is-layout-flow wp-block-column-is-layout-flow\">\n<figure class=\"wp-block-image size-full is-resized\"><img decoding=\"async\" width=\"800\" height=\"800\" src=\"https:\/\/www.yongyukitchenware.com\/wp-content\/uploads\/2024\/10\/Wholesale-Camping-Pots-and-Pans-3.webp\" alt=\"Marmites et casseroles de camping en gros 3\" class=\"wp-image-1466\" style=\"width:461px;height:auto\" srcset=\"https:\/\/www.yongyukitchenware.com\/wp-content\/uploads\/2024\/10\/Wholesale-Camping-Pots-and-Pans-3.webp 800w, https:\/\/www.yongyukitchenware.com\/wp-content\/uploads\/2024\/10\/Wholesale-Camping-Pots-and-Pans-3-300x300.webp 300w, https:\/\/www.yongyukitchenware.com\/wp-content\/uploads\/2024\/10\/Wholesale-Camping-Pots-and-Pans-3-150x150.webp 150w, https:\/\/www.yongyukitchenware.com\/wp-content\/uploads\/2024\/10\/Wholesale-Camping-Pots-and-Pans-3-768x768.webp 768w, https:\/\/www.yongyukitchenware.com\/wp-content\/uploads\/2024\/10\/Wholesale-Camping-Pots-and-Pans-3-12x12.webp 12w, https:\/\/www.yongyukitchenware.com\/wp-content\/uploads\/2024\/10\/Wholesale-Camping-Pots-and-Pans-3-600x600.webp 600w, https:\/\/www.yongyukitchenware.com\/wp-content\/uploads\/2024\/10\/Wholesale-Camping-Pots-and-Pans-3-100x100.webp 100w\" sizes=\"(max-width: 800px) 100vw, 800px\" \/><\/figure>\n<\/div>\n<\/div>\n<\/div>\n<\/div>","protected":false},"excerpt":{"rendered":"<p>Marmites et casseroles de camping en gros, y compris les marmites \u00e0 soupe, les po\u00eales \u00e0 frire et les bouilloires, avec des poign\u00e9es pliables. Convient \u00e0 la cuisine familiale en plein air, l\u00e9ger et facile \u00e0 nettoyer, le meilleur mat\u00e9riel de cuisine pour le camping.<\/p>\n<h2 style=\"text-align: left\">Marmites et casseroles de camping Param\u00e8tre :<\/h2>\n<p style=\"text-align: left\"><strong>Mat\u00e9riau :<\/strong> Acier inoxydable<br \/><strong>Couleur :<\/strong> Argent, blanc Couleur<br \/><strong>Capacit\u00e9 :<\/strong> Marmite de 2,6 litres, po\u00eale \u00e0 frire de 1,2 litre, bouilloire de 1,2 litre.\u00a0\u00a0<br \/><strong>Emballage : <\/strong>Sac d'opposition et bo\u00eete en carton<br \/><strong>OEM\/ODM :<\/strong> Disponible<\/p>\n<h2 class=\"wp-block-heading\">De Camping Kitchen Essentials Fabricant :<\/h2>\n<p>Yongyu est un fabricant professionnel d'articles de cuisine de camping, nos produits couvrent toutes sortes d'articles de cuisine de camping en acier inoxydable, tels que le mat\u00e9riel de cuisine de camping, la vaisselle de camping, les grilles de barbecue, etc.<\/p>","protected":false},"featured_media":2026,"comment_status":"closed","ping_status":"closed","template":"","meta":{"_acf_changed":false},"application":[31],"product_brand":[],"product_cat":[18],"product_tag":[],"class_list":{"0":"post-1463","1":"product","2":"type-product","3":"status-publish","4":"has-post-thumbnail","6":"application-champ-kitchen","7":"product_cat-camping-kitchen-essentials-wholesale","9":"first","10":"instock","11":"shipping-taxable","12":"product-type-simple"},"acf":[],"_links":{"self":[{"href":"https:\/\/www.yongyukitchenware.com\/fr\/wp-json\/wp\/v2\/product\/1463","targetHints":{"allow":["GET"]}}],"collection":[{"href":"https:\/\/www.yongyukitchenware.com\/fr\/wp-json\/wp\/v2\/product"}],"about":[{"href":"https:\/\/www.yongyukitchenware.com\/fr\/wp-json\/wp\/v2\/types\/product"}],"replies":[{"embeddable":true,"href":"https:\/\/www.yongyukitchenware.com\/fr\/wp-json\/wp\/v2\/comments?post=1463"}],"wp:featuredmedia":[{"embeddable":true,"href":"https:\/\/www.yongyukitchenware.com\/fr\/wp-json\/wp\/v2\/media\/2026"}],"wp:attachment":[{"href":"https:\/\/www.yongyukitchenware.com\/fr\/wp-json\/wp\/v2\/media?parent=1463"}],"wp:term":[{"taxonomy":"application","embeddable":true,"href":"https:\/\/www.yongyukitchenware.com\/fr\/wp-json\/wp\/v2\/application?post=1463"},{"taxonomy":"product_brand","embeddable":true,"href":"https:\/\/www.yongyukitchenware.com\/fr\/wp-json\/wp\/v2\/product_brand?post=1463"},{"taxonomy":"product_cat","embeddable":true,"href":"https:\/\/www.yongyukitchenware.com\/fr\/wp-json\/wp\/v2\/product_cat?post=1463"},{"taxonomy":"product_tag","embeddable":true,"href":"https:\/\/www.yongyukitchenware.com\/fr\/wp-json\/wp\/v2\/product_tag?post=1463"}],"curies":[{"name":"wp","href":"https:\/\/api.w.org\/{rel}","templated":true}]}}