{"id":1471,"date":"2024-10-22T02:13:18","date_gmt":"2024-10-22T02:13:18","guid":{"rendered":"https:\/\/www.yongyukitchenware.com\/?post_type=product&#038;p=1471"},"modified":"2025-06-26T06:19:56","modified_gmt":"2025-06-26T06:19:56","slug":"camping-rice-cooker-wholesale","status":"publish","type":"product","link":"https:\/\/www.yongyukitchenware.com\/fr\/produit\/camping-rice-cooker-wholesale\/","title":{"rendered":"Wholesale Camping Rice Cooker Stainless Steel for Outdoor Use (cuiseur \u00e0 riz de camping en acier inoxydable pour l'ext\u00e9rieur)"},"content":{"rendered":"<div class=\"wp-block-columns is-layout-flex wp-container-core-columns-is-layout-9d6595d7 wp-block-columns-is-layout-flex\">\n<div class=\"wp-block-column is-layout-flow wp-block-column-is-layout-flow\">\n<h2 class=\"wp-block-heading\">Cuiseur de riz de camping Caract\u00e9ristiques :<\/h2>\n\n\n\n<p><strong>Mat\u00e9riau en acier inoxydable de haute qualit\u00e9 : <\/strong>Acier inoxydable 304 de qualit\u00e9 alimentaire, r\u00e9sistant \u00e0 la corrosion et \u00e0 l'oxydation.<\/p>\n\n\n\n<p><strong>Compact et portable : <\/strong>Chaudi\u00e8re de cuisson polyvalente, portable, kitchenette de camping.<\/p>\n\n\n\n<p><strong>Poign\u00e9e portative : <\/strong>l'oreille de la serrure, c'est-\u00e0-dire que la serrure peut \u00e9galement \u00eatre suspendue.<\/p>\n\n\n\n<p><strong>Fond plat : <\/strong>Le fond peut \u00eatre chauff\u00e9 directement, ce qui permet de chauffer rapidement.<\/p>\n\n\n\n<p><strong>Facile \u00e0 nettoyer :<\/strong> Acier inoxydable Formation int\u00e9gr\u00e9e, pas d'interstice, ne cache pas la salet\u00e9, lisse et facile \u00e0 nettoyer.<\/p>\n<\/div>\n\n\n\n<div class=\"wp-block-column is-layout-flow wp-block-column-is-layout-flow\">\n<div class=\"wp-block-columns is-layout-flex wp-container-core-columns-is-layout-9d6595d7 wp-block-columns-is-layout-flex\">\n<div class=\"wp-block-column is-layout-flow wp-block-column-is-layout-flow\"><div class=\"wp-block-image\">\n<figure class=\"aligncenter size-full is-resized\"><img decoding=\"async\" width=\"800\" height=\"800\" src=\"https:\/\/www.yongyukitchenware.com\/wp-content\/uploads\/2024\/10\/Wholesale-Stainless-Steel-Camping-Rice-Cooker-6.webp\" alt=\"Cuiseur de riz de camping en acier inoxydable 6\" class=\"wp-image-1485\" style=\"width:416px;height:auto\" srcset=\"https:\/\/www.yongyukitchenware.com\/wp-content\/uploads\/2024\/10\/Wholesale-Stainless-Steel-Camping-Rice-Cooker-6.webp 800w, https:\/\/www.yongyukitchenware.com\/wp-content\/uploads\/2024\/10\/Wholesale-Stainless-Steel-Camping-Rice-Cooker-6-300x300.webp 300w, https:\/\/www.yongyukitchenware.com\/wp-content\/uploads\/2024\/10\/Wholesale-Stainless-Steel-Camping-Rice-Cooker-6-150x150.webp 150w, https:\/\/www.yongyukitchenware.com\/wp-content\/uploads\/2024\/10\/Wholesale-Stainless-Steel-Camping-Rice-Cooker-6-768x768.webp 768w, https:\/\/www.yongyukitchenware.com\/wp-content\/uploads\/2024\/10\/Wholesale-Stainless-Steel-Camping-Rice-Cooker-6-12x12.webp 12w, https:\/\/www.yongyukitchenware.com\/wp-content\/uploads\/2024\/10\/Wholesale-Stainless-Steel-Camping-Rice-Cooker-6-600x600.webp 600w, https:\/\/www.yongyukitchenware.com\/wp-content\/uploads\/2024\/10\/Wholesale-Stainless-Steel-Camping-Rice-Cooker-6-100x100.webp 100w\" sizes=\"(max-width: 800px) 100vw, 800px\" \/><\/figure>\n<\/div><\/div>\n<\/div>\n<\/div>\n<\/div>\n\n\n\n<h2 class=\"wp-block-heading\">Taille du cuiseur de riz de camping<\/h2>\n\n\n\n<figure class=\"wp-block-table\"><table class=\"has-fixed-layout\"><tbody><tr><td>Mod\u00e8le<\/td><td>Accessoires<\/td><td>Diam\u00e8tre ext\u00e9rieur<\/td><td>Diam\u00e8tre int\u00e9rieur<\/td><td>Hauteur&nbsp;<\/td><td>Diam\u00e8tre du fond<\/td><td>Hauteur pli\u00e9e<\/td><td>Poids&nbsp;<\/td><td>MOQ<\/td><\/tr><tr><td rowspan=\"4\">DY015-YC<\/td><td>marmite \u00e0 vapeur<\/td><td>13cm<\/td><td>11.7cm<\/td><td>17cm<\/td><td>11cm<\/td><td>20.7cm<\/td><td>350g<\/td><td rowspan=\"4\">24PCS<\/td><\/tr><tr><td>couvercle<\/td><td colspan=\"2\">13,3 cm<\/td><td>0,7 cm<\/td><td>\/<\/td><td>\/<\/td><td>80g<\/td><\/tr><tr><td>Pot int\u00e9rieur pour 2 personnes<\/td><td>13cm<\/td><td>11.6cm<\/td><td>8.8cm<\/td><td>10,4 cm<\/td><td>\/<\/td><td>160g<\/td><\/tr><tr><td>Pot int\u00e9rieur 3 portions<\/td><td>13cm<\/td><td>11.6cm<\/td><td>9.8cm<\/td><td>10,4 cm<\/td><td>\/<\/td><td>160g<\/td><\/tr><\/tbody><\/table><\/figure>","protected":false},"excerpt":{"rendered":"<p>Notre cuiseur \u00e0 riz de camping en acier inoxydable est id\u00e9al pour une utilisation en ext\u00e9rieur. Fabriqu\u00e9 en acier inoxydable 304 de qualit\u00e9 alimentaire, il est parfait pour cuire le riz, les soupes et les l\u00e9gumes \u00e0 la vapeur. L\u00e9ger et portable, il est facile \u00e0 transporter et \u00e0 nettoyer pour une cuisine en plein air sans tracas. Bienvenue aux demandes de renseignements\uff01<\/p>\n<h2 style=\"text-align: left\">Cuiseur de riz de camping Param\u00e8tre :<\/h2>\n<p style=\"text-align: left\"><strong>Mat\u00e9riau :<\/strong> Acier inoxydable<br \/><strong>Couleur :<\/strong> Couleur argent<br \/><strong>Emballage : <\/strong>Sac d'opposition et bo\u00eete en carton<br \/><strong>OEM\/ODM :<\/strong> Disponible<\/p>\n<h2 class=\"wp-block-heading\">De Camping Kitchen Essentials Fabricant :<\/h2>\n<p>Yongyu est un fabricant professionnel d'articles de cuisine de camping, nos produits couvrent toutes sortes d'articles de cuisine de camping en acier inoxydable, tels que le mat\u00e9riel de cuisine de camping, la vaisselle de camping, les grilles de barbecue, etc.<\/p>","protected":false},"featured_media":2022,"comment_status":"closed","ping_status":"closed","template":"","meta":{"_acf_changed":false},"application":[31],"product_brand":[],"product_cat":[18],"product_tag":[],"class_list":{"0":"post-1471","1":"product","2":"type-product","3":"status-publish","4":"has-post-thumbnail","6":"application-champ-kitchen","7":"product_cat-camping-kitchen-essentials-wholesale","9":"first","10":"instock","11":"shipping-taxable","12":"product-type-simple"},"acf":[],"_links":{"self":[{"href":"https:\/\/www.yongyukitchenware.com\/fr\/wp-json\/wp\/v2\/product\/1471","targetHints":{"allow":["GET"]}}],"collection":[{"href":"https:\/\/www.yongyukitchenware.com\/fr\/wp-json\/wp\/v2\/product"}],"about":[{"href":"https:\/\/www.yongyukitchenware.com\/fr\/wp-json\/wp\/v2\/types\/product"}],"replies":[{"embeddable":true,"href":"https:\/\/www.yongyukitchenware.com\/fr\/wp-json\/wp\/v2\/comments?post=1471"}],"wp:featuredmedia":[{"embeddable":true,"href":"https:\/\/www.yongyukitchenware.com\/fr\/wp-json\/wp\/v2\/media\/2022"}],"wp:attachment":[{"href":"https:\/\/www.yongyukitchenware.com\/fr\/wp-json\/wp\/v2\/media?parent=1471"}],"wp:term":[{"taxonomy":"application","embeddable":true,"href":"https:\/\/www.yongyukitchenware.com\/fr\/wp-json\/wp\/v2\/application?post=1471"},{"taxonomy":"product_brand","embeddable":true,"href":"https:\/\/www.yongyukitchenware.com\/fr\/wp-json\/wp\/v2\/product_brand?post=1471"},{"taxonomy":"product_cat","embeddable":true,"href":"https:\/\/www.yongyukitchenware.com\/fr\/wp-json\/wp\/v2\/product_cat?post=1471"},{"taxonomy":"product_tag","embeddable":true,"href":"https:\/\/www.yongyukitchenware.com\/fr\/wp-json\/wp\/v2\/product_tag?post=1471"}],"curies":[{"name":"wp","href":"https:\/\/api.w.org\/{rel}","templated":true}]}}