{"id":1487,"date":"2024-10-30T03:59:28","date_gmt":"2024-10-30T03:59:28","guid":{"rendered":"https:\/\/www.yongyukitchenware.com\/?post_type=product&#038;p=1487"},"modified":"2025-06-13T02:30:02","modified_gmt":"2025-06-13T02:30:02","slug":"stainless-steel-pot-wholesale","status":"publish","type":"product","link":"https:\/\/www.yongyukitchenware.com\/fr\/produit\/stainless-steel-pot-wholesale\/","title":{"rendered":"Pot \u00e0 lait japonais en acier inoxydable personnalis\u00e9 avec couvercle et poign\u00e9e en bois"},"content":{"rendered":"<div class=\"wp-block-columns is-layout-flex wp-container-core-columns-is-layout-9d6595d7 wp-block-columns-is-layout-flex\">\n<div class=\"wp-block-column is-layout-flow wp-block-column-is-layout-flow\">\n<h2 class=\"wp-block-heading\">Pot en acier inoxydable Caract\u00e9ristiques :<\/h2>\n\n\n\n<p><strong>Acier inoxydable de qualit\u00e9 : <\/strong>Acier inoxydable de qualit\u00e9 alimentaire, r\u00e9sistant \u00e0 la rouille et durable, facile \u00e0 nettoyer<br>Marquage de la capacit\u00e9 : capacit\u00e9 imprim\u00e9e \u00e0 l'int\u00e9rieur du pot, facile \u00e0 mesurer et \u00e0 contr\u00f4ler.<br><strong>Poign\u00e9e en bois :<\/strong> Conception ergonomique, prise en main confortable, bonne isolation thermique et anti-br\u00fblure<br><strong>Corps de casserole lisse :<\/strong> corps de la po\u00eale \u00e9paissi et approfondi, lisse et antiadh\u00e9sif, facile \u00e0 nettoyer, plus durable<br><strong>Transparent Couvercle : <\/strong>Il est dot\u00e9 d'un couvercle en verre transparent qui permet d'observer facilement le processus de cuisson tout en conservant la chaleur et l'humidit\u00e9.<br><strong>Chauffage homog\u00e8ne :<\/strong> La marmite a un fond plat et la structure multicouche du compartiment vapeur assure une r\u00e9partition uniforme de la chaleur, une cuisson uniforme des aliments et un meilleur r\u00e9sultat de cuisson.<\/p>\n\n\n\n<h2 class=\"wp-block-heading\">Acier inoxydable Taille du pot :<\/h2>\n\n\n\n<figure class=\"wp-block-table\"><table class=\"has-fixed-layout\"><tbody><tr><td>Mod\u00e8le<\/td><td>Styles<\/td><td>Taille<\/td><td>Diam\u00e8tre * Hauteur (cm)<\/td><td>MOQ<\/td><\/tr><tr><td rowspan=\"7\">DY036-G<\/td><td rowspan=\"4\">Pot \u00e0 poign\u00e9e unique<\/td><td>16CM<\/td><td>16*8cm<\/td><td rowspan=\"7\">60PCS<\/td><\/tr><tr><td>18CM<\/td><td>18*8.5cm<\/td><\/tr><tr><td>20CM<\/td><td>20*9cm<\/td><\/tr><tr><td>22CM<\/td><td>22*9,5cm<\/td><\/tr><tr><td rowspan=\"3\">Pot \u00e0 double poign\u00e9e<\/td><td>18cm<\/td><td>18*8.5cm<\/td><\/tr><tr><td>20cm<\/td><td>20*9cm<\/td><\/tr><tr><td>22cm<\/td><td>22*9,5cm<\/td><\/tr><\/tbody><\/table><\/figure>\n<\/div>\n\n\n\n<div class=\"wp-block-column is-layout-flow wp-block-column-is-layout-flow\">\n<div class=\"wp-block-columns is-layout-flex wp-container-core-columns-is-layout-9d6595d7 wp-block-columns-is-layout-flex\">\n<div class=\"wp-block-column is-layout-flow wp-block-column-is-layout-flow\">\n<figure class=\"wp-block-image size-full\"><img decoding=\"async\" width=\"800\" height=\"800\" src=\"https:\/\/www.yongyukitchenware.com\/wp-content\/uploads\/2024\/10\/stainless-steel-pot-manufacturer-7.webp\" alt=\"fabricant de casseroles en acier inoxydable (7)\" class=\"wp-image-1495\" srcset=\"https:\/\/www.yongyukitchenware.com\/wp-content\/uploads\/2024\/10\/stainless-steel-pot-manufacturer-7.webp 800w, https:\/\/www.yongyukitchenware.com\/wp-content\/uploads\/2024\/10\/stainless-steel-pot-manufacturer-7-300x300.webp 300w, https:\/\/www.yongyukitchenware.com\/wp-content\/uploads\/2024\/10\/stainless-steel-pot-manufacturer-7-150x150.webp 150w, https:\/\/www.yongyukitchenware.com\/wp-content\/uploads\/2024\/10\/stainless-steel-pot-manufacturer-7-768x768.webp 768w, https:\/\/www.yongyukitchenware.com\/wp-content\/uploads\/2024\/10\/stainless-steel-pot-manufacturer-7-12x12.webp 12w, https:\/\/www.yongyukitchenware.com\/wp-content\/uploads\/2024\/10\/stainless-steel-pot-manufacturer-7-600x600.webp 600w, https:\/\/www.yongyukitchenware.com\/wp-content\/uploads\/2024\/10\/stainless-steel-pot-manufacturer-7-100x100.webp 100w\" sizes=\"(max-width: 800px) 100vw, 800px\" \/><\/figure>\n<\/div>\n\n\n\n<div class=\"wp-block-column is-layout-flow wp-block-column-is-layout-flow\">\n<figure class=\"wp-block-image size-full\"><img decoding=\"async\" width=\"800\" height=\"800\" src=\"https:\/\/www.yongyukitchenware.com\/wp-content\/uploads\/2024\/10\/stainless-steel-pot-manufacturer-6.webp\" alt=\"fabricant de casseroles en acier inoxydable (6)\" class=\"wp-image-1494\" srcset=\"https:\/\/www.yongyukitchenware.com\/wp-content\/uploads\/2024\/10\/stainless-steel-pot-manufacturer-6.webp 800w, https:\/\/www.yongyukitchenware.com\/wp-content\/uploads\/2024\/10\/stainless-steel-pot-manufacturer-6-300x300.webp 300w, https:\/\/www.yongyukitchenware.com\/wp-content\/uploads\/2024\/10\/stainless-steel-pot-manufacturer-6-150x150.webp 150w, https:\/\/www.yongyukitchenware.com\/wp-content\/uploads\/2024\/10\/stainless-steel-pot-manufacturer-6-768x768.webp 768w, https:\/\/www.yongyukitchenware.com\/wp-content\/uploads\/2024\/10\/stainless-steel-pot-manufacturer-6-12x12.webp 12w, https:\/\/www.yongyukitchenware.com\/wp-content\/uploads\/2024\/10\/stainless-steel-pot-manufacturer-6-600x600.webp 600w, https:\/\/www.yongyukitchenware.com\/wp-content\/uploads\/2024\/10\/stainless-steel-pot-manufacturer-6-100x100.webp 100w\" sizes=\"(max-width: 800px) 100vw, 800px\" \/><\/figure>\n<\/div>\n<\/div>\n\n\n\n<div class=\"wp-block-columns is-layout-flex wp-container-core-columns-is-layout-9d6595d7 wp-block-columns-is-layout-flex\">\n<div class=\"wp-block-column is-layout-flow wp-block-column-is-layout-flow\">\n<figure class=\"wp-block-image size-full\"><img decoding=\"async\" width=\"800\" height=\"800\" src=\"https:\/\/www.yongyukitchenware.com\/wp-content\/uploads\/2024\/10\/stainless-steel-pot-manufacturer-4.webp\" alt=\"fabricant de casseroles en acier inoxydable (4)\" class=\"wp-image-1492\" srcset=\"https:\/\/www.yongyukitchenware.com\/wp-content\/uploads\/2024\/10\/stainless-steel-pot-manufacturer-4.webp 800w, https:\/\/www.yongyukitchenware.com\/wp-content\/uploads\/2024\/10\/stainless-steel-pot-manufacturer-4-300x300.webp 300w, https:\/\/www.yongyukitchenware.com\/wp-content\/uploads\/2024\/10\/stainless-steel-pot-manufacturer-4-150x150.webp 150w, https:\/\/www.yongyukitchenware.com\/wp-content\/uploads\/2024\/10\/stainless-steel-pot-manufacturer-4-768x768.webp 768w, https:\/\/www.yongyukitchenware.com\/wp-content\/uploads\/2024\/10\/stainless-steel-pot-manufacturer-4-12x12.webp 12w, https:\/\/www.yongyukitchenware.com\/wp-content\/uploads\/2024\/10\/stainless-steel-pot-manufacturer-4-600x600.webp 600w, https:\/\/www.yongyukitchenware.com\/wp-content\/uploads\/2024\/10\/stainless-steel-pot-manufacturer-4-100x100.webp 100w\" sizes=\"(max-width: 800px) 100vw, 800px\" \/><\/figure>\n<\/div>\n\n\n\n<div class=\"wp-block-column is-layout-flow wp-block-column-is-layout-flow\">\n<figure class=\"wp-block-image size-full\"><img decoding=\"async\" width=\"800\" height=\"800\" src=\"https:\/\/www.yongyukitchenware.com\/wp-content\/uploads\/2024\/10\/stainless-steel-pot-manufacturer-3.webp\" alt=\"fabricant de casseroles en acier inoxydable (3)\" class=\"wp-image-1491\" srcset=\"https:\/\/www.yongyukitchenware.com\/wp-content\/uploads\/2024\/10\/stainless-steel-pot-manufacturer-3.webp 800w, https:\/\/www.yongyukitchenware.com\/wp-content\/uploads\/2024\/10\/stainless-steel-pot-manufacturer-3-300x300.webp 300w, https:\/\/www.yongyukitchenware.com\/wp-content\/uploads\/2024\/10\/stainless-steel-pot-manufacturer-3-150x150.webp 150w, https:\/\/www.yongyukitchenware.com\/wp-content\/uploads\/2024\/10\/stainless-steel-pot-manufacturer-3-768x768.webp 768w, https:\/\/www.yongyukitchenware.com\/wp-content\/uploads\/2024\/10\/stainless-steel-pot-manufacturer-3-12x12.webp 12w, https:\/\/www.yongyukitchenware.com\/wp-content\/uploads\/2024\/10\/stainless-steel-pot-manufacturer-3-600x600.webp 600w, https:\/\/www.yongyukitchenware.com\/wp-content\/uploads\/2024\/10\/stainless-steel-pot-manufacturer-3-100x100.webp 100w\" sizes=\"(max-width: 800px) 100vw, 800px\" \/><\/figure>\n<\/div>\n<\/div>\n<\/div>\n<\/div>\n\n\n\n<p><\/p>","protected":false},"excerpt":{"rendered":"<p>Les casseroles et marmites en acier inoxydable de Yongyu sont de haute qualit\u00e9 et conviennent \u00e0 l'induction et aux cuisini\u00e8res, avec un cuiseur \u00e0 vapeur, des couvercles en verre et des poign\u00e9es en bois. <span class=\"Editor_t__not_edited__WuRP8\">Fournir <\/span><span class=\"Editor_t__added__LtuNJ\">comp\u00e9titif<\/span><span class=\"Editor_t__not_edited__WuRP8\"> des solutions personnalis\u00e9es <\/span><span class=\"Editor_t__added__LtuNJ\">\u00e0<\/span> <span class=\"Editor_t__added__LtuNJ\">tous<\/span> <span class=\"Editor_t__added__LtuNJ\">clients<\/span><span class=\"Editor_t__not_edited__WuRP8\">.<\/span><\/p>\n<h2>Acier inoxydable Param\u00e8tre du pot :<\/h2>\n<p><strong>Mat\u00e9riau :<\/strong> Acier inoxydable<br \/><strong>Types d'ustensiles de cuisine :<\/strong> Marmite \u00e0 lait, marmite \u00e0 soupe, marmite \u00e0 vapeur, marmite \u00e0 neige,<br \/><strong>Conception de la poign\u00e9e :<\/strong> Poign\u00e9e en bois et poign\u00e9e renforc\u00e9e par des rivets<br \/><strong>Diff\u00e9rentes tailles :<\/strong> 16cm, 18cm, 20cm<br \/><strong>Emballage :<\/strong> Bbag\/bulk\/carton ou sur mesure<br \/><strong>OEM\/ODM :<\/strong> Disponible<\/p>\n<h2 class=\"wp-block-heading\">Fabricant d'ustensiles de cuisine Yongyu :<\/h2>\n<p>Yongyu est un fabricant professionnel d'ustensiles de cuisine. Nos produits comprennent toutes sortes d'ustensiles de cuisine en acier inoxydable, tels que des cuiseurs de nouilles, des po\u00eales \u00e0 frire, des marmites, etc., et nous fournissons des services d'approvisionnement de qualit\u00e9 et des prix abordables pour chaque client.<\/p>","protected":false},"featured_media":1493,"comment_status":"closed","ping_status":"closed","template":"","meta":{"_acf_changed":false},"application":[29],"product_brand":[],"product_cat":[23,32],"product_tag":[43],"class_list":{"0":"post-1487","1":"product","2":"type-product","3":"status-publish","4":"has-post-thumbnail","6":"application-home-kitchen","7":"product_cat-kitchenware-wholesale","8":"product_cat-wholesale-cookware","9":"product_tag-recommend","11":"first","12":"instock","13":"shipping-taxable","14":"product-type-simple"},"acf":[],"_links":{"self":[{"href":"https:\/\/www.yongyukitchenware.com\/fr\/wp-json\/wp\/v2\/product\/1487","targetHints":{"allow":["GET"]}}],"collection":[{"href":"https:\/\/www.yongyukitchenware.com\/fr\/wp-json\/wp\/v2\/product"}],"about":[{"href":"https:\/\/www.yongyukitchenware.com\/fr\/wp-json\/wp\/v2\/types\/product"}],"replies":[{"embeddable":true,"href":"https:\/\/www.yongyukitchenware.com\/fr\/wp-json\/wp\/v2\/comments?post=1487"}],"wp:featuredmedia":[{"embeddable":true,"href":"https:\/\/www.yongyukitchenware.com\/fr\/wp-json\/wp\/v2\/media\/1493"}],"wp:attachment":[{"href":"https:\/\/www.yongyukitchenware.com\/fr\/wp-json\/wp\/v2\/media?parent=1487"}],"wp:term":[{"taxonomy":"application","embeddable":true,"href":"https:\/\/www.yongyukitchenware.com\/fr\/wp-json\/wp\/v2\/application?post=1487"},{"taxonomy":"product_brand","embeddable":true,"href":"https:\/\/www.yongyukitchenware.com\/fr\/wp-json\/wp\/v2\/product_brand?post=1487"},{"taxonomy":"product_cat","embeddable":true,"href":"https:\/\/www.yongyukitchenware.com\/fr\/wp-json\/wp\/v2\/product_cat?post=1487"},{"taxonomy":"product_tag","embeddable":true,"href":"https:\/\/www.yongyukitchenware.com\/fr\/wp-json\/wp\/v2\/product_tag?post=1487"}],"curies":[{"name":"wp","href":"https:\/\/api.w.org\/{rel}","templated":true}]}}