{"id":1488,"date":"2024-10-22T02:32:18","date_gmt":"2024-10-22T02:32:18","guid":{"rendered":"https:\/\/www.yongyukitchenware.com\/?post_type=product&#038;p=1488"},"modified":"2025-06-26T06:22:43","modified_gmt":"2025-06-26T06:22:43","slug":"food-storage-boxes-bulk","status":"publish","type":"product","link":"https:\/\/www.yongyukitchenware.com\/fr\/produit\/food-storage-boxes-bulk\/","title":{"rendered":"Bulk Square Food Storage Boxes Stainless Steel with Lid and Handle (bo\u00eetes de conservation carr\u00e9es pour aliments en vrac en acier inoxydable avec couvercle et poign\u00e9e)"},"content":{"rendered":"<div class=\"wp-block-columns is-layout-flex wp-container-core-columns-is-layout-9d6595d7 wp-block-columns-is-layout-flex\">\n<div class=\"wp-block-column is-layout-flow wp-block-column-is-layout-flow\">\n<h2 class=\"wp-block-heading\">Bo\u00eetes de conservation des aliments Caract\u00e9ristiques :<\/h2>\n\n\n\n<p><strong>Acier inoxydable de haute qualit\u00e9 : <\/strong>Acier inoxydable 304 de qualit\u00e9 alimentaire, r\u00e9sistant \u00e0 la corrosion et \u00e0 l'oxydation.<\/p>\n\n\n\n<p><strong>Options multi-capacit\u00e9s :<\/strong> 1200ml, 1600ml, 2300ml, 3000ml, pour r\u00e9pondre aux diff\u00e9rents besoins.<\/p>\n\n\n\n<p><strong>Double joint d'\u00e9tanch\u00e9it\u00e9 :<\/strong> L'anneau en silicone du couvercle et le bouchon d'\u00e9tanch\u00e9it\u00e9 en silicone sont con\u00e7us de mani\u00e8re \u00e0 assurer l'\u00e9tanch\u00e9it\u00e9, ce qui rend les voyages plus s\u00fbrs.<\/p>\n\n\n\n<p><strong>Conception de la poign\u00e9e : <\/strong>La poign\u00e9e de rangement pliante ne prend pas de place et est confortable \u00e0 tenir.<\/p>\n\n\n\n<p><strong>Couvercle visible : <\/strong>l'int\u00e9rieur des aliments est visible, il n'est pas n\u00e9cessaire d'ouvrir le couvercle pour le voir.<\/p>\n<\/div>\n\n\n\n<div class=\"wp-block-column is-layout-flow wp-block-column-is-layout-flow\">\n<div class=\"wp-block-columns is-layout-flex wp-container-core-columns-is-layout-9d6595d7 wp-block-columns-is-layout-flex\">\n<div class=\"wp-block-column is-layout-flow wp-block-column-is-layout-flow\">\n<figure class=\"wp-block-image size-full is-resized\"><img decoding=\"async\" width=\"800\" height=\"800\" src=\"https:\/\/www.yongyukitchenware.com\/wp-content\/uploads\/2024\/10\/Bulk-Square-Food-Storage-Box-4.webp\" alt=\"Bo\u00eetes de conservation carr\u00e9es en vrac 4\" class=\"wp-image-1499\" style=\"width:413px;height:auto\" srcset=\"https:\/\/www.yongyukitchenware.com\/wp-content\/uploads\/2024\/10\/Bulk-Square-Food-Storage-Box-4.webp 800w, https:\/\/www.yongyukitchenware.com\/wp-content\/uploads\/2024\/10\/Bulk-Square-Food-Storage-Box-4-300x300.webp 300w, https:\/\/www.yongyukitchenware.com\/wp-content\/uploads\/2024\/10\/Bulk-Square-Food-Storage-Box-4-150x150.webp 150w, https:\/\/www.yongyukitchenware.com\/wp-content\/uploads\/2024\/10\/Bulk-Square-Food-Storage-Box-4-768x768.webp 768w, https:\/\/www.yongyukitchenware.com\/wp-content\/uploads\/2024\/10\/Bulk-Square-Food-Storage-Box-4-12x12.webp 12w, https:\/\/www.yongyukitchenware.com\/wp-content\/uploads\/2024\/10\/Bulk-Square-Food-Storage-Box-4-600x600.webp 600w, https:\/\/www.yongyukitchenware.com\/wp-content\/uploads\/2024\/10\/Bulk-Square-Food-Storage-Box-4-100x100.webp 100w\" sizes=\"(max-width: 800px) 100vw, 800px\" \/><\/figure>\n<\/div>\n<\/div>\n<\/div>\n<\/div>\n\n\n\n<h2 class=\"wp-block-heading\">Bo\u00eetes de conservation des aliments Taille :<\/h2>\n\n\n\n<figure class=\"wp-block-table\"><table class=\"has-fixed-layout\"><tbody><tr><td>Mod\u00e8le<\/td><td>Taille<\/td><td>Longueur*Largeur*Hauteur<\/td><td>MOQ<\/td><\/tr><tr><td rowspan=\"4\">DY054-FH<\/td><td>1.2L<\/td><td>17.5*17.5*8.5cm<\/td><td rowspan=\"4\">60PCS<\/td><\/tr><tr><td>1.6L<\/td><td>17.5*17.5*10.5cm<\/td><\/tr><tr><td>2.3L<\/td><td>21.5*21.5*10cm<\/td><\/tr><tr><td>3.0L<\/td><td>21.5*21.5*12cm<\/td><\/tr><\/tbody><\/table><\/figure>","protected":false},"excerpt":{"rendered":"<p>Nos bo\u00eetes de conservation carr\u00e9es en vrac avec poign\u00e9e sont faciles \u00e0 transporter et id\u00e9ales pour conserver de grandes quantit\u00e9s d'aliments. Son design carr\u00e9 peu encombrant et son couvercle herm\u00e9tique permettent de conserver la fra\u00eecheur des aliments, ce qui est parfait pour un usage domestique ou commercial. Bienvenue aux demandes de renseignements\uff01<\/p>\n<h2 style=\"text-align: left\">Bo\u00eetes de conservation des aliments Param\u00e8tre :<\/h2>\n<p style=\"text-align: left\"><strong>Mat\u00e9riau :<\/strong> Acier inoxydable<br \/><strong>Couleur :<\/strong> Couleur argent<br \/><strong>Diff\u00e9rentes tailles :<\/strong> 1.2L, 1.6L, 2.3L et 3.oL<br \/><strong>Emballage : <\/strong>Sac d'opposition et bo\u00eete en carton<br \/><strong>OEM\/ODM :<\/strong> Disponible<\/p>\n<h2 class=\"wp-block-heading\">Fabricant de r\u00e9cipients de stockage d'aliments :<\/h2>\n<p>Fond\u00e9e en 1996, la soci\u00e9t\u00e9 Yongyu est sp\u00e9cialis\u00e9e dans la production et la vente en gros de r\u00e9cipients de conservation en acier inoxydable, d'ustensiles de cuisine, d'articles de restauration, d'articles m\u00e9nagers et d'\u00e9quipements de cuisine pour le camping. Elle propose \u00e0 ses clients des services OEM et ODM ainsi que des services d'approvisionnement en ligne.<\/p>","protected":false},"featured_media":1498,"comment_status":"closed","ping_status":"closed","template":"","meta":{"_acf_changed":false},"application":[31,29],"product_brand":[],"product_cat":[19],"product_tag":[],"class_list":{"0":"post-1488","1":"product","2":"type-product","3":"status-publish","4":"has-post-thumbnail","6":"application-champ-kitchen","7":"application-home-kitchen","8":"product_cat-food-storage-container-bulk-custom","10":"first","11":"instock","12":"shipping-taxable","13":"product-type-simple"},"acf":[],"_links":{"self":[{"href":"https:\/\/www.yongyukitchenware.com\/fr\/wp-json\/wp\/v2\/product\/1488","targetHints":{"allow":["GET"]}}],"collection":[{"href":"https:\/\/www.yongyukitchenware.com\/fr\/wp-json\/wp\/v2\/product"}],"about":[{"href":"https:\/\/www.yongyukitchenware.com\/fr\/wp-json\/wp\/v2\/types\/product"}],"replies":[{"embeddable":true,"href":"https:\/\/www.yongyukitchenware.com\/fr\/wp-json\/wp\/v2\/comments?post=1488"}],"wp:featuredmedia":[{"embeddable":true,"href":"https:\/\/www.yongyukitchenware.com\/fr\/wp-json\/wp\/v2\/media\/1498"}],"wp:attachment":[{"href":"https:\/\/www.yongyukitchenware.com\/fr\/wp-json\/wp\/v2\/media?parent=1488"}],"wp:term":[{"taxonomy":"application","embeddable":true,"href":"https:\/\/www.yongyukitchenware.com\/fr\/wp-json\/wp\/v2\/application?post=1488"},{"taxonomy":"product_brand","embeddable":true,"href":"https:\/\/www.yongyukitchenware.com\/fr\/wp-json\/wp\/v2\/product_brand?post=1488"},{"taxonomy":"product_cat","embeddable":true,"href":"https:\/\/www.yongyukitchenware.com\/fr\/wp-json\/wp\/v2\/product_cat?post=1488"},{"taxonomy":"product_tag","embeddable":true,"href":"https:\/\/www.yongyukitchenware.com\/fr\/wp-json\/wp\/v2\/product_tag?post=1488"}],"curies":[{"name":"wp","href":"https:\/\/api.w.org\/{rel}","templated":true}]}}