{"id":1503,"date":"2024-10-30T05:23:49","date_gmt":"2024-10-30T05:23:49","guid":{"rendered":"https:\/\/www.yongyukitchenware.com\/?post_type=product&#038;p=1503"},"modified":"2025-06-25T06:07:17","modified_gmt":"2025-06-25T06:07:17","slug":"stockpot-wholesale","status":"publish","type":"product","link":"https:\/\/www.yongyukitchenware.com\/fr\/produit\/stockpot-wholesale\/","title":{"rendered":"Marmite en acier inoxydable avec passoire pour la cuisson des p\u00e2tes"},"content":{"rendered":"<div class=\"wp-block-columns is-layout-flex wp-container-core-columns-is-layout-9d6595d7 wp-block-columns-is-layout-flex\">\n<div class=\"wp-block-column is-layout-flow wp-block-column-is-layout-flow\">\n<h2 class=\"wp-block-heading\">Pot de chambre Caract\u00e9ristiques :<\/h2>\n\n\n\n<p><strong>Acier inoxydable de haute qualit\u00e9 :<\/strong> Mat\u00e9riau en acier inoxydable de qualit\u00e9 alimentaire, r\u00e9sistant \u00e0 la rouille et durable, longue dur\u00e9e de vie<br><strong>Panier \u00e0 mailles ind\u00e9pendantes : <\/strong>Un panier en filet muni de crochets peut \u00eatre accroch\u00e9 sur le c\u00f4t\u00e9 de la casserole pour s\u00e9parer rapidement les r\u00e9sidus de soupe. Convient pour la friture, la soupe et d'autres m\u00e9thodes de cuisson.<br><strong>Fond en composite \u00e0 trois couches : <\/strong>chauffage r\u00e9gulier et rapide, applicable \u00e0 une vari\u00e9t\u00e9 de po\u00eales, large gamme d'utilisation<br><strong>Corps \u00e0 haute teneur en pot : <\/strong>Augmentation de la hauteur, augmentation de la capacit\u00e9, pas de risque d'\u00e9claboussures lors de la cuisson, de l'agitation, s\u00e9curit\u00e9 d'utilisation.<br><strong>Poign\u00e9e isol\u00e9e :<\/strong> rivet\u00e9s et renforc\u00e9s pour une prise en main s\u00fbre et confortable, faciles \u00e0 utiliser m\u00eame lorsque la casserole est chauff\u00e9e.<\/p>\n<\/div>\n\n\n\n<div class=\"wp-block-column is-layout-flow wp-block-column-is-layout-flow\">\n<div class=\"wp-block-columns is-layout-flex wp-container-core-columns-is-layout-9d6595d7 wp-block-columns-is-layout-flex\">\n<div class=\"wp-block-column is-layout-flow wp-block-column-is-layout-flow\">\n<figure class=\"wp-block-image size-full\"><img decoding=\"async\" width=\"800\" height=\"800\" src=\"https:\/\/www.yongyukitchenware.com\/wp-content\/uploads\/2024\/10\/bulk-stock-pot-with-strainer-9.webp\" alt=\"pot de masse avec tamis (9)\" class=\"wp-image-1520\" srcset=\"https:\/\/www.yongyukitchenware.com\/wp-content\/uploads\/2024\/10\/bulk-stock-pot-with-strainer-9.webp 800w, https:\/\/www.yongyukitchenware.com\/wp-content\/uploads\/2024\/10\/bulk-stock-pot-with-strainer-9-300x300.webp 300w, https:\/\/www.yongyukitchenware.com\/wp-content\/uploads\/2024\/10\/bulk-stock-pot-with-strainer-9-150x150.webp 150w, https:\/\/www.yongyukitchenware.com\/wp-content\/uploads\/2024\/10\/bulk-stock-pot-with-strainer-9-768x768.webp 768w, https:\/\/www.yongyukitchenware.com\/wp-content\/uploads\/2024\/10\/bulk-stock-pot-with-strainer-9-12x12.webp 12w, https:\/\/www.yongyukitchenware.com\/wp-content\/uploads\/2024\/10\/bulk-stock-pot-with-strainer-9-600x600.webp 600w, https:\/\/www.yongyukitchenware.com\/wp-content\/uploads\/2024\/10\/bulk-stock-pot-with-strainer-9-100x100.webp 100w\" sizes=\"(max-width: 800px) 100vw, 800px\" \/><\/figure>\n<\/div>\n\n\n\n<div class=\"wp-block-column is-layout-flow wp-block-column-is-layout-flow\">\n<figure class=\"wp-block-image size-full\"><img decoding=\"async\" width=\"800\" height=\"800\" src=\"https:\/\/www.yongyukitchenware.com\/wp-content\/uploads\/2024\/10\/bulk-stock-pot-with-strainer-4.webp\" alt=\"pot de masse avec tamis (4)\" class=\"wp-image-1515\" srcset=\"https:\/\/www.yongyukitchenware.com\/wp-content\/uploads\/2024\/10\/bulk-stock-pot-with-strainer-4.webp 800w, https:\/\/www.yongyukitchenware.com\/wp-content\/uploads\/2024\/10\/bulk-stock-pot-with-strainer-4-300x300.webp 300w, https:\/\/www.yongyukitchenware.com\/wp-content\/uploads\/2024\/10\/bulk-stock-pot-with-strainer-4-150x150.webp 150w, https:\/\/www.yongyukitchenware.com\/wp-content\/uploads\/2024\/10\/bulk-stock-pot-with-strainer-4-768x768.webp 768w, https:\/\/www.yongyukitchenware.com\/wp-content\/uploads\/2024\/10\/bulk-stock-pot-with-strainer-4-12x12.webp 12w, https:\/\/www.yongyukitchenware.com\/wp-content\/uploads\/2024\/10\/bulk-stock-pot-with-strainer-4-600x600.webp 600w, https:\/\/www.yongyukitchenware.com\/wp-content\/uploads\/2024\/10\/bulk-stock-pot-with-strainer-4-100x100.webp 100w\" sizes=\"(max-width: 800px) 100vw, 800px\" \/><\/figure>\n<\/div>\n<\/div>\n\n\n\n<div class=\"wp-block-columns is-layout-flex wp-container-core-columns-is-layout-9d6595d7 wp-block-columns-is-layout-flex\">\n<div class=\"wp-block-column is-layout-flow wp-block-column-is-layout-flow\">\n<figure class=\"wp-block-image size-full\"><img decoding=\"async\" width=\"800\" height=\"800\" src=\"https:\/\/www.yongyukitchenware.com\/wp-content\/uploads\/2024\/10\/bulk-stock-pot-with-strainer-2.webp\" alt=\"pot de masse avec tamis (2)\" class=\"wp-image-1513\" srcset=\"https:\/\/www.yongyukitchenware.com\/wp-content\/uploads\/2024\/10\/bulk-stock-pot-with-strainer-2.webp 800w, https:\/\/www.yongyukitchenware.com\/wp-content\/uploads\/2024\/10\/bulk-stock-pot-with-strainer-2-300x300.webp 300w, https:\/\/www.yongyukitchenware.com\/wp-content\/uploads\/2024\/10\/bulk-stock-pot-with-strainer-2-150x150.webp 150w, https:\/\/www.yongyukitchenware.com\/wp-content\/uploads\/2024\/10\/bulk-stock-pot-with-strainer-2-768x768.webp 768w, https:\/\/www.yongyukitchenware.com\/wp-content\/uploads\/2024\/10\/bulk-stock-pot-with-strainer-2-12x12.webp 12w, https:\/\/www.yongyukitchenware.com\/wp-content\/uploads\/2024\/10\/bulk-stock-pot-with-strainer-2-600x600.webp 600w, https:\/\/www.yongyukitchenware.com\/wp-content\/uploads\/2024\/10\/bulk-stock-pot-with-strainer-2-100x100.webp 100w\" sizes=\"(max-width: 800px) 100vw, 800px\" \/><\/figure>\n<\/div>\n\n\n\n<div class=\"wp-block-column is-layout-flow wp-block-column-is-layout-flow\">\n<figure class=\"wp-block-image size-full\"><img decoding=\"async\" width=\"800\" height=\"800\" src=\"https:\/\/www.yongyukitchenware.com\/wp-content\/uploads\/2024\/10\/bulk-stock-pot-with-strainer-5.webp\" alt=\"pot de masse avec tamis (5)\" class=\"wp-image-1516\" srcset=\"https:\/\/www.yongyukitchenware.com\/wp-content\/uploads\/2024\/10\/bulk-stock-pot-with-strainer-5.webp 800w, https:\/\/www.yongyukitchenware.com\/wp-content\/uploads\/2024\/10\/bulk-stock-pot-with-strainer-5-300x300.webp 300w, https:\/\/www.yongyukitchenware.com\/wp-content\/uploads\/2024\/10\/bulk-stock-pot-with-strainer-5-150x150.webp 150w, https:\/\/www.yongyukitchenware.com\/wp-content\/uploads\/2024\/10\/bulk-stock-pot-with-strainer-5-768x768.webp 768w, https:\/\/www.yongyukitchenware.com\/wp-content\/uploads\/2024\/10\/bulk-stock-pot-with-strainer-5-12x12.webp 12w, https:\/\/www.yongyukitchenware.com\/wp-content\/uploads\/2024\/10\/bulk-stock-pot-with-strainer-5-600x600.webp 600w, https:\/\/www.yongyukitchenware.com\/wp-content\/uploads\/2024\/10\/bulk-stock-pot-with-strainer-5-100x100.webp 100w\" sizes=\"(max-width: 800px) 100vw, 800px\" \/><\/figure>\n<\/div>\n<\/div>\n<\/div>\n<\/div>","protected":false},"excerpt":{"rendered":"<p>Marmite en acier inoxydable personnalis\u00e9e avec passoire, poign\u00e9e simple ou double, et couvercle en verre ou en acier inoxydable. Le fabricant Yongyu propose des produits OEM et ODM. N'h\u00e9sitez pas \u00e0 nous contacter pour toute demande de renseignements.<\/p>\n<h2>Param\u00e8tre de la marmite :<\/h2>\n<p><strong>Mat\u00e9riau :<\/strong> Acier inoxydable<br \/><strong>Accessoires :<\/strong> Panier en filet avec crochet, couvercle de pot<br \/><strong>Conception du pot :<\/strong> Triple fond en composite, corps de pot sur\u00e9lev\u00e9<br \/><strong>Diff\u00e9rentes tailles : <\/strong>Diam\u00e8tre 17cm, petite, moyenne et grande taille<br \/><strong>Emballage :<\/strong> Sac\/volume\/carton ou sur mesure<br \/><strong>OEM\/ODM :<\/strong> Disponible<\/p>\n<h2 class=\"wp-block-heading\">Fabricant d'ustensiles de cuisine Yongyu :<\/h2>\n<p>Yongyu est un fabricant professionnel d'ustensiles de cuisine. Nos produits comprennent toutes sortes d'ustensiles de cuisine en acier inoxydable, tels que des cuiseurs de nouilles, des po\u00eales \u00e0 frire, des marmites, etc., et nous fournissons des services d'approvisionnement de qualit\u00e9 et des prix abordables pour chaque client.<\/p>","protected":false},"featured_media":1521,"comment_status":"closed","ping_status":"closed","template":"","meta":{"_acf_changed":true},"application":[29],"product_brand":[],"product_cat":[23,32],"product_tag":[43],"class_list":{"0":"post-1503","1":"product","2":"type-product","3":"status-publish","4":"has-post-thumbnail","6":"application-home-kitchen","7":"product_cat-kitchenware-wholesale","8":"product_cat-wholesale-cookware","9":"product_tag-recommend","11":"first","12":"instock","13":"shipping-taxable","14":"product-type-simple"},"acf":[],"_links":{"self":[{"href":"https:\/\/www.yongyukitchenware.com\/fr\/wp-json\/wp\/v2\/product\/1503","targetHints":{"allow":["GET"]}}],"collection":[{"href":"https:\/\/www.yongyukitchenware.com\/fr\/wp-json\/wp\/v2\/product"}],"about":[{"href":"https:\/\/www.yongyukitchenware.com\/fr\/wp-json\/wp\/v2\/types\/product"}],"replies":[{"embeddable":true,"href":"https:\/\/www.yongyukitchenware.com\/fr\/wp-json\/wp\/v2\/comments?post=1503"}],"wp:featuredmedia":[{"embeddable":true,"href":"https:\/\/www.yongyukitchenware.com\/fr\/wp-json\/wp\/v2\/media\/1521"}],"wp:attachment":[{"href":"https:\/\/www.yongyukitchenware.com\/fr\/wp-json\/wp\/v2\/media?parent=1503"}],"wp:term":[{"taxonomy":"application","embeddable":true,"href":"https:\/\/www.yongyukitchenware.com\/fr\/wp-json\/wp\/v2\/application?post=1503"},{"taxonomy":"product_brand","embeddable":true,"href":"https:\/\/www.yongyukitchenware.com\/fr\/wp-json\/wp\/v2\/product_brand?post=1503"},{"taxonomy":"product_cat","embeddable":true,"href":"https:\/\/www.yongyukitchenware.com\/fr\/wp-json\/wp\/v2\/product_cat?post=1503"},{"taxonomy":"product_tag","embeddable":true,"href":"https:\/\/www.yongyukitchenware.com\/fr\/wp-json\/wp\/v2\/product_tag?post=1503"}],"curies":[{"name":"wp","href":"https:\/\/api.w.org\/{rel}","templated":true}]}}