{"id":1522,"date":"2024-10-30T07:12:04","date_gmt":"2024-10-30T07:12:04","guid":{"rendered":"https:\/\/www.yongyukitchenware.com\/?post_type=product&#038;p=1522"},"modified":"2025-07-10T09:49:00","modified_gmt":"2025-07-10T09:49:00","slug":"slanted-bowl-wholesale","status":"publish","type":"product","link":"https:\/\/www.yongyukitchenware.com\/fr\/produit\/slanted-bowl-wholesale\/","title":{"rendered":"Wholesale Slanted Bowl Stainless Steel Condiment Bowl Multisize (bol \u00e0 condiments inclin\u00e9 en acier inoxydable)"},"content":{"rendered":"<div class=\"wp-block-columns are-vertically-aligned-top is-layout-flex wp-container-core-columns-is-layout-9d6595d7 wp-block-columns-is-layout-flex\">\n<div class=\"wp-block-column is-vertically-aligned-top is-layout-flow wp-block-column-is-layout-flow\">\n<h2 class=\"wp-block-heading\">Caract\u00e9ristiques du bol inclin\u00e9 :<\/h2>\n\n\n\n<p><strong>Acier inoxydable de haute qualit\u00e9 :<\/strong> Acier inoxydable de qualit\u00e9 alimentaire, r\u00e9sistant \u00e0 la corrosion, sans odeur, durable.<br><strong>Diff\u00e9rentes sp\u00e9cifications sont disponibles :<\/strong> avec ou sans base, plaqu\u00e9 argent, plaqu\u00e9 or, couleur or noir.<br><strong>Conception oblique de la bouche :<\/strong> Bouche oblique de grand diam\u00e8tre, pratique pour contenir toutes sortes d'aliments.<br><strong>Conception \u00e0 double processus : <\/strong>Processus d'emboutissage interne, polissage miroir externe, imperm\u00e9able et antirouille, unique et beau.<br><strong>Bords arrondis :<\/strong> Les bords polis sont lisses, sans bavures, et ne blessent pas les mains.<\/p>\n\n\n\n<div class=\"wp-block-group is-vertical is-layout-flex wp-container-core-group-is-layout-8cf370e7 wp-block-group-is-layout-flex\">\n<h2 class=\"wp-block-heading\">Taille du bol inclin\u00e9 :<\/h2>\n\n\n\n<figure class=\"wp-block-table\"><table class=\"has-fixed-layout\"><tbody><tr><td>Mod\u00e8le<\/td><td>Base<\/td><td>diam\u00e8tre<\/td><td>MOQ<\/td><\/tr><tr><td rowspan=\"8\">DY023-W<\/td><td>pas de base<\/td><td>14CM<\/td><td>36PCS<\/td><\/tr><tr><td>pas de base<\/td><td>18CM<\/td><td>24PCS<\/td><\/tr><tr><td>pas de base<\/td><td>22CM<\/td><td>18PCS<\/td><\/tr><tr><td>pas de base<\/td><td>26CM<\/td><td>18PCS<\/td><\/tr><tr><td>Avec base en silicone<\/td><td>14CM<\/td><td>36PCS<\/td><\/tr><tr><td>Avec base en silicone<\/td><td>18CM<\/td><td>24PCS<\/td><\/tr><tr><td>Avec base en silicone<\/td><td>22CM<\/td><td>18PCS<\/td><\/tr><tr><td>Avec base<\/td><td>26CM<\/td><td>18PCS<\/td><\/tr><\/tbody><\/table><\/figure>\n<\/div>\n<\/div>\n\n\n\n<div class=\"wp-block-column is-vertically-aligned-top is-layout-flow wp-block-column-is-layout-flow\">\n<div class=\"wp-block-columns is-layout-flex wp-container-core-columns-is-layout-9d6595d7 wp-block-columns-is-layout-flex\">\n<div class=\"wp-block-column is-layout-flow wp-block-column-is-layout-flow\">\n<figure class=\"wp-block-image size-full is-resized\"><img decoding=\"async\" width=\"800\" height=\"800\" src=\"https:\/\/www.yongyukitchenware.com\/wp-content\/uploads\/2024\/10\/Wholesale-Colorful-Stainless-Steel-Slanted-Bowl-2.webp\" alt=\"Vente en gros de bols inclin\u00e9s color\u00e9s en acier inoxydable 2\" class=\"wp-image-1532\" style=\"width:416px;height:auto\" srcset=\"https:\/\/www.yongyukitchenware.com\/wp-content\/uploads\/2024\/10\/Wholesale-Colorful-Stainless-Steel-Slanted-Bowl-2.webp 800w, https:\/\/www.yongyukitchenware.com\/wp-content\/uploads\/2024\/10\/Wholesale-Colorful-Stainless-Steel-Slanted-Bowl-2-300x300.webp 300w, https:\/\/www.yongyukitchenware.com\/wp-content\/uploads\/2024\/10\/Wholesale-Colorful-Stainless-Steel-Slanted-Bowl-2-150x150.webp 150w, https:\/\/www.yongyukitchenware.com\/wp-content\/uploads\/2024\/10\/Wholesale-Colorful-Stainless-Steel-Slanted-Bowl-2-768x768.webp 768w, https:\/\/www.yongyukitchenware.com\/wp-content\/uploads\/2024\/10\/Wholesale-Colorful-Stainless-Steel-Slanted-Bowl-2-12x12.webp 12w, https:\/\/www.yongyukitchenware.com\/wp-content\/uploads\/2024\/10\/Wholesale-Colorful-Stainless-Steel-Slanted-Bowl-2-600x600.webp 600w, https:\/\/www.yongyukitchenware.com\/wp-content\/uploads\/2024\/10\/Wholesale-Colorful-Stainless-Steel-Slanted-Bowl-2-100x100.webp 100w\" sizes=\"(max-width: 800px) 100vw, 800px\" \/><\/figure>\n<\/div>\n<\/div>\n\n\n\n<figure class=\"wp-block-image size-full is-resized\"><img decoding=\"async\" width=\"800\" height=\"800\" src=\"https:\/\/www.yongyukitchenware.com\/wp-content\/uploads\/2024\/10\/Wholesale-Colorful-Stainless-Steel-Slanted-Bowl-8.webp\" alt=\"Grossiste Bol inclin\u00e9 en acier inoxydable 8\" class=\"wp-image-1538\" style=\"width:418px;height:auto\" srcset=\"https:\/\/www.yongyukitchenware.com\/wp-content\/uploads\/2024\/10\/Wholesale-Colorful-Stainless-Steel-Slanted-Bowl-8.webp 800w, https:\/\/www.yongyukitchenware.com\/wp-content\/uploads\/2024\/10\/Wholesale-Colorful-Stainless-Steel-Slanted-Bowl-8-300x300.webp 300w, https:\/\/www.yongyukitchenware.com\/wp-content\/uploads\/2024\/10\/Wholesale-Colorful-Stainless-Steel-Slanted-Bowl-8-150x150.webp 150w, https:\/\/www.yongyukitchenware.com\/wp-content\/uploads\/2024\/10\/Wholesale-Colorful-Stainless-Steel-Slanted-Bowl-8-768x768.webp 768w, https:\/\/www.yongyukitchenware.com\/wp-content\/uploads\/2024\/10\/Wholesale-Colorful-Stainless-Steel-Slanted-Bowl-8-12x12.webp 12w, https:\/\/www.yongyukitchenware.com\/wp-content\/uploads\/2024\/10\/Wholesale-Colorful-Stainless-Steel-Slanted-Bowl-8-600x600.webp 600w, https:\/\/www.yongyukitchenware.com\/wp-content\/uploads\/2024\/10\/Wholesale-Colorful-Stainless-Steel-Slanted-Bowl-8-100x100.webp 100w\" sizes=\"(max-width: 800px) 100vw, 800px\" \/><\/figure>\n<\/div>\n<\/div>\n\n\n\n<p><\/p>","protected":false},"excerpt":{"rendered":"<div class=\"n4sEPd\">\n<div class=\"UdTY9 qhIQqf leDWne\" aria-hidden=\"true\" data-location=\"1\">Yongyu Supplier Wholesale Stainless Steel Slanted Bowls pour la pr\u00e9paration des aliments et le service des sauces, des l\u00e9gumes, des fruits, etc., faciles \u00e0 nettoyer et \u00e0 empiler. Disponibles en diff\u00e9rentes couleurs et tailles, contactez-nous pour en savoir plus sur notre service de vente en gros de vaisselle personnalis\u00e9e.<\/div>\n<\/div>\n<h2 style=\"text-align: left;\">Bol inclin\u00e9 Param\u00e8tre :<\/h2>\n<p style=\"text-align: left;\"><strong>Mat\u00e9riau :<\/strong> Acier inoxydable<br \/><strong>Couleur :<\/strong> Argent, or, or noir Couleur<br \/><strong>Diff\u00e9rentes tailles :<\/strong> 14cm, 18cm, 22cm, 26cm<br \/><strong>Emballage : <\/strong>Sac d'opposition et bo\u00eete en carton<br \/><strong>OEM\/ODM :<\/strong> Disponible<\/p>\n<h2 class=\"wp-block-heading\">Du grossiste en arts de la table Yongyu :<\/h2>\n<p>Yongyu Tableware Wholesaler peut r\u00e9pondre aux besoins des clients en vrac et fournir une s\u00e9rie de fournitures de restauration en gros de haute qualit\u00e9 qui combine l'\u00e9l\u00e9gance et la durabilit\u00e9. Y compris la vaisselle, les boissons, le mat\u00e9riel de restauration, les ustensiles de cuisine, les \u00e9l\u00e9ments essentiels de la cuisine de camping, etc.<\/p>","protected":false},"featured_media":2839,"comment_status":"closed","ping_status":"closed","template":"","meta":{"_acf_changed":false},"application":[30],"product_brand":[],"product_cat":[22,45],"product_tag":[],"class_list":{"0":"post-1522","1":"product","2":"type-product","3":"status-publish","4":"has-post-thumbnail","6":"application-hotel-catering","7":"product_cat-catering-supplies-wholesale","8":"product_cat-condiment-bowls-wholesale","10":"first","11":"instock","12":"shipping-taxable","13":"product-type-simple"},"acf":[],"_links":{"self":[{"href":"https:\/\/www.yongyukitchenware.com\/fr\/wp-json\/wp\/v2\/product\/1522","targetHints":{"allow":["GET"]}}],"collection":[{"href":"https:\/\/www.yongyukitchenware.com\/fr\/wp-json\/wp\/v2\/product"}],"about":[{"href":"https:\/\/www.yongyukitchenware.com\/fr\/wp-json\/wp\/v2\/types\/product"}],"replies":[{"embeddable":true,"href":"https:\/\/www.yongyukitchenware.com\/fr\/wp-json\/wp\/v2\/comments?post=1522"}],"wp:featuredmedia":[{"embeddable":true,"href":"https:\/\/www.yongyukitchenware.com\/fr\/wp-json\/wp\/v2\/media\/2839"}],"wp:attachment":[{"href":"https:\/\/www.yongyukitchenware.com\/fr\/wp-json\/wp\/v2\/media?parent=1522"}],"wp:term":[{"taxonomy":"application","embeddable":true,"href":"https:\/\/www.yongyukitchenware.com\/fr\/wp-json\/wp\/v2\/application?post=1522"},{"taxonomy":"product_brand","embeddable":true,"href":"https:\/\/www.yongyukitchenware.com\/fr\/wp-json\/wp\/v2\/product_brand?post=1522"},{"taxonomy":"product_cat","embeddable":true,"href":"https:\/\/www.yongyukitchenware.com\/fr\/wp-json\/wp\/v2\/product_cat?post=1522"},{"taxonomy":"product_tag","embeddable":true,"href":"https:\/\/www.yongyukitchenware.com\/fr\/wp-json\/wp\/v2\/product_tag?post=1522"}],"curies":[{"name":"wp","href":"https:\/\/api.w.org\/{rel}","templated":true}]}}