{"id":1540,"date":"2024-10-06T16:55:40","date_gmt":"2024-10-06T16:55:40","guid":{"rendered":"https:\/\/www.yongyukitchenware.com\/?post_type=product&#038;p=1540"},"modified":"2025-06-26T03:29:25","modified_gmt":"2025-06-26T03:29:25","slug":"stainless-steel-strainer-bulk","status":"publish","type":"product","link":"https:\/\/www.yongyukitchenware.com\/fr\/produit\/stainless-steel-strainer-bulk\/","title":{"rendered":"Grossiste Panier \u00e0 fruits et l\u00e9gumes en acier inoxydable avec double poign\u00e9e en plastique"},"content":{"rendered":"<div class=\"wp-block-columns is-layout-flex wp-container-core-columns-is-layout-9d6595d7 wp-block-columns-is-layout-flex\">\n<div class=\"wp-block-column is-layout-flow wp-block-column-is-layout-flow\">\n<h2 class=\"wp-block-heading\">Filtre en acier inoxydable Caract\u00e9ristiques :<\/h2>\n\n\n\n<p><strong>Acier inoxydable de haute qualit\u00e9 :<\/strong> Mat\u00e9riau en acier inoxydable de qualit\u00e9 alimentaire, s\u00fbr et non toxique, durable, ne se d\u00e9forme pas facilement.<br><strong>Utilisation \u00e9lev\u00e9e de l'espace : <\/strong>6 tailles diff\u00e9rentes peuvent \u00eatre empil\u00e9es pour le stockage, et peu encombrantes, il est plus pratique d'utiliser l'ensemble.<br><strong>Bordure roul\u00e9e : <\/strong>bords arrondis et lisses, facile \u00e0 utiliser, \u00e9vite les blessures aux mains, facile et rapide \u00e0 nettoyer.<br><strong>Deux poign\u00e9es en plastique :<\/strong> \u00c9quip\u00e9 de deux poign\u00e9es en plastique, con\u00e7ues de mani\u00e8re ergonomique pour une prise en main confortable et un levage et un d\u00e9versement faciles.<br><strong>Maille fine et uniforme : <\/strong>le fond et le corps du panier sont constitu\u00e9s de mailles fines et uniformes, filtrant efficacement l'eau et les impuret\u00e9s, et convenant au lavage des fruits et l\u00e9gumes.<\/p>\n\n\n\n<h2 class=\"wp-block-heading\">Acier inoxydable Taille de la cr\u00e9pine :<\/h2>\n\n\n\n<figure class=\"wp-block-table\"><table class=\"has-fixed-layout\"><tbody><tr><td>Mod\u00e8le<\/td><td>Taille<\/td><td>Diam\u00e8tre * Hauteur<\/td><td>MOQ<\/td><\/tr><tr><td rowspan=\"6\">DY034-TLP<\/td><td>18 cm<\/td><td>18*8 cm<\/td><td rowspan=\"6\">120PCS<\/td><\/tr><tr><td>21 cm<\/td><td>21*8 cm<\/td><\/tr><tr><td>24 cm<\/td><td>24*8,5 cm<\/td><\/tr><tr><td>27 cm<\/td><td>27*10 cm<\/td><\/tr><tr><td>30 cm<\/td><td>30*10,5 cm<\/td><\/tr><tr><td>33 cm<\/td><td>33*11,5 cm<\/td><\/tr><\/tbody><\/table><\/figure>\n<\/div>\n\n\n\n<div class=\"wp-block-column is-layout-flow wp-block-column-is-layout-flow\">\n<div class=\"wp-block-columns is-layout-flex wp-container-core-columns-is-layout-9d6595d7 wp-block-columns-is-layout-flex\">\n<div class=\"wp-block-column is-layout-flow wp-block-column-is-layout-flow\">\n<figure class=\"wp-block-image size-full\"><img decoding=\"async\" width=\"800\" height=\"800\" src=\"https:\/\/www.yongyukitchenware.com\/wp-content\/uploads\/2024\/10\/bulk-stainless-steel-strainer-2.webp\" alt=\"filtre en vrac en acier inoxydable (2)\" class=\"wp-image-1542\" srcset=\"https:\/\/www.yongyukitchenware.com\/wp-content\/uploads\/2024\/10\/bulk-stainless-steel-strainer-2.webp 800w, https:\/\/www.yongyukitchenware.com\/wp-content\/uploads\/2024\/10\/bulk-stainless-steel-strainer-2-300x300.webp 300w, https:\/\/www.yongyukitchenware.com\/wp-content\/uploads\/2024\/10\/bulk-stainless-steel-strainer-2-150x150.webp 150w, https:\/\/www.yongyukitchenware.com\/wp-content\/uploads\/2024\/10\/bulk-stainless-steel-strainer-2-768x768.webp 768w, https:\/\/www.yongyukitchenware.com\/wp-content\/uploads\/2024\/10\/bulk-stainless-steel-strainer-2-12x12.webp 12w, https:\/\/www.yongyukitchenware.com\/wp-content\/uploads\/2024\/10\/bulk-stainless-steel-strainer-2-600x600.webp 600w, https:\/\/www.yongyukitchenware.com\/wp-content\/uploads\/2024\/10\/bulk-stainless-steel-strainer-2-100x100.webp 100w\" sizes=\"(max-width: 800px) 100vw, 800px\" \/><\/figure>\n<\/div>\n<\/div>\n<\/div>\n<\/div>\n\n\n\n<p><\/p>","protected":false},"excerpt":{"rendered":"<p>Filtre en acier inoxydable, panier \u00e0 fruits et l\u00e9gumes, design micro-poreux permettant un drainage rapide. Commandez en gros pour obtenir la plus grande remise.<\/p>\n<h2>Filtre en acier inoxydable Param\u00e8tre :<\/h2>\n<p><strong>Mat\u00e9riau :<\/strong> Acier inoxydable<br \/><strong>Couleur de la poign\u00e9e : <\/strong>Plusieurs couleurs disponibles<br \/><strong>Fonction :<\/strong> Nettoyage\/stockage des ingr\u00e9dients<br \/><strong>Sp\u00e9cifications : <\/strong>18, 21, 24, 27, 30, 33cm<br \/><strong>Emballage :<\/strong> Sac\/ vrac\/ carton ou personnalis\u00e9<br \/><strong>OEM\/ODM :<\/strong> Disponible<\/p>\n<h2 class=\"wp-block-heading\">De Yongyu Kitchenware Manufacturer :<\/h2>\n<p>Yongyu est un fabricant professionnel d'ustensiles de cuisine. Nos produits couvrent toutes sortes d'ustensiles de cuisine en acier inoxydable et d'accessoires de cuisine, fournissant des solutions personnalis\u00e9es avec des produits de haute qualit\u00e9 et des prix d'usine.<\/p>","protected":false},"featured_media":1541,"comment_status":"closed","ping_status":"closed","template":"","meta":{"_acf_changed":true},"application":[29],"product_brand":[],"product_cat":[23,36],"product_tag":[],"class_list":{"0":"post-1540","1":"product","2":"type-product","3":"status-publish","4":"has-post-thumbnail","6":"application-home-kitchen","7":"product_cat-kitchenware-wholesale","8":"product_cat-custom-kitchen-tools-utensils","10":"first","11":"instock","12":"shipping-taxable","13":"product-type-simple"},"acf":[],"_links":{"self":[{"href":"https:\/\/www.yongyukitchenware.com\/fr\/wp-json\/wp\/v2\/product\/1540","targetHints":{"allow":["GET"]}}],"collection":[{"href":"https:\/\/www.yongyukitchenware.com\/fr\/wp-json\/wp\/v2\/product"}],"about":[{"href":"https:\/\/www.yongyukitchenware.com\/fr\/wp-json\/wp\/v2\/types\/product"}],"replies":[{"embeddable":true,"href":"https:\/\/www.yongyukitchenware.com\/fr\/wp-json\/wp\/v2\/comments?post=1540"}],"wp:featuredmedia":[{"embeddable":true,"href":"https:\/\/www.yongyukitchenware.com\/fr\/wp-json\/wp\/v2\/media\/1541"}],"wp:attachment":[{"href":"https:\/\/www.yongyukitchenware.com\/fr\/wp-json\/wp\/v2\/media?parent=1540"}],"wp:term":[{"taxonomy":"application","embeddable":true,"href":"https:\/\/www.yongyukitchenware.com\/fr\/wp-json\/wp\/v2\/application?post=1540"},{"taxonomy":"product_brand","embeddable":true,"href":"https:\/\/www.yongyukitchenware.com\/fr\/wp-json\/wp\/v2\/product_brand?post=1540"},{"taxonomy":"product_cat","embeddable":true,"href":"https:\/\/www.yongyukitchenware.com\/fr\/wp-json\/wp\/v2\/product_cat?post=1540"},{"taxonomy":"product_tag","embeddable":true,"href":"https:\/\/www.yongyukitchenware.com\/fr\/wp-json\/wp\/v2\/product_tag?post=1540"}],"curies":[{"name":"wp","href":"https:\/\/api.w.org\/{rel}","templated":true}]}}