{"id":1574,"date":"2024-10-30T05:50:08","date_gmt":"2024-10-30T05:50:08","guid":{"rendered":"https:\/\/www.yongyukitchenware.com\/?post_type=product&#038;p=1574"},"modified":"2025-01-14T04:04:56","modified_gmt":"2025-01-14T04:04:56","slug":"wholesale-gn-pan","status":"publish","type":"product","link":"https:\/\/www.yongyukitchenware.com\/fr\/produit\/wholesale-gn-pan\/","title":{"rendered":"Wholesale GN Pan Stainless Steel with Lid Full Size American Style (po\u00eale GN en acier inoxydable avec couvercle)"},"content":{"rendered":"<div class=\"wp-block-columns is-layout-flex wp-container-core-columns-is-layout-9d6595d7 wp-block-columns-is-layout-flex\">\n<div class=\"wp-block-column is-layout-flow wp-block-column-is-layout-flow\">\n<h2 class=\"wp-block-heading\">Caract\u00e9ristiques du bac GN :<\/h2>\n\n\n\n<p><strong>Acier inoxydable de haute qualit\u00e9 : <\/strong>acier inoxydable de qualit\u00e9 alimentaire offrant une excellente r\u00e9sistance \u00e0 la corrosion, \u00e0 la chaleur et aux rayures<br><strong>Plusieurs tailles avec couvercles :<\/strong> r\u00e9pondre \u00e0 diff\u00e9rents besoins, s'adapter \u00e0 l'\u00e9quipement standard de la restauration et des services alimentaires<br><strong>Peut \u00eatre chauff\u00e9 : <\/strong>Gr\u00e2ce \u00e0 l'excellente conductivit\u00e9 thermique de l'acier inoxydable, les bacs GN peuvent \u00eatre chauff\u00e9s et cuits uniform\u00e9ment.<br><strong>Motif en relief : <\/strong>Les bacs GN sont \u00e9tanches et emp\u00eachent les liquides de s'\u00e9couler.<br><strong>Design \u00e0 bord roul\u00e9 : <\/strong>Les bords arrondis et lisses facilitent la manipulation et \u00e9vitent les blessures aux mains.<br><strong>Il existe deux types de couvercles : <\/strong>L'un est un couvercle perfor\u00e9, r\u00e9servant de l'espace pour les cuill\u00e8res ; l'autre est un couvercle en acier plein, qui peut sceller efficacement et prot\u00e9ger de la poussi\u00e8re.<\/p>\n<\/div>\n\n\n\n<div class=\"wp-block-column is-layout-flow wp-block-column-is-layout-flow\">\n<div class=\"wp-block-columns is-layout-flex wp-container-core-columns-is-layout-9d6595d7 wp-block-columns-is-layout-flex\">\n<div class=\"wp-block-column is-layout-flow wp-block-column-is-layout-flow\">\n<figure class=\"wp-block-image size-full\"><img decoding=\"async\" width=\"800\" height=\"800\" src=\"https:\/\/www.yongyukitchenware.com\/wp-content\/uploads\/2024\/10\/wholesale-gn-pan-2.webp\" alt=\"grossiste-gn-pan (2)\" class=\"wp-image-1584\" srcset=\"https:\/\/www.yongyukitchenware.com\/wp-content\/uploads\/2024\/10\/wholesale-gn-pan-2.webp 800w, https:\/\/www.yongyukitchenware.com\/wp-content\/uploads\/2024\/10\/wholesale-gn-pan-2-300x300.webp 300w, https:\/\/www.yongyukitchenware.com\/wp-content\/uploads\/2024\/10\/wholesale-gn-pan-2-150x150.webp 150w, https:\/\/www.yongyukitchenware.com\/wp-content\/uploads\/2024\/10\/wholesale-gn-pan-2-768x768.webp 768w, https:\/\/www.yongyukitchenware.com\/wp-content\/uploads\/2024\/10\/wholesale-gn-pan-2-12x12.webp 12w, https:\/\/www.yongyukitchenware.com\/wp-content\/uploads\/2024\/10\/wholesale-gn-pan-2-600x600.webp 600w, https:\/\/www.yongyukitchenware.com\/wp-content\/uploads\/2024\/10\/wholesale-gn-pan-2-100x100.webp 100w\" sizes=\"(max-width: 800px) 100vw, 800px\" \/><\/figure>\n<\/div>\n\n\n\n<div class=\"wp-block-column is-layout-flow wp-block-column-is-layout-flow\">\n<figure class=\"wp-block-image size-full\"><img decoding=\"async\" width=\"800\" height=\"800\" src=\"https:\/\/www.yongyukitchenware.com\/wp-content\/uploads\/2024\/10\/wholesale-gn-pan-5.webp\" alt=\"grossiste-gn-pan (5)\" class=\"wp-image-1587\" srcset=\"https:\/\/www.yongyukitchenware.com\/wp-content\/uploads\/2024\/10\/wholesale-gn-pan-5.webp 800w, https:\/\/www.yongyukitchenware.com\/wp-content\/uploads\/2024\/10\/wholesale-gn-pan-5-300x300.webp 300w, https:\/\/www.yongyukitchenware.com\/wp-content\/uploads\/2024\/10\/wholesale-gn-pan-5-150x150.webp 150w, https:\/\/www.yongyukitchenware.com\/wp-content\/uploads\/2024\/10\/wholesale-gn-pan-5-768x768.webp 768w, https:\/\/www.yongyukitchenware.com\/wp-content\/uploads\/2024\/10\/wholesale-gn-pan-5-12x12.webp 12w, https:\/\/www.yongyukitchenware.com\/wp-content\/uploads\/2024\/10\/wholesale-gn-pan-5-600x600.webp 600w, https:\/\/www.yongyukitchenware.com\/wp-content\/uploads\/2024\/10\/wholesale-gn-pan-5-100x100.webp 100w\" sizes=\"(max-width: 800px) 100vw, 800px\" \/><\/figure>\n<\/div>\n<\/div>\n<\/div>\n<\/div>\n\n\n\n<h2 class=\"wp-block-heading\">Param\u00e8tre de panoramique GN<\/h2>\n\n\n\n<figure class=\"wp-block-table\"><table class=\"has-fixed-layout\"><tbody><tr><td>Mod\u00e8le<\/td><td>Taille<\/td><td>Longueur * Largeur * Hauteur (cm)<\/td><td>Taille<\/td><td>Longueur * Largeur * Hauteur (cm)<\/td><\/tr><tr><td rowspan=\"17\">DY001-FSP<\/td><td rowspan=\"6\">1\/1 Po\u00eale GN am\u00e9ricaine<\/td><td>530\u00d7325\u00d7200<\/td><td rowspan=\"4\">1\/4 de bac GN am\u00e9ricain<\/td><td>265\u00d7162\u00d7200<\/td><\/tr><tr><td>530\u00d7325\u00d7150<\/td><td>265\u00d7162\u00d7150<\/td><\/tr><tr><td>530\u00d7325\u00d7100<\/td><td>265\u00d7162\u00d7100<\/td><\/tr><tr><td>530\u00d7325\u00d765<\/td><td>265\u00d7162\u00d765<\/td><\/tr><tr><td>530\u00d7325\u00d740<\/td><td rowspan=\"4\">1\/6 Pan GN am\u00e9ricain<\/td><td>176\u00d7162\u00d7200<\/td><\/tr><tr><td>530\u00d7325\u00d725<\/td><td>176\u00d7162\u00d7150<\/td><\/tr><tr><td rowspan=\"6\">1\/2 po\u00eale GN am\u00e9ricain<\/td><td>325\u00d7265\u00d7200<\/td><td>176\u00d7162\u00d7100<\/td><\/tr><tr><td>325\u00d7265\u00d7150<\/td><td>176\u00d7162\u00d765<\/td><\/tr><tr><td>325\u00d7265\u00d7100<\/td><td rowspan=\"3\">1\/9 American GN Pan<\/td><td>176\u00d7108\u00d7150<\/td><\/tr><tr><td>325\u00d7265\u00d765<\/td><td>176\u00d7108\u00d7100<\/td><\/tr><tr><td>325\u00d7265\u00d740<\/td><td>176\u00d7108\u00d765<\/td><\/tr><tr><td>325\u00d7265\u00d725<\/td><td rowspan=\"6\">3\/2 Pan GN am\u00e9ricain<\/td><td>353\u00d7325\u00d7200<\/td><\/tr><tr><td rowspan=\"4\">1\/3 de la po\u00eale GN am\u00e9ricaine<\/td><td>325\u00d7176\u00d7200<\/td><td>353\u00d7325\u00d7150<\/td><\/tr><tr><td>325\u00d7176\u00d7150<\/td><td>353\u00d7325\u00d7100<\/td><\/tr><tr><td>325\u00d7176\u00d7100<\/td><td>353\u00d7325\u00d765<\/td><\/tr><tr><td>325\u00d7176\u00d765<\/td><td>353\u00d7325\u00d740<\/td><\/tr><tr><td><\/td><td><\/td><td>353\u00d7325\u00d725<\/td><\/tr><\/tbody><\/table><\/figure>","protected":false},"excerpt":{"rendered":"<p>Prix d'usine pour la vente en gros d'assiettes en gn, avec une taille compl\u00e8te et un emballage de logo personnalisable. Il convient aux entreprises h\u00f4teli\u00e8res, aux \u00e9coles commerciales et aux services de restauration. Les ventes directes \u00e0 l'usine b\u00e9n\u00e9ficient du plan le plus pr\u00e9f\u00e9rentiel.<\/p>\n<h2><!-- wp:heading --><\/h2>\n<h2 class=\"wp-block-heading\">Attributs du bac GN :<\/h2>\n<h2><!-- \/wp:heading --><\/p>\n<p><!-- wp:paragraph --><\/h2>\n<p><strong>Mat\u00e9riau : <\/strong>Acier inoxydable<br \/><strong>Taille :<\/strong> 1\/1, 1\/2, 1\/3, 1\/4, 1\/4, 1\/6, 1\/9, 3\/2 gn pan<br \/><strong>Acier inoxydable \u00c9paisseur :<\/strong> 0,5mm, 0,6mm, 0,7mm, 0,8mm, 1,0mm<br \/><strong>Types de couvercles<\/strong><strong>:<\/strong> Couvercle perfor\u00e9 et couvercle en acier<br \/><strong>Conception :<\/strong> Design \u00e0 bords relev\u00e9s et roul\u00e9s<br \/><strong>Emballage :<\/strong> Sac OPP et carton<br \/><strong>OEM\/ODM :<\/strong> disponible<\/p>\n<p><!-- \/wp:paragraph --><\/p>","protected":false},"featured_media":1583,"comment_status":"closed","ping_status":"closed","template":"","meta":{"_acf_changed":true},"application":[30],"product_brand":[],"product_cat":[22,37],"product_tag":[],"class_list":{"0":"post-1574","1":"product","2":"type-product","3":"status-publish","4":"has-post-thumbnail","6":"application-hotel-catering","7":"product_cat-catering-supplies-wholesale","8":"product_cat-gastronorm-pan-manufacturer","10":"first","11":"instock","12":"shipping-taxable","13":"product-type-simple"},"acf":[],"_links":{"self":[{"href":"https:\/\/www.yongyukitchenware.com\/fr\/wp-json\/wp\/v2\/product\/1574","targetHints":{"allow":["GET"]}}],"collection":[{"href":"https:\/\/www.yongyukitchenware.com\/fr\/wp-json\/wp\/v2\/product"}],"about":[{"href":"https:\/\/www.yongyukitchenware.com\/fr\/wp-json\/wp\/v2\/types\/product"}],"replies":[{"embeddable":true,"href":"https:\/\/www.yongyukitchenware.com\/fr\/wp-json\/wp\/v2\/comments?post=1574"}],"wp:featuredmedia":[{"embeddable":true,"href":"https:\/\/www.yongyukitchenware.com\/fr\/wp-json\/wp\/v2\/media\/1583"}],"wp:attachment":[{"href":"https:\/\/www.yongyukitchenware.com\/fr\/wp-json\/wp\/v2\/media?parent=1574"}],"wp:term":[{"taxonomy":"application","embeddable":true,"href":"https:\/\/www.yongyukitchenware.com\/fr\/wp-json\/wp\/v2\/application?post=1574"},{"taxonomy":"product_brand","embeddable":true,"href":"https:\/\/www.yongyukitchenware.com\/fr\/wp-json\/wp\/v2\/product_brand?post=1574"},{"taxonomy":"product_cat","embeddable":true,"href":"https:\/\/www.yongyukitchenware.com\/fr\/wp-json\/wp\/v2\/product_cat?post=1574"},{"taxonomy":"product_tag","embeddable":true,"href":"https:\/\/www.yongyukitchenware.com\/fr\/wp-json\/wp\/v2\/product_tag?post=1574"}],"curies":[{"name":"wp","href":"https:\/\/api.w.org\/{rel}","templated":true}]}}