{"id":1589,"date":"2024-10-30T06:41:41","date_gmt":"2024-10-30T06:41:41","guid":{"rendered":"https:\/\/www.yongyukitchenware.com\/?post_type=product&#038;p=1589"},"modified":"2025-01-14T04:04:50","modified_gmt":"2025-01-14T04:04:50","slug":"food-pan-wholesale","status":"publish","type":"product","link":"https:\/\/www.yongyukitchenware.com\/fr\/produit\/food-pan-wholesale\/","title":{"rendered":"Wholesale Food Pan Stainless Steel Gastronorm Pans EU Style with Lid (po\u00eales \u00e0 frire en acier inoxydable avec couvercle)"},"content":{"rendered":"<div class=\"wp-block-columns is-layout-flex wp-container-core-columns-is-layout-9d6595d7 wp-block-columns-is-layout-flex\">\n<div class=\"wp-block-column is-layout-flow wp-block-column-is-layout-flow\">\n<h2 class=\"wp-block-heading\">Po\u00eale \u00e0 aliments Caract\u00e9ristiques :<\/h2>\n\n\n\n<p><strong>Acier inoxydable de premi\u00e8re qualit\u00e9 :<\/strong> L'acier inoxydable de qualit\u00e9 alimentaire est durable et r\u00e9sistant \u00e0 la chaleur<br><strong>La casserole GN peut \u00eatre chauff\u00e9e :<\/strong> Gr\u00e2ce \u00e0 l'excellente conductivit\u00e9 thermique de l'acier inoxydable, il peut \u00eatre chauff\u00e9 et cuit uniform\u00e9ment, con\u00e7u pour une distribution optimale de la chaleur et un effet d'isolation.<br><strong>Motif en relief : <\/strong>Les bacs GN sont \u00e9tanches et emp\u00eachent les liquides de s'\u00e9couler.<br><strong>Design \u00e0 bord roul\u00e9 :<\/strong> Les bords arrondis et lisses facilitent la manipulation, \u00e9vitent les blessures aux mains et rendent le nettoyage plus s\u00fbr et plus pratique.<br><strong>Deux types de couvercles :<\/strong> un couvercle perfor\u00e9 qui r\u00e9serve un espace pour les cuill\u00e8res ; un couvercle en acier plein qui assure une \u00e9tanch\u00e9it\u00e9 efficace et prot\u00e8ge de la poussi\u00e8re<br><strong>Peu encombrant : <\/strong>une conception empilable pour un stockage efficace<\/p>\n<\/div>\n\n\n\n<div class=\"wp-block-column is-layout-flow wp-block-column-is-layout-flow\">\n<div class=\"wp-block-columns is-layout-flex wp-container-core-columns-is-layout-9d6595d7 wp-block-columns-is-layout-flex\">\n<div class=\"wp-block-column is-layout-flow wp-block-column-is-layout-flow\">\n<figure class=\"wp-block-image size-full\"><img decoding=\"async\" width=\"800\" height=\"800\" src=\"https:\/\/www.yongyukitchenware.com\/wp-content\/uploads\/2024\/10\/supply-food-pan-2.webp\" alt=\"alimentation-bo\u00eete de conserve (2)\" class=\"wp-image-1600\" srcset=\"https:\/\/www.yongyukitchenware.com\/wp-content\/uploads\/2024\/10\/supply-food-pan-2.webp 800w, https:\/\/www.yongyukitchenware.com\/wp-content\/uploads\/2024\/10\/supply-food-pan-2-300x300.webp 300w, https:\/\/www.yongyukitchenware.com\/wp-content\/uploads\/2024\/10\/supply-food-pan-2-150x150.webp 150w, https:\/\/www.yongyukitchenware.com\/wp-content\/uploads\/2024\/10\/supply-food-pan-2-768x768.webp 768w, https:\/\/www.yongyukitchenware.com\/wp-content\/uploads\/2024\/10\/supply-food-pan-2-12x12.webp 12w, https:\/\/www.yongyukitchenware.com\/wp-content\/uploads\/2024\/10\/supply-food-pan-2-600x600.webp 600w, https:\/\/www.yongyukitchenware.com\/wp-content\/uploads\/2024\/10\/supply-food-pan-2-100x100.webp 100w\" sizes=\"(max-width: 800px) 100vw, 800px\" \/><\/figure>\n<\/div>\n\n\n\n<div class=\"wp-block-column is-layout-flow wp-block-column-is-layout-flow\">\n<figure class=\"wp-block-image size-full\"><img decoding=\"async\" width=\"800\" height=\"800\" src=\"https:\/\/www.yongyukitchenware.com\/wp-content\/uploads\/2024\/10\/supply-food-pan-4.webp\" alt=\"alimentation-bo\u00eete de conserve (4)\" class=\"wp-image-1602\" srcset=\"https:\/\/www.yongyukitchenware.com\/wp-content\/uploads\/2024\/10\/supply-food-pan-4.webp 800w, https:\/\/www.yongyukitchenware.com\/wp-content\/uploads\/2024\/10\/supply-food-pan-4-300x300.webp 300w, https:\/\/www.yongyukitchenware.com\/wp-content\/uploads\/2024\/10\/supply-food-pan-4-150x150.webp 150w, https:\/\/www.yongyukitchenware.com\/wp-content\/uploads\/2024\/10\/supply-food-pan-4-768x768.webp 768w, https:\/\/www.yongyukitchenware.com\/wp-content\/uploads\/2024\/10\/supply-food-pan-4-12x12.webp 12w, https:\/\/www.yongyukitchenware.com\/wp-content\/uploads\/2024\/10\/supply-food-pan-4-600x600.webp 600w, https:\/\/www.yongyukitchenware.com\/wp-content\/uploads\/2024\/10\/supply-food-pan-4-100x100.webp 100w\" sizes=\"(max-width: 800px) 100vw, 800px\" \/><\/figure>\n<\/div>\n<\/div>\n<\/div>\n<\/div>\n\n\n\n<h2 class=\"wp-block-heading\">Bac \u00e0 aliments Param\u00e8tre<\/h2>\n\n\n\n<figure class=\"wp-block-table\"><table class=\"has-fixed-layout\"><tbody><tr><td>Mod\u00e8le<\/td><td>Taille<\/td><td>Longueur * Largeur * Hauteur (cm)<\/td><td>Taille<\/td><td>Longueur * Largeur * Hauteur (cm)<\/td><\/tr><tr><td rowspan=\"28\">DY002-FSP<\/td><td rowspan=\"6\">2\/1 Eu Style GN Pan<\/td><td>65x53x20CM<\/td><td rowspan=\"6\">1\/3 Eu Style GN Pan<\/td><td>32.5*17.6*20CM<\/td><\/tr><tr><td>65x53x15CM<\/td><td>32,5*17,6*15CM<\/td><\/tr><tr><td>65x53x10CM<\/td><td>32.5*17.6*10CM<\/td><\/tr><tr><td>65x53x6.5CM<\/td><td>32.5*17.6*6.5CM<\/td><\/tr><tr><td>65x53x 4CM<\/td><td>32.5*17.6*4CM<\/td><\/tr><tr><td>65x53x2CM<\/td><td>32,5*17,6*2CM<\/td><\/tr><tr><td rowspan=\"6\">1\/1 Eu Style GN Pan<\/td><td>53*32.5*20CM<\/td><td rowspan=\"6\">1\/4 Eu Style GN Pan<\/td><td>26,5*16,2*20CM<\/td><\/tr><tr><td>53*32.5*15CM<\/td><td>26,5*16,2*15CM<\/td><\/tr><tr><td>53*32.5*10CM<\/td><td>26,5*16,2*10CM<\/td><\/tr><tr><td>53*32.5*6.5CM<\/td><td>26.5*16.2*6.5CM<\/td><\/tr><tr><td>53*32.5*4CM<\/td><td>26,5*16,2*4CM<\/td><\/tr><tr><td>53*32.5*2CM<\/td><td>26,5*16,2*2CM<\/td><\/tr><tr><td rowspan=\"6\">2\/3 Eu Style GN Pan<\/td><td>35.5*32.5*20CM<\/td><td rowspan=\"4\">1\/6 Eu Style GN Pan<\/td><td>17,6*16,2*20CM<\/td><\/tr><tr><td>35,5*32,5*15CM<\/td><td>17,6*16,2*15CM<\/td><\/tr><tr><td>35.5*32.5*10CM<\/td><td>17,6*16,2*10CM<\/td><\/tr><tr><td>35.5*32.5*6.5CM<\/td><td>17.6*16.2*6.5CM<\/td><\/tr><tr><td>35.5*32.5*4CM<\/td><td rowspan=\"3\">1\/9 Eu Style GN Pan<\/td><td>17,6*10,8*15CM<\/td><\/tr><tr><td>35,5*32,5*2CM<\/td><td>17,6*10,8*10CM<\/td><\/tr><tr><td rowspan=\"6\">1\/2 po\u00eale GN de style Eu<\/td><td>32.5*26.5*20CM<\/td><td>17,6*10,8*6,5CM<\/td><\/tr><tr><td>32.5*26.5*15CM<\/td><td rowspan=\"4\">1\/12 Eu Style GN Pan<\/td><td>13,2\u00d710,8x 15CM<\/td><\/tr><tr><td>32.5*26.5*10CM<\/td><td>13,2\u00d710,8x 10CM<\/td><\/tr><tr><td>32.5*26.5*6.5CM<\/td><td>13,2\u00d710,8\u00d76,5CM<\/td><\/tr><tr><td>32.5*26.5*4CM<\/td><td>13,2\u00d710,8x4CM<\/td><\/tr><tr><td>32.5*26.5*2CM<\/td><td rowspan=\"5\">2\/4 Eu Style GN Pan<\/td><td>53\u00d716.2\u00d715 CM<\/td><\/tr><tr><td><\/td><td><\/td><td>53\u00d716.5x 10CM<\/td><\/tr><tr><td><\/td><td><\/td><td>53\u00d716,5x 6,5CM<\/td><\/tr><tr><td><\/td><td><\/td><td>53\u00d716.5x4CM<\/td><\/tr><tr><td><\/td><td><\/td><td>53\u00d716.5x2CM<\/td><\/tr><\/tbody><\/table><\/figure>","protected":false},"excerpt":{"rendered":"<p>Vente en gros de casseroles en acier inoxydable, con\u00e7ues pour les buffets d'h\u00f4tels, adapt\u00e9es \u00e0 la plupart des \u00e9quipements de cuisine commerciale et aux buffets. Achetez en gros et profitez de la remise d'usine.<\/p>\n<h2><!-- wp:heading --><\/h2>\n<h2 class=\"wp-block-heading\">Attributs de la po\u00eale \u00e0 frire :<\/h2>\n<h2><!-- \/wp:heading --><\/p>\n<p><!-- wp:paragraph --><\/h2>\n<p><strong>Mat\u00e9riau :<\/strong> Acier inoxydable<br \/><strong>Taille :<\/strong>\u00a01\/1, 1\/2, 1\/3, 1\/4, 1\/4, 1\/6, 1\/9, 3\/2 gn pan<br \/><strong>Acier inoxydable \u00c9paisseur :<\/strong>\u00a00,5mm, 0,6mm, 0,7mm, 0,8mm, 1,0mm<br \/><strong>Types de couvercles<\/strong><strong>:<\/strong>\u00a0Couvercle perfor\u00e9 et couvercle en acier<br \/><strong>Conception :<\/strong> Design \u00e0 bords relev\u00e9s et roul\u00e9s, chauff\u00e9 et cuit uniform\u00e9ment<br \/><strong>Emballage :<\/strong> Sac OPP et carton<br \/><strong>OEM\/ODM :<\/strong> Disponible<\/p>\n<p><!-- \/wp:paragraph --><\/p>","protected":false},"featured_media":1598,"comment_status":"closed","ping_status":"closed","template":"","meta":{"_acf_changed":true},"application":[30],"product_brand":[],"product_cat":[22,37],"product_tag":[],"class_list":{"0":"post-1589","1":"product","2":"type-product","3":"status-publish","4":"has-post-thumbnail","6":"application-hotel-catering","7":"product_cat-catering-supplies-wholesale","8":"product_cat-gastronorm-pan-manufacturer","10":"first","11":"instock","12":"shipping-taxable","13":"product-type-simple"},"acf":[],"_links":{"self":[{"href":"https:\/\/www.yongyukitchenware.com\/fr\/wp-json\/wp\/v2\/product\/1589","targetHints":{"allow":["GET"]}}],"collection":[{"href":"https:\/\/www.yongyukitchenware.com\/fr\/wp-json\/wp\/v2\/product"}],"about":[{"href":"https:\/\/www.yongyukitchenware.com\/fr\/wp-json\/wp\/v2\/types\/product"}],"replies":[{"embeddable":true,"href":"https:\/\/www.yongyukitchenware.com\/fr\/wp-json\/wp\/v2\/comments?post=1589"}],"wp:featuredmedia":[{"embeddable":true,"href":"https:\/\/www.yongyukitchenware.com\/fr\/wp-json\/wp\/v2\/media\/1598"}],"wp:attachment":[{"href":"https:\/\/www.yongyukitchenware.com\/fr\/wp-json\/wp\/v2\/media?parent=1589"}],"wp:term":[{"taxonomy":"application","embeddable":true,"href":"https:\/\/www.yongyukitchenware.com\/fr\/wp-json\/wp\/v2\/application?post=1589"},{"taxonomy":"product_brand","embeddable":true,"href":"https:\/\/www.yongyukitchenware.com\/fr\/wp-json\/wp\/v2\/product_brand?post=1589"},{"taxonomy":"product_cat","embeddable":true,"href":"https:\/\/www.yongyukitchenware.com\/fr\/wp-json\/wp\/v2\/product_cat?post=1589"},{"taxonomy":"product_tag","embeddable":true,"href":"https:\/\/www.yongyukitchenware.com\/fr\/wp-json\/wp\/v2\/product_tag?post=1589"}],"curies":[{"name":"wp","href":"https:\/\/api.w.org\/{rel}","templated":true}]}}