{"id":1654,"date":"2024-10-30T07:48:43","date_gmt":"2024-10-30T07:48:43","guid":{"rendered":"https:\/\/www.yongyukitchenware.com\/?post_type=product&#038;p=1654"},"modified":"2025-06-26T06:43:15","modified_gmt":"2025-06-26T06:43:15","slug":"wholesale-stainless-steel-kettle","status":"publish","type":"product","link":"https:\/\/www.yongyukitchenware.com\/fr\/produit\/wholesale-stainless-steel-kettle\/","title":{"rendered":"Bouilloire en acier inoxydable avec filtre pour le th\u00e9 et le caf\u00e9"},"content":{"rendered":"<div class=\"wp-block-columns is-layout-flex wp-container-core-columns-is-layout-9d6595d7 wp-block-columns-is-layout-flex\">\n<div class=\"wp-block-column is-layout-flow wp-block-column-is-layout-flow\">\n<h2 class=\"wp-block-heading\">Bouilloire en acier inoxydable Caract\u00e9ristiques :<\/h2>\n\n\n\n<p><strong>Acier inoxydable de haute qualit\u00e9 :<\/strong> Mat\u00e9riau en acier inoxydable de qualit\u00e9 alimentaire, r\u00e9sistant \u00e0 la chaleur et durable, aspect lisse et brillant<br><strong>Buse \u00e0 crochet d'aigle :<\/strong> Versement en douceur, la buse n'accroche pas l'eau et ne coule pas facilement.<br><strong>Poign\u00e9e ronde calorifug\u00e9e : <\/strong>poign\u00e9e ronde et lisse, isol\u00e9e et r\u00e9sistante \u00e0 la chaleur, ne blesse pas les mains, facile \u00e0 saisir<br><strong>Conception du fond de l'anneau :<\/strong> circulation de l'anneau de fond chauffage rapide, \u00e9bullition rapide, pas besoin de choisir la cuisini\u00e8re pour l'utiliser<br><strong>Filtre int\u00e9gr\u00e9 : <\/strong>filtre amovible en acier inoxydable, adapt\u00e9 \u00e0 la pr\u00e9paration de th\u00e9 en vrac ou de caf\u00e9 moulu, emp\u00eachant les impuret\u00e9s de p\u00e9n\u00e9trer dans la tasse<\/p>\n\n\n\n<h2 class=\"wp-block-heading\">Acier inoxydable Taille de la bouilloire :<\/h2>\n\n\n\n<figure class=\"wp-block-table\"><table class=\"has-fixed-layout\"><tbody><tr><td>Mod\u00e8le<\/td><td>Taille<\/td><td>Diam\u00e8tre * Hauteur (cm)<\/td><td>MOQ<\/td><\/tr><tr><td rowspan=\"3\">DY020-SH<\/td><td>1.2L<\/td><td>13.5*10.5cm<\/td><td rowspan=\"3\">36PCS<\/td><\/tr><tr><td>1.5L<\/td><td>15.5*11cm<\/td><\/tr><tr><td>2.0L<\/td><td>18*12.5cm<\/td><\/tr><\/tbody><\/table><\/figure>\n<\/div>\n\n\n\n<div class=\"wp-block-column is-layout-flow wp-block-column-is-layout-flow\">\n<figure class=\"wp-block-image size-full\"><img decoding=\"async\" width=\"800\" height=\"800\" src=\"https:\/\/www.yongyukitchenware.com\/wp-content\/uploads\/2024\/10\/wholesale-stainless-steel-kettle-2.webp\" alt=\"Bouilloire en gros en acier inoxydable (2)\" class=\"wp-image-1656\" srcset=\"https:\/\/www.yongyukitchenware.com\/wp-content\/uploads\/2024\/10\/wholesale-stainless-steel-kettle-2.webp 800w, https:\/\/www.yongyukitchenware.com\/wp-content\/uploads\/2024\/10\/wholesale-stainless-steel-kettle-2-300x300.webp 300w, https:\/\/www.yongyukitchenware.com\/wp-content\/uploads\/2024\/10\/wholesale-stainless-steel-kettle-2-150x150.webp 150w, https:\/\/www.yongyukitchenware.com\/wp-content\/uploads\/2024\/10\/wholesale-stainless-steel-kettle-2-768x768.webp 768w, https:\/\/www.yongyukitchenware.com\/wp-content\/uploads\/2024\/10\/wholesale-stainless-steel-kettle-2-12x12.webp 12w, https:\/\/www.yongyukitchenware.com\/wp-content\/uploads\/2024\/10\/wholesale-stainless-steel-kettle-2-600x600.webp 600w, https:\/\/www.yongyukitchenware.com\/wp-content\/uploads\/2024\/10\/wholesale-stainless-steel-kettle-2-100x100.webp 100w\" sizes=\"(max-width: 800px) 100vw, 800px\" \/><\/figure>\n<\/div>\n<\/div>\n\n\n\n<p><\/p>","protected":false},"excerpt":{"rendered":"<p>Choisissez une bouilloire en acier inoxydable de qualit\u00e9 de Yongyu pour am\u00e9liorer votre exp\u00e9rience de la pr\u00e9paration du th\u00e9 et du caf\u00e9. D'un design sophistiqu\u00e9 et durable, cette bouilloire est dot\u00e9e d'un filtre fin int\u00e9gr\u00e9 qui garantit un versement lisse et sans d\u00e9chet \u00e0 chaque fois, ce qui la rend id\u00e9ale pour la consommation quotidienne.<\/p>\n<h2 style=\"text-align: left\">Param\u00e8tres de la bouilloire en acier inoxydable<\/h2>\n<p style=\"text-align: left\"><strong>Mat\u00e9riau :<\/strong> Acier inoxydable<br \/><strong>Diff\u00e9rentes tailles :<\/strong> 1.2L, 1.5L et 2.0L<br \/><strong>Conception :<\/strong> orifice de filtrage interne, buse \u00e0 crochet, poign\u00e9e isol\u00e9e, anneau de fond et cr\u00e9pine amovible<br \/><strong>Emballage :<\/strong> Sac d'opposition et bo\u00eete en carton<br \/><strong>OEM\/ODM :<\/strong> Disponible<\/p>\n<h2 class=\"wp-block-heading\">De Yongyu Drinkware Manufacturer :<\/h2>\n<p>Le fabricant de fournitures de restauration Yongyu dispose d'une large gamme de s\u00e9ries de verres en gros et personnalis\u00e9s, se concentrant sur la durabilit\u00e9 des produits, la performance de l'isolation thermique, et fournissant des solutions d'approvisionnement de haute qualit\u00e9 et \u00e9conomiques pour les clients du monde entier.<\/p>","protected":false},"featured_media":1655,"comment_status":"closed","ping_status":"closed","template":"","meta":{"_acf_changed":true},"application":[30],"product_brand":[],"product_cat":[20,49],"product_tag":[],"class_list":{"0":"post-1654","1":"product","2":"type-product","3":"status-publish","4":"has-post-thumbnail","6":"application-hotel-catering","7":"product_cat-wholesale-drinkware","8":"product_cat-stainless-steel-kettle-wholesale","10":"first","11":"instock","12":"shipping-taxable","13":"product-type-simple"},"acf":[],"_links":{"self":[{"href":"https:\/\/www.yongyukitchenware.com\/fr\/wp-json\/wp\/v2\/product\/1654","targetHints":{"allow":["GET"]}}],"collection":[{"href":"https:\/\/www.yongyukitchenware.com\/fr\/wp-json\/wp\/v2\/product"}],"about":[{"href":"https:\/\/www.yongyukitchenware.com\/fr\/wp-json\/wp\/v2\/types\/product"}],"replies":[{"embeddable":true,"href":"https:\/\/www.yongyukitchenware.com\/fr\/wp-json\/wp\/v2\/comments?post=1654"}],"wp:featuredmedia":[{"embeddable":true,"href":"https:\/\/www.yongyukitchenware.com\/fr\/wp-json\/wp\/v2\/media\/1655"}],"wp:attachment":[{"href":"https:\/\/www.yongyukitchenware.com\/fr\/wp-json\/wp\/v2\/media?parent=1654"}],"wp:term":[{"taxonomy":"application","embeddable":true,"href":"https:\/\/www.yongyukitchenware.com\/fr\/wp-json\/wp\/v2\/application?post=1654"},{"taxonomy":"product_brand","embeddable":true,"href":"https:\/\/www.yongyukitchenware.com\/fr\/wp-json\/wp\/v2\/product_brand?post=1654"},{"taxonomy":"product_cat","embeddable":true,"href":"https:\/\/www.yongyukitchenware.com\/fr\/wp-json\/wp\/v2\/product_cat?post=1654"},{"taxonomy":"product_tag","embeddable":true,"href":"https:\/\/www.yongyukitchenware.com\/fr\/wp-json\/wp\/v2\/product_tag?post=1654"}],"curies":[{"name":"wp","href":"https:\/\/api.w.org\/{rel}","templated":true}]}}