{"id":1662,"date":"2024-10-30T08:07:24","date_gmt":"2024-10-30T08:07:24","guid":{"rendered":"https:\/\/www.yongyukitchenware.com\/?post_type=product&#038;p=1662"},"modified":"2025-07-10T10:10:37","modified_gmt":"2025-07-10T10:10:37","slug":"stainless-steel-tea-kettle-wholesale","status":"publish","type":"product","link":"https:\/\/www.yongyukitchenware.com\/fr\/produit\/stainless-steel-tea-kettle-wholesale\/","title":{"rendered":"Bouilloire \u00e0 th\u00e9 en acier inoxydable Multi-taille Th\u00e9i\u00e8re \u00e0 nettoyage facile"},"content":{"rendered":"<div class=\"wp-block-columns is-layout-flex wp-container-core-columns-is-layout-9d6595d7 wp-block-columns-is-layout-flex\">\n<div class=\"wp-block-column is-layout-flow wp-block-column-is-layout-flow\">\n<h2 class=\"wp-block-heading\">Bouilloire en acier inoxydable Caract\u00e9ristiques :<\/h2>\n\n\n\n<p><strong>Acier inoxydable de haute qualit\u00e9 : <\/strong>Mat\u00e9riau en acier inoxydable de qualit\u00e9 alimentaire, solide et durable, ne produisant pas d'odeurs.<br><strong>Filtre int\u00e9gr\u00e9 : <\/strong>Le filtre amovible en acier inoxydable, adapt\u00e9 \u00e0 la pr\u00e9paration de th\u00e9 en vrac ou de caf\u00e9 moulu, emp\u00eache les impuret\u00e9s de p\u00e9n\u00e9trer dans la tasse.<br><strong>Facile \u00e0 nettoyer : <\/strong>R\u00e9sistant \u00e0 la rouille et durable, lavable au lave-vaisselle, pratique pour l'entretien quotidien.<br><strong>Performance d'isolation : <\/strong>la circulation du fond en anneau chauffe rapidement, fait bouillir rapidement, conduit la chaleur et la conserve bien, ce qui permet de garder votre boisson chaude pendant longtemps.<br><strong>Conception ergonomique : <\/strong>avec une poign\u00e9e arrondie confortable et un bec verseur de pr\u00e9cision pour assurer un contr\u00f4le facile de chaque versement.<\/p>\n<\/div>\n\n\n\n<div class=\"wp-block-column is-layout-flow wp-block-column-is-layout-flow\">\n<div class=\"wp-block-columns is-layout-flex wp-container-core-columns-is-layout-9d6595d7 wp-block-columns-is-layout-flex\">\n<div class=\"wp-block-column is-layout-flow wp-block-column-is-layout-flow\">\n<figure class=\"wp-block-gallery has-nested-images columns-default is-cropped wp-block-gallery-1 is-layout-flex wp-block-gallery-is-layout-flex\">\n<figure class=\"wp-block-image size-large\"><img decoding=\"async\" width=\"800\" height=\"800\" data-id=\"1667\" src=\"https:\/\/www.yongyukitchenware.com\/wp-content\/uploads\/2024\/10\/supply-best-kettle-5.webp\" alt=\"Bouilloire en acier inoxydable wholesale\" class=\"wp-image-1667\" srcset=\"https:\/\/www.yongyukitchenware.com\/wp-content\/uploads\/2024\/10\/supply-best-kettle-5.webp 800w, https:\/\/www.yongyukitchenware.com\/wp-content\/uploads\/2024\/10\/supply-best-kettle-5-300x300.webp 300w, https:\/\/www.yongyukitchenware.com\/wp-content\/uploads\/2024\/10\/supply-best-kettle-5-150x150.webp 150w, https:\/\/www.yongyukitchenware.com\/wp-content\/uploads\/2024\/10\/supply-best-kettle-5-768x768.webp 768w, https:\/\/www.yongyukitchenware.com\/wp-content\/uploads\/2024\/10\/supply-best-kettle-5-12x12.webp 12w, https:\/\/www.yongyukitchenware.com\/wp-content\/uploads\/2024\/10\/supply-best-kettle-5-600x600.webp 600w, https:\/\/www.yongyukitchenware.com\/wp-content\/uploads\/2024\/10\/supply-best-kettle-5-100x100.webp 100w\" sizes=\"(max-width: 800px) 100vw, 800px\" \/><\/figure>\n<\/figure>\n\n\n\n<div class=\"wp-block-columns is-layout-flex wp-container-core-columns-is-layout-9d6595d7 wp-block-columns-is-layout-flex\">\n<div class=\"wp-block-column is-layout-flow wp-block-column-is-layout-flow\"><\/div>\n\n\n\n<div class=\"wp-block-column is-layout-flow wp-block-column-is-layout-flow\"><\/div>\n<\/div>\n<\/div>\n<\/div>\n<\/div>\n<\/div>\n\n\n\n<p><\/p>","protected":false},"excerpt":{"rendered":"<p>Bouilloire en acier inoxydable, design rond avec filtre, polie et facile \u00e0 nettoyer. Logo personnalisable, taille de l'emballage, etc., service de haute qualit\u00e9 et prix n\u00e9gociable pour vous aider \u00e0 mener \u00e0 bien vos activit\u00e9s de restauration.<\/p>\n<h2 id=\"block-46feb3d2-a259-4e3a-bb1c-578468fb4276\" class=\"block-editor-rich-text__editable block-editor-block-list__block wp-block is-selected wp-block-heading rich-text\" role=\"document\" contenteditable=\"true\" aria-multiline=\"true\" aria-label=\"Bloc : Titre\" aria-readonly=\"false\" data-block=\"46feb3d2-a259-4e3a-bb1c-578468fb4276\" data-type=\"core\/heading\" data-title=\"Heading\" data-wp-block-attribute-key=\"content\">Param\u00e8tres de la bouilloire en acier inoxydable<\/h2>\n<p style=\"text-align: left;\"><strong>Mat\u00e9riau :<\/strong> Acier inoxydable<br \/><strong>Couleur :<\/strong> Argent, or<br \/><strong>Diff\u00e9rentes tailles :<\/strong> 1.2 L,1.5L,2.0L,3.0L et 4.0L<br \/><strong>Forme :<\/strong> En forme de boule<br \/><strong>Emballage :<\/strong> Sac d'opposition et bo\u00eete en carton<br \/><strong>OEM\/ODM :<\/strong> Disponible<\/p>\n<h2 class=\"wp-block-heading\">De Yongyu Drinkware Manufacturer :<\/h2>\n<p>Yongyu Drinkware Manufacturer vend en gros et personnalise divers types d'articles pour boissons, en mettant l'accent sur la durabilit\u00e9 et les performances de conservation de la chaleur des produits, en fournissant des solutions d'approvisionnement de haute qualit\u00e9 et \u00e9conomiques pour les clients du monde entier.<\/p>","protected":false},"featured_media":1668,"comment_status":"closed","ping_status":"closed","template":"","meta":{"_acf_changed":false},"application":[30],"product_brand":[],"product_cat":[20,49],"product_tag":[],"class_list":{"0":"post-1662","1":"product","2":"type-product","3":"status-publish","4":"has-post-thumbnail","6":"application-hotel-catering","7":"product_cat-wholesale-drinkware","8":"product_cat-stainless-steel-kettle-wholesale","10":"first","11":"instock","12":"shipping-taxable","13":"product-type-simple"},"acf":[],"_links":{"self":[{"href":"https:\/\/www.yongyukitchenware.com\/fr\/wp-json\/wp\/v2\/product\/1662","targetHints":{"allow":["GET"]}}],"collection":[{"href":"https:\/\/www.yongyukitchenware.com\/fr\/wp-json\/wp\/v2\/product"}],"about":[{"href":"https:\/\/www.yongyukitchenware.com\/fr\/wp-json\/wp\/v2\/types\/product"}],"replies":[{"embeddable":true,"href":"https:\/\/www.yongyukitchenware.com\/fr\/wp-json\/wp\/v2\/comments?post=1662"}],"wp:featuredmedia":[{"embeddable":true,"href":"https:\/\/www.yongyukitchenware.com\/fr\/wp-json\/wp\/v2\/media\/1668"}],"wp:attachment":[{"href":"https:\/\/www.yongyukitchenware.com\/fr\/wp-json\/wp\/v2\/media?parent=1662"}],"wp:term":[{"taxonomy":"application","embeddable":true,"href":"https:\/\/www.yongyukitchenware.com\/fr\/wp-json\/wp\/v2\/application?post=1662"},{"taxonomy":"product_brand","embeddable":true,"href":"https:\/\/www.yongyukitchenware.com\/fr\/wp-json\/wp\/v2\/product_brand?post=1662"},{"taxonomy":"product_cat","embeddable":true,"href":"https:\/\/www.yongyukitchenware.com\/fr\/wp-json\/wp\/v2\/product_cat?post=1662"},{"taxonomy":"product_tag","embeddable":true,"href":"https:\/\/www.yongyukitchenware.com\/fr\/wp-json\/wp\/v2\/product_tag?post=1662"}],"curies":[{"name":"wp","href":"https:\/\/api.w.org\/{rel}","templated":true}]}}