{"id":1669,"date":"2024-10-30T08:19:13","date_gmt":"2024-10-30T08:19:13","guid":{"rendered":"https:\/\/www.yongyukitchenware.com\/?post_type=product&#038;p=1669"},"modified":"2025-06-26T06:48:22","modified_gmt":"2025-06-26T06:48:22","slug":"coffee-kettle-wholesale","status":"publish","type":"product","link":"https:\/\/www.yongyukitchenware.com\/fr\/produit\/coffee-kettle-wholesale\/","title":{"rendered":"Bouilloire \u00e0 caf\u00e9 en acier inoxydable 1.0L,1.5L Chauffage par induction Factory Direct"},"content":{"rendered":"<div class=\"wp-block-columns is-layout-flex wp-container-core-columns-is-layout-9d6595d7 wp-block-columns-is-layout-flex\">\n<div class=\"wp-block-column is-layout-flow wp-block-column-is-layout-flow\">\n<h2 class=\"wp-block-heading\">Bouilloire \u00e0 caf\u00e9 Caract\u00e9ristiques :<\/h2>\n\n\n\n<p><strong>Acier inoxydable de haute qualit\u00e9 : <\/strong>Acier inoxydable de qualit\u00e9 alimentaire, r\u00e9sistant \u00e0 la corrosion, inodore, durable<br><strong>Filtre poreux assorti :<\/strong> Le filtre est con\u00e7u de mani\u00e8re ind\u00e9pendante pour s\u00e9parer les feuilles de th\u00e9, ce qui est plus pratique pour la consommation.<br><strong>Couvercle rabattable :<\/strong> Appuyer sur le couvercle pour l'ouvrir, facile \u00e0 ouvrir d'une seule main.<br><strong>Buse \u00e0 crochet d'aigle : <\/strong>Versement en douceur, la buse n'accroche pas l'eau et ne coule pas facilement.<br><strong>Poign\u00e9e isol\u00e9e : <\/strong>Poign\u00e9e lisse, isolation thermique et anti-br\u00fblure pour ne pas blesser les mains, facile \u00e0 prendre.<br><strong>Chauffage par induction : <\/strong>compatible avec les tables de cuisson \u00e0 induction, convient \u00e9galement aux cuisini\u00e8res \u00e0 gaz, \u00e9lectriques, c\u00e9ramiques et autres, et s'adapte \u00e0 une grande vari\u00e9t\u00e9 d'environnements de cuisine.<\/p>\n\n\n\n<h2 class=\"wp-block-heading\">Bouilloire \u00e0 caf\u00e9 Taille :<\/h2>\n\n\n\n<figure class=\"wp-block-table\"><table class=\"has-fixed-layout\"><tbody><tr><td>Mod\u00e8le<\/td><td>Taille<\/td><td>Diam\u00e8tre * Hauteur (cm)<\/td><td>MOQ<\/td><\/tr><tr><td rowspan=\"2\">DY024-SH<\/td><td>1.0L<\/td><td>12*10.5cm<\/td><td rowspan=\"2\">36PCS<\/td><\/tr><tr><td>1.5L<\/td><td>13*11.5cm<\/td><\/tr><\/tbody><\/table><\/figure>\n<\/div>\n\n\n\n<div class=\"wp-block-column is-layout-flow wp-block-column-is-layout-flow\">\n<figure class=\"wp-block-image size-full\"><img decoding=\"async\" width=\"800\" height=\"800\" src=\"https:\/\/www.yongyukitchenware.com\/wp-content\/uploads\/2024\/10\/factory-direct-tea-kettle-5.webp\" alt=\"usine-direct-tea-kettle (5)\" class=\"wp-image-1674\" srcset=\"https:\/\/www.yongyukitchenware.com\/wp-content\/uploads\/2024\/10\/factory-direct-tea-kettle-5.webp 800w, https:\/\/www.yongyukitchenware.com\/wp-content\/uploads\/2024\/10\/factory-direct-tea-kettle-5-300x300.webp 300w, https:\/\/www.yongyukitchenware.com\/wp-content\/uploads\/2024\/10\/factory-direct-tea-kettle-5-150x150.webp 150w, https:\/\/www.yongyukitchenware.com\/wp-content\/uploads\/2024\/10\/factory-direct-tea-kettle-5-768x768.webp 768w, https:\/\/www.yongyukitchenware.com\/wp-content\/uploads\/2024\/10\/factory-direct-tea-kettle-5-12x12.webp 12w, https:\/\/www.yongyukitchenware.com\/wp-content\/uploads\/2024\/10\/factory-direct-tea-kettle-5-600x600.webp 600w, https:\/\/www.yongyukitchenware.com\/wp-content\/uploads\/2024\/10\/factory-direct-tea-kettle-5-100x100.webp 100w\" sizes=\"(max-width: 800px) 100vw, 800px\" \/><\/figure>\n<\/div>\n<\/div>\n\n\n\n<p><\/p>","protected":false},"excerpt":{"rendered":"<p>Bouilloire \u00e0 caf\u00e9 en acier inoxydable avec filtre, id\u00e9ale pour chauffer et conserver le caf\u00e9, l'eau et le th\u00e9, id\u00e9ale pour la cuisine domestique et les services de restauration. Fabriqu\u00e9e en acier inoxydable de haute qualit\u00e9, elle offre des solutions personnalis\u00e9es \u00e0 des prix d'usine.<\/p>\n<h2 style=\"text-align: left\">Param\u00e8tres de la bouilloire \u00e0 caf\u00e9<\/h2>\n<p style=\"text-align: left\"><strong>Mat\u00e9riau :<\/strong> Acier inoxydable<br \/><strong>Tailles :<\/strong> 1.0L, 1.5L<br \/><strong>Design de la bouilloire :<\/strong> Buse en forme de crochet d'aigle, poign\u00e9e isol\u00e9e, conception \u00e0 bascule et \u00e0 anneau, et passoire amovible.<br \/><strong>Emballage :<\/strong> Sac d'opposition et carton<br \/><strong>OEM\/ODM :<\/strong> Disponible<\/p>\n<h2 class=\"wp-block-heading\">De Yongyu Drinkware Manufacturer :<\/h2>\n<p>Yongyu Drinkware Manufacturer vend en gros et personnalise divers types d'articles pour boissons, en mettant l'accent sur la durabilit\u00e9 et les performances de conservation de la chaleur des produits, en fournissant des solutions d'approvisionnement de haute qualit\u00e9 et \u00e9conomiques pour les clients du monde entier.<\/p>","protected":false},"featured_media":1670,"comment_status":"closed","ping_status":"closed","template":"","meta":{"_acf_changed":true},"application":[30],"product_brand":[],"product_cat":[20,49],"product_tag":[],"class_list":{"0":"post-1669","1":"product","2":"type-product","3":"status-publish","4":"has-post-thumbnail","6":"application-hotel-catering","7":"product_cat-wholesale-drinkware","8":"product_cat-stainless-steel-kettle-wholesale","10":"first","11":"instock","12":"shipping-taxable","13":"product-type-simple"},"acf":[],"_links":{"self":[{"href":"https:\/\/www.yongyukitchenware.com\/fr\/wp-json\/wp\/v2\/product\/1669","targetHints":{"allow":["GET"]}}],"collection":[{"href":"https:\/\/www.yongyukitchenware.com\/fr\/wp-json\/wp\/v2\/product"}],"about":[{"href":"https:\/\/www.yongyukitchenware.com\/fr\/wp-json\/wp\/v2\/types\/product"}],"replies":[{"embeddable":true,"href":"https:\/\/www.yongyukitchenware.com\/fr\/wp-json\/wp\/v2\/comments?post=1669"}],"wp:featuredmedia":[{"embeddable":true,"href":"https:\/\/www.yongyukitchenware.com\/fr\/wp-json\/wp\/v2\/media\/1670"}],"wp:attachment":[{"href":"https:\/\/www.yongyukitchenware.com\/fr\/wp-json\/wp\/v2\/media?parent=1669"}],"wp:term":[{"taxonomy":"application","embeddable":true,"href":"https:\/\/www.yongyukitchenware.com\/fr\/wp-json\/wp\/v2\/application?post=1669"},{"taxonomy":"product_brand","embeddable":true,"href":"https:\/\/www.yongyukitchenware.com\/fr\/wp-json\/wp\/v2\/product_brand?post=1669"},{"taxonomy":"product_cat","embeddable":true,"href":"https:\/\/www.yongyukitchenware.com\/fr\/wp-json\/wp\/v2\/product_cat?post=1669"},{"taxonomy":"product_tag","embeddable":true,"href":"https:\/\/www.yongyukitchenware.com\/fr\/wp-json\/wp\/v2\/product_tag?post=1669"}],"curies":[{"name":"wp","href":"https:\/\/api.w.org\/{rel}","templated":true}]}}