{"id":1675,"date":"2024-10-14T06:16:56","date_gmt":"2024-10-14T06:16:56","guid":{"rendered":"https:\/\/www.yongyukitchenware.com\/?post_type=product&#038;p=1675"},"modified":"2025-06-26T05:57:59","modified_gmt":"2025-06-26T05:57:59","slug":"electric-chafing-dish-warmer-wholesale","status":"publish","type":"product","link":"https:\/\/www.yongyukitchenware.com\/fr\/produit\/electric-chafing-dish-warmer-wholesale\/","title":{"rendered":"Chauffe-plats \u00e9lectrique en acier inoxydable pour buffet de restauration"},"content":{"rendered":"<div class=\"wp-block-columns is-layout-flex wp-container-core-columns-is-layout-9d6595d7 wp-block-columns-is-layout-flex\">\n<div class=\"wp-block-column is-layout-flow wp-block-column-is-layout-flow\">\n<h2 class=\"wp-block-heading\">Chauffe-plats \u00e9lectrique Param\u00e8tres :<\/h2>\n\n\n\n<figure class=\"wp-block-table\"><table class=\"has-fixed-layout\"><tbody><tr><td>Mod\u00e8le<\/td><td>Forme<\/td><td>Longueur * Largeur * Hauteur (cm)<\/td><td>Poids (kg)<\/td><td>MOQ<\/td><\/tr><tr><td rowspan=\"3\">DY011-CL<\/td><td>Rectangulaire<\/td><td>57*37*24<\/td><td>9.3<\/td><td rowspan=\"3\">2PCS<\/td><\/tr><tr><td>carr\u00e9<\/td><td>40*40*25<\/td><td>8.6<\/td><\/tr><tr><td>ronde<\/td><td>47*44*23<\/td><td>8.4<\/td><\/tr><\/tbody><\/table><\/figure>\n<\/div>\n\n\n\n<div class=\"wp-block-column is-layout-flow wp-block-column-is-layout-flow\">\n<div class=\"wp-block-columns is-layout-flex wp-container-core-columns-is-layout-9d6595d7 wp-block-columns-is-layout-flex\">\n<div class=\"wp-block-column is-layout-flow wp-block-column-is-layout-flow\">\n<figure class=\"wp-block-image size-full\"><img decoding=\"async\" width=\"800\" height=\"800\" src=\"https:\/\/www.yongyukitchenware.com\/wp-content\/uploads\/2025\/01\/Large-Electric-Chafing-Dishes-Wholesale-Stainless-Steel-with-Handle-1.webp\" alt=\"Grandes po\u00eales \u00e0 frire \u00e9lectriques en acier inoxydable avec poign\u00e9e (1)\" class=\"wp-image-2820\" srcset=\"https:\/\/www.yongyukitchenware.com\/wp-content\/uploads\/2025\/01\/Large-Electric-Chafing-Dishes-Wholesale-Stainless-Steel-with-Handle-1.webp 800w, https:\/\/www.yongyukitchenware.com\/wp-content\/uploads\/2025\/01\/Large-Electric-Chafing-Dishes-Wholesale-Stainless-Steel-with-Handle-1-300x300.webp 300w, https:\/\/www.yongyukitchenware.com\/wp-content\/uploads\/2025\/01\/Large-Electric-Chafing-Dishes-Wholesale-Stainless-Steel-with-Handle-1-150x150.webp 150w, https:\/\/www.yongyukitchenware.com\/wp-content\/uploads\/2025\/01\/Large-Electric-Chafing-Dishes-Wholesale-Stainless-Steel-with-Handle-1-768x768.webp 768w, https:\/\/www.yongyukitchenware.com\/wp-content\/uploads\/2025\/01\/Large-Electric-Chafing-Dishes-Wholesale-Stainless-Steel-with-Handle-1-12x12.webp 12w, https:\/\/www.yongyukitchenware.com\/wp-content\/uploads\/2025\/01\/Large-Electric-Chafing-Dishes-Wholesale-Stainless-Steel-with-Handle-1-600x600.webp 600w, https:\/\/www.yongyukitchenware.com\/wp-content\/uploads\/2025\/01\/Large-Electric-Chafing-Dishes-Wholesale-Stainless-Steel-with-Handle-1-100x100.webp 100w\" sizes=\"(max-width: 800px) 100vw, 800px\" \/><\/figure>\n<\/div>\n\n\n\n<div class=\"wp-block-column is-layout-flow wp-block-column-is-layout-flow\">\n<figure class=\"wp-block-image size-full\"><img decoding=\"async\" width=\"800\" height=\"800\" src=\"https:\/\/www.yongyukitchenware.com\/wp-content\/uploads\/2025\/01\/Best-Electric-Chafing-Dish-Round-Wholesale-Buffet-Stove.webp\" alt=\"Best Electric Chafing Dish Round Wholesale Buffet Stove\" class=\"wp-image-2830\" srcset=\"https:\/\/www.yongyukitchenware.com\/wp-content\/uploads\/2025\/01\/Best-Electric-Chafing-Dish-Round-Wholesale-Buffet-Stove.webp 800w, https:\/\/www.yongyukitchenware.com\/wp-content\/uploads\/2025\/01\/Best-Electric-Chafing-Dish-Round-Wholesale-Buffet-Stove-300x300.webp 300w, https:\/\/www.yongyukitchenware.com\/wp-content\/uploads\/2025\/01\/Best-Electric-Chafing-Dish-Round-Wholesale-Buffet-Stove-150x150.webp 150w, https:\/\/www.yongyukitchenware.com\/wp-content\/uploads\/2025\/01\/Best-Electric-Chafing-Dish-Round-Wholesale-Buffet-Stove-768x768.webp 768w, https:\/\/www.yongyukitchenware.com\/wp-content\/uploads\/2025\/01\/Best-Electric-Chafing-Dish-Round-Wholesale-Buffet-Stove-12x12.webp 12w, https:\/\/www.yongyukitchenware.com\/wp-content\/uploads\/2025\/01\/Best-Electric-Chafing-Dish-Round-Wholesale-Buffet-Stove-600x600.webp 600w, https:\/\/www.yongyukitchenware.com\/wp-content\/uploads\/2025\/01\/Best-Electric-Chafing-Dish-Round-Wholesale-Buffet-Stove-100x100.webp 100w\" sizes=\"(max-width: 800px) 100vw, 800px\" \/><\/figure>\n<\/div>\n\n\n\n<div class=\"wp-block-column is-layout-flow wp-block-column-is-layout-flow\">\n<figure class=\"wp-block-image size-full\"><img decoding=\"async\" width=\"800\" height=\"800\" src=\"https:\/\/www.yongyukitchenware.com\/wp-content\/uploads\/2025\/01\/Wholesale-Chafing-Dish-Electric-Stainless-Steel-6L-Square-Warmer.webp\" alt=\"Wholesale Chafing Dish Electric Stainless Steel 6L Square Warmer\" class=\"wp-image-2828\" srcset=\"https:\/\/www.yongyukitchenware.com\/wp-content\/uploads\/2025\/01\/Wholesale-Chafing-Dish-Electric-Stainless-Steel-6L-Square-Warmer.webp 800w, https:\/\/www.yongyukitchenware.com\/wp-content\/uploads\/2025\/01\/Wholesale-Chafing-Dish-Electric-Stainless-Steel-6L-Square-Warmer-300x300.webp 300w, https:\/\/www.yongyukitchenware.com\/wp-content\/uploads\/2025\/01\/Wholesale-Chafing-Dish-Electric-Stainless-Steel-6L-Square-Warmer-150x150.webp 150w, https:\/\/www.yongyukitchenware.com\/wp-content\/uploads\/2025\/01\/Wholesale-Chafing-Dish-Electric-Stainless-Steel-6L-Square-Warmer-768x768.webp 768w, https:\/\/www.yongyukitchenware.com\/wp-content\/uploads\/2025\/01\/Wholesale-Chafing-Dish-Electric-Stainless-Steel-6L-Square-Warmer-12x12.webp 12w, https:\/\/www.yongyukitchenware.com\/wp-content\/uploads\/2025\/01\/Wholesale-Chafing-Dish-Electric-Stainless-Steel-6L-Square-Warmer-600x600.webp 600w, https:\/\/www.yongyukitchenware.com\/wp-content\/uploads\/2025\/01\/Wholesale-Chafing-Dish-Electric-Stainless-Steel-6L-Square-Warmer-100x100.webp 100w\" sizes=\"(max-width: 800px) 100vw, 800px\" \/><\/figure>\n<\/div>\n<\/div>\n<\/div>\n<\/div>\n\n\n\n<div class=\"wp-block-columns is-layout-flex wp-container-core-columns-is-layout-9d6595d7 wp-block-columns-is-layout-flex\">\n<div class=\"wp-block-column is-layout-flow wp-block-column-is-layout-flow\"><div class=\"wp-block-image\">\n<figure class=\"aligncenter size-full is-resized\"><img decoding=\"async\" width=\"800\" height=\"800\" src=\"https:\/\/www.yongyukitchenware.com\/wp-content\/uploads\/2024\/10\/Wholesale-Electric-Chafing-Dish-Warmer-3.webp\" alt=\"Wholesale Electric Chafing Dish Warmer 3\" class=\"wp-image-1679\" style=\"width:356px;height:auto\" srcset=\"https:\/\/www.yongyukitchenware.com\/wp-content\/uploads\/2024\/10\/Wholesale-Electric-Chafing-Dish-Warmer-3.webp 800w, https:\/\/www.yongyukitchenware.com\/wp-content\/uploads\/2024\/10\/Wholesale-Electric-Chafing-Dish-Warmer-3-300x300.webp 300w, https:\/\/www.yongyukitchenware.com\/wp-content\/uploads\/2024\/10\/Wholesale-Electric-Chafing-Dish-Warmer-3-150x150.webp 150w, https:\/\/www.yongyukitchenware.com\/wp-content\/uploads\/2024\/10\/Wholesale-Electric-Chafing-Dish-Warmer-3-768x768.webp 768w, https:\/\/www.yongyukitchenware.com\/wp-content\/uploads\/2024\/10\/Wholesale-Electric-Chafing-Dish-Warmer-3-12x12.webp 12w, https:\/\/www.yongyukitchenware.com\/wp-content\/uploads\/2024\/10\/Wholesale-Electric-Chafing-Dish-Warmer-3-600x600.webp 600w, https:\/\/www.yongyukitchenware.com\/wp-content\/uploads\/2024\/10\/Wholesale-Electric-Chafing-Dish-Warmer-3-100x100.webp 100w\" sizes=\"(max-width: 800px) 100vw, 800px\" \/><\/figure>\n<\/div><\/div>\n\n\n\n<div class=\"wp-block-column is-layout-flow wp-block-column-is-layout-flow\">\n<h2 class=\"wp-block-heading\">Chauffe-plats \u00e9lectrique Caract\u00e9ristiques :<\/h2>\n\n\n\n<p><strong>Technologie efficace de pr\u00e9servation de la chaleur :<\/strong> Des \u00e9l\u00e9ments chauffants perfectionn\u00e9s et un syst\u00e8me de contr\u00f4le pr\u00e9cis de la temp\u00e9rature garantissent que les aliments restent \u00e0 une temp\u00e9rature id\u00e9ale pendant longtemps.<\/p>\n\n\n\n<p><strong>Mat\u00e9riau durable en acier inoxydable :<\/strong> Ce r\u00e9chaud \u00e9lectrique pour chafing dish est fabriqu\u00e9 en acier inoxydable de haute qualit\u00e9 pour un nettoyage facile. Il semble donc g\u00e9n\u00e9reux pour toute occasion formelle.<\/p>\n\n\n\n<p><strong>Conception portable : <\/strong>Son design l\u00e9ger et ultra-compact le rend facile \u00e0 transporter et \u00e0 installer. Il convient parfaitement aux \u00e9v\u00e9nements en plein air, aux banquets ou aux petits rassemblements.<\/p>\n\n\n\n<p><strong>S\u00e9curit\u00e9 et fiabilit\u00e9 : <\/strong>Gr\u00e2ce \u00e0 un dispositif de protection contre la surchauffe et \u00e0 un repose-pieds antid\u00e9rapant, cette machine offre une protection suppl\u00e9mentaire, m\u00eame en cas d'activit\u00e9 intense.<\/p>\n\n\n\n<p><strong>Facile \u00e0 utiliser et \u00e0 entretenir :<\/strong> L'interface intuitive facilite l'utilisation quotidienne, tandis que le nettoyage simple r\u00e9duit consid\u00e9rablement les co\u00fbts d'entretien.<\/p>\n<\/div>\n<\/div>","protected":false},"excerpt":{"rendered":"<p>Nous vendons directement en gros des r\u00e9chauds \u00e9lectriques pour chafing dish de notre fournisseur chinois de chafers et fournissons des services OEM ODM. Ce chauffe-plat \u00e9lectrique a une interface de contr\u00f4le \u00e0 \u00e9cran tactile, un contr\u00f4le de temp\u00e9rature pr\u00e9cis et \u00e0 long terme, convient \u00e0 toutes sortes d'activit\u00e9s de restauration, n'h\u00e9sitez pas \u00e0 nous contacter pour obtenir les prix d'usine !<\/p>\n<h2><!-- wp:heading --><\/h2>\n<h2 class=\"wp-block-heading\">Chauffe-plats \u00e9lectrique Attributs :<\/h2>\n<h2><!-- \/wp:heading --><\/p>\n<p><!-- wp:paragraph --><\/h2>\n<p><strong>Mat\u00e9riau : <\/strong>Acier inoxydable<br \/><strong>Couleur : <\/strong>Argent, or, couleur personnalis\u00e9e<br \/><strong>Forme : <\/strong>Rectangle, Carr\u00e9, Rond<br \/><strong>Chaleur : <\/strong>Chauffage \u00e9lectrique<br \/><strong>Bac de r\u00e9cup\u00e9ration : <\/strong>Grille simple\/double<br \/><strong>Emballage : <\/strong>Sac d'opposition et bo\u00eete en carton<br \/><strong>OEM\/ODM : <\/strong>Disponible<\/p>\n<h2 class=\"wp-block-heading\">De Yongyu Chafing Dish Manufacturer :<\/h2>\n<p>Qu'il s'agisse d'un fournisseur de services de restauration, d'un h\u00f4tel ou d'un restaurant, ou d'une soci\u00e9t\u00e9 d'organisation d'\u00e9v\u00e9nements, nous fournissons des solutions compl\u00e8tes de vente en gros de chafing dishes pour aider votre entreprise avec des prix d'usine de haute qualit\u00e9 !<\/p>\n<h2><!-- \/wp:paragraph --><\/h2>","protected":false},"featured_media":1678,"comment_status":"closed","ping_status":"closed","template":"","meta":{"_acf_changed":false},"application":[30],"product_brand":[],"product_cat":[33],"product_tag":[],"class_list":{"0":"post-1675","1":"product","2":"type-product","3":"status-publish","4":"has-post-thumbnail","6":"application-hotel-catering","7":"product_cat-chafing-dishes-wholesale","9":"first","10":"instock","11":"shipping-taxable","12":"product-type-simple"},"acf":[],"_links":{"self":[{"href":"https:\/\/www.yongyukitchenware.com\/fr\/wp-json\/wp\/v2\/product\/1675","targetHints":{"allow":["GET"]}}],"collection":[{"href":"https:\/\/www.yongyukitchenware.com\/fr\/wp-json\/wp\/v2\/product"}],"about":[{"href":"https:\/\/www.yongyukitchenware.com\/fr\/wp-json\/wp\/v2\/types\/product"}],"replies":[{"embeddable":true,"href":"https:\/\/www.yongyukitchenware.com\/fr\/wp-json\/wp\/v2\/comments?post=1675"}],"wp:featuredmedia":[{"embeddable":true,"href":"https:\/\/www.yongyukitchenware.com\/fr\/wp-json\/wp\/v2\/media\/1678"}],"wp:attachment":[{"href":"https:\/\/www.yongyukitchenware.com\/fr\/wp-json\/wp\/v2\/media?parent=1675"}],"wp:term":[{"taxonomy":"application","embeddable":true,"href":"https:\/\/www.yongyukitchenware.com\/fr\/wp-json\/wp\/v2\/application?post=1675"},{"taxonomy":"product_brand","embeddable":true,"href":"https:\/\/www.yongyukitchenware.com\/fr\/wp-json\/wp\/v2\/product_brand?post=1675"},{"taxonomy":"product_cat","embeddable":true,"href":"https:\/\/www.yongyukitchenware.com\/fr\/wp-json\/wp\/v2\/product_cat?post=1675"},{"taxonomy":"product_tag","embeddable":true,"href":"https:\/\/www.yongyukitchenware.com\/fr\/wp-json\/wp\/v2\/product_tag?post=1675"}],"curies":[{"name":"wp","href":"https:\/\/api.w.org\/{rel}","templated":true}]}}