{"id":1676,"date":"2024-10-30T10:35:25","date_gmt":"2024-10-30T10:35:25","guid":{"rendered":"https:\/\/www.yongyukitchenware.com\/?post_type=product&#038;p=1676"},"modified":"2025-04-27T01:44:34","modified_gmt":"2025-04-27T01:44:34","slug":"wholesale-stainless-steel-teapot","status":"publish","type":"product","link":"https:\/\/www.yongyukitchenware.com\/fr\/produit\/wholesale-stainless-steel-teapot\/","title":{"rendered":"Grossiste Th\u00e9i\u00e8re en Acier Inoxydable Martel\u00e9e Or Argent Bouilloire \u00e0 Th\u00e9"},"content":{"rendered":"<div class=\"wp-block-columns is-layout-flex wp-container-core-columns-is-layout-9d6595d7 wp-block-columns-is-layout-flex\">\n<div class=\"wp-block-column is-layout-flow wp-block-column-is-layout-flow\">\n<h2 class=\"wp-block-heading\">Th\u00e9i\u00e8re en acier inoxydable Caract\u00e9ristiques :<\/h2>\n\n\n\n<p><strong>Acier inoxydable de qualit\u00e9 alimentaire : <\/strong>Fabriqu\u00e9 en acier inoxydable de haute qualit\u00e9, il est durable et r\u00e9siste \u00e0 la corrosion, ce qui prolonge sa dur\u00e9e de vie.<br><strong>Processus de cr\u00e9ation d'un mod\u00e8le de marteau :<\/strong> l'aspect unique du motif du marteau, le style distinctif et les d\u00e9tails de luxe discret montrent<br><strong>Filtre poreux assorti :<\/strong> Le filtre est con\u00e7u de mani\u00e8re ind\u00e9pendante pour s\u00e9parer les feuilles de th\u00e9, ce qui est plus pratique pour la consommation.<br><strong>Confortable et facile \u00e0 utiliser : <\/strong>Poign\u00e9e ergonomique, poign\u00e9e ronde isol\u00e9e pour une prise en main confortable ; buse \u00e0 crochet pr\u00e9cise, lisse et ne se d\u00e9versant pas facilement lors du versement.<br><strong>Conception \u00e0 fond plat :<\/strong> Conduction rapide et r\u00e9guli\u00e8re de la chaleur, pas besoin de choisir le r\u00e9chaud \u00e0 utiliser<br><strong>Diversit\u00e9 des capacit\u00e9s : <\/strong>Les diff\u00e9rentes options de capacit\u00e9 permettent de r\u00e9pondre aux besoins d'une personne ou de plusieurs personnes buvant du th\u00e9.<\/p>\n<\/div>\n\n\n\n<div class=\"wp-block-column is-layout-flow wp-block-column-is-layout-flow\">\n<div class=\"wp-block-columns is-layout-flex wp-container-core-columns-is-layout-9d6595d7 wp-block-columns-is-layout-flex\">\n<div class=\"wp-block-column is-layout-flow wp-block-column-is-layout-flow\">\n<figure class=\"wp-block-image size-full\"><img decoding=\"async\" width=\"800\" height=\"800\" src=\"https:\/\/www.yongyukitchenware.com\/wp-content\/uploads\/2024\/10\/wholesale-stainless-steel-teapot-3.webp\" alt=\"Th\u00e9i\u00e8re en gros en acier inoxydable (3)\" class=\"wp-image-1686\" srcset=\"https:\/\/www.yongyukitchenware.com\/wp-content\/uploads\/2024\/10\/wholesale-stainless-steel-teapot-3.webp 800w, https:\/\/www.yongyukitchenware.com\/wp-content\/uploads\/2024\/10\/wholesale-stainless-steel-teapot-3-300x300.webp 300w, https:\/\/www.yongyukitchenware.com\/wp-content\/uploads\/2024\/10\/wholesale-stainless-steel-teapot-3-150x150.webp 150w, https:\/\/www.yongyukitchenware.com\/wp-content\/uploads\/2024\/10\/wholesale-stainless-steel-teapot-3-768x768.webp 768w, https:\/\/www.yongyukitchenware.com\/wp-content\/uploads\/2024\/10\/wholesale-stainless-steel-teapot-3-12x12.webp 12w, https:\/\/www.yongyukitchenware.com\/wp-content\/uploads\/2024\/10\/wholesale-stainless-steel-teapot-3-600x600.webp 600w, https:\/\/www.yongyukitchenware.com\/wp-content\/uploads\/2024\/10\/wholesale-stainless-steel-teapot-3-100x100.webp 100w\" sizes=\"(max-width: 800px) 100vw, 800px\" \/><\/figure>\n<\/div>\n<\/div>\n<\/div>\n<\/div>\n\n\n\n<p><\/p>","protected":false},"excerpt":{"rendered":"<p>Th\u00e9i\u00e8res en acier inoxydable personnalis\u00e9es et vendues en gros. Le design de la boule martel\u00e9e est unique et moderne, ce qui en fait un \u00e9l\u00e9ment phare de toute cuisine ou service \u00e0 th\u00e9. Equip\u00e9e d'un filtre, la capacit\u00e9 de la th\u00e9i\u00e8re peut \u00eatre personnalis\u00e9e, veuillez nous contacter pour plus de services personnalis\u00e9s.<\/p>\n<h2 style=\"text-align: left;\">Th\u00e9i\u00e8re en acier inoxydable Param\u00e8tres<\/h2>\n<p style=\"text-align: left;\"><strong>Mat\u00e9riau :<\/strong> acier inoxydable<br \/><strong>Couleur :<\/strong> or, argent<br \/><strong>Forme :<\/strong> Mod\u00e8le de marteau sph\u00e9rique<br \/><strong>Diff\u00e9rentes tailles :<\/strong> 1.2L, 1.5L et 2.0L<br \/><strong>Emballage :<\/strong> Sac d'opposition et carton<br \/><strong>OEM\/ODM :<\/strong> Disponible<\/p>\n<h2 class=\"wp-block-heading\">De Yongyu Drinkware Manufacturer :<\/h2>\n<p>Yongyu Drinkware Manufacturer vend en gros et personnalise divers types d'articles pour boissons, en mettant l'accent sur la durabilit\u00e9 et les performances de conservation de la chaleur des produits, en fournissant des solutions d'approvisionnement de haute qualit\u00e9 et \u00e9conomiques pour les clients du monde entier.<\/p>","protected":false},"featured_media":1684,"comment_status":"closed","ping_status":"closed","template":"","meta":{"_acf_changed":true},"application":[30],"product_brand":[],"product_cat":[20,49],"product_tag":[],"class_list":{"0":"post-1676","1":"product","2":"type-product","3":"status-publish","4":"has-post-thumbnail","6":"application-hotel-catering","7":"product_cat-wholesale-drinkware","8":"product_cat-stainless-steel-kettle-wholesale","10":"first","11":"instock","12":"shipping-taxable","13":"product-type-simple"},"acf":[],"_links":{"self":[{"href":"https:\/\/www.yongyukitchenware.com\/fr\/wp-json\/wp\/v2\/product\/1676","targetHints":{"allow":["GET"]}}],"collection":[{"href":"https:\/\/www.yongyukitchenware.com\/fr\/wp-json\/wp\/v2\/product"}],"about":[{"href":"https:\/\/www.yongyukitchenware.com\/fr\/wp-json\/wp\/v2\/types\/product"}],"replies":[{"embeddable":true,"href":"https:\/\/www.yongyukitchenware.com\/fr\/wp-json\/wp\/v2\/comments?post=1676"}],"wp:featuredmedia":[{"embeddable":true,"href":"https:\/\/www.yongyukitchenware.com\/fr\/wp-json\/wp\/v2\/media\/1684"}],"wp:attachment":[{"href":"https:\/\/www.yongyukitchenware.com\/fr\/wp-json\/wp\/v2\/media?parent=1676"}],"wp:term":[{"taxonomy":"application","embeddable":true,"href":"https:\/\/www.yongyukitchenware.com\/fr\/wp-json\/wp\/v2\/application?post=1676"},{"taxonomy":"product_brand","embeddable":true,"href":"https:\/\/www.yongyukitchenware.com\/fr\/wp-json\/wp\/v2\/product_brand?post=1676"},{"taxonomy":"product_cat","embeddable":true,"href":"https:\/\/www.yongyukitchenware.com\/fr\/wp-json\/wp\/v2\/product_cat?post=1676"},{"taxonomy":"product_tag","embeddable":true,"href":"https:\/\/www.yongyukitchenware.com\/fr\/wp-json\/wp\/v2\/product_tag?post=1676"}],"curies":[{"name":"wp","href":"https:\/\/api.w.org\/{rel}","templated":true}]}}