{"id":1683,"date":"2024-10-12T09:18:30","date_gmt":"2024-10-12T09:18:30","guid":{"rendered":"https:\/\/www.yongyukitchenware.com\/?post_type=product&#038;p=1683"},"modified":"2025-06-26T05:57:18","modified_gmt":"2025-06-26T05:57:18","slug":"electric-buffet-food-warmer-bulk","status":"publish","type":"product","link":"https:\/\/www.yongyukitchenware.com\/fr\/produit\/electric-buffet-food-warmer-bulk\/","title":{"rendered":"Chauffe-buffet \u00e9lectrique en acier inoxydable avec couvercle en verre"},"content":{"rendered":"<div class=\"wp-block-columns is-layout-flex wp-container-core-columns-is-layout-9d6595d7 wp-block-columns-is-layout-flex\">\n<div class=\"wp-block-column is-layout-flow wp-block-column-is-layout-flow\">\n<h2 class=\"wp-block-heading\">Param\u00e8tres du chauffe-buffet \u00e9lectrique<\/h2>\n\n\n\n<figure class=\"wp-block-table\"><table class=\"has-fixed-layout\"><tbody><tr><td>Mod\u00e8le<\/td><td>Forme<\/td><td>Longueur * Largeur * Hauteur (cm)<\/td><td>Poids (kg)<\/td><td>MOQ<\/td><\/tr><tr><td rowspan=\"2\">DY012-CL<\/td><td>Rectangulaire<\/td><td>57*37*22<\/td><td>10.3<\/td><td rowspan=\"2\">2PCS<\/td><\/tr><tr><td>carr\u00e9<\/td><td>40*40*20<\/td><td>8.5<\/td><\/tr><\/tbody><\/table><\/figure>\n<\/div>\n\n\n\n<div class=\"wp-block-column is-layout-flow wp-block-column-is-layout-flow\">\n<h2 class=\"wp-block-heading\">Chauffe-buffet \u00e9lectrique Caract\u00e9ristiques :<\/h2>\n\n\n\n<p><strong>Couvercle visuel en verre :<\/strong> La conception du couvercle visuel en verre permet aux utilisateurs de voir \u00e0 tout moment si les aliments sont bien cuits ou r\u00e9chauff\u00e9s sans ouvrir le couvercle. Cela permet de minimiser la perte de chaleur et de maintenir la fra\u00eecheur et la chaleur des plats.<\/p>\n\n\n\n<p><strong>Syst\u00e8me de chauffage \u00e9lectrique efficace : <\/strong>Le syst\u00e8me de chauffage \u00e9lectrique int\u00e9gr\u00e9 de ce chauffe-buffet \u00e9lectrique fournit une chaleur homog\u00e8ne et durable aux aliments pour les maintenir au chaud pendant le service, ce qui convient pour une utilisation \u00e0 long terme.<\/p>\n\n\n\n<p><strong>Mat\u00e9riau durable en acier inoxydable : <\/strong>Structure de haute qualit\u00e9 en acier inoxydable, l\u00e9g\u00e8re, durable et r\u00e9sistante \u00e0 la corrosion ; cette s\u00e9rie de produits est facile \u00e0 nettoyer et capable de r\u00e9pondre \u00e0 une utilisation intensive sur une longue p\u00e9riode.<\/p>\n\n\n\n<p><strong>Sc\u00e9narios d'application polyvalents : <\/strong>Les buffets d'h\u00f4tel, les banquets de mariage et les r\u00e9unions d'entreprise peuvent tous b\u00e9n\u00e9ficier de ce produit pour am\u00e9liorer l'effet de pr\u00e9sentation des aliments et la qualit\u00e9 du service.<\/p>\n\n\n\n<p><strong>R\u00e9cipient de tr\u00e8s grande capacit\u00e9 : <\/strong>la taille suppl\u00e9mentaire de ce chauffe-buffet \u00e9lectrique peut contenir une \u00e9norme quantit\u00e9 d'aliments, ce qui convient parfaitement aux grands banquets ou aux services de buffet, r\u00e9duisant la fr\u00e9quence des r\u00e9approvisionnements et am\u00e9liorant l'effet du service.<\/p>\n<\/div>\n<\/div>\n\n\n\n<div class=\"wp-block-columns is-layout-flex wp-container-core-columns-is-layout-9d6595d7 wp-block-columns-is-layout-flex\">\n<div class=\"wp-block-column is-layout-flow wp-block-column-is-layout-flow\">\n<figure class=\"wp-block-image size-full\"><img decoding=\"async\" width=\"800\" height=\"800\" src=\"https:\/\/www.yongyukitchenware.com\/wp-content\/uploads\/2024\/10\/Wholesale-Electric-Buffet-Food-Warmer-2.webp\" alt=\"Chauffe-buffet \u00e9lectrique en gros 2\" class=\"wp-image-1694\" srcset=\"https:\/\/www.yongyukitchenware.com\/wp-content\/uploads\/2024\/10\/Wholesale-Electric-Buffet-Food-Warmer-2.webp 800w, https:\/\/www.yongyukitchenware.com\/wp-content\/uploads\/2024\/10\/Wholesale-Electric-Buffet-Food-Warmer-2-300x300.webp 300w, https:\/\/www.yongyukitchenware.com\/wp-content\/uploads\/2024\/10\/Wholesale-Electric-Buffet-Food-Warmer-2-150x150.webp 150w, https:\/\/www.yongyukitchenware.com\/wp-content\/uploads\/2024\/10\/Wholesale-Electric-Buffet-Food-Warmer-2-768x768.webp 768w, https:\/\/www.yongyukitchenware.com\/wp-content\/uploads\/2024\/10\/Wholesale-Electric-Buffet-Food-Warmer-2-12x12.webp 12w, https:\/\/www.yongyukitchenware.com\/wp-content\/uploads\/2024\/10\/Wholesale-Electric-Buffet-Food-Warmer-2-600x600.webp 600w, https:\/\/www.yongyukitchenware.com\/wp-content\/uploads\/2024\/10\/Wholesale-Electric-Buffet-Food-Warmer-2-100x100.webp 100w\" sizes=\"(max-width: 800px) 100vw, 800px\" \/><\/figure>\n<\/div>\n\n\n\n<div class=\"wp-block-column is-layout-flow wp-block-column-is-layout-flow\">\n<figure class=\"wp-block-image size-full\"><img decoding=\"async\" width=\"800\" height=\"800\" src=\"https:\/\/www.yongyukitchenware.com\/wp-content\/uploads\/2024\/10\/Wholesale-Electric-Buffet-Food-Warmer-4.webp\" alt=\"Chauffe-buffet \u00e9lectrique en gros 4\" class=\"wp-image-1696\" srcset=\"https:\/\/www.yongyukitchenware.com\/wp-content\/uploads\/2024\/10\/Wholesale-Electric-Buffet-Food-Warmer-4.webp 800w, https:\/\/www.yongyukitchenware.com\/wp-content\/uploads\/2024\/10\/Wholesale-Electric-Buffet-Food-Warmer-4-300x300.webp 300w, https:\/\/www.yongyukitchenware.com\/wp-content\/uploads\/2024\/10\/Wholesale-Electric-Buffet-Food-Warmer-4-150x150.webp 150w, https:\/\/www.yongyukitchenware.com\/wp-content\/uploads\/2024\/10\/Wholesale-Electric-Buffet-Food-Warmer-4-768x768.webp 768w, https:\/\/www.yongyukitchenware.com\/wp-content\/uploads\/2024\/10\/Wholesale-Electric-Buffet-Food-Warmer-4-12x12.webp 12w, https:\/\/www.yongyukitchenware.com\/wp-content\/uploads\/2024\/10\/Wholesale-Electric-Buffet-Food-Warmer-4-600x600.webp 600w, https:\/\/www.yongyukitchenware.com\/wp-content\/uploads\/2024\/10\/Wholesale-Electric-Buffet-Food-Warmer-4-100x100.webp 100w\" sizes=\"(max-width: 800px) 100vw, 800px\" \/><\/figure>\n<\/div>\n<\/div>\n\n\n\n<p><\/p>","protected":false},"excerpt":{"rendered":"<p>Notre chauffe-buffet \u00e9lectrique en acier inoxydable, dot\u00e9 d'un couvercle en verre transparent, est parfait pour les services de restauration. Le couvercle en verre permet de contr\u00f4ler facilement les aliments tout en conservant efficacement la chaleur. Id\u00e9al pour les buffets, les banquets d'h\u00f4tels, les mariages et les grands \u00e9v\u00e9nements.<\/p>\n<h2><!-- wp:heading --><\/h2>\n<h2 class=\"wp-block-heading\">Chauffe-buffet \u00e9lectrique Attributs :<\/h2>\n<h2><!-- \/wp:heading --><\/p>\n<p><!-- wp:paragraph --><\/h2>\n<p><strong>Mat\u00e9riau : <\/strong>Acier inoxydable<br \/><strong>Couleur : <\/strong>Argent, or, couleur personnalis\u00e9e<br \/><strong>Forme : <\/strong>Rectangle, Carr\u00e9, Rond<br \/><strong>Chaleur : <\/strong>Chauffage \u00e9lectrique<br \/><strong>Bac de r\u00e9cup\u00e9ration : <\/strong>Grille simple\/double<br \/><strong>Emballage : <\/strong>Sac d'opposition et bo\u00eete en carton<br \/><strong>OEM\/ODM : <\/strong>Disponible<\/p>\n<h2 class=\"wp-block-heading\">De Yongyu Chafing Dish Manufacturer :<\/h2>\n<p>Qu'il s'agisse d'un fournisseur de services de restauration, d'un h\u00f4tel ou d'un restaurant, ou d'une soci\u00e9t\u00e9 d'organisation d'\u00e9v\u00e9nements, nous fournissons des solutions compl\u00e8tes de vente en gros de chafing dishes pour aider votre entreprise avec des prix d'usine de haute qualit\u00e9 !<\/p>\n<h2><!-- \/wp:paragraph --><\/h2>","protected":false},"featured_media":1698,"comment_status":"closed","ping_status":"closed","template":"","meta":{"_acf_changed":false},"application":[30],"product_brand":[],"product_cat":[33],"product_tag":[],"class_list":{"0":"post-1683","1":"product","2":"type-product","3":"status-publish","4":"has-post-thumbnail","6":"application-hotel-catering","7":"product_cat-chafing-dishes-wholesale","9":"first","10":"instock","11":"shipping-taxable","12":"product-type-simple"},"acf":[],"_links":{"self":[{"href":"https:\/\/www.yongyukitchenware.com\/fr\/wp-json\/wp\/v2\/product\/1683","targetHints":{"allow":["GET"]}}],"collection":[{"href":"https:\/\/www.yongyukitchenware.com\/fr\/wp-json\/wp\/v2\/product"}],"about":[{"href":"https:\/\/www.yongyukitchenware.com\/fr\/wp-json\/wp\/v2\/types\/product"}],"replies":[{"embeddable":true,"href":"https:\/\/www.yongyukitchenware.com\/fr\/wp-json\/wp\/v2\/comments?post=1683"}],"wp:featuredmedia":[{"embeddable":true,"href":"https:\/\/www.yongyukitchenware.com\/fr\/wp-json\/wp\/v2\/media\/1698"}],"wp:attachment":[{"href":"https:\/\/www.yongyukitchenware.com\/fr\/wp-json\/wp\/v2\/media?parent=1683"}],"wp:term":[{"taxonomy":"application","embeddable":true,"href":"https:\/\/www.yongyukitchenware.com\/fr\/wp-json\/wp\/v2\/application?post=1683"},{"taxonomy":"product_brand","embeddable":true,"href":"https:\/\/www.yongyukitchenware.com\/fr\/wp-json\/wp\/v2\/product_brand?post=1683"},{"taxonomy":"product_cat","embeddable":true,"href":"https:\/\/www.yongyukitchenware.com\/fr\/wp-json\/wp\/v2\/product_cat?post=1683"},{"taxonomy":"product_tag","embeddable":true,"href":"https:\/\/www.yongyukitchenware.com\/fr\/wp-json\/wp\/v2\/product_tag?post=1683"}],"curies":[{"name":"wp","href":"https:\/\/api.w.org\/{rel}","templated":true}]}}