{"id":1692,"date":"2024-10-30T08:38:21","date_gmt":"2024-10-30T08:38:21","guid":{"rendered":"https:\/\/www.yongyukitchenware.com\/?post_type=product&#038;p=1692"},"modified":"2025-06-26T06:49:16","modified_gmt":"2025-06-26T06:49:16","slug":"wholesale-stainless-steel-coffee-kettle","status":"publish","type":"product","link":"https:\/\/www.yongyukitchenware.com\/fr\/produit\/wholesale-stainless-steel-coffee-kettle\/","title":{"rendered":"Grossiste Bouilloire \u00e0 caf\u00e9 en acier inoxydable Ath\u00e8nes avec filtre"},"content":{"rendered":"<div class=\"wp-block-columns is-layout-flex wp-container-core-columns-is-layout-9d6595d7 wp-block-columns-is-layout-flex\">\n<div class=\"wp-block-column is-layout-flow wp-block-column-is-layout-flow\">\n<h2 class=\"wp-block-heading\">Bouilloire en acier inoxydable Caract\u00e9ristiques :<\/h2>\n\n\n\n<p><strong>Acier inoxydable de haute qualit\u00e9 : <\/strong>L'acier inoxydable de qualit\u00e9 alimentaire r\u00e9siste \u00e0 la corrosion, aux temp\u00e9ratures \u00e9lev\u00e9es et \u00e0 la rouille.<br><strong>Filtre poreux assorti : <\/strong>le filtre est con\u00e7u de mani\u00e8re ind\u00e9pendante pour filtrer efficacement le marc de th\u00e9 ou de caf\u00e9, garantissant ainsi la puret\u00e9 de la boisson<br><strong>Couvercle rabattable : <\/strong>Appuyer sur le couvercle pour l'ouvrir, facile \u00e0 ouvrir d'une seule main, pratique \u00e0 utiliser<br><strong>Poign\u00e9e isol\u00e9e : <\/strong>Poign\u00e9e lisse, isolation thermique et anti-br\u00fblure pour ne pas blesser les mains, facile \u00e0 prendre.<br><strong>Conception en col de cygne :<\/strong> contr\u00f4le pr\u00e9cis du d\u00e9bit d'eau, ce qui vous permet d'avoir un excellent contr\u00f4le lors de l'infusion, id\u00e9al pour l'infusion manuelle de caf\u00e9 ou l'infusion de th\u00e9<br><strong>Compatibilit\u00e9 :<\/strong> L'anneau de circulation du fond chauffe et fait bouillir rapidement, ce qui convient \u00e0 tous les types de cuisini\u00e8res, y compris les cuisini\u00e8res \u00e0 gaz, les cuisini\u00e8res \u00e9lectriques et les cuisini\u00e8res \u00e0 induction.<\/p>\n\n\n\n<h2 class=\"wp-block-heading\">Bouilloire \u00e0 caf\u00e9 en acier inoxydable Dimensions\uff1a<\/h2>\n\n\n\n<figure class=\"wp-block-table\"><table class=\"has-fixed-layout\"><tbody><tr><td>Mod\u00e8le<\/td><td>Taille<\/td><td>Diam\u00e8tre * Hauteur (cm)<\/td><td>MOQ<\/td><\/tr><tr><td rowspan=\"2\">DY023-SH<\/td><td>1.0L<\/td><td>12.5*10.5cm<\/td><td rowspan=\"2\">36PCS<\/td><\/tr><tr><td>1.5L<\/td><td>13.5*11.5cm<\/td><\/tr><\/tbody><\/table><\/figure>\n<\/div>\n\n\n\n<div class=\"wp-block-column is-layout-flow wp-block-column-is-layout-flow\">\n<figure class=\"wp-block-image size-full\"><img decoding=\"async\" width=\"800\" height=\"800\" src=\"https:\/\/www.yongyukitchenware.com\/wp-content\/uploads\/2024\/10\/wholesale-stovetop-kettle-2.webp\" alt=\"Bouilloire en gros (2)\" class=\"wp-image-1704\" srcset=\"https:\/\/www.yongyukitchenware.com\/wp-content\/uploads\/2024\/10\/wholesale-stovetop-kettle-2.webp 800w, https:\/\/www.yongyukitchenware.com\/wp-content\/uploads\/2024\/10\/wholesale-stovetop-kettle-2-300x300.webp 300w, https:\/\/www.yongyukitchenware.com\/wp-content\/uploads\/2024\/10\/wholesale-stovetop-kettle-2-150x150.webp 150w, https:\/\/www.yongyukitchenware.com\/wp-content\/uploads\/2024\/10\/wholesale-stovetop-kettle-2-768x768.webp 768w, https:\/\/www.yongyukitchenware.com\/wp-content\/uploads\/2024\/10\/wholesale-stovetop-kettle-2-12x12.webp 12w, https:\/\/www.yongyukitchenware.com\/wp-content\/uploads\/2024\/10\/wholesale-stovetop-kettle-2-600x600.webp 600w, https:\/\/www.yongyukitchenware.com\/wp-content\/uploads\/2024\/10\/wholesale-stovetop-kettle-2-100x100.webp 100w\" sizes=\"(max-width: 800px) 100vw, 800px\" \/><\/figure>\n<\/div>\n<\/div>\n\n\n\n<p><\/p>","protected":false},"excerpt":{"rendered":"<p>Bouilloire \u00e0 caf\u00e9 et th\u00e9i\u00e8re en acier inoxydable, design exquis du bec verseur en col de cygne, adapt\u00e9 \u00e0 la pr\u00e9paration du caf\u00e9 et du th\u00e9 qui n\u00e9cessite un contr\u00f4le pr\u00e9cis du volume d'eau. Facile \u00e0 utiliser et \u00e0 nettoyer, id\u00e9ale pour les cuisines familiales, les caf\u00e9s ou les bureaux.<\/p>\n<h2 style=\"text-align: left\">Param\u00e8tres de la bouilloire \u00e0 caf\u00e9 en acier inoxydable<\/h2>\n<p style=\"text-align: left\"><strong>Mat\u00e9riau :<\/strong> acier inoxydable<br \/><strong>Couleur :<\/strong> Argent<br \/><strong>Accessoires :<\/strong> Filtre amovible<br \/><strong>Diff\u00e9rentes tailles :<\/strong> 1.0L, 1.5L<br \/><strong>Emballage :<\/strong> Sac OPP et carton<br \/><strong>OEM\/ODM :<\/strong> Disponible<\/p>\n<h2 class=\"wp-block-heading\">De Yongyu Drinkware Manufacturer :<\/h2>\n<p>Yongyu Drinkware Manufacturer vend en gros et personnalise divers types d'articles pour boissons, en mettant l'accent sur la durabilit\u00e9 et les performances de conservation de la chaleur des produits, en fournissant des solutions d'approvisionnement de haute qualit\u00e9 et \u00e9conomiques pour les clients du monde entier.<\/p>","protected":false},"featured_media":1703,"comment_status":"closed","ping_status":"closed","template":"","meta":{"_acf_changed":true},"application":[30],"product_brand":[],"product_cat":[20,49],"product_tag":[],"class_list":{"0":"post-1692","1":"product","2":"type-product","3":"status-publish","4":"has-post-thumbnail","6":"application-hotel-catering","7":"product_cat-wholesale-drinkware","8":"product_cat-stainless-steel-kettle-wholesale","10":"first","11":"instock","12":"shipping-taxable","13":"product-type-simple"},"acf":[],"_links":{"self":[{"href":"https:\/\/www.yongyukitchenware.com\/fr\/wp-json\/wp\/v2\/product\/1692","targetHints":{"allow":["GET"]}}],"collection":[{"href":"https:\/\/www.yongyukitchenware.com\/fr\/wp-json\/wp\/v2\/product"}],"about":[{"href":"https:\/\/www.yongyukitchenware.com\/fr\/wp-json\/wp\/v2\/types\/product"}],"replies":[{"embeddable":true,"href":"https:\/\/www.yongyukitchenware.com\/fr\/wp-json\/wp\/v2\/comments?post=1692"}],"wp:featuredmedia":[{"embeddable":true,"href":"https:\/\/www.yongyukitchenware.com\/fr\/wp-json\/wp\/v2\/media\/1703"}],"wp:attachment":[{"href":"https:\/\/www.yongyukitchenware.com\/fr\/wp-json\/wp\/v2\/media?parent=1692"}],"wp:term":[{"taxonomy":"application","embeddable":true,"href":"https:\/\/www.yongyukitchenware.com\/fr\/wp-json\/wp\/v2\/application?post=1692"},{"taxonomy":"product_brand","embeddable":true,"href":"https:\/\/www.yongyukitchenware.com\/fr\/wp-json\/wp\/v2\/product_brand?post=1692"},{"taxonomy":"product_cat","embeddable":true,"href":"https:\/\/www.yongyukitchenware.com\/fr\/wp-json\/wp\/v2\/product_cat?post=1692"},{"taxonomy":"product_tag","embeddable":true,"href":"https:\/\/www.yongyukitchenware.com\/fr\/wp-json\/wp\/v2\/product_tag?post=1692"}],"curies":[{"name":"wp","href":"https:\/\/api.w.org\/{rel}","templated":true}]}}