{"id":1700,"date":"2024-10-12T09:11:33","date_gmt":"2024-10-12T09:11:33","guid":{"rendered":"https:\/\/www.yongyukitchenware.com\/?post_type=product&#038;p=1700"},"modified":"2025-06-26T05:56:28","modified_gmt":"2025-06-26T05:56:28","slug":"chafing-food-warmer-wholesale","status":"publish","type":"product","link":"https:\/\/www.yongyukitchenware.com\/fr\/produit\/chafing-food-warmer-wholesale\/","title":{"rendered":"Chauffe-bouillon \u00e9lectrique en acier inoxydable pour la restauration"},"content":{"rendered":"<div class=\"wp-block-columns is-layout-flex wp-container-core-columns-is-layout-9d6595d7 wp-block-columns-is-layout-flex\">\n<div class=\"wp-block-column is-layout-flow wp-block-column-is-layout-flow\">\n<h2 class=\"wp-block-heading\">Param\u00e8tres du chauffe-plats<\/h2>\n\n\n\n<figure class=\"wp-block-table\"><table class=\"has-fixed-layout\"><tbody><tr><td>Mod\u00e8le<\/td><td>Forme<\/td><td>Longueur * Largeur * Hauteur (cm)<\/td><td>Poids (kg)<\/td><td>MOQ<\/td><\/tr><tr><td rowspan=\"3\">DY018-CL<\/td><td>Rectangulaire<\/td><td>58*43*23<\/td><td>13.3<\/td><td rowspan=\"3\">2PCS<\/td><\/tr><tr><td>carr\u00e9<\/td><td>41*43*23<\/td><td>11.2<\/td><\/tr><tr><td>ronde<\/td><td>52*43*23<\/td><td>10.7<\/td><\/tr><\/tbody><\/table><\/figure>\n<\/div>\n\n\n\n<div class=\"wp-block-column is-layout-flow wp-block-column-is-layout-flow\">\n<div class=\"wp-block-columns is-layout-flex wp-container-core-columns-is-layout-9d6595d7 wp-block-columns-is-layout-flex\">\n<div class=\"wp-block-column is-layout-flow wp-block-column-is-layout-flow\">\n<figure class=\"wp-block-image size-full\"><img decoding=\"async\" width=\"800\" height=\"800\" src=\"https:\/\/www.yongyukitchenware.com\/wp-content\/uploads\/2025\/01\/Wholesale-Chafing-Dish-Large-Stainless-Steel-Rectangular-Electric-Buffet-Dish2.webp\" alt=\"Wholesale Chafing Dish Large Stainless Steel Rectangular Electric Buffet Dish2\" class=\"wp-image-2752\" srcset=\"https:\/\/www.yongyukitchenware.com\/wp-content\/uploads\/2025\/01\/Wholesale-Chafing-Dish-Large-Stainless-Steel-Rectangular-Electric-Buffet-Dish2.webp 800w, https:\/\/www.yongyukitchenware.com\/wp-content\/uploads\/2025\/01\/Wholesale-Chafing-Dish-Large-Stainless-Steel-Rectangular-Electric-Buffet-Dish2-300x300.webp 300w, https:\/\/www.yongyukitchenware.com\/wp-content\/uploads\/2025\/01\/Wholesale-Chafing-Dish-Large-Stainless-Steel-Rectangular-Electric-Buffet-Dish2-150x150.webp 150w, https:\/\/www.yongyukitchenware.com\/wp-content\/uploads\/2025\/01\/Wholesale-Chafing-Dish-Large-Stainless-Steel-Rectangular-Electric-Buffet-Dish2-768x768.webp 768w, https:\/\/www.yongyukitchenware.com\/wp-content\/uploads\/2025\/01\/Wholesale-Chafing-Dish-Large-Stainless-Steel-Rectangular-Electric-Buffet-Dish2-12x12.webp 12w, https:\/\/www.yongyukitchenware.com\/wp-content\/uploads\/2025\/01\/Wholesale-Chafing-Dish-Large-Stainless-Steel-Rectangular-Electric-Buffet-Dish2-600x600.webp 600w, https:\/\/www.yongyukitchenware.com\/wp-content\/uploads\/2025\/01\/Wholesale-Chafing-Dish-Large-Stainless-Steel-Rectangular-Electric-Buffet-Dish2-100x100.webp 100w\" sizes=\"(max-width: 800px) 100vw, 800px\" \/><\/figure>\n<\/div>\n\n\n\n<div class=\"wp-block-column is-layout-flow wp-block-column-is-layout-flow\">\n<figure class=\"wp-block-image size-full\"><img decoding=\"async\" width=\"800\" height=\"800\" src=\"https:\/\/www.yongyukitchenware.com\/wp-content\/uploads\/2025\/01\/Premium-Chafing-Dishes-with-Lids-Wholesale-Stainless-Steel-Square-6L-2.webp\" alt=\"Plats \u00e0 r\u00f4tir avec couvercles en acier inoxydable de qualit\u00e9 sup\u00e9rieure Carr\u00e9 6L-2\" class=\"wp-image-2751\" srcset=\"https:\/\/www.yongyukitchenware.com\/wp-content\/uploads\/2025\/01\/Premium-Chafing-Dishes-with-Lids-Wholesale-Stainless-Steel-Square-6L-2.webp 800w, https:\/\/www.yongyukitchenware.com\/wp-content\/uploads\/2025\/01\/Premium-Chafing-Dishes-with-Lids-Wholesale-Stainless-Steel-Square-6L-2-300x300.webp 300w, https:\/\/www.yongyukitchenware.com\/wp-content\/uploads\/2025\/01\/Premium-Chafing-Dishes-with-Lids-Wholesale-Stainless-Steel-Square-6L-2-150x150.webp 150w, https:\/\/www.yongyukitchenware.com\/wp-content\/uploads\/2025\/01\/Premium-Chafing-Dishes-with-Lids-Wholesale-Stainless-Steel-Square-6L-2-768x768.webp 768w, https:\/\/www.yongyukitchenware.com\/wp-content\/uploads\/2025\/01\/Premium-Chafing-Dishes-with-Lids-Wholesale-Stainless-Steel-Square-6L-2-12x12.webp 12w, https:\/\/www.yongyukitchenware.com\/wp-content\/uploads\/2025\/01\/Premium-Chafing-Dishes-with-Lids-Wholesale-Stainless-Steel-Square-6L-2-600x600.webp 600w, https:\/\/www.yongyukitchenware.com\/wp-content\/uploads\/2025\/01\/Premium-Chafing-Dishes-with-Lids-Wholesale-Stainless-Steel-Square-6L-2-100x100.webp 100w\" sizes=\"(max-width: 800px) 100vw, 800px\" \/><\/figure>\n<\/div>\n<\/div>\n\n\n\n<div class=\"wp-block-columns is-layout-flex wp-container-core-columns-is-layout-9d6595d7 wp-block-columns-is-layout-flex\">\n<div class=\"wp-block-column is-layout-flow wp-block-column-is-layout-flow\">\n<figure class=\"wp-block-image size-full\"><img decoding=\"async\" width=\"800\" height=\"800\" src=\"https:\/\/www.yongyukitchenware.com\/wp-content\/uploads\/2025\/01\/Wholesale-Electric-Chafer-Stainless-Steel-Round-Electric-Chafing-Dish2.webp\" alt=\"Wholesale Electric Chafer Stainless Steel Round Electric Chafing Dish2\" class=\"wp-image-2753\" srcset=\"https:\/\/www.yongyukitchenware.com\/wp-content\/uploads\/2025\/01\/Wholesale-Electric-Chafer-Stainless-Steel-Round-Electric-Chafing-Dish2.webp 800w, https:\/\/www.yongyukitchenware.com\/wp-content\/uploads\/2025\/01\/Wholesale-Electric-Chafer-Stainless-Steel-Round-Electric-Chafing-Dish2-300x300.webp 300w, https:\/\/www.yongyukitchenware.com\/wp-content\/uploads\/2025\/01\/Wholesale-Electric-Chafer-Stainless-Steel-Round-Electric-Chafing-Dish2-150x150.webp 150w, https:\/\/www.yongyukitchenware.com\/wp-content\/uploads\/2025\/01\/Wholesale-Electric-Chafer-Stainless-Steel-Round-Electric-Chafing-Dish2-768x768.webp 768w, https:\/\/www.yongyukitchenware.com\/wp-content\/uploads\/2025\/01\/Wholesale-Electric-Chafer-Stainless-Steel-Round-Electric-Chafing-Dish2-12x12.webp 12w, https:\/\/www.yongyukitchenware.com\/wp-content\/uploads\/2025\/01\/Wholesale-Electric-Chafer-Stainless-Steel-Round-Electric-Chafing-Dish2-600x600.webp 600w, https:\/\/www.yongyukitchenware.com\/wp-content\/uploads\/2025\/01\/Wholesale-Electric-Chafer-Stainless-Steel-Round-Electric-Chafing-Dish2-100x100.webp 100w\" sizes=\"(max-width: 800px) 100vw, 800px\" \/><\/figure>\n<\/div>\n\n\n\n<div class=\"wp-block-column is-layout-flow wp-block-column-is-layout-flow\"><\/div>\n<\/div>\n<\/div>\n<\/div>\n\n\n\n<div class=\"wp-block-columns is-layout-flex wp-container-core-columns-is-layout-9d6595d7 wp-block-columns-is-layout-flex\">\n<div class=\"wp-block-column is-layout-flow wp-block-column-is-layout-flow\">\n<figure class=\"wp-block-image size-full is-resized\"><img decoding=\"async\" width=\"800\" height=\"800\" src=\"https:\/\/www.yongyukitchenware.com\/wp-content\/uploads\/2024\/10\/Wholesale-Stainless-Steel-Chafing-Food-Warmer-Electric-5.webp\" alt=\"Wholesale Stainless Steel Chafing Food Warmer Electric 5\" class=\"wp-image-1773\" style=\"width:416px;height:auto\" srcset=\"https:\/\/www.yongyukitchenware.com\/wp-content\/uploads\/2024\/10\/Wholesale-Stainless-Steel-Chafing-Food-Warmer-Electric-5.webp 800w, https:\/\/www.yongyukitchenware.com\/wp-content\/uploads\/2024\/10\/Wholesale-Stainless-Steel-Chafing-Food-Warmer-Electric-5-300x300.webp 300w, https:\/\/www.yongyukitchenware.com\/wp-content\/uploads\/2024\/10\/Wholesale-Stainless-Steel-Chafing-Food-Warmer-Electric-5-150x150.webp 150w, https:\/\/www.yongyukitchenware.com\/wp-content\/uploads\/2024\/10\/Wholesale-Stainless-Steel-Chafing-Food-Warmer-Electric-5-768x768.webp 768w, https:\/\/www.yongyukitchenware.com\/wp-content\/uploads\/2024\/10\/Wholesale-Stainless-Steel-Chafing-Food-Warmer-Electric-5-12x12.webp 12w, https:\/\/www.yongyukitchenware.com\/wp-content\/uploads\/2024\/10\/Wholesale-Stainless-Steel-Chafing-Food-Warmer-Electric-5-600x600.webp 600w, https:\/\/www.yongyukitchenware.com\/wp-content\/uploads\/2024\/10\/Wholesale-Stainless-Steel-Chafing-Food-Warmer-Electric-5-100x100.webp 100w\" sizes=\"(max-width: 800px) 100vw, 800px\" \/><\/figure>\n<\/div>\n\n\n\n<div class=\"wp-block-column is-layout-flow wp-block-column-is-layout-flow\">\n<h2 class=\"wp-block-heading\">R\u00e9chauffeur d'aliments pour chafing Caract\u00e9ristiques :<\/h2>\n\n\n\n<p><strong>Port d'alimentation ind\u00e9pendant : <\/strong>Port d'alimentation durable de haute qualit\u00e9, facile \u00e0 utiliser, sans frottement.<\/p>\n\n\n\n<p><strong>Mat\u00e9riau en acier inoxydable \u00e9paissi :<\/strong> S\u00e9lection d'acier alimentaire de haute qualit\u00e9, s\u00e9curit\u00e9 des mat\u00e9riaux, durabilit\u00e9.<\/p>\n\n\n\n<p><strong>Couvercle \u00e0 amortissement hydraulique renforc\u00e9\uff1a<\/strong> Fermeture lente et silencieuse, facile \u00e0 ouvrir et \u00e0 fermer.<\/p>\n\n\n\n<p><strong>Mod\u00e8le divis\u00e9\uff1a<\/strong> Le bassin et le corps du four de notre chauffe-bouillon peuvent \u00eatre s\u00e9par\u00e9s pour faciliter le nettoyage.<\/p>\n\n\n\n<p><strong>Temp\u00e9rature de la commande num\u00e9rique : <\/strong>Notre chauffe-bouillon en gros est dot\u00e9 d'un contr\u00f4le de la temp\u00e9rature par contact et d'un affichage pr\u00e9cis de la temp\u00e9rature.<\/p>\n<\/div>\n<\/div>\n\n\n\n<p><\/p>","protected":false},"excerpt":{"rendered":"<p>R\u00e9chauffeur d'aliments en gros pour la restauration commerciale. Fabriqu\u00e9 en acier inoxydable, chauffage \u00e9lectrique, \u00e9cran tactile pr\u00e9cis pour contr\u00f4ler la temp\u00e9rature, chauffage rapide et conservation de la chaleur \u00e0 long terme. Les options de prix d'usine OEM et ODM sont disponibles, contactez Yongyu pour plus d'informations !<\/p>\n<h2><!-- wp:heading --><\/h2>\n<h2 class=\"wp-block-heading\">Chauffe-plats Attributs :<\/h2>\n<h2><!-- \/wp:heading --><\/p>\n<p><!-- wp:paragraph --><\/h2>\n<p><strong>Mat\u00e9riau : <\/strong>Acier inoxydable<br \/><strong>Couleur : <\/strong>Argent, or, impression couleur personnalis\u00e9e<br \/><strong>Forme : <\/strong>Rectangle, Carr\u00e9, Rond<br \/><strong>Chaleur : <\/strong>Chauffage \u00e0 l'alcool et \u00e0 l'\u00e9lectricit\u00e9<br \/><strong>Bac de r\u00e9cup\u00e9ration : <\/strong>Grille simple\/double\/trois<br \/><strong>Emballage : <\/strong>Sac d'opposition et bo\u00eete en carton<br \/><strong>OEM\/ODM : <\/strong>Disponible<\/p>\n<h2 class=\"wp-block-heading\">De Yongyu Chafing Dish Manufacturer :<\/h2>\n<p>Qu'il s'agisse d'un fournisseur de services de restauration, d'un h\u00f4tel ou d'un restaurant, ou d'une soci\u00e9t\u00e9 d'organisation d'\u00e9v\u00e9nements, nous fournissons des solutions compl\u00e8tes de vente en gros de chafing dishes pour aider votre entreprise avec des prix d'usine de haute qualit\u00e9 !<\/p>\n<h2><!-- \/wp:paragraph --><\/h2>","protected":false},"featured_media":1769,"comment_status":"closed","ping_status":"closed","template":"","meta":{"_acf_changed":false},"application":[30],"product_brand":[],"product_cat":[33],"product_tag":[43],"class_list":{"0":"post-1700","1":"product","2":"type-product","3":"status-publish","4":"has-post-thumbnail","6":"application-hotel-catering","7":"product_cat-chafing-dishes-wholesale","8":"product_tag-recommend","10":"first","11":"instock","12":"shipping-taxable","13":"product-type-simple"},"acf":[],"_links":{"self":[{"href":"https:\/\/www.yongyukitchenware.com\/fr\/wp-json\/wp\/v2\/product\/1700","targetHints":{"allow":["GET"]}}],"collection":[{"href":"https:\/\/www.yongyukitchenware.com\/fr\/wp-json\/wp\/v2\/product"}],"about":[{"href":"https:\/\/www.yongyukitchenware.com\/fr\/wp-json\/wp\/v2\/types\/product"}],"replies":[{"embeddable":true,"href":"https:\/\/www.yongyukitchenware.com\/fr\/wp-json\/wp\/v2\/comments?post=1700"}],"wp:featuredmedia":[{"embeddable":true,"href":"https:\/\/www.yongyukitchenware.com\/fr\/wp-json\/wp\/v2\/media\/1769"}],"wp:attachment":[{"href":"https:\/\/www.yongyukitchenware.com\/fr\/wp-json\/wp\/v2\/media?parent=1700"}],"wp:term":[{"taxonomy":"application","embeddable":true,"href":"https:\/\/www.yongyukitchenware.com\/fr\/wp-json\/wp\/v2\/application?post=1700"},{"taxonomy":"product_brand","embeddable":true,"href":"https:\/\/www.yongyukitchenware.com\/fr\/wp-json\/wp\/v2\/product_brand?post=1700"},{"taxonomy":"product_cat","embeddable":true,"href":"https:\/\/www.yongyukitchenware.com\/fr\/wp-json\/wp\/v2\/product_cat?post=1700"},{"taxonomy":"product_tag","embeddable":true,"href":"https:\/\/www.yongyukitchenware.com\/fr\/wp-json\/wp\/v2\/product_tag?post=1700"}],"curies":[{"name":"wp","href":"https:\/\/api.w.org\/{rel}","templated":true}]}}