{"id":1701,"date":"2024-10-14T06:28:15","date_gmt":"2024-10-14T06:28:15","guid":{"rendered":"https:\/\/www.yongyukitchenware.com\/?post_type=product&#038;p=1701"},"modified":"2025-06-26T05:58:39","modified_gmt":"2025-06-26T05:58:39","slug":"electric-chafing-dish-set-bulk","status":"publish","type":"product","link":"https:\/\/www.yongyukitchenware.com\/fr\/produit\/electric-chafing-dish-set-bulk\/","title":{"rendered":"Ensemble de casseroles \u00e9lectriques en acier inoxydable avec couvercle en verre"},"content":{"rendered":"<div class=\"wp-block-columns is-layout-flex wp-container-core-columns-is-layout-9d6595d7 wp-block-columns-is-layout-flex\">\n<div class=\"wp-block-column is-layout-flow wp-block-column-is-layout-flow\">\n<h2 class=\"wp-block-heading\">Param\u00e8tres de l'ensemble pour plat \u00e0 gratin \u00e9lectrique<\/h2>\n\n\n\n<figure class=\"wp-block-table\"><table class=\"has-fixed-layout\"><tbody><tr><td>Mod\u00e8le<\/td><td>Forme<\/td><td>Longueur * Largeur * Hauteur (cm)<\/td><td>Poids (kg)<\/td><td>MOQ<\/td><\/tr><tr><td rowspan=\"3\">DY013-CL<\/td><td>Rectangulaire<\/td><td>57*37*22<\/td><td>9.5<\/td><td rowspan=\"3\">2PCS<\/td><\/tr><tr><td>carr\u00e9<\/td><td>40*40*22<\/td><td>7.6<\/td><\/tr><tr><td>ronde<\/td><td>47*44*22<\/td><td>8<\/td><\/tr><\/tbody><\/table><\/figure>\n<\/div>\n\n\n\n<div class=\"wp-block-column is-layout-flow wp-block-column-is-layout-flow\"><div class=\"wp-block-image\">\n<figure class=\"aligncenter size-full is-resized\"><img decoding=\"async\" width=\"800\" height=\"800\" src=\"https:\/\/www.yongyukitchenware.com\/wp-content\/uploads\/2024\/10\/Wholesale-Electric-Chafing-Dish-Set-3.webp\" alt=\"Wholesale Electric Chafing Dish Set 3\" class=\"wp-image-1712\" style=\"width:369px;height:auto\" srcset=\"https:\/\/www.yongyukitchenware.com\/wp-content\/uploads\/2024\/10\/Wholesale-Electric-Chafing-Dish-Set-3.webp 800w, https:\/\/www.yongyukitchenware.com\/wp-content\/uploads\/2024\/10\/Wholesale-Electric-Chafing-Dish-Set-3-300x300.webp 300w, https:\/\/www.yongyukitchenware.com\/wp-content\/uploads\/2024\/10\/Wholesale-Electric-Chafing-Dish-Set-3-150x150.webp 150w, https:\/\/www.yongyukitchenware.com\/wp-content\/uploads\/2024\/10\/Wholesale-Electric-Chafing-Dish-Set-3-768x768.webp 768w, https:\/\/www.yongyukitchenware.com\/wp-content\/uploads\/2024\/10\/Wholesale-Electric-Chafing-Dish-Set-3-12x12.webp 12w, https:\/\/www.yongyukitchenware.com\/wp-content\/uploads\/2024\/10\/Wholesale-Electric-Chafing-Dish-Set-3-600x600.webp 600w, https:\/\/www.yongyukitchenware.com\/wp-content\/uploads\/2024\/10\/Wholesale-Electric-Chafing-Dish-Set-3-100x100.webp 100w\" sizes=\"(max-width: 800px) 100vw, 800px\" \/><\/figure>\n<\/div><\/div>\n<\/div>\n\n\n\n<div class=\"wp-block-columns is-layout-flex wp-container-core-columns-is-layout-9d6595d7 wp-block-columns-is-layout-flex\">\n<div class=\"wp-block-column is-layout-flow wp-block-column-is-layout-flow\">\n<figure class=\"wp-block-image size-full\"><img decoding=\"async\" width=\"1920\" height=\"1920\" src=\"https:\/\/www.yongyukitchenware.com\/wp-content\/uploads\/2024\/10\/Wholesale-Electric-Chafing-Dish-Set-4.webp\" alt=\"Wholesale Electric Chafing Dish Set 4\" class=\"wp-image-1713\" srcset=\"https:\/\/www.yongyukitchenware.com\/wp-content\/uploads\/2024\/10\/Wholesale-Electric-Chafing-Dish-Set-4.webp 1920w, https:\/\/www.yongyukitchenware.com\/wp-content\/uploads\/2024\/10\/Wholesale-Electric-Chafing-Dish-Set-4-300x300.webp 300w, https:\/\/www.yongyukitchenware.com\/wp-content\/uploads\/2024\/10\/Wholesale-Electric-Chafing-Dish-Set-4-150x150.webp 150w, https:\/\/www.yongyukitchenware.com\/wp-content\/uploads\/2024\/10\/Wholesale-Electric-Chafing-Dish-Set-4-768x768.webp 768w, https:\/\/www.yongyukitchenware.com\/wp-content\/uploads\/2024\/10\/Wholesale-Electric-Chafing-Dish-Set-4-12x12.webp 12w, https:\/\/www.yongyukitchenware.com\/wp-content\/uploads\/2024\/10\/Wholesale-Electric-Chafing-Dish-Set-4-1200x1200.webp 1200w, https:\/\/www.yongyukitchenware.com\/wp-content\/uploads\/2024\/10\/Wholesale-Electric-Chafing-Dish-Set-4-600x600.webp 600w, https:\/\/www.yongyukitchenware.com\/wp-content\/uploads\/2024\/10\/Wholesale-Electric-Chafing-Dish-Set-4-100x100.webp 100w\" sizes=\"(max-width: 1920px) 100vw, 1920px\" \/><\/figure>\n<\/div>\n\n\n\n<div class=\"wp-block-column is-layout-flow wp-block-column-is-layout-flow\">\n<h2 class=\"wp-block-heading\">Ensemble de r\u00e9chauds \u00e9lectriques Caract\u00e9ristiques :<\/h2>\n\n\n\n<p><strong>Syst\u00e8me de chauffage \u00e9lectrique efficace : <\/strong>\u00c9quip\u00e9 d'un dispositif de chauffage \u00e9lectrique int\u00e9gr\u00e9, il permet de maintenir les plats au chaud de mani\u00e8re homog\u00e8ne et de pr\u00e9parer un service de buffet de longue dur\u00e9e.<\/p>\n\n\n\n<p><strong>Mat\u00e9riau en acier inoxydable de haute qualit\u00e9 : <\/strong>en acier inoxydable de qualit\u00e9 alimentaire, r\u00e9sistant \u00e0 la corrosion, durable, facile \u00e0 nettoyer et conforme aux normes d'hygi\u00e8ne.<\/p>\n\n\n\n<p><strong>Conception \u00e0 grande capacit\u00e9 :<\/strong> Chaque assiette a une capacit\u00e9 \u00e9norme. Convient pour les grandes f\u00eates et les \u00e9v\u00e9nements, r\u00e9duit la fr\u00e9quence d'ajout d'aliments.<\/p>\n\n\n\n<p><strong>Conception de plaques dans l'ensemble modulaire : <\/strong>\u00e9quip\u00e9 de plusieurs assiettes, il permet de classer et d'assortir diff\u00e9rents aliments, r\u00e9pondant ainsi aux besoins diversifi\u00e9s de la restauration.<\/p>\n\n\n\n<p><strong>Facile \u00e0 d\u00e9monter et \u00e0 nettoyer :<\/strong> Chaque partie est con\u00e7ue pour \u00eatre d\u00e9tachable et facile \u00e0 nettoyer, r\u00e9pondant \u00e0 des exigences \u00e9lev\u00e9es en mati\u00e8re d'hygi\u00e8ne et convenant \u00e0 une utilisation \u00e0 haute fr\u00e9quence.<\/p>\n<\/div>\n<\/div>\n\n\n\n<div class=\"wp-block-columns is-layout-flex wp-container-core-columns-is-layout-9d6595d7 wp-block-columns-is-layout-flex\">\n<div class=\"wp-block-column is-layout-flow wp-block-column-is-layout-flow\"><\/div>\n\n\n\n<div class=\"wp-block-column is-layout-flow wp-block-column-is-layout-flow\"><\/div>\n<\/div>","protected":false},"excerpt":{"rendered":"<p>Nous vendons en gros un ensemble de chafing dish \u00e9lectrique avec contr\u00f4le de temp\u00e9rature par \u00e9cran tactile, de diff\u00e9rentes formes et en acier inoxydable. Haute qualit\u00e9, prix d'usine, n'h\u00e9sitez pas \u00e0 nous contacter pour un devis gratuit !<\/p>\n<h2><!-- wp:heading --><\/h2>\n<h2 class=\"wp-block-heading\">Attributs de la batterie de cuisine \u00e9lectrique :<\/h2>\n<h2><!-- \/wp:heading --><\/p>\n<p><!-- wp:paragraph --><\/h2>\n<p><strong>Mat\u00e9riau : <\/strong>Acier inoxydable<br \/><strong>Couleur : <\/strong>Argent, or, couleur personnalis\u00e9e<br \/><strong>Forme : <\/strong>Rectangle, Carr\u00e9, Rond<br \/><strong>Chaleur : <\/strong>Chauffage \u00e9lectrique<br \/><strong>Bac de r\u00e9cup\u00e9ration : <\/strong>Grille simple\/double<br \/><strong>Emballage : <\/strong>Sac d'opposition et bo\u00eete en carton<br \/><strong>OEM\/ODM : <\/strong>Disponible<\/p>\n<h2 class=\"wp-block-heading\">De Yongyu Chafing Dish Manufacturer :<\/h2>\n<p>Qu'il s'agisse d'un fournisseur de services de restauration, d'un h\u00f4tel ou d'un restaurant, ou d'une soci\u00e9t\u00e9 d'organisation d'\u00e9v\u00e9nements, nous fournissons des solutions compl\u00e8tes de vente en gros de chafing dishes pour aider votre entreprise avec des prix d'usine de haute qualit\u00e9 !<\/p>\n<h2><!-- \/wp:paragraph --><\/h2>","protected":false},"featured_media":3167,"comment_status":"closed","ping_status":"closed","template":"","meta":{"_acf_changed":false},"application":[30],"product_brand":[],"product_cat":[33],"product_tag":[],"class_list":{"0":"post-1701","1":"product","2":"type-product","3":"status-publish","4":"has-post-thumbnail","6":"application-hotel-catering","7":"product_cat-chafing-dishes-wholesale","9":"first","10":"instock","11":"shipping-taxable","12":"product-type-simple"},"acf":[],"_links":{"self":[{"href":"https:\/\/www.yongyukitchenware.com\/fr\/wp-json\/wp\/v2\/product\/1701","targetHints":{"allow":["GET"]}}],"collection":[{"href":"https:\/\/www.yongyukitchenware.com\/fr\/wp-json\/wp\/v2\/product"}],"about":[{"href":"https:\/\/www.yongyukitchenware.com\/fr\/wp-json\/wp\/v2\/types\/product"}],"replies":[{"embeddable":true,"href":"https:\/\/www.yongyukitchenware.com\/fr\/wp-json\/wp\/v2\/comments?post=1701"}],"wp:featuredmedia":[{"embeddable":true,"href":"https:\/\/www.yongyukitchenware.com\/fr\/wp-json\/wp\/v2\/media\/3167"}],"wp:attachment":[{"href":"https:\/\/www.yongyukitchenware.com\/fr\/wp-json\/wp\/v2\/media?parent=1701"}],"wp:term":[{"taxonomy":"application","embeddable":true,"href":"https:\/\/www.yongyukitchenware.com\/fr\/wp-json\/wp\/v2\/application?post=1701"},{"taxonomy":"product_brand","embeddable":true,"href":"https:\/\/www.yongyukitchenware.com\/fr\/wp-json\/wp\/v2\/product_brand?post=1701"},{"taxonomy":"product_cat","embeddable":true,"href":"https:\/\/www.yongyukitchenware.com\/fr\/wp-json\/wp\/v2\/product_cat?post=1701"},{"taxonomy":"product_tag","embeddable":true,"href":"https:\/\/www.yongyukitchenware.com\/fr\/wp-json\/wp\/v2\/product_tag?post=1701"}],"curies":[{"name":"wp","href":"https:\/\/api.w.org\/{rel}","templated":true}]}}