{"id":1715,"date":"2024-10-14T06:41:09","date_gmt":"2024-10-14T06:41:09","guid":{"rendered":"https:\/\/www.yongyukitchenware.com\/?post_type=product&#038;p=1715"},"modified":"2025-06-26T05:59:11","modified_gmt":"2025-06-26T05:59:11","slug":"electric-chafing-dish-buffet-set-wholesale","status":"publish","type":"product","link":"https:\/\/www.yongyukitchenware.com\/fr\/produit\/electric-chafing-dish-buffet-set-wholesale\/","title":{"rendered":"Bulk Electric Chafing Dish Buffet Set Stainless Steel 6L 9L"},"content":{"rendered":"<div class=\"wp-block-columns is-layout-flex wp-container-core-columns-is-layout-9d6595d7 wp-block-columns-is-layout-flex\">\n<div class=\"wp-block-column is-layout-flow wp-block-column-is-layout-flow\">\n<h2 class=\"wp-block-heading\">Set de buffets \u00e9lectriques pour chafing dish Param\u00e8tres :<\/h2>\n\n\n\n<figure class=\"wp-block-table\"><table class=\"has-fixed-layout\"><tbody><tr><td>Mod\u00e8le<\/td><td>Forme<\/td><td>Longueur * Largeur * Hauteur (cm)<\/td><td>Poids (kg)<\/td><td>MOQ<\/td><\/tr><tr><td rowspan=\"3\">DY014-CL<\/td><td>Rectangulaire<\/td><td>57*37*24<\/td><td>10<\/td><td rowspan=\"3\">2PCS<\/td><\/tr><tr><td>carr\u00e9<\/td><td>40*40*24<\/td><td>7.8<\/td><\/tr><tr><td>ronde<\/td><td>47*44*24<\/td><td>8.2<\/td><\/tr><\/tbody><\/table><\/figure>\n<\/div>\n\n\n\n<div class=\"wp-block-column is-layout-flow wp-block-column-is-layout-flow\"><div class=\"wp-block-image\">\n<figure class=\"aligncenter size-full is-resized\"><img decoding=\"async\" width=\"750\" height=\"921\" src=\"https:\/\/www.yongyukitchenware.com\/wp-content\/uploads\/2024\/10\/Electric-Chafing-Dish-Buffet-Set-1.jpg\" alt=\"Buffet \u00e9lectrique pour chafing dish\" class=\"wp-image-2924\" style=\"width:358px;height:auto\" srcset=\"https:\/\/www.yongyukitchenware.com\/wp-content\/uploads\/2024\/10\/Electric-Chafing-Dish-Buffet-Set-1.jpg 750w, https:\/\/www.yongyukitchenware.com\/wp-content\/uploads\/2024\/10\/Electric-Chafing-Dish-Buffet-Set-1-244x300.jpg 244w, https:\/\/www.yongyukitchenware.com\/wp-content\/uploads\/2024\/10\/Electric-Chafing-Dish-Buffet-Set-1-10x12.jpg 10w, https:\/\/www.yongyukitchenware.com\/wp-content\/uploads\/2024\/10\/Electric-Chafing-Dish-Buffet-Set-1-600x737.jpg 600w\" sizes=\"(max-width: 750px) 100vw, 750px\" \/><\/figure>\n<\/div><\/div>\n<\/div>\n\n\n\n<div class=\"wp-block-columns is-layout-flex wp-container-core-columns-is-layout-9d6595d7 wp-block-columns-is-layout-flex\">\n<div class=\"wp-block-column is-layout-flow wp-block-column-is-layout-flow\">\n<figure class=\"wp-block-image size-full\"><img decoding=\"async\" width=\"800\" height=\"800\" src=\"https:\/\/www.yongyukitchenware.com\/wp-content\/uploads\/2024\/10\/Bulk-Electric-Chafing-Dish-Buffet-Set-2.webp\" alt=\"Bulk Electric Chafing Dish Buffet Set 2\" class=\"wp-image-1717\" srcset=\"https:\/\/www.yongyukitchenware.com\/wp-content\/uploads\/2024\/10\/Bulk-Electric-Chafing-Dish-Buffet-Set-2.webp 800w, https:\/\/www.yongyukitchenware.com\/wp-content\/uploads\/2024\/10\/Bulk-Electric-Chafing-Dish-Buffet-Set-2-300x300.webp 300w, https:\/\/www.yongyukitchenware.com\/wp-content\/uploads\/2024\/10\/Bulk-Electric-Chafing-Dish-Buffet-Set-2-150x150.webp 150w, https:\/\/www.yongyukitchenware.com\/wp-content\/uploads\/2024\/10\/Bulk-Electric-Chafing-Dish-Buffet-Set-2-768x768.webp 768w, https:\/\/www.yongyukitchenware.com\/wp-content\/uploads\/2024\/10\/Bulk-Electric-Chafing-Dish-Buffet-Set-2-12x12.webp 12w, https:\/\/www.yongyukitchenware.com\/wp-content\/uploads\/2024\/10\/Bulk-Electric-Chafing-Dish-Buffet-Set-2-600x600.webp 600w, https:\/\/www.yongyukitchenware.com\/wp-content\/uploads\/2024\/10\/Bulk-Electric-Chafing-Dish-Buffet-Set-2-100x100.webp 100w\" sizes=\"(max-width: 800px) 100vw, 800px\" \/><\/figure>\n<\/div>\n\n\n\n<div class=\"wp-block-column is-layout-flow wp-block-column-is-layout-flow\">\n<h2 class=\"wp-block-heading\">Ensemble de buffets \u00e9lectriques pour chafing dish Caract\u00e9ristiques :<\/h2>\n\n\n\n<p><strong>Pieds tubulaires robustes :<\/strong> Le support tubulaire lourd ajoute un poids suppl\u00e9mentaire pour une stabilit\u00e9 et une durabilit\u00e9 accrues, garantissant que l'appareil reste stable dans les environnements tr\u00e8s fr\u00e9quent\u00e9s.<\/p>\n\n\n\n<p><strong>Syst\u00e8me de chauffage \u00e9lectrique efficace : <\/strong>Gr\u00e2ce \u00e0 la fonction de chauffage \u00e9lectrique \u00e0 l'int\u00e9rieur, il chauffe rapidement et maintient une temp\u00e9rature constante pour que les aliments restent \u00e0 une temp\u00e9rature id\u00e9ale pendant une longue p\u00e9riode.<\/p>\n\n\n\n<p><strong>Mat\u00e9riau en acier inoxydable de haute qualit\u00e9 : <\/strong>Fabriqu\u00e9 en acier inoxydable de haute qualit\u00e9, il est r\u00e9sistant \u00e0 la corrosion, durable et facile \u00e0 nettoyer. Il convient \u00e0 une utilisation intensive dans la restauration.<\/p>\n\n\n\n<p><strong>Conteneur de grande capacit\u00e9 : <\/strong>Il est con\u00e7u pour une grande capacit\u00e9 et r\u00e9pond aux besoins de diff\u00e9rents \u00e9v\u00e9nements de grande envergure. En outre, il permet de r\u00e9duire les difficult\u00e9s li\u00e9es au r\u00e9approvisionnement fr\u00e9quent en nourriture et d'am\u00e9liorer l'efficacit\u00e9 du service.<\/p>\n\n\n\n<p><strong>Conception du module : <\/strong>Le set contient de nombreuses assiettes permettant de contenir plusieurs plats simultan\u00e9ment, ce qui facilite le classement et r\u00e9pond aux besoins de diff\u00e9rentes occasions.<\/p>\n<\/div>\n<\/div>\n\n\n\n<div class=\"wp-block-columns is-layout-flex wp-container-core-columns-is-layout-9d6595d7 wp-block-columns-is-layout-flex\">\n<div class=\"wp-block-column is-layout-flow wp-block-column-is-layout-flow\"><\/div>\n\n\n\n<div class=\"wp-block-column is-layout-flow wp-block-column-is-layout-flow\"><\/div>\n<\/div>\n\n\n\n<div class=\"wp-block-columns is-layout-flex wp-container-core-columns-is-layout-9d6595d7 wp-block-columns-is-layout-flex\">\n<div class=\"wp-block-column is-layout-flow wp-block-column-is-layout-flow\"><\/div>\n\n\n\n<div class=\"wp-block-column is-layout-flow wp-block-column-is-layout-flow\"><\/div>\n<\/div>","protected":false},"excerpt":{"rendered":"<p>Set de buffet pour chafing dish \u00e9lectrique avec couvercle \u00e0 charni\u00e8re en verre, diff\u00e9rentes formes incluant rectangulaire, rond, carr\u00e9, \u00e9quip\u00e9 d'un syst\u00e8me de contr\u00f4le \u00e9lectronique de la temp\u00e9rature \u00e0 \u00e9cran tactile, facile \u00e0 utiliser, peut garder la chaleur pendant une longue p\u00e9riode. Meilleure remise pour les personnalisations en vrac, n'h\u00e9sitez pas \u00e0 nous contacter !<\/p>\n<h2><!-- wp:heading --><\/h2>\n<h2 class=\"wp-block-heading\">Buffet \u00e9lectrique Chafing Dish Set Attributs :<\/h2>\n<h2><!-- \/wp:heading --><\/p>\n<p><!-- wp:paragraph --><\/h2>\n<p><strong>Mat\u00e9riau : <\/strong>Acier inoxydable<br \/><strong>Couleur : <\/strong>Argent, or, couleur personnalis\u00e9e<br \/><strong>Forme : <\/strong>Rectangle, Carr\u00e9, Rond<br \/><strong>Chaleur : <\/strong>Chauffage \u00e9lectrique<br \/><strong>Bac de r\u00e9cup\u00e9ration : <\/strong>Grille simple\/double<br \/><strong>Emballage : <\/strong>Sac d'opposition et bo\u00eete en carton<br \/><strong>OEM\/ODM : <\/strong>Disponible<\/p>\n<h2 class=\"wp-block-heading\">De Yongyu Chafing Dish Manufacturer :<\/h2>\n<p>Qu'il s'agisse d'un fournisseur de services de restauration, d'un h\u00f4tel ou d'un restaurant, ou d'une soci\u00e9t\u00e9 d'organisation d'\u00e9v\u00e9nements, nous fournissons des solutions compl\u00e8tes de vente en gros de chafing dishes pour aider votre entreprise avec des prix d'usine de haute qualit\u00e9 !<\/p>\n<h2><!-- \/wp:paragraph --><\/h2>","protected":false},"featured_media":2925,"comment_status":"closed","ping_status":"closed","template":"","meta":{"_acf_changed":false},"application":[30],"product_brand":[],"product_cat":[33],"product_tag":[],"class_list":{"0":"post-1715","1":"product","2":"type-product","3":"status-publish","4":"has-post-thumbnail","6":"application-hotel-catering","7":"product_cat-chafing-dishes-wholesale","9":"first","10":"instock","11":"shipping-taxable","12":"product-type-simple"},"acf":[],"_links":{"self":[{"href":"https:\/\/www.yongyukitchenware.com\/fr\/wp-json\/wp\/v2\/product\/1715","targetHints":{"allow":["GET"]}}],"collection":[{"href":"https:\/\/www.yongyukitchenware.com\/fr\/wp-json\/wp\/v2\/product"}],"about":[{"href":"https:\/\/www.yongyukitchenware.com\/fr\/wp-json\/wp\/v2\/types\/product"}],"replies":[{"embeddable":true,"href":"https:\/\/www.yongyukitchenware.com\/fr\/wp-json\/wp\/v2\/comments?post=1715"}],"wp:featuredmedia":[{"embeddable":true,"href":"https:\/\/www.yongyukitchenware.com\/fr\/wp-json\/wp\/v2\/media\/2925"}],"wp:attachment":[{"href":"https:\/\/www.yongyukitchenware.com\/fr\/wp-json\/wp\/v2\/media?parent=1715"}],"wp:term":[{"taxonomy":"application","embeddable":true,"href":"https:\/\/www.yongyukitchenware.com\/fr\/wp-json\/wp\/v2\/application?post=1715"},{"taxonomy":"product_brand","embeddable":true,"href":"https:\/\/www.yongyukitchenware.com\/fr\/wp-json\/wp\/v2\/product_brand?post=1715"},{"taxonomy":"product_cat","embeddable":true,"href":"https:\/\/www.yongyukitchenware.com\/fr\/wp-json\/wp\/v2\/product_cat?post=1715"},{"taxonomy":"product_tag","embeddable":true,"href":"https:\/\/www.yongyukitchenware.com\/fr\/wp-json\/wp\/v2\/product_tag?post=1715"}],"curies":[{"name":"wp","href":"https:\/\/api.w.org\/{rel}","templated":true}]}}