{"id":1728,"date":"2024-11-05T11:26:03","date_gmt":"2024-11-05T11:26:03","guid":{"rendered":"https:\/\/www.yongyukitchenware.com\/?post_type=product&#038;p=1728"},"modified":"2025-06-26T06:55:59","modified_gmt":"2025-06-26T06:55:59","slug":"custom-coffee-kettle","status":"publish","type":"product","link":"https:\/\/www.yongyukitchenware.com\/fr\/produit\/custom-coffee-kettle\/","title":{"rendered":"Bouilloire en acier inoxydable 1.2L 1.5L avec filtre"},"content":{"rendered":"<div class=\"wp-block-columns is-layout-flex wp-container-core-columns-is-layout-9d6595d7 wp-block-columns-is-layout-flex\">\n<div class=\"wp-block-column is-layout-flow wp-block-column-is-layout-flow\">\n<h2 class=\"wp-block-heading\">Bouilloire en acier inoxydable Dimensions\uff1a<\/h2>\n\n\n\n<figure class=\"wp-block-table\"><table class=\"has-fixed-layout\"><tbody><tr><td>Mod\u00e8le<\/td><td>Taille<\/td><td>Diam\u00e8tre * Hauteur (cm)<\/td><td>MOQ<\/td><\/tr><tr><td rowspan=\"2\">DY026-SH<\/td><td>1.2L<\/td><td>14*13cm<\/td><td rowspan=\"2\">36PCS<\/td><\/tr><tr><td>1.5L<\/td><td>14*16cm<\/td><\/tr><\/tbody><\/table><\/figure>\n\n\n\n<h2 class=\"wp-block-heading\">Bouilloire en acier inoxydable Caract\u00e9ristiques :<\/h2>\n\n\n\n<p><strong>Acier inoxydable de premi\u00e8re qualit\u00e9 : <\/strong>Mat\u00e9riau en acier inoxydable de qualit\u00e9 alimentaire, solide et durable, antirouille<br><strong>Filtre poreux assorti : <\/strong>Le filtre est con\u00e7u de mani\u00e8re ind\u00e9pendante pour filtrer efficacement le marc de caf\u00e9 ou les feuilles de th\u00e9, ce qui est plus pratique pour boire.<br><strong>Deux types de becs : <\/strong>La buse \u00e0 crochet d'aigle verse l'eau en douceur, et la buse ne suspend pas l'eau ; le d\u00e9bit d'eau du bec conique est plus concentr\u00e9 et plus facile \u00e0 contr\u00f4ler.<strong><br>Chauffage rapide : <\/strong>la circulation par le fond de l'anneau permet de chauffer rapidement, de faire bouillir rapidement et d'\u00e9conomiser du temps<strong><br>Large application : <\/strong>Cette bouilloire peut \u00eatre utilis\u00e9e sur des cuisini\u00e8res \u00e0 induction, \u00e0 gaz, \u00e9lectriques et en c\u00e9ramique.<br><strong>L\u00e9ger et s\u00fbr : <\/strong>le couvercle rabattable est pratique pour recueillir l'eau, et la poign\u00e9e isol\u00e9e est anti-br\u00fblure et facile \u00e0 tenir.<\/p>\n<\/div>\n\n\n\n<div class=\"wp-block-column is-layout-flow wp-block-column-is-layout-flow\">\n<figure class=\"wp-block-image size-full\"><img decoding=\"async\" width=\"800\" height=\"800\" src=\"https:\/\/www.yongyukitchenware.com\/wp-content\/uploads\/2024\/10\/custom-coffee-kettle-8.webp\" alt=\"bouilloire \u00e0 caf\u00e9 personnalis\u00e9e (8)\" class=\"wp-image-1744\" srcset=\"https:\/\/www.yongyukitchenware.com\/wp-content\/uploads\/2024\/10\/custom-coffee-kettle-8.webp 800w, https:\/\/www.yongyukitchenware.com\/wp-content\/uploads\/2024\/10\/custom-coffee-kettle-8-300x300.webp 300w, https:\/\/www.yongyukitchenware.com\/wp-content\/uploads\/2024\/10\/custom-coffee-kettle-8-150x150.webp 150w, https:\/\/www.yongyukitchenware.com\/wp-content\/uploads\/2024\/10\/custom-coffee-kettle-8-768x768.webp 768w, https:\/\/www.yongyukitchenware.com\/wp-content\/uploads\/2024\/10\/custom-coffee-kettle-8-12x12.webp 12w, https:\/\/www.yongyukitchenware.com\/wp-content\/uploads\/2024\/10\/custom-coffee-kettle-8-600x600.webp 600w, https:\/\/www.yongyukitchenware.com\/wp-content\/uploads\/2024\/10\/custom-coffee-kettle-8-100x100.webp 100w\" sizes=\"(max-width: 800px) 100vw, 800px\" \/><\/figure>\n<\/div>\n<\/div>\n\n\n\n<p><\/p>","protected":false},"excerpt":{"rendered":"<p>Cette bouilloire \u00e0 caf\u00e9 personnalis\u00e9e est fabriqu\u00e9e en acier inoxydable de haute qualit\u00e9 et propos\u00e9e en deux styles diff\u00e9rents, alliant praticit\u00e9 et \u00e9l\u00e9gance. Id\u00e9ale pour la pr\u00e9paration quotidienne du caf\u00e9 ou du th\u00e9, elle convient parfaitement aux amateurs de caf\u00e9 et aux passionn\u00e9s de th\u00e9.<\/p>\n<h2 style=\"text-align: left\">Bouilloire en acier inoxydable Param\u00e8tres<\/h2>\n<p style=\"text-align: left\"><strong>Mat\u00e9riau :<\/strong> acier inoxydable<br \/><strong>Deux styles :<\/strong> Buse \u00e0 crochet, bec conique<br \/><strong>Accessoires :<\/strong> Filtre amovible<br \/><strong>Tailles :<\/strong> 1,2 L, 1,5 L<br \/><strong>Emballage :<\/strong> Sac OPP et carton<br \/><strong>OEM\/ODM :<\/strong> En option<\/p>\n<h2 class=\"wp-block-heading\">De Yongyu Drinkware Manufacturer :<\/h2>\n<p>Yongyu Drinkware Manufacturer vend en gros et personnalise divers types d'articles pour boissons, en mettant l'accent sur la durabilit\u00e9 et les performances de conservation de la chaleur des produits, en fournissant des solutions d'approvisionnement de haute qualit\u00e9 et \u00e9conomiques pour les clients du monde entier.<\/p>","protected":false},"featured_media":1737,"comment_status":"closed","ping_status":"closed","template":"","meta":{"_acf_changed":true},"application":[30],"product_brand":[],"product_cat":[20,49],"product_tag":[],"class_list":{"0":"post-1728","1":"product","2":"type-product","3":"status-publish","4":"has-post-thumbnail","6":"application-hotel-catering","7":"product_cat-wholesale-drinkware","8":"product_cat-stainless-steel-kettle-wholesale","10":"first","11":"instock","12":"shipping-taxable","13":"product-type-simple"},"acf":[],"_links":{"self":[{"href":"https:\/\/www.yongyukitchenware.com\/fr\/wp-json\/wp\/v2\/product\/1728","targetHints":{"allow":["GET"]}}],"collection":[{"href":"https:\/\/www.yongyukitchenware.com\/fr\/wp-json\/wp\/v2\/product"}],"about":[{"href":"https:\/\/www.yongyukitchenware.com\/fr\/wp-json\/wp\/v2\/types\/product"}],"replies":[{"embeddable":true,"href":"https:\/\/www.yongyukitchenware.com\/fr\/wp-json\/wp\/v2\/comments?post=1728"}],"wp:featuredmedia":[{"embeddable":true,"href":"https:\/\/www.yongyukitchenware.com\/fr\/wp-json\/wp\/v2\/media\/1737"}],"wp:attachment":[{"href":"https:\/\/www.yongyukitchenware.com\/fr\/wp-json\/wp\/v2\/media?parent=1728"}],"wp:term":[{"taxonomy":"application","embeddable":true,"href":"https:\/\/www.yongyukitchenware.com\/fr\/wp-json\/wp\/v2\/application?post=1728"},{"taxonomy":"product_brand","embeddable":true,"href":"https:\/\/www.yongyukitchenware.com\/fr\/wp-json\/wp\/v2\/product_brand?post=1728"},{"taxonomy":"product_cat","embeddable":true,"href":"https:\/\/www.yongyukitchenware.com\/fr\/wp-json\/wp\/v2\/product_cat?post=1728"},{"taxonomy":"product_tag","embeddable":true,"href":"https:\/\/www.yongyukitchenware.com\/fr\/wp-json\/wp\/v2\/product_tag?post=1728"}],"curies":[{"name":"wp","href":"https:\/\/api.w.org\/{rel}","templated":true}]}}