{"id":1745,"date":"2024-11-05T06:54:29","date_gmt":"2024-11-05T06:54:29","guid":{"rendered":"https:\/\/www.yongyukitchenware.com\/?post_type=product&#038;p=1745"},"modified":"2025-04-27T01:43:51","modified_gmt":"2025-04-27T01:43:51","slug":"whistling-kettle-wholesale","status":"publish","type":"product","link":"https:\/\/www.yongyukitchenware.com\/fr\/produit\/whistling-kettle-wholesale\/","title":{"rendered":"Factory Direct Whistling Kettle Stainless Steel Stovetop Large Teapot (bouilloire sifflante en acier inoxydable pour cuisini\u00e8re)"},"content":{"rendered":"<div class=\"wp-block-columns is-layout-flex wp-container-core-columns-is-layout-9d6595d7 wp-block-columns-is-layout-flex\">\n<div class=\"wp-block-column is-layout-flow wp-block-column-is-layout-flow\">\n<h2 class=\"wp-block-heading\">Caract\u00e9ristiques de la bouilloire sifflante :<\/h2>\n\n\n\n<p><strong>Acier inoxydable de haute qualit\u00e9 : <\/strong>Mat\u00e9riau en acier inoxydable de qualit\u00e9 alimentaire, r\u00e9sistant \u00e0 la rouille et \u00e0 la corrosion, durable<br><strong>D\u00e9tecteur d'eau :<\/strong> Lorsque l'eau a atteint son point d'\u00e9bullition, la bouilloire \u00e9met un son semblable \u00e0 un sifflement pour l'indiquer.<br><strong>Conception d'un grand calibre :<\/strong> Grande capacit\u00e9, grand calibre, facile \u00e0 remplir. R\u00e9pond aux besoins de l'usage quotidien ou de la r\u00e9ception d'invit\u00e9s.<br><strong>Manche en bois de gomme : <\/strong>Design incurv\u00e9. Le manche en bois de gomme est agr\u00e9able \u00e0 tenir. Isolation thermique et anti-br\u00fblure.<br><strong>Conception de l'orifice du filtre int\u00e9rieur : <\/strong>facile \u00e0 filtrer le r\u00e9sidu, plus pratique \u00e0 boire.<br><strong>Fond antid\u00e9rapant :<\/strong> Le fond antid\u00e9rapant concave-convexe permet une mise en place en douceur et une grande durabilit\u00e9.<\/p>\n<\/div>\n\n\n\n<div class=\"wp-block-column is-layout-flow wp-block-column-is-layout-flow\">\n<figure class=\"wp-block-image size-full\"><img decoding=\"async\" width=\"800\" height=\"800\" src=\"https:\/\/www.yongyukitchenware.com\/wp-content\/uploads\/2024\/10\/factory-direct-whistling-kettle-2.webp\" alt=\"usine-directe-bouilloire (2)\" class=\"wp-image-1747\" srcset=\"https:\/\/www.yongyukitchenware.com\/wp-content\/uploads\/2024\/10\/factory-direct-whistling-kettle-2.webp 800w, https:\/\/www.yongyukitchenware.com\/wp-content\/uploads\/2024\/10\/factory-direct-whistling-kettle-2-300x300.webp 300w, https:\/\/www.yongyukitchenware.com\/wp-content\/uploads\/2024\/10\/factory-direct-whistling-kettle-2-150x150.webp 150w, https:\/\/www.yongyukitchenware.com\/wp-content\/uploads\/2024\/10\/factory-direct-whistling-kettle-2-768x768.webp 768w, https:\/\/www.yongyukitchenware.com\/wp-content\/uploads\/2024\/10\/factory-direct-whistling-kettle-2-12x12.webp 12w, https:\/\/www.yongyukitchenware.com\/wp-content\/uploads\/2024\/10\/factory-direct-whistling-kettle-2-600x600.webp 600w, https:\/\/www.yongyukitchenware.com\/wp-content\/uploads\/2024\/10\/factory-direct-whistling-kettle-2-100x100.webp 100w\" sizes=\"(max-width: 800px) 100vw, 800px\" \/><\/figure>\n<\/div>\n<\/div>\n\n\n\n<p><\/p>","protected":false},"excerpt":{"rendered":"<p>Bouilloire en acier inoxydable, grande capacit\u00e9 4,8L, 5,8L et 6,8L, adapt\u00e9e \u00e0 la cuisini\u00e8re et \u00e0 la plaque \u00e0 induction. Le fournisseur de bouilloire en acier inoxydable Yongyu fournit la solution personnalis\u00e9e la plus rentable, bienvenue \u00e0 la demande !<\/p>\n<h2 style=\"text-align: left;\">Param\u00e8tre de la bouilloire sifflante<\/h2>\n<p style=\"text-align: left;\"><strong>Mat\u00e9riau :<\/strong> Acier inoxydable<br \/><strong>Forme :<\/strong> En forme de pomme<br \/><strong>Poign\u00e9e :<\/strong> Poign\u00e9e en bois caoutchout\u00e9<br \/><strong>Tailles :<\/strong> 4.8L 5.8L 6.8L<br \/><strong>Emballage :<\/strong> Sac OPP et carton<br \/><strong>OEM\/ODM :<\/strong> En option<\/p>\n<h2 class=\"wp-block-heading\">De Yongyu Drinkware Manufacturer :<\/h2>\n<p>Yongyu Drinkware Manufacturer vend en gros et personnalise divers types d'articles pour boissons, en mettant l'accent sur la durabilit\u00e9 et les performances de conservation de la chaleur des produits, en fournissant des solutions d'approvisionnement de haute qualit\u00e9 et \u00e9conomiques pour les clients du monde entier.<\/p>","protected":false},"featured_media":1746,"comment_status":"closed","ping_status":"closed","template":"","meta":{"_acf_changed":true},"application":[30],"product_brand":[],"product_cat":[20,49],"product_tag":[],"class_list":{"0":"post-1745","1":"product","2":"type-product","3":"status-publish","4":"has-post-thumbnail","6":"application-hotel-catering","7":"product_cat-wholesale-drinkware","8":"product_cat-stainless-steel-kettle-wholesale","10":"first","11":"instock","12":"shipping-taxable","13":"product-type-simple"},"acf":[],"_links":{"self":[{"href":"https:\/\/www.yongyukitchenware.com\/fr\/wp-json\/wp\/v2\/product\/1745","targetHints":{"allow":["GET"]}}],"collection":[{"href":"https:\/\/www.yongyukitchenware.com\/fr\/wp-json\/wp\/v2\/product"}],"about":[{"href":"https:\/\/www.yongyukitchenware.com\/fr\/wp-json\/wp\/v2\/types\/product"}],"replies":[{"embeddable":true,"href":"https:\/\/www.yongyukitchenware.com\/fr\/wp-json\/wp\/v2\/comments?post=1745"}],"wp:featuredmedia":[{"embeddable":true,"href":"https:\/\/www.yongyukitchenware.com\/fr\/wp-json\/wp\/v2\/media\/1746"}],"wp:attachment":[{"href":"https:\/\/www.yongyukitchenware.com\/fr\/wp-json\/wp\/v2\/media?parent=1745"}],"wp:term":[{"taxonomy":"application","embeddable":true,"href":"https:\/\/www.yongyukitchenware.com\/fr\/wp-json\/wp\/v2\/application?post=1745"},{"taxonomy":"product_brand","embeddable":true,"href":"https:\/\/www.yongyukitchenware.com\/fr\/wp-json\/wp\/v2\/product_brand?post=1745"},{"taxonomy":"product_cat","embeddable":true,"href":"https:\/\/www.yongyukitchenware.com\/fr\/wp-json\/wp\/v2\/product_cat?post=1745"},{"taxonomy":"product_tag","embeddable":true,"href":"https:\/\/www.yongyukitchenware.com\/fr\/wp-json\/wp\/v2\/product_tag?post=1745"}],"curies":[{"name":"wp","href":"https:\/\/api.w.org\/{rel}","templated":true}]}}