{"id":1752,"date":"2024-11-05T07:32:22","date_gmt":"2024-11-05T07:32:22","guid":{"rendered":"https:\/\/www.yongyukitchenware.com\/?post_type=product&#038;p=1752"},"modified":"2025-04-27T01:42:57","modified_gmt":"2025-04-27T01:42:57","slug":"whistling-tea-kettle-wholesale","status":"publish","type":"product","link":"https:\/\/www.yongyukitchenware.com\/fr\/produit\/whistling-tea-kettle-wholesale\/","title":{"rendered":"Wholesale Whistling Tea Kettle Bouilloire en acier inoxydable avec passoire"},"content":{"rendered":"<div class=\"wp-block-columns is-layout-flex wp-container-core-columns-is-layout-9d6595d7 wp-block-columns-is-layout-flex\">\n<div class=\"wp-block-column is-layout-flow wp-block-column-is-layout-flow\">\n<h2 class=\"wp-block-heading\">Bouilloire Whistling Tea Kettle Caract\u00e9ristiques :<\/h2>\n\n\n\n<p><strong>Acier inoxydable de haute qualit\u00e9 : <\/strong>Le mat\u00e9riau en acier inoxydable de qualit\u00e9 alimentaire garantit la durabilit\u00e9 et la s\u00e9curit\u00e9 de la th\u00e9i\u00e8re.<br><strong>Compatible avec de nombreux types de po\u00eales :<\/strong> il peut \u00eatre utilis\u00e9 sur les cuisini\u00e8res \u00e0 gaz, \u00e0 induction, en c\u00e9ramique et \u00e9lectriques.<br><strong>Alerte sonore : <\/strong>Un signal sonore int\u00e9gr\u00e9 vous avertit lorsque l'eau a atteint le point d'\u00e9bullition et doit \u00eatre retir\u00e9e pour \u00e9viter les d\u00e9bordements et la surconsommation d'\u00e9nergie.<br><strong>Filtre amovible :<\/strong> Id\u00e9al pour infuser du th\u00e9 en vrac ou filtrer les impuret\u00e9s afin d'obtenir la meilleure flexibilit\u00e9 possible, que ce soit pour pr\u00e9parer du th\u00e9 ou faire bouillir de l'eau.<br><strong>Travailler en toute s\u00e9curit\u00e9 :<\/strong> Il est dot\u00e9 d'une poign\u00e9e ergonomique en bois de gomme, isol\u00e9e de la chaleur et anti-br\u00fblure ; son fond est antid\u00e9rapant pour une mise en place en douceur.<\/p>\n<\/div>\n\n\n\n<div class=\"wp-block-column is-layout-flow wp-block-column-is-layout-flow\">\n<figure class=\"wp-block-image size-full\"><img decoding=\"async\" width=\"800\" height=\"800\" src=\"https:\/\/www.yongyukitchenware.com\/wp-content\/uploads\/2024\/10\/wholesale-whistling-tea-kettle-6.webp\" alt=\"Grossiste-bouilloire \u00e0 sifflet (6)\" class=\"wp-image-1758\" srcset=\"https:\/\/www.yongyukitchenware.com\/wp-content\/uploads\/2024\/10\/wholesale-whistling-tea-kettle-6.webp 800w, https:\/\/www.yongyukitchenware.com\/wp-content\/uploads\/2024\/10\/wholesale-whistling-tea-kettle-6-300x300.webp 300w, https:\/\/www.yongyukitchenware.com\/wp-content\/uploads\/2024\/10\/wholesale-whistling-tea-kettle-6-150x150.webp 150w, https:\/\/www.yongyukitchenware.com\/wp-content\/uploads\/2024\/10\/wholesale-whistling-tea-kettle-6-768x768.webp 768w, https:\/\/www.yongyukitchenware.com\/wp-content\/uploads\/2024\/10\/wholesale-whistling-tea-kettle-6-12x12.webp 12w, https:\/\/www.yongyukitchenware.com\/wp-content\/uploads\/2024\/10\/wholesale-whistling-tea-kettle-6-600x600.webp 600w, https:\/\/www.yongyukitchenware.com\/wp-content\/uploads\/2024\/10\/wholesale-whistling-tea-kettle-6-100x100.webp 100w\" sizes=\"(max-width: 800px) 100vw, 800px\" \/><\/figure>\n<\/div>\n<\/div>\n\n\n\n<p><\/p>","protected":false},"excerpt":{"rendered":"<p>La bouilloire Whistling Tea Kettle de Yongyu est con\u00e7ue pour faire bouillir efficacement l'eau sur une vari\u00e9t\u00e9 de po\u00eales, avec une excellente durabilit\u00e9 et performance. Con\u00e7ue pour un usage domestique et commercial, elle est parfaite pour infuser du th\u00e9 en vrac ou faire bouillir de l'eau pour plusieurs boissons.<\/p>\n<h2 style=\"text-align: left;\">Param\u00e8tre de la bouilloire sifflante\u00a0\u00a0<\/h2>\n<p style=\"text-align: left;\"><strong>Mat\u00e9riau :<\/strong> Acier inoxydable<br \/><strong>Accessoires :<\/strong> Filet anti-fuites amovible<br \/><strong>Poign\u00e9e :<\/strong> Poign\u00e9e en bois caoutchout\u00e9<br \/><strong>Diff\u00e9rentes tailles :<\/strong> 1.0L, 1.5L, 2L, 3L, 4L, 5L, 6L<br \/><strong>Emballage :<\/strong> Sac OPP et carton<br \/><strong>OEM\/ODM :<\/strong> En option<\/p>\n<h2 class=\"wp-block-heading\">De Yongyu Drinkware Manufacturer :<\/h2>\n<p>Yongyu Drinkware Manufacturer vend en gros et personnalise divers types d'articles pour boissons, en mettant l'accent sur la durabilit\u00e9 et les performances de conservation de la chaleur des produits, en fournissant des solutions d'approvisionnement de haute qualit\u00e9 et \u00e9conomiques pour les clients du monde entier.<\/p>","protected":false},"featured_media":1753,"comment_status":"closed","ping_status":"closed","template":"","meta":{"_acf_changed":true},"application":[30],"product_brand":[],"product_cat":[20,49],"product_tag":[],"class_list":{"0":"post-1752","1":"product","2":"type-product","3":"status-publish","4":"has-post-thumbnail","6":"application-hotel-catering","7":"product_cat-wholesale-drinkware","8":"product_cat-stainless-steel-kettle-wholesale","10":"first","11":"instock","12":"shipping-taxable","13":"product-type-simple"},"acf":[],"_links":{"self":[{"href":"https:\/\/www.yongyukitchenware.com\/fr\/wp-json\/wp\/v2\/product\/1752","targetHints":{"allow":["GET"]}}],"collection":[{"href":"https:\/\/www.yongyukitchenware.com\/fr\/wp-json\/wp\/v2\/product"}],"about":[{"href":"https:\/\/www.yongyukitchenware.com\/fr\/wp-json\/wp\/v2\/types\/product"}],"replies":[{"embeddable":true,"href":"https:\/\/www.yongyukitchenware.com\/fr\/wp-json\/wp\/v2\/comments?post=1752"}],"wp:featuredmedia":[{"embeddable":true,"href":"https:\/\/www.yongyukitchenware.com\/fr\/wp-json\/wp\/v2\/media\/1753"}],"wp:attachment":[{"href":"https:\/\/www.yongyukitchenware.com\/fr\/wp-json\/wp\/v2\/media?parent=1752"}],"wp:term":[{"taxonomy":"application","embeddable":true,"href":"https:\/\/www.yongyukitchenware.com\/fr\/wp-json\/wp\/v2\/application?post=1752"},{"taxonomy":"product_brand","embeddable":true,"href":"https:\/\/www.yongyukitchenware.com\/fr\/wp-json\/wp\/v2\/product_brand?post=1752"},{"taxonomy":"product_cat","embeddable":true,"href":"https:\/\/www.yongyukitchenware.com\/fr\/wp-json\/wp\/v2\/product_cat?post=1752"},{"taxonomy":"product_tag","embeddable":true,"href":"https:\/\/www.yongyukitchenware.com\/fr\/wp-json\/wp\/v2\/product_tag?post=1752"}],"curies":[{"name":"wp","href":"https:\/\/api.w.org\/{rel}","templated":true}]}}