{"id":1768,"date":"2024-10-10T07:07:43","date_gmt":"2024-10-10T07:07:43","guid":{"rendered":"https:\/\/www.yongyukitchenware.com\/?post_type=product&#038;p=1768"},"modified":"2025-06-26T05:52:10","modified_gmt":"2025-06-26T05:52:10","slug":"stainless-steel-funnel-bulk","status":"publish","type":"product","link":"https:\/\/www.yongyukitchenware.com\/fr\/produit\/stainless-steel-funnel-bulk\/","title":{"rendered":"Entonnoir en acier inoxydable en vrac pour la cuisine Grandes et petites tailles"},"content":{"rendered":"<div class=\"wp-block-columns is-layout-flex wp-container-core-columns-is-layout-9d6595d7 wp-block-columns-is-layout-flex\">\n<div class=\"wp-block-column is-layout-flow wp-block-column-is-layout-flow\">\n<h2 class=\"wp-block-heading\">Entonnoir en acier inoxydable Caract\u00e9ristiques :<\/h2>\n\n\n\n<p><strong>Acier inoxydable de premi\u00e8re qualit\u00e9 : <\/strong>Mat\u00e9riau en acier inoxydable de qualit\u00e9 alimentaire, r\u00e9sistant \u00e0 la corrosion, inodore et facile \u00e0 nettoyer<br><strong>Design \u00e0 bord roul\u00e9 :<\/strong> Bords arrondis et lisses, faciles \u00e0 manipuler et \u00e9vitant les blessures aux mains<br><strong>Mod\u00e8le \u00e0 suspendre<\/strong>Anneau de suspension en forme de V, soud\u00e9 fermement, lisse et ne blessant pas la main.<br><strong>Grand diam\u00e8tre et petite buse :<\/strong> offrent un choix de tailles vari\u00e9es, des petites bouteilles d'\u00e9pices aux grands r\u00e9cipients qui peuvent r\u00e9pondre \u00e0 des besoins diff\u00e9rents.<br><strong>Filtre amovible :<\/strong> peut \u00eatre \u00e9quip\u00e9 d'une cr\u00e9pine amovible, filtrant les r\u00e9sidus, s\u00e9paration rapide<\/p>\n<\/div>\n\n\n\n<div class=\"wp-block-column is-layout-flow wp-block-column-is-layout-flow\">\n<div class=\"wp-block-columns is-layout-flex wp-container-core-columns-is-layout-9d6595d7 wp-block-columns-is-layout-flex\">\n<div class=\"wp-block-column is-layout-flow wp-block-column-is-layout-flow\">\n<figure class=\"wp-block-image size-full\"><img decoding=\"async\" width=\"800\" height=\"800\" src=\"https:\/\/www.yongyukitchenware.com\/wp-content\/uploads\/2024\/10\/factory-stainless-steel-funnel-7.webp\" alt=\"tunnel-usine-inox (7)\" class=\"wp-image-1782\" srcset=\"https:\/\/www.yongyukitchenware.com\/wp-content\/uploads\/2024\/10\/factory-stainless-steel-funnel-7.webp 800w, https:\/\/www.yongyukitchenware.com\/wp-content\/uploads\/2024\/10\/factory-stainless-steel-funnel-7-300x300.webp 300w, https:\/\/www.yongyukitchenware.com\/wp-content\/uploads\/2024\/10\/factory-stainless-steel-funnel-7-150x150.webp 150w, https:\/\/www.yongyukitchenware.com\/wp-content\/uploads\/2024\/10\/factory-stainless-steel-funnel-7-768x768.webp 768w, https:\/\/www.yongyukitchenware.com\/wp-content\/uploads\/2024\/10\/factory-stainless-steel-funnel-7-12x12.webp 12w, https:\/\/www.yongyukitchenware.com\/wp-content\/uploads\/2024\/10\/factory-stainless-steel-funnel-7-600x600.webp 600w, https:\/\/www.yongyukitchenware.com\/wp-content\/uploads\/2024\/10\/factory-stainless-steel-funnel-7-100x100.webp 100w\" sizes=\"(max-width: 800px) 100vw, 800px\" \/><\/figure>\n<\/div>\n\n\n\n<div class=\"wp-block-column is-layout-flow wp-block-column-is-layout-flow\">\n<figure class=\"wp-block-image size-full\"><img decoding=\"async\" width=\"800\" height=\"800\" src=\"https:\/\/www.yongyukitchenware.com\/wp-content\/uploads\/2024\/10\/factory-stainless-steel-funnel-4.webp\" alt=\"tunnel-usine-inox (4)\" class=\"wp-image-1779\" srcset=\"https:\/\/www.yongyukitchenware.com\/wp-content\/uploads\/2024\/10\/factory-stainless-steel-funnel-4.webp 800w, https:\/\/www.yongyukitchenware.com\/wp-content\/uploads\/2024\/10\/factory-stainless-steel-funnel-4-300x300.webp 300w, https:\/\/www.yongyukitchenware.com\/wp-content\/uploads\/2024\/10\/factory-stainless-steel-funnel-4-150x150.webp 150w, https:\/\/www.yongyukitchenware.com\/wp-content\/uploads\/2024\/10\/factory-stainless-steel-funnel-4-768x768.webp 768w, https:\/\/www.yongyukitchenware.com\/wp-content\/uploads\/2024\/10\/factory-stainless-steel-funnel-4-12x12.webp 12w, https:\/\/www.yongyukitchenware.com\/wp-content\/uploads\/2024\/10\/factory-stainless-steel-funnel-4-600x600.webp 600w, https:\/\/www.yongyukitchenware.com\/wp-content\/uploads\/2024\/10\/factory-stainless-steel-funnel-4-100x100.webp 100w\" sizes=\"(max-width: 800px) 100vw, 800px\" \/><\/figure>\n<\/div>\n<\/div>\n\n\n\n<p><\/p>\n<\/div>\n<\/div>\n\n\n\n<div class=\"wp-block-columns is-layout-flex wp-container-core-columns-is-layout-9d6595d7 wp-block-columns-is-layout-flex\">\n<div class=\"wp-block-column is-layout-flow wp-block-column-is-layout-flow\"><div class=\"wp-block-image\">\n<figure class=\"aligncenter size-full is-resized\"><img decoding=\"async\" width=\"329\" height=\"371\" src=\"https:\/\/www.yongyukitchenware.com\/wp-content\/uploads\/2024\/10\/stainless-steel-funnel-wholesale.webp\" alt=\"Entonnoir en acier inoxydable en gros\" class=\"wp-image-1796\" style=\"width:391px;height:auto\" srcset=\"https:\/\/www.yongyukitchenware.com\/wp-content\/uploads\/2024\/10\/stainless-steel-funnel-wholesale.webp 329w, https:\/\/www.yongyukitchenware.com\/wp-content\/uploads\/2024\/10\/stainless-steel-funnel-wholesale-266x300.webp 266w, https:\/\/www.yongyukitchenware.com\/wp-content\/uploads\/2024\/10\/stainless-steel-funnel-wholesale-11x12.webp 11w\" sizes=\"(max-width: 329px) 100vw, 329px\" \/><\/figure>\n<\/div><\/div>\n\n\n\n<div class=\"wp-block-column is-layout-flow wp-block-column-is-layout-flow\">\n<h2 class=\"wp-block-heading\">Dimensions des entonnoirs en acier inoxydable\uff1a<\/h2>\n\n\n\n<figure class=\"wp-block-table\"><table class=\"has-fixed-layout\"><tbody><tr><td>Moule<\/td><td>Taille<\/td><td>Diam\u00e8tre<\/td><td>Hauteur totale<\/td><td>Hauteur totale<\/td><td>Longueur du tube<\/td><td>MOQ<\/td><\/tr><tr><td rowspan=\"9\">DY039-Z<\/td><td>8cmn<\/td><td>8,3 cm<\/td><td>1,2 cm<\/td><td>12,2 cm<\/td><td>7,2 cm<\/td><td>530PCS<\/td><\/tr><tr><td>10cm<\/td><td>11.1cm<\/td><td>1,2 cm<\/td><td>12.4cm<\/td><td>7,2 cm<\/td><td>420PCS<\/td><\/tr><tr><td>12cm<\/td><td>12.8cm<\/td><td>1,5 cm<\/td><td>13.7cm<\/td><td>8.0cm<\/td><td>348PCS<\/td><\/tr><tr><td>14cm<\/td><td>14.0cm<\/td><td>1,5 cm<\/td><td>14.0cm<\/td><td>8.0cm<\/td><td>336PCS<\/td><\/tr><tr><td>16cm<\/td><td>16,0 cm<\/td><td>1,5 cm<\/td><td>14.5cm<\/td><td>8.0cm<\/td><td>283PCS<\/td><\/tr><tr><td>18cm<\/td><td>18.2cm<\/td><td>2.0cm<\/td><td>17.7cm<\/td><td>10.0cm<\/td><td>150PCS<\/td><\/tr><tr><td>20cm<\/td><td>19.6cm<\/td><td>2.0cm<\/td><td>18.5cm<\/td><td>10.0cm<\/td><td>138PCS<\/td><\/tr><tr><td>24cm<\/td><td>23.1cm<\/td><td>2,5 cm<\/td><td>20.5cm<\/td><td>10,3 cm<\/td><td>102PCS<\/td><\/tr><tr><td>30cm<\/td><td>29.7cm<\/td><td>2,5 cm<\/td><td>22.3cm<\/td><td>10,3 cm<\/td><td>52PCS<\/td><\/tr><\/tbody><\/table><\/figure>\n<\/div>\n<\/div>","protected":false},"excerpt":{"rendered":"<p>Entonnoirs en gros en acier inoxydable de diff\u00e9rentes tailles pour remplir des bouteilles ou transf\u00e9rer des ingr\u00e9dients, avec des filtres amovibles. Pour plus de solutions de vente en gros d'outils de cuisine essentiels \u00e0 des prix d'usine, veuillez contacter le fournisseur d'ustensiles de cuisine Yongyu.<\/p>\n<h2>Param\u00e8tres de l'entonnoir en acier inoxydable :<\/h2>\n<p><strong>Mat\u00e9riau :<\/strong> acier inoxydable<br \/><strong>Propri\u00e9t\u00e9s :<\/strong> non magn\u00e9tique<br \/><strong>Sp\u00e9cifications :<\/strong> 8-30cm diff\u00e9rentes tailles au choix<br \/><strong>Emballage :<\/strong> sac\/volume\/carton ou sur mesure<br \/><strong>OEM\/ODM :<\/strong> Disponible<\/p>\n<h2 class=\"wp-block-heading\">Fabriqu\u00e9 par le fabricant d'ustensiles de cuisine Yongyu :<\/h2>\n<p>Yongyu est un fabricant professionnel d'ustensiles de cuisine. Nos produits couvrent toutes sortes d'ustensiles de cuisine en acier inoxydable et d'accessoires de cuisine, fournissant des solutions personnalis\u00e9es avec des produits de haute qualit\u00e9 et des prix d'usine.<\/p>","protected":false},"featured_media":2024,"comment_status":"closed","ping_status":"closed","template":"","meta":{"_acf_changed":true},"application":[29],"product_brand":[],"product_cat":[23,36],"product_tag":[],"class_list":{"0":"post-1768","1":"product","2":"type-product","3":"status-publish","4":"has-post-thumbnail","6":"application-home-kitchen","7":"product_cat-kitchenware-wholesale","8":"product_cat-custom-kitchen-tools-utensils","10":"first","11":"instock","12":"shipping-taxable","13":"product-type-simple"},"acf":[],"_links":{"self":[{"href":"https:\/\/www.yongyukitchenware.com\/fr\/wp-json\/wp\/v2\/product\/1768","targetHints":{"allow":["GET"]}}],"collection":[{"href":"https:\/\/www.yongyukitchenware.com\/fr\/wp-json\/wp\/v2\/product"}],"about":[{"href":"https:\/\/www.yongyukitchenware.com\/fr\/wp-json\/wp\/v2\/types\/product"}],"replies":[{"embeddable":true,"href":"https:\/\/www.yongyukitchenware.com\/fr\/wp-json\/wp\/v2\/comments?post=1768"}],"wp:featuredmedia":[{"embeddable":true,"href":"https:\/\/www.yongyukitchenware.com\/fr\/wp-json\/wp\/v2\/media\/2024"}],"wp:attachment":[{"href":"https:\/\/www.yongyukitchenware.com\/fr\/wp-json\/wp\/v2\/media?parent=1768"}],"wp:term":[{"taxonomy":"application","embeddable":true,"href":"https:\/\/www.yongyukitchenware.com\/fr\/wp-json\/wp\/v2\/application?post=1768"},{"taxonomy":"product_brand","embeddable":true,"href":"https:\/\/www.yongyukitchenware.com\/fr\/wp-json\/wp\/v2\/product_brand?post=1768"},{"taxonomy":"product_cat","embeddable":true,"href":"https:\/\/www.yongyukitchenware.com\/fr\/wp-json\/wp\/v2\/product_cat?post=1768"},{"taxonomy":"product_tag","embeddable":true,"href":"https:\/\/www.yongyukitchenware.com\/fr\/wp-json\/wp\/v2\/product_tag?post=1768"}],"curies":[{"name":"wp","href":"https:\/\/api.w.org\/{rel}","templated":true}]}}