{"id":1784,"date":"2024-11-16T09:15:24","date_gmt":"2024-11-16T09:15:24","guid":{"rendered":"https:\/\/www.yongyukitchenware.com\/?post_type=product&#038;p=1784"},"modified":"2025-06-26T07:41:12","modified_gmt":"2025-06-26T07:41:12","slug":"wholesale-kitchen-funnel","status":"publish","type":"product","link":"https:\/\/www.yongyukitchenware.com\/fr\/produit\/wholesale-kitchen-funnel\/","title":{"rendered":"Wholesale Kitchen Funnel Stainless Steel Large to Small with Mesh (Entonnoir de cuisine en acier inoxydable, de grand \u00e0 petit, avec mailles)"},"content":{"rendered":"<div class=\"wp-block-columns is-layout-flex wp-container-core-columns-is-layout-9d6595d7 wp-block-columns-is-layout-flex\">\n<div class=\"wp-block-column is-layout-flow wp-block-column-is-layout-flow\">\n<h2 class=\"wp-block-heading\">Entonnoir de cuisine Caract\u00e9ristiques :<\/h2>\n\n\n\n<p><strong>Acier inoxydable de haute qualit\u00e9 : <\/strong>Acier inoxydable 304\/316 de qualit\u00e9 alimentaire, r\u00e9sistant \u00e0 la corrosion, inodore et durable<br><strong>Deux styles de poign\u00e9es : <\/strong>Poign\u00e9e en forme de V pour faciliter la suspension, poign\u00e9e \u00e9paissie en forme de C pour faciliter la prise en main<br><strong>Tamis \u00e0 mailles fines : <\/strong>\u00c9quip\u00e9 d'un tamis \u00e0 mailles fines int\u00e9gr\u00e9 pour filtrer efficacement les particules fines, parfait pour filtrer les liquides et les sauces.<br><strong>Plusieurs tailles :<\/strong> disponible dans une vari\u00e9t\u00e9 de tailles pour s'adapter aux diff\u00e9rentes t\u00e2ches de cuisine, des transferts de petite \u00e0 grande capacit\u00e9.<br><strong>Facile \u00e0 nettoyer : <\/strong>design \u00e0 bords arrondis et lisses, facile \u00e0 manipuler, facile \u00e0 laver \u00e0 la main ou au lave-vaisselle<\/p>\n<\/div>\n\n\n\n<div class=\"wp-block-column is-layout-flow wp-block-column-is-layout-flow\">\n<div class=\"wp-block-columns is-layout-flex wp-container-core-columns-is-layout-9d6595d7 wp-block-columns-is-layout-flex\">\n<div class=\"wp-block-column is-layout-flow wp-block-column-is-layout-flow\">\n<figure class=\"wp-block-image size-full\"><img decoding=\"async\" width=\"800\" height=\"800\" src=\"https:\/\/www.yongyukitchenware.com\/wp-content\/uploads\/2024\/10\/wholesale-kitchen-funnel-2.webp\" alt=\"tunnel-de-cuisine-en-gros (2)\" class=\"wp-image-1807\" srcset=\"https:\/\/www.yongyukitchenware.com\/wp-content\/uploads\/2024\/10\/wholesale-kitchen-funnel-2.webp 800w, https:\/\/www.yongyukitchenware.com\/wp-content\/uploads\/2024\/10\/wholesale-kitchen-funnel-2-300x300.webp 300w, https:\/\/www.yongyukitchenware.com\/wp-content\/uploads\/2024\/10\/wholesale-kitchen-funnel-2-150x150.webp 150w, https:\/\/www.yongyukitchenware.com\/wp-content\/uploads\/2024\/10\/wholesale-kitchen-funnel-2-768x768.webp 768w, https:\/\/www.yongyukitchenware.com\/wp-content\/uploads\/2024\/10\/wholesale-kitchen-funnel-2-12x12.webp 12w, https:\/\/www.yongyukitchenware.com\/wp-content\/uploads\/2024\/10\/wholesale-kitchen-funnel-2-600x600.webp 600w, https:\/\/www.yongyukitchenware.com\/wp-content\/uploads\/2024\/10\/wholesale-kitchen-funnel-2-100x100.webp 100w\" sizes=\"(max-width: 800px) 100vw, 800px\" \/><\/figure>\n<\/div>\n\n\n\n<div class=\"wp-block-column is-layout-flow wp-block-column-is-layout-flow\">\n<figure class=\"wp-block-image size-full\"><img decoding=\"async\" width=\"800\" height=\"800\" src=\"https:\/\/www.yongyukitchenware.com\/wp-content\/uploads\/2024\/10\/wholesale-kitchen-funnel-5.webp\" alt=\"tunnel-de-cuisine-en-gros (5)\" class=\"wp-image-1810\" srcset=\"https:\/\/www.yongyukitchenware.com\/wp-content\/uploads\/2024\/10\/wholesale-kitchen-funnel-5.webp 800w, https:\/\/www.yongyukitchenware.com\/wp-content\/uploads\/2024\/10\/wholesale-kitchen-funnel-5-300x300.webp 300w, https:\/\/www.yongyukitchenware.com\/wp-content\/uploads\/2024\/10\/wholesale-kitchen-funnel-5-150x150.webp 150w, https:\/\/www.yongyukitchenware.com\/wp-content\/uploads\/2024\/10\/wholesale-kitchen-funnel-5-768x768.webp 768w, https:\/\/www.yongyukitchenware.com\/wp-content\/uploads\/2024\/10\/wholesale-kitchen-funnel-5-12x12.webp 12w, https:\/\/www.yongyukitchenware.com\/wp-content\/uploads\/2024\/10\/wholesale-kitchen-funnel-5-600x600.webp 600w, https:\/\/www.yongyukitchenware.com\/wp-content\/uploads\/2024\/10\/wholesale-kitchen-funnel-5-100x100.webp 100w\" sizes=\"(max-width: 800px) 100vw, 800px\" \/><\/figure>\n<\/div>\n<\/div>\n<\/div>\n<\/div>\n\n\n\n<h2 class=\"wp-block-heading\">Taille des entonnoirs de cuisine\uff1a<\/h2>\n\n\n\n<figure class=\"wp-block-table\"><table class=\"has-fixed-layout\"><tbody><tr><td>Mod\u00e8le<\/td><td>mat\u00e9riel&nbsp;<\/td><td>Taille<\/td><td>Diam\u00e8tre du fond&nbsp;<\/td><td>MOQ<\/td><\/tr><tr><td rowspan=\"8\">DY080-Z<\/td><td>304<\/td><td>mini<\/td><td>0,9 cm<\/td><td rowspan=\"8\">400PCS<\/td><\/tr><tr><td rowspan=\"3\">304 316<\/td><td>11CM<\/td><td>1,6 cm<\/td><\/tr><tr><td>13CM<\/td><td>1,6 cm<\/td><\/tr><tr><td>15CM<\/td><td>1,6 cm<\/td><\/tr><tr><td rowspan=\"4\">304<\/td><td>18CM<\/td><td>2,2 cm<\/td><\/tr><tr><td>21CM(tube droit 3,2cm)<\/td><td>3,2 cm<\/td><\/tr><tr><td>21CM\uff08Tube conique2.2cm)<\/td><td>3.8cm<\/td><\/tr><tr><td>27CM(tube droit3.8cm)<\/td><td>3.8cm<\/td><\/tr><\/tbody><\/table><\/figure>\n\n\n\n<p><\/p>","protected":false},"excerpt":{"rendered":"<p>Yongyu's factory propose en gros des entonnoirs de cuisine en acier inoxydable de premi\u00e8re qualit\u00e9, fabriqu\u00e9s en acier inoxydable 304 et 316 pour une plus grande durabilit\u00e9 et une meilleure r\u00e9sistance \u00e0 la corrosion. Chaque entonnoir est \u00e9quip\u00e9 d'un tamis \u00e0 mailles fines, de plusieurs tailles disponibles pour diff\u00e9rentes t\u00e2ches, et d'une aide indispensable dans la pr\u00e9paration de la cuisine !<\/p>\n<h2>Param\u00e8tres de l'entonnoir de cuisine :<\/h2>\n<p><strong>Mat\u00e9riau :<\/strong> Acier inoxydable 304\/316<br \/><strong>Poign\u00e9es :<\/strong> Poign\u00e9e en forme de V, poign\u00e9e \u00e9paissie en forme de C<br \/><strong>Accessoires :<\/strong> Cr\u00e9pine amovible<br \/><strong>Sp\u00e9cifications : <\/strong>11cm, 13cm, 15cm, 18cm, 21cm, 27cm<br \/><strong>Emballage :<\/strong> Sac\/volume\/carton ou sur mesure<br \/><strong>OEM\/ODM :<\/strong> En option<\/p>\n<h2 class=\"wp-block-heading\">Fabriqu\u00e9 par le fabricant d'ustensiles de cuisine Yongyu :<\/h2>\n<p>Yongyu est un fabricant professionnel d'ustensiles de cuisine. Nos produits comprennent toutes sortes d'ustensiles de cuisine en acier inoxydable et d'accessoires de cuisine. Nous fournissons des solutions personnalis\u00e9es avec des produits de haute qualit\u00e9 \u00e0 des prix d'usine.<\/p>","protected":false},"featured_media":4243,"comment_status":"closed","ping_status":"closed","template":"","meta":{"_acf_changed":true},"application":[29],"product_brand":[],"product_cat":[23,36],"product_tag":[],"class_list":{"0":"post-1784","1":"product","2":"type-product","3":"status-publish","4":"has-post-thumbnail","6":"application-home-kitchen","7":"product_cat-kitchenware-wholesale","8":"product_cat-custom-kitchen-tools-utensils","10":"first","11":"instock","12":"shipping-taxable","13":"product-type-simple"},"acf":[],"_links":{"self":[{"href":"https:\/\/www.yongyukitchenware.com\/fr\/wp-json\/wp\/v2\/product\/1784","targetHints":{"allow":["GET"]}}],"collection":[{"href":"https:\/\/www.yongyukitchenware.com\/fr\/wp-json\/wp\/v2\/product"}],"about":[{"href":"https:\/\/www.yongyukitchenware.com\/fr\/wp-json\/wp\/v2\/types\/product"}],"replies":[{"embeddable":true,"href":"https:\/\/www.yongyukitchenware.com\/fr\/wp-json\/wp\/v2\/comments?post=1784"}],"wp:featuredmedia":[{"embeddable":true,"href":"https:\/\/www.yongyukitchenware.com\/fr\/wp-json\/wp\/v2\/media\/4243"}],"wp:attachment":[{"href":"https:\/\/www.yongyukitchenware.com\/fr\/wp-json\/wp\/v2\/media?parent=1784"}],"wp:term":[{"taxonomy":"application","embeddable":true,"href":"https:\/\/www.yongyukitchenware.com\/fr\/wp-json\/wp\/v2\/application?post=1784"},{"taxonomy":"product_brand","embeddable":true,"href":"https:\/\/www.yongyukitchenware.com\/fr\/wp-json\/wp\/v2\/product_brand?post=1784"},{"taxonomy":"product_cat","embeddable":true,"href":"https:\/\/www.yongyukitchenware.com\/fr\/wp-json\/wp\/v2\/product_cat?post=1784"},{"taxonomy":"product_tag","embeddable":true,"href":"https:\/\/www.yongyukitchenware.com\/fr\/wp-json\/wp\/v2\/product_tag?post=1784"}],"curies":[{"name":"wp","href":"https:\/\/api.w.org\/{rel}","templated":true}]}}