{"id":1794,"date":"2024-10-21T01:49:39","date_gmt":"2024-10-21T01:49:39","guid":{"rendered":"https:\/\/www.yongyukitchenware.com\/?post_type=product&#038;p=1794"},"modified":"2025-06-26T06:12:32","modified_gmt":"2025-06-26T06:12:32","slug":"rectangle-chafing-dish-bulk","status":"publish","type":"product","link":"https:\/\/www.yongyukitchenware.com\/fr\/produit\/rectangle-chafing-dish-bulk\/","title":{"rendered":"Bulk Rectangle Chafing Dish with Roll Lid 9L Luxury Hotel Buffet"},"content":{"rendered":"<div class=\"wp-block-columns is-layout-flex wp-container-core-columns-is-layout-9d6595d7 wp-block-columns-is-layout-flex\">\n<div class=\"wp-block-column is-layout-flow wp-block-column-is-layout-flow\">\n<h2 class=\"wp-block-heading\">Rectangle Chafing Dish Param\u00e8tre :<\/h2>\n\n\n\n<figure class=\"wp-block-table\"><table class=\"has-fixed-layout\"><tbody><tr><td>Mod\u00e8le<\/td><td>Produit<\/td><td>couvercle<\/td><td>Longueur * Largeur * Hauteur (cm)<\/td><td>MOQ<\/td><\/tr><tr><td rowspan=\"4\">DY022-CL<\/td><td>chafing dish<\/td><td>couvercle \u00e0 enroulement<\/td><td>64*44*44<\/td><td rowspan=\"4\">2PCS<\/td><\/tr><tr><td>r\u00e9chaud \u00e0 soupe<\/td><td>couvercle \u00e0 enroulement<\/td><td>64*44*44<\/td><\/tr><tr><td>chafing dish<\/td><td>couvercle \u00e0 enroulement visible<\/td><td>64*44*44<\/td><\/tr><tr><td>r\u00e9chaud \u00e0 soupe<\/td><td>couvercle \u00e0 enroulement visible<\/td><td>64*44*44<\/td><\/tr><\/tbody><\/table><\/figure>\n<\/div>\n\n\n\n<div class=\"wp-block-column is-layout-flow wp-block-column-is-layout-flow\">\n<h2 class=\"wp-block-heading\">Rectangle Chafing Dish Features :<\/h2>\n\n\n\n<p><strong>Deux m\u00e9thodes de chauffage\uff1a<\/strong> Il existe des m\u00e9thodes de chauffage des plaques chauffantes \u00e0 l'alcool et \u00e0 l'\u00e9lectricit\u00e9 pour r\u00e9pondre \u00e0 des besoins diff\u00e9rents.<\/p>\n\n\n\n<p><strong>Mat\u00e9riau en acier inoxydable \u00e9paissi :<\/strong> la s\u00e9lection d'un acier de qualit\u00e9 alimentaire de haute qualit\u00e9, la s\u00e9curit\u00e9 des mat\u00e9riaux, la durabilit\u00e9.<\/p>\n\n\n\n<p><strong>Mod\u00e8le divis\u00e9\uff1a<\/strong> Le bassin et le corps du four peuvent \u00eatre s\u00e9par\u00e9s pour faciliter le nettoyage.<\/p>\n\n\n\n<p><strong>Le couvercle de l'enrouleur est d'une grande beaut\u00e9 :<\/strong> Le grand angle de vue s'ouvre et se ferme en douceur, avec un couvercle en acier et un couvercle visuel en option.<\/p>\n\n\n\n<p><strong>9L Grande capacit\u00e9 :<\/strong> Convient aux grands banquets et aux buffets d'h\u00f4tel, offrant un espace suffisant pour un grand nombre de plats et r\u00e9duisant la n\u00e9cessit\u00e9 de remplir fr\u00e9quemment les r\u00e9cipients.<\/p>\n<\/div>\n<\/div>\n\n\n\n<div class=\"wp-block-columns is-layout-flex wp-container-core-columns-is-layout-9d6595d7 wp-block-columns-is-layout-flex\">\n<div class=\"wp-block-column is-layout-flow wp-block-column-is-layout-flow\">\n<figure class=\"wp-block-image size-full\"><img decoding=\"async\" width=\"800\" height=\"800\" src=\"https:\/\/www.yongyukitchenware.com\/wp-content\/uploads\/2024\/10\/wholesale-Rectangle-Chafing-Dish-3.webp\" alt=\"Grossiste Chafing Dish Rectangle\" class=\"wp-image-2716\" srcset=\"https:\/\/www.yongyukitchenware.com\/wp-content\/uploads\/2024\/10\/wholesale-Rectangle-Chafing-Dish-3.webp 800w, https:\/\/www.yongyukitchenware.com\/wp-content\/uploads\/2024\/10\/wholesale-Rectangle-Chafing-Dish-3-300x300.webp 300w, https:\/\/www.yongyukitchenware.com\/wp-content\/uploads\/2024\/10\/wholesale-Rectangle-Chafing-Dish-3-150x150.webp 150w, https:\/\/www.yongyukitchenware.com\/wp-content\/uploads\/2024\/10\/wholesale-Rectangle-Chafing-Dish-3-768x768.webp 768w, https:\/\/www.yongyukitchenware.com\/wp-content\/uploads\/2024\/10\/wholesale-Rectangle-Chafing-Dish-3-12x12.webp 12w, https:\/\/www.yongyukitchenware.com\/wp-content\/uploads\/2024\/10\/wholesale-Rectangle-Chafing-Dish-3-600x600.webp 600w, https:\/\/www.yongyukitchenware.com\/wp-content\/uploads\/2024\/10\/wholesale-Rectangle-Chafing-Dish-3-100x100.webp 100w\" sizes=\"(max-width: 800px) 100vw, 800px\" \/><\/figure>\n<\/div>\n\n\n\n<div class=\"wp-block-column is-layout-flow wp-block-column-is-layout-flow\">\n<figure class=\"wp-block-image size-full\"><img decoding=\"async\" width=\"800\" height=\"800\" src=\"https:\/\/www.yongyukitchenware.com\/wp-content\/uploads\/2024\/10\/Bulk-Rectangle-Chafing-Dish-1.webp\" alt=\"Chafing Dish rectangulaire en vrac 1\" class=\"wp-image-1798\" srcset=\"https:\/\/www.yongyukitchenware.com\/wp-content\/uploads\/2024\/10\/Bulk-Rectangle-Chafing-Dish-1.webp 800w, https:\/\/www.yongyukitchenware.com\/wp-content\/uploads\/2024\/10\/Bulk-Rectangle-Chafing-Dish-1-300x300.webp 300w, https:\/\/www.yongyukitchenware.com\/wp-content\/uploads\/2024\/10\/Bulk-Rectangle-Chafing-Dish-1-150x150.webp 150w, https:\/\/www.yongyukitchenware.com\/wp-content\/uploads\/2024\/10\/Bulk-Rectangle-Chafing-Dish-1-768x768.webp 768w, https:\/\/www.yongyukitchenware.com\/wp-content\/uploads\/2024\/10\/Bulk-Rectangle-Chafing-Dish-1-12x12.webp 12w, https:\/\/www.yongyukitchenware.com\/wp-content\/uploads\/2024\/10\/Bulk-Rectangle-Chafing-Dish-1-600x600.webp 600w, https:\/\/www.yongyukitchenware.com\/wp-content\/uploads\/2024\/10\/Bulk-Rectangle-Chafing-Dish-1-100x100.webp 100w\" sizes=\"(max-width: 800px) 100vw, 800px\" \/><\/figure>\n<\/div>\n<\/div>","protected":false},"excerpt":{"rendered":"<p>Plat \u00e0 chafing rectangulaire en gros, grande capacit\u00e9, avec diff\u00e9rentes options de casseroles \u00e0 1\/2\/3 compartiments, ou une marmite \u00e0 soupe.design moderne et simple convenant aux f\u00eates et aux services de restauration. Nous vous invitons \u00e0 consulter le fournisseur de chafing dish pour obtenir nos solutions OEM et ODM personnalis\u00e9es et rentables.<\/p>\n<h2><!-- wp:heading --><\/h2>\n<h2 class=\"wp-block-heading\">Chafing Dish Rectangle Attributs :<\/h2>\n<h2><!-- \/wp:heading --><\/p>\n<p><!-- wp:paragraph --><\/h2>\n<p><strong>Mat\u00e9riau : <\/strong>Acier inoxydable<br \/><strong>Couleur : <\/strong>Argent\/Glod<br \/><strong>Forme : <\/strong>Rectangle avec couvercle \u00e0 enroulement<br \/><strong>Chaleur : <\/strong>Chauffage \u00e0 l'alcool ou \u00e9lectrique<br \/><strong>Bac de r\u00e9cup\u00e9ration : <\/strong>Grille simple\/double<br \/><strong>OEM\/ODM : <\/strong>Disponible<\/p>\n<h2 class=\"wp-block-heading\">De Yongyu Chafing Dish Manufacturer :<\/h2>\n<p>Qu'il s'agisse d'un fournisseur de services de restauration, d'un h\u00f4tel ou d'un restaurant, ou d'une soci\u00e9t\u00e9 d'organisation d'\u00e9v\u00e9nements, nous fournissons des solutions compl\u00e8tes de vente en gros de chafing dishes pour aider votre entreprise avec des prix d'usine de haute qualit\u00e9 !<\/p>\n<h2><!-- \/wp:paragraph --><\/h2>","protected":false},"featured_media":2719,"comment_status":"closed","ping_status":"closed","template":"","meta":{"_acf_changed":true},"application":[30],"product_brand":[],"product_cat":[33],"product_tag":[],"class_list":{"0":"post-1794","1":"product","2":"type-product","3":"status-publish","4":"has-post-thumbnail","6":"application-hotel-catering","7":"product_cat-chafing-dishes-wholesale","9":"first","10":"instock","11":"shipping-taxable","12":"product-type-simple"},"acf":[],"_links":{"self":[{"href":"https:\/\/www.yongyukitchenware.com\/fr\/wp-json\/wp\/v2\/product\/1794","targetHints":{"allow":["GET"]}}],"collection":[{"href":"https:\/\/www.yongyukitchenware.com\/fr\/wp-json\/wp\/v2\/product"}],"about":[{"href":"https:\/\/www.yongyukitchenware.com\/fr\/wp-json\/wp\/v2\/types\/product"}],"replies":[{"embeddable":true,"href":"https:\/\/www.yongyukitchenware.com\/fr\/wp-json\/wp\/v2\/comments?post=1794"}],"wp:featuredmedia":[{"embeddable":true,"href":"https:\/\/www.yongyukitchenware.com\/fr\/wp-json\/wp\/v2\/media\/2719"}],"wp:attachment":[{"href":"https:\/\/www.yongyukitchenware.com\/fr\/wp-json\/wp\/v2\/media?parent=1794"}],"wp:term":[{"taxonomy":"application","embeddable":true,"href":"https:\/\/www.yongyukitchenware.com\/fr\/wp-json\/wp\/v2\/application?post=1794"},{"taxonomy":"product_brand","embeddable":true,"href":"https:\/\/www.yongyukitchenware.com\/fr\/wp-json\/wp\/v2\/product_brand?post=1794"},{"taxonomy":"product_cat","embeddable":true,"href":"https:\/\/www.yongyukitchenware.com\/fr\/wp-json\/wp\/v2\/product_cat?post=1794"},{"taxonomy":"product_tag","embeddable":true,"href":"https:\/\/www.yongyukitchenware.com\/fr\/wp-json\/wp\/v2\/product_tag?post=1794"}],"curies":[{"name":"wp","href":"https:\/\/api.w.org\/{rel}","templated":true}]}}