{"id":1813,"date":"2024-10-21T01:57:02","date_gmt":"2024-10-21T01:57:02","guid":{"rendered":"https:\/\/www.yongyukitchenware.com\/?post_type=product&#038;p=1813"},"modified":"2025-06-26T06:13:11","modified_gmt":"2025-06-26T06:13:11","slug":"round-chafing-dish-wholesale","status":"publish","type":"product","link":"https:\/\/www.yongyukitchenware.com\/fr\/produit\/round-chafing-dish-wholesale\/","title":{"rendered":"Wholesale Round Chafing Dish Stainless Steel 6L with Roll Top Lid (Couvercle \u00e0 enroulement)"},"content":{"rendered":"<div class=\"wp-block-columns is-layout-flex wp-container-core-columns-is-layout-9d6595d7 wp-block-columns-is-layout-flex\">\n<div class=\"wp-block-column is-layout-flow wp-block-column-is-layout-flow\">\n<h2 class=\"wp-block-heading\">Plat \u00e0 r\u00f4tir rond Param\u00e8tre :<\/h2>\n\n\n\n<figure class=\"wp-block-table\"><table class=\"has-fixed-layout\"><tbody><tr><td>Mod\u00e8le<\/td><td>Diam\u00e8tre* Hauteur (cm)<\/td><td>Capacit\u00e9 (l)<\/td><td>MOQ<\/td><\/tr><tr><td>DY023-CL<\/td><td>48*47<\/td><td>9L<\/td><td>2PCS<\/td><\/tr><\/tbody><\/table><\/figure>\n\n\n\n<h2 class=\"wp-block-heading\">Plat \u00e0 r\u00f4tir rond Caract\u00e9ristiques :<\/h2>\n\n\n\n<p><strong>Grande capacit\u00e9 de 6 litres :<\/strong> Il peut \u00eatre utilis\u00e9 pour les grandes f\u00eates et les buffets et offre suffisamment d'espace pour les repas.<\/p>\n\n\n\n<p><strong>Acier inoxydable de premi\u00e8re qualit\u00e9 Mat\u00e9riau<\/strong> Anti-corrosion, durable pour une utilisation \u00e0 long terme, facile \u00e0 nettoyer.<\/p>\n\n\n\n<p><strong>Conception \u00e0 enroulement complet : <\/strong>Facile \u00e0 utiliser, il permet aux convives de prendre leurs repas eux-m\u00eames et de maintenir la temp\u00e9rature des aliments.<\/p>\n\n\n\n<p><strong>Chauffage homog\u00e8ne et conservation de la chaleur : <\/strong>Le fond peut \u00eatre con\u00e7u pour correspondre \u00e0 un r\u00e9servoir de carburant, ce qui permet de garder les aliments au chaud pendant une longue p\u00e9riode.<\/p>\n\n\n\n<p><strong>Profil arrondi classique :<\/strong> \u00e0 la mode et d'ambiance, convient \u00e0 de nombreuses occasions et \u00e0 diff\u00e9rents styles de d\u00e9coration, il met en valeur la salle \u00e0 manger.<\/p>\n<\/div>\n\n\n\n<div class=\"wp-block-column is-layout-flow wp-block-column-is-layout-flow\">\n<figure class=\"wp-block-image size-full\"><img decoding=\"async\" width=\"1600\" height=\"1600\" src=\"https:\/\/www.yongyukitchenware.com\/wp-content\/uploads\/2024\/10\/round-chafing-dish-wholesale-3.webp\" alt=\"plat rond pour chafing dish wholesale\" class=\"wp-image-2729\" srcset=\"https:\/\/www.yongyukitchenware.com\/wp-content\/uploads\/2024\/10\/round-chafing-dish-wholesale-3.webp 1600w, https:\/\/www.yongyukitchenware.com\/wp-content\/uploads\/2024\/10\/round-chafing-dish-wholesale-3-300x300.webp 300w, https:\/\/www.yongyukitchenware.com\/wp-content\/uploads\/2024\/10\/round-chafing-dish-wholesale-3-150x150.webp 150w, https:\/\/www.yongyukitchenware.com\/wp-content\/uploads\/2024\/10\/round-chafing-dish-wholesale-3-768x768.webp 768w, https:\/\/www.yongyukitchenware.com\/wp-content\/uploads\/2024\/10\/round-chafing-dish-wholesale-3-12x12.webp 12w, https:\/\/www.yongyukitchenware.com\/wp-content\/uploads\/2024\/10\/round-chafing-dish-wholesale-3-1200x1200.webp 1200w, https:\/\/www.yongyukitchenware.com\/wp-content\/uploads\/2024\/10\/round-chafing-dish-wholesale-3-600x600.webp 600w, https:\/\/www.yongyukitchenware.com\/wp-content\/uploads\/2024\/10\/round-chafing-dish-wholesale-3-100x100.webp 100w\" sizes=\"(max-width: 1600px) 100vw, 1600px\" \/><\/figure>\n\n\n\n<figure class=\"wp-block-image size-full\"><img decoding=\"async\" width=\"800\" height=\"800\" src=\"https:\/\/www.yongyukitchenware.com\/wp-content\/uploads\/2024\/10\/round-chafing-dish-wholesale-5.webp\" alt=\"plat rond pour chafing dish wholesale\" class=\"wp-image-2731\" srcset=\"https:\/\/www.yongyukitchenware.com\/wp-content\/uploads\/2024\/10\/round-chafing-dish-wholesale-5.webp 800w, https:\/\/www.yongyukitchenware.com\/wp-content\/uploads\/2024\/10\/round-chafing-dish-wholesale-5-300x300.webp 300w, https:\/\/www.yongyukitchenware.com\/wp-content\/uploads\/2024\/10\/round-chafing-dish-wholesale-5-150x150.webp 150w, https:\/\/www.yongyukitchenware.com\/wp-content\/uploads\/2024\/10\/round-chafing-dish-wholesale-5-768x768.webp 768w, https:\/\/www.yongyukitchenware.com\/wp-content\/uploads\/2024\/10\/round-chafing-dish-wholesale-5-12x12.webp 12w, https:\/\/www.yongyukitchenware.com\/wp-content\/uploads\/2024\/10\/round-chafing-dish-wholesale-5-600x600.webp 600w, https:\/\/www.yongyukitchenware.com\/wp-content\/uploads\/2024\/10\/round-chafing-dish-wholesale-5-100x100.webp 100w\" sizes=\"(max-width: 800px) 100vw, 800px\" \/><\/figure>\n<\/div>\n<\/div>","protected":false},"excerpt":{"rendered":"<p>Le chafing dish rond avec couvercle roulant, miroir moderne, convient aux h\u00f4tels, restaurants et \u00e9v\u00e9nements de restauration. Logo personnalisable, taille d'emballage, plus de solutions rentables de chafing dish en gros, bienvenue \u00e0 contacter le fournisseur Yongyu.<\/p>\n<h2><!-- wp:heading --><\/h2>\n<h2 class=\"wp-block-heading\">Attributs du plat \u00e0 r\u00f4tir rond :<\/h2>\n<h2><!-- \/wp:heading --><\/p>\n<p><!-- wp:paragraph --><\/h2>\n<p><strong>Mat\u00e9riau : <\/strong>Acier inoxydable<br \/><strong>Couleur : <\/strong>Argent\/Or<br \/><strong>Forme : <\/strong>Rond avec couvercle \u00e0 enroulement<br \/><strong>Chaleur : <\/strong>Chauffage au fuel ou \u00e9lectrique<br \/><strong>Bac de r\u00e9cup\u00e9ration : <\/strong>Grille simple\/double\/trois<br \/><strong>Emballage : <\/strong>Sac d'opposition et bo\u00eete en carton<br \/><strong>OEM\/ODM : <\/strong>Disponible<\/p>\n<h2 class=\"wp-block-heading\">De Yongyu Chafing Dish Manufacturer :<\/h2>\n<p>Qu'il s'agisse d'un fournisseur de services de restauration, d'un h\u00f4tel ou d'un restaurant, ou d'une soci\u00e9t\u00e9 d'organisation d'\u00e9v\u00e9nements, nous fournissons des solutions compl\u00e8tes de vente en gros de chafing dishes pour aider votre entreprise avec des prix d'usine de haute qualit\u00e9 !<\/p>\n<h2><!-- \/wp:paragraph --><\/h2>","protected":false},"featured_media":2727,"comment_status":"closed","ping_status":"closed","template":"","meta":{"_acf_changed":false},"application":[30],"product_brand":[],"product_cat":[33],"product_tag":[],"class_list":{"0":"post-1813","1":"product","2":"type-product","3":"status-publish","4":"has-post-thumbnail","6":"application-hotel-catering","7":"product_cat-chafing-dishes-wholesale","9":"first","10":"instock","11":"shipping-taxable","12":"product-type-simple"},"acf":[],"_links":{"self":[{"href":"https:\/\/www.yongyukitchenware.com\/fr\/wp-json\/wp\/v2\/product\/1813","targetHints":{"allow":["GET"]}}],"collection":[{"href":"https:\/\/www.yongyukitchenware.com\/fr\/wp-json\/wp\/v2\/product"}],"about":[{"href":"https:\/\/www.yongyukitchenware.com\/fr\/wp-json\/wp\/v2\/types\/product"}],"replies":[{"embeddable":true,"href":"https:\/\/www.yongyukitchenware.com\/fr\/wp-json\/wp\/v2\/comments?post=1813"}],"wp:featuredmedia":[{"embeddable":true,"href":"https:\/\/www.yongyukitchenware.com\/fr\/wp-json\/wp\/v2\/media\/2727"}],"wp:attachment":[{"href":"https:\/\/www.yongyukitchenware.com\/fr\/wp-json\/wp\/v2\/media?parent=1813"}],"wp:term":[{"taxonomy":"application","embeddable":true,"href":"https:\/\/www.yongyukitchenware.com\/fr\/wp-json\/wp\/v2\/application?post=1813"},{"taxonomy":"product_brand","embeddable":true,"href":"https:\/\/www.yongyukitchenware.com\/fr\/wp-json\/wp\/v2\/product_brand?post=1813"},{"taxonomy":"product_cat","embeddable":true,"href":"https:\/\/www.yongyukitchenware.com\/fr\/wp-json\/wp\/v2\/product_cat?post=1813"},{"taxonomy":"product_tag","embeddable":true,"href":"https:\/\/www.yongyukitchenware.com\/fr\/wp-json\/wp\/v2\/product_tag?post=1813"}],"curies":[{"name":"wp","href":"https:\/\/api.w.org\/{rel}","templated":true}]}}