{"id":1840,"date":"2024-10-21T02:17:30","date_gmt":"2024-10-21T02:17:30","guid":{"rendered":"https:\/\/www.yongyukitchenware.com\/?post_type=product&#038;p=1840"},"modified":"2025-06-26T06:14:55","modified_gmt":"2025-06-26T06:14:55","slug":"chafing-dish-with-hanging-lid-wholesale","status":"publish","type":"product","link":"https:\/\/www.yongyukitchenware.com\/fr\/produit\/chafing-dish-with-hanging-lid-wholesale\/","title":{"rendered":"Wholesale Chafing Dish with Hanging Lid Luxury Round Hotel Buffet Stove"},"content":{"rendered":"<div class=\"wp-block-columns is-layout-flex wp-container-core-columns-is-layout-9d6595d7 wp-block-columns-is-layout-flex\">\n<div class=\"wp-block-column is-layout-flow wp-block-column-is-layout-flow\">\n<h2 class=\"wp-block-heading\">Param\u00e8tre du plat \u00e0 r\u00f4tir avec couvercle suspendu <\/h2>\n\n\n\n<figure class=\"wp-block-table\"><table class=\"has-fixed-layout\"><tbody><tr><td>Mod\u00e8le<\/td><td>Longueur * Largeur * Hauteur (cm)<\/td><td>MOQ<\/td><\/tr><tr><td>DY024-CL<\/td><td>50*50*75<\/td><td>2PCS<\/td><\/tr><\/tbody><\/table><\/figure>\n<\/div>\n\n\n\n<div class=\"wp-block-column is-layout-flow wp-block-column-is-layout-flow\">\n<h2 class=\"wp-block-heading\">Caract\u00e9ristiques du plat \u00e0 r\u00f4tir avec couvercle suspendu <\/h2>\n\n\n\n<p><strong>Mat\u00e9riau en acier inoxydable \u00e9paissi : <\/strong>S\u00e9lection d'acier alimentaire de haute qualit\u00e9, s\u00e9curit\u00e9 des mat\u00e9riaux, durabilit\u00e9.<\/p>\n\n\n\n<p><strong>Mod\u00e8le divis\u00e9\uff1a <\/strong>Notre chafing dish de gros avec couvercle suspendu est dot\u00e9 d'un bassin et d'un corps de four qui peuvent \u00eatre s\u00e9par\u00e9s pour faciliter le nettoyage.<\/p>\n\n\n\n<p><strong>Chauffage de la lampe \u00e0 alcool : <\/strong>Chauffage physique, longue dur\u00e9e de combustion, avec couvercle de feu, utilisation s\u00fbre.<\/p>\n\n\n\n<p><strong>Conception de la suspension du couvercle :<\/strong> Le couvercle peut \u00eatre suspendu et ne prend pas de place<\/p>\n<\/div>\n<\/div>\n\n\n\n<div class=\"wp-block-columns is-layout-flex wp-container-core-columns-is-layout-9d6595d7 wp-block-columns-is-layout-flex\">\n<div class=\"wp-block-column is-layout-flow wp-block-column-is-layout-flow\">\n<figure class=\"wp-block-image size-full\"><img decoding=\"async\" width=\"750\" height=\"750\" src=\"https:\/\/www.yongyukitchenware.com\/wp-content\/uploads\/2024\/10\/Wholesale-Chafing-Dish-with-Hanging-Lid-2.webp\" alt=\"Wholesale Chafing Dish with Hanging Lid 2\" class=\"wp-image-1842\" srcset=\"https:\/\/www.yongyukitchenware.com\/wp-content\/uploads\/2024\/10\/Wholesale-Chafing-Dish-with-Hanging-Lid-2.webp 750w, https:\/\/www.yongyukitchenware.com\/wp-content\/uploads\/2024\/10\/Wholesale-Chafing-Dish-with-Hanging-Lid-2-300x300.webp 300w, https:\/\/www.yongyukitchenware.com\/wp-content\/uploads\/2024\/10\/Wholesale-Chafing-Dish-with-Hanging-Lid-2-150x150.webp 150w, https:\/\/www.yongyukitchenware.com\/wp-content\/uploads\/2024\/10\/Wholesale-Chafing-Dish-with-Hanging-Lid-2-12x12.webp 12w, https:\/\/www.yongyukitchenware.com\/wp-content\/uploads\/2024\/10\/Wholesale-Chafing-Dish-with-Hanging-Lid-2-600x600.webp 600w, https:\/\/www.yongyukitchenware.com\/wp-content\/uploads\/2024\/10\/Wholesale-Chafing-Dish-with-Hanging-Lid-2-100x100.webp 100w\" sizes=\"(max-width: 750px) 100vw, 750px\" \/><\/figure>\n<\/div>\n\n\n\n<div class=\"wp-block-column is-layout-flow wp-block-column-is-layout-flow\">\n<figure class=\"wp-block-image size-full\"><img decoding=\"async\" width=\"800\" height=\"800\" src=\"https:\/\/www.yongyukitchenware.com\/wp-content\/uploads\/2024\/10\/Wholesale-Chafing-Dish-with-Hanging-Lid-3.webp\" alt=\"Wholesale Chafing Dish with Hanging Lid 3\" class=\"wp-image-1843\" srcset=\"https:\/\/www.yongyukitchenware.com\/wp-content\/uploads\/2024\/10\/Wholesale-Chafing-Dish-with-Hanging-Lid-3.webp 800w, https:\/\/www.yongyukitchenware.com\/wp-content\/uploads\/2024\/10\/Wholesale-Chafing-Dish-with-Hanging-Lid-3-300x300.webp 300w, https:\/\/www.yongyukitchenware.com\/wp-content\/uploads\/2024\/10\/Wholesale-Chafing-Dish-with-Hanging-Lid-3-150x150.webp 150w, https:\/\/www.yongyukitchenware.com\/wp-content\/uploads\/2024\/10\/Wholesale-Chafing-Dish-with-Hanging-Lid-3-768x768.webp 768w, https:\/\/www.yongyukitchenware.com\/wp-content\/uploads\/2024\/10\/Wholesale-Chafing-Dish-with-Hanging-Lid-3-12x12.webp 12w, https:\/\/www.yongyukitchenware.com\/wp-content\/uploads\/2024\/10\/Wholesale-Chafing-Dish-with-Hanging-Lid-3-600x600.webp 600w, https:\/\/www.yongyukitchenware.com\/wp-content\/uploads\/2024\/10\/Wholesale-Chafing-Dish-with-Hanging-Lid-3-100x100.webp 100w\" sizes=\"(max-width: 800px) 100vw, 800px\" \/><\/figure>\n<\/div>\n<\/div>","protected":false},"excerpt":{"rendered":"<p>Notre plat \u00e0 chafing de gros avec couvercle suspendu est con\u00e7u pour les h\u00f4tels et les banquets haut de gamme. Fabriqu\u00e9 en acier inoxydable de haute qualit\u00e9, il pr\u00e9sente des performances stables en mati\u00e8re de conservation de la chaleur. Son aspect \u00e9l\u00e9gant et luxueux est le meilleur choix pour les banquets d'h\u00f4tels, les mariages et les grands \u00e9v\u00e9nements.<\/p>\n<h2><!-- wp:heading --><\/h2>\n<h2 class=\"wp-block-heading\" style=\"text-align: left\">Attributs du plat \u00e0 r\u00f4tir avec couvercle suspendu :<\/h2>\n<h2><!-- \/wp:heading --><\/p>\n<p><!-- wp:paragraph --><\/h2>\n<p><strong>Mat\u00e9riau : <\/strong>Acier inoxydable<br \/><strong>Couleur : <\/strong>Argent, or, impression couleur personnalis\u00e9e<br \/><strong>Forme : <\/strong>Rond<br \/><strong>Chaleur : <\/strong>Chauffage \u00e0 l'alcool<br \/><strong>Bac de r\u00e9cup\u00e9ration : <\/strong>Grille unique<br \/><strong>Emballage : <\/strong>Sac d'opposition et bo\u00eete en carton<br \/><strong>OEM\/ODM : <\/strong>Disponible<\/p>\n<h2><!-- \/wp:paragraph --><\/h2>","protected":false},"featured_media":1841,"comment_status":"closed","ping_status":"closed","template":"","meta":{"_acf_changed":false},"application":[30],"product_brand":[],"product_cat":[33],"product_tag":[],"class_list":{"0":"post-1840","1":"product","2":"type-product","3":"status-publish","4":"has-post-thumbnail","6":"application-hotel-catering","7":"product_cat-chafing-dishes-wholesale","9":"first","10":"instock","11":"shipping-taxable","12":"product-type-simple"},"acf":[],"_links":{"self":[{"href":"https:\/\/www.yongyukitchenware.com\/fr\/wp-json\/wp\/v2\/product\/1840","targetHints":{"allow":["GET"]}}],"collection":[{"href":"https:\/\/www.yongyukitchenware.com\/fr\/wp-json\/wp\/v2\/product"}],"about":[{"href":"https:\/\/www.yongyukitchenware.com\/fr\/wp-json\/wp\/v2\/types\/product"}],"replies":[{"embeddable":true,"href":"https:\/\/www.yongyukitchenware.com\/fr\/wp-json\/wp\/v2\/comments?post=1840"}],"wp:featuredmedia":[{"embeddable":true,"href":"https:\/\/www.yongyukitchenware.com\/fr\/wp-json\/wp\/v2\/media\/1841"}],"wp:attachment":[{"href":"https:\/\/www.yongyukitchenware.com\/fr\/wp-json\/wp\/v2\/media?parent=1840"}],"wp:term":[{"taxonomy":"application","embeddable":true,"href":"https:\/\/www.yongyukitchenware.com\/fr\/wp-json\/wp\/v2\/application?post=1840"},{"taxonomy":"product_brand","embeddable":true,"href":"https:\/\/www.yongyukitchenware.com\/fr\/wp-json\/wp\/v2\/product_brand?post=1840"},{"taxonomy":"product_cat","embeddable":true,"href":"https:\/\/www.yongyukitchenware.com\/fr\/wp-json\/wp\/v2\/product_cat?post=1840"},{"taxonomy":"product_tag","embeddable":true,"href":"https:\/\/www.yongyukitchenware.com\/fr\/wp-json\/wp\/v2\/product_tag?post=1840"}],"curies":[{"name":"wp","href":"https:\/\/api.w.org\/{rel}","templated":true}]}}