{"id":1877,"date":"2024-11-10T04:31:37","date_gmt":"2024-11-10T04:31:37","guid":{"rendered":"https:\/\/www.yongyukitchenware.com\/?post_type=product&#038;p=1877"},"modified":"2025-06-26T07:48:48","modified_gmt":"2025-06-26T07:48:48","slug":"seasoning-box-wholesale","status":"publish","type":"product","link":"https:\/\/www.yongyukitchenware.com\/fr\/produit\/seasoning-box-wholesale\/","title":{"rendered":"Bo\u00eete d'assaisonnement en acier inoxydable japonaise pour la restauration"},"content":{"rendered":"<div class=\"wp-block-columns is-layout-flex wp-container-core-columns-is-layout-9d6595d7 wp-block-columns-is-layout-flex\">\n<div class=\"wp-block-column is-layout-flow wp-block-column-is-layout-flow\">\n<h2 class=\"wp-block-heading\">Param\u00e8tres de la bo\u00eete d'assaisonnement<\/h2>\n\n\n\n<figure class=\"wp-block-table\"><table class=\"has-fixed-layout\"><tbody><tr><td>Mod\u00e8le<\/td><td>Treillis<\/td><td>Longueur * Largeur * Hauteur (cm)<\/td><td>MOQ<\/td><\/tr><tr><td rowspan=\"3\">DY001-TWH<\/td><td>4<\/td><td>29.4*23.3*6.5<\/td><td rowspan=\"3\">24PCS<\/td><\/tr><tr><td>6<\/td><td>34.3*30*7<\/td><\/tr><tr><td>8<\/td><td>44.8*29.8*7<\/td><\/tr><\/tbody><\/table><\/figure>\n<\/div>\n\n\n\n<div class=\"wp-block-column is-layout-flow wp-block-column-is-layout-flow\">\n<h2 class=\"wp-block-heading\">Bo\u00eete d'assaisonnement Caract\u00e9ristiques :<\/h2>\n\n\n\n<p><strong>Acier inoxydable de haute qualit\u00e9 :<\/strong> Acier inoxydable de qualit\u00e9 alimentaire, r\u00e9sistant \u00e0 la corrosion, sans odeur, durable.<br><strong>Diff\u00e9rents styles : <\/strong>Il y a 4 treillis, 6 treillis, 8 treillis en option pour r\u00e9pondre aux diff\u00e9rents besoins.<br><strong>Ind\u00e9pendante Bo\u00eete int\u00e9rieure :<\/strong> l'assaisonnement est emball\u00e9 s\u00e9par\u00e9ment afin d'isoler le go\u00fbt et de ne pas le m\u00e9langer.<br><strong>La bo\u00eete int\u00e9rieure peut \u00eatre d\u00e9plac\u00e9e :<\/strong> la bo\u00eete int\u00e9rieure en acier inoxydable peut \u00eatre facilement prise, et elle est plus pratique \u00e0 nettoyer sans cacher la salet\u00e9.<br><strong>Couvercle anti-poussi\u00e8re en acier :<\/strong> sanitaire \u00e9tanche \u00e0 la poussi\u00e8re, peut \u00eatre plac\u00e9 en superposition.<br>Conception en forme de rouleau : Les bords sont arrondis et lisses, faciles \u00e0 manipuler et \u00e9vitent les blessures aux mains.<\/p>\n<\/div>\n<\/div>\n\n\n\n<div class=\"wp-block-columns is-layout-flex wp-container-core-columns-is-layout-9d6595d7 wp-block-columns-is-layout-flex\">\n<div class=\"wp-block-column is-layout-flow wp-block-column-is-layout-flow\">\n<figure class=\"wp-block-image size-full\"><img decoding=\"async\" width=\"800\" height=\"800\" src=\"https:\/\/www.yongyukitchenware.com\/wp-content\/uploads\/2024\/10\/Wholesale-Japanese-Seasoning-Box-5.webp\" alt=\"Bo\u00eete d&#039;assaisonnements japonais en gros 5\" class=\"wp-image-1882\" srcset=\"https:\/\/www.yongyukitchenware.com\/wp-content\/uploads\/2024\/10\/Wholesale-Japanese-Seasoning-Box-5.webp 800w, https:\/\/www.yongyukitchenware.com\/wp-content\/uploads\/2024\/10\/Wholesale-Japanese-Seasoning-Box-5-300x300.webp 300w, https:\/\/www.yongyukitchenware.com\/wp-content\/uploads\/2024\/10\/Wholesale-Japanese-Seasoning-Box-5-150x150.webp 150w, https:\/\/www.yongyukitchenware.com\/wp-content\/uploads\/2024\/10\/Wholesale-Japanese-Seasoning-Box-5-768x768.webp 768w, https:\/\/www.yongyukitchenware.com\/wp-content\/uploads\/2024\/10\/Wholesale-Japanese-Seasoning-Box-5-12x12.webp 12w, https:\/\/www.yongyukitchenware.com\/wp-content\/uploads\/2024\/10\/Wholesale-Japanese-Seasoning-Box-5-600x600.webp 600w, https:\/\/www.yongyukitchenware.com\/wp-content\/uploads\/2024\/10\/Wholesale-Japanese-Seasoning-Box-5-100x100.webp 100w\" sizes=\"(max-width: 800px) 100vw, 800px\" \/><\/figure>\n<\/div>\n\n\n\n<div class=\"wp-block-column is-layout-flow wp-block-column-is-layout-flow\">\n<figure class=\"wp-block-image size-full\"><img decoding=\"async\" width=\"800\" height=\"800\" src=\"https:\/\/www.yongyukitchenware.com\/wp-content\/uploads\/2024\/10\/Wholesale-Japanese-Seasoning-Box-7.webp\" alt=\"Bo\u00eete d&#039;assaisonnements japonais en gros 7\" class=\"wp-image-1884\" srcset=\"https:\/\/www.yongyukitchenware.com\/wp-content\/uploads\/2024\/10\/Wholesale-Japanese-Seasoning-Box-7.webp 800w, https:\/\/www.yongyukitchenware.com\/wp-content\/uploads\/2024\/10\/Wholesale-Japanese-Seasoning-Box-7-300x300.webp 300w, https:\/\/www.yongyukitchenware.com\/wp-content\/uploads\/2024\/10\/Wholesale-Japanese-Seasoning-Box-7-150x150.webp 150w, https:\/\/www.yongyukitchenware.com\/wp-content\/uploads\/2024\/10\/Wholesale-Japanese-Seasoning-Box-7-768x768.webp 768w, https:\/\/www.yongyukitchenware.com\/wp-content\/uploads\/2024\/10\/Wholesale-Japanese-Seasoning-Box-7-12x12.webp 12w, https:\/\/www.yongyukitchenware.com\/wp-content\/uploads\/2024\/10\/Wholesale-Japanese-Seasoning-Box-7-600x600.webp 600w, https:\/\/www.yongyukitchenware.com\/wp-content\/uploads\/2024\/10\/Wholesale-Japanese-Seasoning-Box-7-100x100.webp 100w\" sizes=\"(max-width: 800px) 100vw, 800px\" \/><\/figure>\n<\/div>\n<\/div>","protected":false},"excerpt":{"rendered":"<p>Notre bo\u00eete \u00e0 assaisonnements japonaise en gros est sp\u00e9cialement con\u00e7ue pour l'industrie de la restauration. Elle est durable et belle, et est pratique pour stocker divers assaisonnements et condiments par cat\u00e9gories, am\u00e9liorant ainsi l'efficacit\u00e9 de la cuisine. Elle convient \u00e0 tous les types de cuisines.<\/p>\n<h2><!-- wp:heading --><\/h2>\n<h2 class=\"wp-block-heading\">Attributs de la bo\u00eete d'assaisonnement :<\/h2>\n<h2><!-- \/wp:heading --><\/p>\n<p><!-- wp:paragraph --><\/h2>\n<p><strong>Mat\u00e9riau : <\/strong>Acier inoxydable<br \/><strong>Couleur : <\/strong>Argent, or, couleur personnalis\u00e9e<br \/><strong>Forme : <\/strong>Rectangle<br \/><strong>Treillis : <\/strong>4 treillis, 6 treillis, 8 treillis<br \/><strong>Emballage : <\/strong>Sac d'opposition et bo\u00eete en carton<br \/><strong>OEM\/ODM : <\/strong>Disponible<\/p>\n<h2 class=\"wp-block-heading\">De Yongyu Catering Supplies Manufacturer :<\/h2>\n<p>Qu'il s'agisse d'un fournisseur de services de restauration, d'un h\u00f4tel ou d'un restaurant, ou d'une soci\u00e9t\u00e9 d'organisation d'\u00e9v\u00e9nements, nous fournissons des solutions compl\u00e8tes de bo\u00eetes d'assaisonnement en gros personnalis\u00e9es pour aider votre entreprise avec des prix d'usine de haute qualit\u00e9 !<\/p>\n<h2><!-- \/wp:paragraph --><\/h2>","protected":false},"featured_media":1885,"comment_status":"closed","ping_status":"closed","template":"","meta":{"_acf_changed":true},"application":[29],"product_brand":[],"product_cat":[22,38],"product_tag":[],"class_list":{"0":"post-1877","1":"product","2":"type-product","3":"status-publish","4":"has-post-thumbnail","6":"application-home-kitchen","7":"product_cat-catering-supplies-wholesale","8":"product_cat-seasoning-box-wholesale","10":"first","11":"instock","12":"shipping-taxable","13":"product-type-simple"},"acf":[],"_links":{"self":[{"href":"https:\/\/www.yongyukitchenware.com\/fr\/wp-json\/wp\/v2\/product\/1877","targetHints":{"allow":["GET"]}}],"collection":[{"href":"https:\/\/www.yongyukitchenware.com\/fr\/wp-json\/wp\/v2\/product"}],"about":[{"href":"https:\/\/www.yongyukitchenware.com\/fr\/wp-json\/wp\/v2\/types\/product"}],"replies":[{"embeddable":true,"href":"https:\/\/www.yongyukitchenware.com\/fr\/wp-json\/wp\/v2\/comments?post=1877"}],"wp:featuredmedia":[{"embeddable":true,"href":"https:\/\/www.yongyukitchenware.com\/fr\/wp-json\/wp\/v2\/media\/1885"}],"wp:attachment":[{"href":"https:\/\/www.yongyukitchenware.com\/fr\/wp-json\/wp\/v2\/media?parent=1877"}],"wp:term":[{"taxonomy":"application","embeddable":true,"href":"https:\/\/www.yongyukitchenware.com\/fr\/wp-json\/wp\/v2\/application?post=1877"},{"taxonomy":"product_brand","embeddable":true,"href":"https:\/\/www.yongyukitchenware.com\/fr\/wp-json\/wp\/v2\/product_brand?post=1877"},{"taxonomy":"product_cat","embeddable":true,"href":"https:\/\/www.yongyukitchenware.com\/fr\/wp-json\/wp\/v2\/product_cat?post=1877"},{"taxonomy":"product_tag","embeddable":true,"href":"https:\/\/www.yongyukitchenware.com\/fr\/wp-json\/wp\/v2\/product_tag?post=1877"}],"curies":[{"name":"wp","href":"https:\/\/api.w.org\/{rel}","templated":true}]}}