{"id":1892,"date":"2024-11-10T05:11:35","date_gmt":"2024-11-10T05:11:35","guid":{"rendered":"https:\/\/www.yongyukitchenware.com\/?post_type=product&#038;p=1892"},"modified":"2025-07-10T09:43:13","modified_gmt":"2025-07-10T09:43:13","slug":"spice-box-wholesale","status":"publish","type":"product","link":"https:\/\/www.yongyukitchenware.com\/fr\/produit\/spice-box-wholesale\/","title":{"rendered":"Bo\u00eete \u00e0 \u00e9pices en gros Acier inoxydable Western 2-6 Lattice"},"content":{"rendered":"<div class=\"wp-block-columns is-layout-flex wp-container-core-columns-is-layout-9d6595d7 wp-block-columns-is-layout-flex\">\n<div class=\"wp-block-column is-layout-flow wp-block-column-is-layout-flow\">\n<h2 class=\"wp-block-heading\">Param\u00e8tres de la bo\u00eete \u00e0 \u00e9pices<\/h2>\n\n\n\n<figure class=\"wp-block-table\"><table class=\"has-fixed-layout\"><tbody><tr><td>Mod\u00e8le<\/td><td>taille<\/td><td>Treillis<\/td><td>Longueur * Largeur * Hauteur (cm)<\/td><td>MOQ<\/td><\/tr><tr><td rowspan=\"10\">DY002-TWH<\/td><td rowspan=\"5\">petit<\/td><td>2<\/td><td>15.5*15*9cm<\/td><td rowspan=\"10\">60PCS<\/td><\/tr><tr><td>3<\/td><td>23*15*9cm<\/td><\/tr><tr><td>4<\/td><td>30.5*15*9cm<\/td><\/tr><tr><td>5<\/td><td>38.5*15*9cm<\/td><\/tr><tr><td>6<\/td><td>45.5*15*9cm<\/td><\/tr><tr><td rowspan=\"5\">important<\/td><td>2<\/td><td>19*16.5*9cm<\/td><\/tr><tr><td>3<\/td><td>28*16.5*9cm<\/td><\/tr><tr><td>4<\/td><td>37*16.5*9cm<\/td><\/tr><tr><td>5<\/td><td>46*16.5*9cm<\/td><\/tr><tr><td>6<\/td><td>56*16.5*9cm<\/td><\/tr><\/tbody><\/table><\/figure>\n<\/div>\n\n\n\n<div class=\"wp-block-column is-layout-flow wp-block-column-is-layout-flow\">\n<h2 class=\"wp-block-heading\">Bo\u00eete \u00e0 \u00e9pices Caract\u00e9ristiques :<\/h2>\n\n\n\n<p><strong>Acier inoxydable de haute qualit\u00e9 : <\/strong>L'acier inoxydable est disponible 201\/304\uff0c Mat\u00e9riau \u00e9pais, garantissant la qualit\u00e9.<\/p>\n\n\n\n<p><strong>Diff\u00e9rentes sp\u00e9cifications sont disponibles :<\/strong> Il existe 2 treillis, 3 treillis, 4 treillis, 5 treillis et 6 treillis\uff0c Ils sont disponibles en petites et grandes tailles.<\/p>\n\n\n\n<p><strong>Ind\u00e9pendante Bo\u00eete int\u00e9rieure : <\/strong>L'assaisonnement est emball\u00e9 s\u00e9par\u00e9ment afin d'isoler le go\u00fbt et de ne pas le m\u00e9langer.<\/p>\n\n\n\n<p><strong>La bo\u00eete int\u00e9rieure peut \u00eatre d\u00e9plac\u00e9e : <\/strong>La bo\u00eete int\u00e9rieure en acier inoxydable peut \u00eatre facilement enlev\u00e9e, et elle est plus pratique \u00e0 nettoyer sans cacher la salet\u00e9.<\/p>\n\n\n\n<p><strong>Couvercle anti-poussi\u00e8re en acier :<\/strong> \u00c9tanche aux poussi\u00e8res sanitaires, peut \u00eatre plac\u00e9 en superposition.<\/p>\n\n\n\n<p><strong>Design de la jante roulante : <\/strong>Les bords sont arrondis et lisses, faciles \u00e0 manipuler et \u00e9vitent les blessures aux mains.<\/p>\n<\/div>\n<\/div>\n\n\n\n<div class=\"wp-block-columns is-layout-flex wp-container-core-columns-is-layout-9d6595d7 wp-block-columns-is-layout-flex\">\n<div class=\"wp-block-column is-layout-flow wp-block-column-is-layout-flow\">\n<figure class=\"wp-block-image size-full\"><img decoding=\"async\" width=\"800\" height=\"800\" src=\"https:\/\/www.yongyukitchenware.com\/wp-content\/uploads\/2024\/10\/Wholesale-Western-Spice-Box-4.webp\" alt=\"Bo\u00eete \u00e0 \u00e9pices Western en gros 4\" class=\"wp-image-1896\" srcset=\"https:\/\/www.yongyukitchenware.com\/wp-content\/uploads\/2024\/10\/Wholesale-Western-Spice-Box-4.webp 800w, https:\/\/www.yongyukitchenware.com\/wp-content\/uploads\/2024\/10\/Wholesale-Western-Spice-Box-4-300x300.webp 300w, https:\/\/www.yongyukitchenware.com\/wp-content\/uploads\/2024\/10\/Wholesale-Western-Spice-Box-4-150x150.webp 150w, https:\/\/www.yongyukitchenware.com\/wp-content\/uploads\/2024\/10\/Wholesale-Western-Spice-Box-4-768x768.webp 768w, https:\/\/www.yongyukitchenware.com\/wp-content\/uploads\/2024\/10\/Wholesale-Western-Spice-Box-4-12x12.webp 12w, https:\/\/www.yongyukitchenware.com\/wp-content\/uploads\/2024\/10\/Wholesale-Western-Spice-Box-4-600x600.webp 600w, https:\/\/www.yongyukitchenware.com\/wp-content\/uploads\/2024\/10\/Wholesale-Western-Spice-Box-4-100x100.webp 100w\" sizes=\"(max-width: 800px) 100vw, 800px\" \/><\/figure>\n<\/div>\n\n\n\n<div class=\"wp-block-column is-layout-flow wp-block-column-is-layout-flow\">\n<figure class=\"wp-block-image size-full\"><img decoding=\"async\" width=\"800\" height=\"800\" src=\"https:\/\/www.yongyukitchenware.com\/wp-content\/uploads\/2024\/10\/Wholesale-Western-Spice-Box-5.webp\" alt=\"Bo\u00eete \u00e0 \u00e9pices Western en gros 5\" class=\"wp-image-1897\" srcset=\"https:\/\/www.yongyukitchenware.com\/wp-content\/uploads\/2024\/10\/Wholesale-Western-Spice-Box-5.webp 800w, https:\/\/www.yongyukitchenware.com\/wp-content\/uploads\/2024\/10\/Wholesale-Western-Spice-Box-5-300x300.webp 300w, https:\/\/www.yongyukitchenware.com\/wp-content\/uploads\/2024\/10\/Wholesale-Western-Spice-Box-5-150x150.webp 150w, https:\/\/www.yongyukitchenware.com\/wp-content\/uploads\/2024\/10\/Wholesale-Western-Spice-Box-5-768x768.webp 768w, https:\/\/www.yongyukitchenware.com\/wp-content\/uploads\/2024\/10\/Wholesale-Western-Spice-Box-5-12x12.webp 12w, https:\/\/www.yongyukitchenware.com\/wp-content\/uploads\/2024\/10\/Wholesale-Western-Spice-Box-5-600x600.webp 600w, https:\/\/www.yongyukitchenware.com\/wp-content\/uploads\/2024\/10\/Wholesale-Western-Spice-Box-5-100x100.webp 100w\" sizes=\"(max-width: 800px) 100vw, 800px\" \/><\/figure>\n<\/div>\n<\/div>","protected":false},"excerpt":{"rendered":"<p>Notre bo\u00eete \u00e0 \u00e9pices occidentale en gros est con\u00e7ue pour les h\u00f4tels. Elle est durable et pratique pour stocker diverses \u00e9pices et condiments. Son design simple et \u00e9l\u00e9gant permet d'acc\u00e9der facilement aux \u00e9pices, ce qui la rend tr\u00e8s adapt\u00e9e \u00e0 la restauration.<\/p>\n<h2><!-- wp:heading --><\/h2>\n<h2 class=\"wp-block-heading\">Bo\u00eete \u00e0 \u00e9pices Attributs :<\/h2>\n<h2><!-- \/wp:heading --><\/p>\n<p><!-- wp:paragraph --><\/h2>\n<p><strong>Mat\u00e9riau : <\/strong>Acier inoxydable<br \/><strong>Couleur : <\/strong>Couleur argent<br \/><strong>Forme : <\/strong>Rectangle<br \/><strong>Treillis :<\/strong>2 treillis,3 treillis,4 treillis,5 treillis,6 treillis<br \/><strong>Emballage : <\/strong>Sac d'opposition et bo\u00eete en carton<br \/><strong>OEM\/ODM : <\/strong>Disponible<\/p>\n<h2 class=\"wp-block-heading\">De Yongyu Catering Supplies Manufacturer :<\/h2>\n<p>Qu'il s'agisse d'un fournisseur de services de restauration, d'un h\u00f4tel ou d'un restaurant, ou d'une soci\u00e9t\u00e9 d'organisation d'\u00e9v\u00e9nements, nous fournissons des solutions compl\u00e8tes de bo\u00eetes d'assaisonnement en gros personnalis\u00e9es pour aider votre entreprise avec des prix d'usine de haute qualit\u00e9 !<\/p>\n<h2><!-- \/wp:paragraph --><\/h2>","protected":false},"featured_media":1894,"comment_status":"closed","ping_status":"closed","template":"","meta":{"_acf_changed":true},"application":[29],"product_brand":[],"product_cat":[22,38],"product_tag":[],"class_list":{"0":"post-1892","1":"product","2":"type-product","3":"status-publish","4":"has-post-thumbnail","6":"application-home-kitchen","7":"product_cat-catering-supplies-wholesale","8":"product_cat-seasoning-box-wholesale","10":"first","11":"instock","12":"shipping-taxable","13":"product-type-simple"},"acf":[],"_links":{"self":[{"href":"https:\/\/www.yongyukitchenware.com\/fr\/wp-json\/wp\/v2\/product\/1892","targetHints":{"allow":["GET"]}}],"collection":[{"href":"https:\/\/www.yongyukitchenware.com\/fr\/wp-json\/wp\/v2\/product"}],"about":[{"href":"https:\/\/www.yongyukitchenware.com\/fr\/wp-json\/wp\/v2\/types\/product"}],"replies":[{"embeddable":true,"href":"https:\/\/www.yongyukitchenware.com\/fr\/wp-json\/wp\/v2\/comments?post=1892"}],"wp:featuredmedia":[{"embeddable":true,"href":"https:\/\/www.yongyukitchenware.com\/fr\/wp-json\/wp\/v2\/media\/1894"}],"wp:attachment":[{"href":"https:\/\/www.yongyukitchenware.com\/fr\/wp-json\/wp\/v2\/media?parent=1892"}],"wp:term":[{"taxonomy":"application","embeddable":true,"href":"https:\/\/www.yongyukitchenware.com\/fr\/wp-json\/wp\/v2\/application?post=1892"},{"taxonomy":"product_brand","embeddable":true,"href":"https:\/\/www.yongyukitchenware.com\/fr\/wp-json\/wp\/v2\/product_brand?post=1892"},{"taxonomy":"product_cat","embeddable":true,"href":"https:\/\/www.yongyukitchenware.com\/fr\/wp-json\/wp\/v2\/product_cat?post=1892"},{"taxonomy":"product_tag","embeddable":true,"href":"https:\/\/www.yongyukitchenware.com\/fr\/wp-json\/wp\/v2\/product_tag?post=1892"}],"curies":[{"name":"wp","href":"https:\/\/api.w.org\/{rel}","templated":true}]}}