{"id":1902,"date":"2024-11-16T06:39:37","date_gmt":"2024-11-16T06:39:37","guid":{"rendered":"https:\/\/www.yongyukitchenware.com\/?post_type=product&#038;p=1902"},"modified":"2025-06-26T07:46:37","modified_gmt":"2025-06-26T07:46:37","slug":"wholesale-wooden-chafing-dish","status":"publish","type":"product","link":"https:\/\/www.yongyukitchenware.com\/fr\/produit\/wholesale-wooden-chafing-dish\/","title":{"rendered":"Wholesale Wooden Chafing Dish Electric Stainless Steel with Lid (plat \u00e0 gratin en bois en acier inoxydable avec couvercle)"},"content":{"rendered":"<div class=\"wp-block-columns is-layout-flex wp-container-core-columns-is-layout-9d6595d7 wp-block-columns-is-layout-flex\">\n<div class=\"wp-block-column is-layout-flow wp-block-column-is-layout-flow\">\n<h2 class=\"wp-block-heading\">Chafing Dish en bois Param\u00e8tre :<\/h2>\n\n\n\n<figure class=\"wp-block-table\"><table class=\"has-fixed-layout\"><tbody><tr><td>Mod\u00e8le<\/td><td>Forme<\/td><td>Longueur * Largeur * Hauteur (cm)<\/td><td>Poids (kg)<\/td><td>MOQ<\/td><\/tr><tr><td rowspan=\"4\">DY014-CL<\/td><td>rectangle<\/td><td>65*50*26<\/td><td>11.5<\/td><td rowspan=\"4\">2PCS<\/td><\/tr><tr><td>carr\u00e9<\/td><td>47*48*26<\/td><td>9.7<\/td><\/tr><tr><td>ronde<\/td><td>51*51*23<\/td><td>9.3<\/td><\/tr><tr><td>rectangle<\/td><td>58*47*27<\/td><td>11.3<\/td><\/tr><\/tbody><\/table><\/figure>\n<\/div>\n\n\n\n<div class=\"wp-block-column is-layout-flow wp-block-column-is-layout-flow\">\n<h2 class=\"wp-block-heading\">Chafing Dish en bois Caract\u00e9ristiques :<\/h2>\n\n\n\n<p><strong>Mat\u00e9riau en acier inoxydable \u00e9paissi :<\/strong> le choix d'un acier de qualit\u00e9 alimentaire de haute qualit\u00e9, la s\u00e9curit\u00e9 des mat\u00e9riaux, la durabilit\u00e9.<\/p>\n\n\n\n<p><strong>Socle en bois haut de gamme :<\/strong> La base est en teck br\u00e9silien, ce qui souligne le charme classique.<\/p>\n\n\n\n<p><strong>Port d'alimentation ind\u00e9pendant :<\/strong> Port d'alimentation durable de haute qualit\u00e9, facile \u00e0 utiliser, pas de tra\u00een\u00e9e<\/p>\n\n\n\n<p><strong>Couvercle \u00e0 amortissement hydraulique renforc\u00e9 : <\/strong>Fermeture lente et silencieuse, facile \u00e0 ouvrir et \u00e0 fermer<\/p>\n\n\n\n<p><strong>Conception fractionn\u00e9e : <\/strong>Le bassin et le corps du four peuvent \u00eatre s\u00e9par\u00e9s pour faciliter le nettoyage<\/p>\n<\/div>\n<\/div>\n\n\n\n<div class=\"wp-block-columns is-layout-flex wp-container-core-columns-is-layout-9d6595d7 wp-block-columns-is-layout-flex\">\n<div class=\"wp-block-column is-layout-flow wp-block-column-is-layout-flow\">\n<figure class=\"wp-block-image size-full\"><img decoding=\"async\" width=\"800\" height=\"800\" src=\"https:\/\/www.yongyukitchenware.com\/wp-content\/uploads\/2024\/11\/Wooden-Chafing-Dish-wholesale-6.webp\" alt=\"Po\u00eales \u00e0 frire en bois grossiste\" class=\"wp-image-2252\" srcset=\"https:\/\/www.yongyukitchenware.com\/wp-content\/uploads\/2024\/11\/Wooden-Chafing-Dish-wholesale-6.webp 800w, https:\/\/www.yongyukitchenware.com\/wp-content\/uploads\/2024\/11\/Wooden-Chafing-Dish-wholesale-6-300x300.webp 300w, https:\/\/www.yongyukitchenware.com\/wp-content\/uploads\/2024\/11\/Wooden-Chafing-Dish-wholesale-6-150x150.webp 150w, https:\/\/www.yongyukitchenware.com\/wp-content\/uploads\/2024\/11\/Wooden-Chafing-Dish-wholesale-6-768x768.webp 768w, https:\/\/www.yongyukitchenware.com\/wp-content\/uploads\/2024\/11\/Wooden-Chafing-Dish-wholesale-6-12x12.webp 12w, https:\/\/www.yongyukitchenware.com\/wp-content\/uploads\/2024\/11\/Wooden-Chafing-Dish-wholesale-6-600x600.webp 600w, https:\/\/www.yongyukitchenware.com\/wp-content\/uploads\/2024\/11\/Wooden-Chafing-Dish-wholesale-6-100x100.webp 100w\" sizes=\"(max-width: 800px) 100vw, 800px\" \/><\/figure>\n<\/div>\n\n\n\n<div class=\"wp-block-column is-layout-flow wp-block-column-is-layout-flow\">\n<figure class=\"wp-block-image size-full\"><img decoding=\"async\" width=\"800\" height=\"800\" src=\"https:\/\/www.yongyukitchenware.com\/wp-content\/uploads\/2024\/11\/Wooden-Chafing-Dish-wholesale-7.webp\" alt=\"Po\u00eales \u00e0 frire en bois grossiste\" class=\"wp-image-2253\" srcset=\"https:\/\/www.yongyukitchenware.com\/wp-content\/uploads\/2024\/11\/Wooden-Chafing-Dish-wholesale-7.webp 800w, https:\/\/www.yongyukitchenware.com\/wp-content\/uploads\/2024\/11\/Wooden-Chafing-Dish-wholesale-7-300x300.webp 300w, https:\/\/www.yongyukitchenware.com\/wp-content\/uploads\/2024\/11\/Wooden-Chafing-Dish-wholesale-7-150x150.webp 150w, https:\/\/www.yongyukitchenware.com\/wp-content\/uploads\/2024\/11\/Wooden-Chafing-Dish-wholesale-7-768x768.webp 768w, https:\/\/www.yongyukitchenware.com\/wp-content\/uploads\/2024\/11\/Wooden-Chafing-Dish-wholesale-7-12x12.webp 12w, https:\/\/www.yongyukitchenware.com\/wp-content\/uploads\/2024\/11\/Wooden-Chafing-Dish-wholesale-7-600x600.webp 600w, https:\/\/www.yongyukitchenware.com\/wp-content\/uploads\/2024\/11\/Wooden-Chafing-Dish-wholesale-7-100x100.webp 100w\" sizes=\"(max-width: 800px) 100vw, 800px\" \/><\/figure>\n<\/div>\n<\/div>\n\n\n\n<div class=\"wp-block-columns is-layout-flex wp-container-core-columns-is-layout-9d6595d7 wp-block-columns-is-layout-flex\">\n<div class=\"wp-block-column is-layout-flow wp-block-column-is-layout-flow\"><\/div>\n\n\n\n<div class=\"wp-block-column is-layout-flow wp-block-column-is-layout-flow\"><\/div>\n<\/div>\n\n\n\n<p><\/p>","protected":false},"excerpt":{"rendered":"<p>Set de buffet en bois pour chafing dish, fabriqu\u00e9 par un fabricant de chafing dish. Il est carr\u00e9, rectangulaire et rond, avec une base en bois et un aspect de haute qualit\u00e9. Il convient \u00e0 toutes les f\u00eates de restauration et aux \u00e9v\u00e9nements de mariage. Nous acceptons les demandes OEM et ODM. N'h\u00e9sitez pas \u00e0 nous contacter pour obtenir un devis gratuit.<\/p>\n<h2><!-- wp:heading --><\/h2>\n<h2 class=\"wp-block-heading\">Chafing Dish en bois Attributs :<\/h2>\n<h2><!-- \/wp:heading --><\/p>\n<p><!-- wp:paragraph --><\/h2>\n<p><strong>Mat\u00e9riau : <\/strong>Acier inoxydable<br \/><strong>Couleur : <\/strong>Argent, or, couleur personnalis\u00e9e<br \/><strong>Forme : <\/strong>Rectangle, Carr\u00e9, Rond<br \/><strong>Chaleur : <\/strong>Chauffage \u00e0 l'alcool\/Chauffage \u00e9lectrique<br \/><strong>Bac de r\u00e9cup\u00e9ration : <\/strong>Grille simple\/double<br \/><strong>Emballage : <\/strong>Sac d'opposition et bo\u00eete en carton<br \/><strong>OEM\/ODM : <\/strong>Disponible<\/p>\n<h2 class=\"wp-block-heading\">De Yongyu Chafing Dish Manufacturer :<\/h2>\n<p>Qu'il s'agisse d'un fournisseur de services de restauration, d'un h\u00f4tel ou d'un restaurant, ou d'une soci\u00e9t\u00e9 d'organisation d'\u00e9v\u00e9nements, nous fournissons des solutions compl\u00e8tes de vente en gros de chafing dishes pour aider votre entreprise avec des prix d'usine de haute qualit\u00e9 !<\/p>\n<h2><!-- \/wp:paragraph --><\/h2>","protected":false},"featured_media":2255,"comment_status":"closed","ping_status":"closed","template":"","meta":{"_acf_changed":false},"application":[30],"product_brand":[],"product_cat":[33],"product_tag":[],"class_list":{"0":"post-1902","1":"product","2":"type-product","3":"status-publish","4":"has-post-thumbnail","6":"application-hotel-catering","7":"product_cat-chafing-dishes-wholesale","9":"first","10":"instock","11":"shipping-taxable","12":"product-type-simple"},"acf":[],"_links":{"self":[{"href":"https:\/\/www.yongyukitchenware.com\/fr\/wp-json\/wp\/v2\/product\/1902","targetHints":{"allow":["GET"]}}],"collection":[{"href":"https:\/\/www.yongyukitchenware.com\/fr\/wp-json\/wp\/v2\/product"}],"about":[{"href":"https:\/\/www.yongyukitchenware.com\/fr\/wp-json\/wp\/v2\/types\/product"}],"replies":[{"embeddable":true,"href":"https:\/\/www.yongyukitchenware.com\/fr\/wp-json\/wp\/v2\/comments?post=1902"}],"wp:featuredmedia":[{"embeddable":true,"href":"https:\/\/www.yongyukitchenware.com\/fr\/wp-json\/wp\/v2\/media\/2255"}],"wp:attachment":[{"href":"https:\/\/www.yongyukitchenware.com\/fr\/wp-json\/wp\/v2\/media?parent=1902"}],"wp:term":[{"taxonomy":"application","embeddable":true,"href":"https:\/\/www.yongyukitchenware.com\/fr\/wp-json\/wp\/v2\/application?post=1902"},{"taxonomy":"product_brand","embeddable":true,"href":"https:\/\/www.yongyukitchenware.com\/fr\/wp-json\/wp\/v2\/product_brand?post=1902"},{"taxonomy":"product_cat","embeddable":true,"href":"https:\/\/www.yongyukitchenware.com\/fr\/wp-json\/wp\/v2\/product_cat?post=1902"},{"taxonomy":"product_tag","embeddable":true,"href":"https:\/\/www.yongyukitchenware.com\/fr\/wp-json\/wp\/v2\/product_tag?post=1902"}],"curies":[{"name":"wp","href":"https:\/\/api.w.org\/{rel}","templated":true}]}}