{"id":1922,"date":"2024-11-22T16:54:49","date_gmt":"2024-11-22T16:54:49","guid":{"rendered":"https:\/\/www.yongyukitchenware.com\/?post_type=product&#038;p=1922"},"modified":"2025-03-13T08:01:03","modified_gmt":"2025-03-13T08:01:03","slug":"stainless-steel-insulated-bucket-custom","status":"publish","type":"product","link":"https:\/\/www.yongyukitchenware.com\/fr\/produit\/stainless-steel-insulated-bucket-custom\/","title":{"rendered":"Seau isol\u00e9 en acier inoxydable personnalis\u00e9 Baril commercial scell\u00e9 avec robinet"},"content":{"rendered":"<div class=\"wp-block-columns is-layout-flex wp-container-core-columns-is-layout-9d6595d7 wp-block-columns-is-layout-flex\">\n<div class=\"wp-block-column is-layout-flow wp-block-column-is-layout-flow\">\n<h2 class=\"wp-block-heading\">Seau isol\u00e9 en acier inoxydable Taille :<\/h2>\n\n\n\n<figure class=\"wp-block-table\"><table class=\"has-fixed-layout\"><tbody><tr><td>Mod\u00e8le<\/td><td>Taille<\/td><td>Qt\u00e9\/Ctn<\/td><\/tr><tr><td rowspan=\"8\">DY021-T<\/td><td>16L<\/td><td>8<\/td><\/tr><tr><td>26L<\/td><td>8<\/td><\/tr><tr><td>36L<\/td><td>6<\/td><\/tr><tr><td>46L<\/td><td>4<\/td><\/tr><tr><td>56L<\/td><td>4<\/td><\/tr><tr><td>66L<\/td><td>4<\/td><\/tr><tr><td>80L<\/td><td>2<\/td><\/tr><tr><td>100L<\/td><td>2<\/td><\/tr><\/tbody><\/table><\/figure>\n\n\n\n<h2 class=\"wp-block-heading\">Seau isotherme en acier inoxydable Caract\u00e9ristiques :<\/h2>\n\n\n\n<p><strong>Mat\u00e9riau en acier inoxydable \u00e9paissi : <\/strong>le choix d'un acier de qualit\u00e9 alimentaire de haute qualit\u00e9, la s\u00e9curit\u00e9 des mat\u00e9riaux, la durabilit\u00e9.<br><strong>Deux styles sont disponibles : <\/strong>une avec robinet d'eau et une sans robinet d'eau, qui peuvent \u00eatre s\u00e9lectionn\u00e9es en fonction de la demande<br><strong>Conception \u00e0 double creux :<\/strong> Deux couches d'acier inoxydable \u00e9pais \u00e0 l'int\u00e9rieur et \u00e0 l'ext\u00e9rieur, couche d'isolation creuse, permettant de conserver le froid et la chaleur pendant longtemps.<br><strong>Conception \u00e9tanche : <\/strong>serrure \u00e9paisse, solidement verrouill\u00e9e, \u00e9tanche et \u00e0 l'\u00e9preuve des insectes.<\/p>\n<\/div>\n\n\n\n<div class=\"wp-block-column is-layout-flow wp-block-column-is-layout-flow\">\n<figure class=\"wp-block-image size-full is-style-default\"><img decoding=\"async\" width=\"800\" height=\"800\" src=\"https:\/\/www.yongyukitchenware.com\/wp-content\/uploads\/2024\/10\/Insulated-bucket-3.webp\" alt=\"\" class=\"wp-image-1927\" srcset=\"https:\/\/www.yongyukitchenware.com\/wp-content\/uploads\/2024\/10\/Insulated-bucket-3.webp 800w, https:\/\/www.yongyukitchenware.com\/wp-content\/uploads\/2024\/10\/Insulated-bucket-3-300x300.webp 300w, https:\/\/www.yongyukitchenware.com\/wp-content\/uploads\/2024\/10\/Insulated-bucket-3-150x150.webp 150w, https:\/\/www.yongyukitchenware.com\/wp-content\/uploads\/2024\/10\/Insulated-bucket-3-768x768.webp 768w, https:\/\/www.yongyukitchenware.com\/wp-content\/uploads\/2024\/10\/Insulated-bucket-3-12x12.webp 12w, https:\/\/www.yongyukitchenware.com\/wp-content\/uploads\/2024\/10\/Insulated-bucket-3-600x600.webp 600w, https:\/\/www.yongyukitchenware.com\/wp-content\/uploads\/2024\/10\/Insulated-bucket-3-100x100.webp 100w\" sizes=\"(max-width: 800px) 100vw, 800px\" \/><\/figure>\n<\/div>\n<\/div>","protected":false},"excerpt":{"rendered":"<p>Yongyu est un fournisseur fiable de seaux en acier inoxydable, nos seaux domestiques et commerciaux ont une construction durable et une poign\u00e9e robuste. Ils sont dot\u00e9s d'une fonction d'isolation puissante et nous soutenons les ventes sur Amazon !<\/p>\n<h2>Seau isol\u00e9 en acier inoxydable Param\u00e8tre :<\/h2>\n<p><strong>Mat\u00e9riau :<\/strong> acier inoxydable<br \/><strong>Tailles :<\/strong> Tailles de 16 \u00e0 100 litres<br \/><strong>Conception :<\/strong> polissage miroir avec couvercle d'\u00e9tanch\u00e9it\u00e9 et robinet<br \/><strong>OEM\/ODM :<\/strong> facultatif<\/p>\n<h2 class=\"wp-block-heading\">De Yongyu Catering Supplies Manufacturer :<\/h2>\n<p>Qu'il s'agisse d'un fournisseur de services de restauration, d'un h\u00f4tel ou d'un restaurant, ou d'une soci\u00e9t\u00e9 d'organisation d'\u00e9v\u00e9nements, nous fournissons des solutions compl\u00e8tes de bo\u00eetes d'assaisonnement en gros personnalis\u00e9es pour aider votre entreprise avec des prix d'usine de haute qualit\u00e9 !<\/p>","protected":false},"featured_media":1925,"comment_status":"closed","ping_status":"closed","template":"","meta":{"_acf_changed":true},"application":[29,30],"product_brand":[],"product_cat":[22,42],"product_tag":[],"class_list":{"0":"post-1922","1":"product","2":"type-product","3":"status-publish","4":"has-post-thumbnail","6":"application-home-kitchen","7":"application-hotel-catering","8":"product_cat-catering-supplies-wholesale","9":"product_cat-insulated-barrel-wholesale","11":"first","12":"instock","13":"shipping-taxable","14":"product-type-simple"},"acf":[],"_links":{"self":[{"href":"https:\/\/www.yongyukitchenware.com\/fr\/wp-json\/wp\/v2\/product\/1922","targetHints":{"allow":["GET"]}}],"collection":[{"href":"https:\/\/www.yongyukitchenware.com\/fr\/wp-json\/wp\/v2\/product"}],"about":[{"href":"https:\/\/www.yongyukitchenware.com\/fr\/wp-json\/wp\/v2\/types\/product"}],"replies":[{"embeddable":true,"href":"https:\/\/www.yongyukitchenware.com\/fr\/wp-json\/wp\/v2\/comments?post=1922"}],"wp:featuredmedia":[{"embeddable":true,"href":"https:\/\/www.yongyukitchenware.com\/fr\/wp-json\/wp\/v2\/media\/1925"}],"wp:attachment":[{"href":"https:\/\/www.yongyukitchenware.com\/fr\/wp-json\/wp\/v2\/media?parent=1922"}],"wp:term":[{"taxonomy":"application","embeddable":true,"href":"https:\/\/www.yongyukitchenware.com\/fr\/wp-json\/wp\/v2\/application?post=1922"},{"taxonomy":"product_brand","embeddable":true,"href":"https:\/\/www.yongyukitchenware.com\/fr\/wp-json\/wp\/v2\/product_brand?post=1922"},{"taxonomy":"product_cat","embeddable":true,"href":"https:\/\/www.yongyukitchenware.com\/fr\/wp-json\/wp\/v2\/product_cat?post=1922"},{"taxonomy":"product_tag","embeddable":true,"href":"https:\/\/www.yongyukitchenware.com\/fr\/wp-json\/wp\/v2\/product_tag?post=1922"}],"curies":[{"name":"wp","href":"https:\/\/api.w.org\/{rel}","templated":true}]}}